{"id":27931,"date":"2025-01-09T12:10:57","date_gmt":"2025-01-09T12:10:57","guid":{"rendered":"https:\/\/puregrowshop.com\/?post_type=product&#038;p=27931"},"modified":"2025-08-11T07:33:01","modified_gmt":"2025-08-11T07:33:01","slug":"ata-xl-atami-bcuzz","status":"publish","type":"product","link":"https:\/\/puregrowshop.com\/fr\/ata-xl-atami-bcuzz\/","title":{"rendered":"Ata XL Atami B&#8217;cuzz"},"content":{"rendered":"<p><P>Aplicaciones:<BR>Apropiado como complemento adicional del alimento corriente NPK, para el cultivo en tierra, hidropon\u00eda y fibra de coco. A\u00f1adir al agua nutriente a partir de la 3a semana del ciclo de crecimiento y hasta la \u00faltima semana del periodo de floraci\u00f3n. <\/P><br \/><P>Ya que el Ata-XL est\u00e1 compuesto por ingredientes naturales, es posible que despida un cierto olor org\u00e1nico. Ello no influye en absoluto en la eficacia del producto. <\/P><br \/><P>Dosificaci\u00f3n (1:1000):<BR>1 ml por litro de agua corriente.<\/P><\/p>\n","protected":false},"excerpt":{"rendered":"<p>Una mezcla inteligente de componentes naturales, con adici\u00f3n de minerales, vitaminas y amino\u00e1cidos para un crecimiento excelente y estimulaci\u00f3n de la floraci\u00f3n. \u00a1De hecho, el Ata-XL constituye una p\u00f3cima maravillosa para su cultivo! Esta rica combinaci\u00f3n ejerce una gran influencia sobre la condici\u00f3n del sistema radicular, estimulando un \u201cestir\u00f3n\u201d en el crecimiento de la planta y un ramaje robusto. Durante el periodo de floraci\u00f3n, este potente estimulador hace que la planta florezca efusivamente, logrando flores de excelente desarrollo y gran riqueza. <\/p>\n","protected":false},"featured_media":10566,"comment_status":"open","ping_status":"closed","template":"","meta":{"_bst_post_transparent":"","_bst_post_title":"","_bst_post_layout":"","_bst_post_sidebar_id":"","_bst_post_content_style":"","_bst_post_vertical_padding":"","_bst_post_feature":"","_bst_post_feature_position":"","_bst_post_header":false,"_bst_post_footer":false},"pwb-brand":[],"product_brand":[],"product_cat":[39],"product_tag":[],"class_list":{"0":"post-27931","1":"product","2":"type-product","3":"status-publish","4":"has-post-thumbnail","6":"product_cat-fertilizantes","8":"first","9":"instock","10":"sale","11":"taxable","12":"shipping-taxable","13":"purchasable","14":"product-type-variable","15":"entry","16":"content-bg","17":"loop-entry"},"brands":[],"_links":{"self":[{"href":"https:\/\/puregrowshop.com\/fr\/wp-json\/wp\/v2\/product\/27931","targetHints":{"allow":["GET"]}}],"collection":[{"href":"https:\/\/puregrowshop.com\/fr\/wp-json\/wp\/v2\/product"}],"about":[{"href":"https:\/\/puregrowshop.com\/fr\/wp-json\/wp\/v2\/types\/product"}],"replies":[{"embeddable":true,"href":"https:\/\/puregrowshop.com\/fr\/wp-json\/wp\/v2\/comments?post=27931"}],"wp:featuredmedia":[{"embeddable":true,"href":"https:\/\/puregrowshop.com\/fr\/wp-json\/wp\/v2\/media\/10566"}],"wp:attachment":[{"href":"https:\/\/puregrowshop.com\/fr\/wp-json\/wp\/v2\/media?parent=27931"}],"wp:term":[{"taxonomy":"pwb-brand","embeddable":true,"href":"https:\/\/puregrowshop.com\/fr\/wp-json\/wp\/v2\/pwb-brand?post=27931"},{"taxonomy":"product_brand","embeddable":true,"href":"https:\/\/puregrowshop.com\/fr\/wp-json\/wp\/v2\/product_brand?post=27931"},{"taxonomy":"product_cat","embeddable":true,"href":"https:\/\/puregrowshop.com\/fr\/wp-json\/wp\/v2\/product_cat?post=27931"},{"taxonomy":"product_tag","embeddable":true,"href":"https:\/\/puregrowshop.com\/fr\/wp-json\/wp\/v2\/product_tag?post=27931"}],"curies":[{"name":"wp","href":"https:\/\/api.w.org\/{rel}","templated":true}]}}