{"id":27930,"date":"2025-01-09T12:10:57","date_gmt":"2025-01-09T12:10:57","guid":{"rendered":"https:\/\/puregrowshop.com\/?post_type=product&#038;p=27930"},"modified":"2025-09-29T15:14:37","modified_gmt":"2025-09-29T15:14:37","slug":"ata-clean-atami-bcuzz","status":"publish","type":"product","link":"https:\/\/puregrowshop.com\/fr\/ata-clean-atami-bcuzz\/","title":{"rendered":"Ata Clean Atami B&#8217;cuzz"},"content":{"rendered":"<p><P>Aplicaciones:<BR>Especialmente creado para la utilizaci\u00f3n de agua corriente. Como preventivo, mezclar con el agua nutriente y as\u00ed aplicarlo con cada riego fertilizante. Preparar primero el alimento de base y corregir el pH, si fuera necesario (5,5-6,0). Dejar reposar el alimento de base y a\u00f1adir despu\u00e9s el Ata-Clean.<\/P><br \/><P>Dosificaci\u00f3n (1:10.000):<BR>1 ml por 10 litros de agua corriente.<\/P><\/p>\n","protected":false},"excerpt":{"rendered":"<p>Hace que el sistema de irrigaci\u00f3n mantenga su buen funcionamiento. El Ata-Clean previene y elimina los dep\u00f3sitos de calcio, fosfato f\u00e9rrico y algas, lo que garantiza el mantenimiento de un riego eficaz. Este producto de limpieza biol\u00f3gico respeta el medio ambiente y es inocuo para la planta.<\/p>\n","protected":false},"featured_media":10562,"comment_status":"open","ping_status":"closed","template":"","meta":{"_bst_post_transparent":"","_bst_post_title":"","_bst_post_layout":"","_bst_post_sidebar_id":"","_bst_post_content_style":"","_bst_post_vertical_padding":"","_bst_post_feature":"","_bst_post_feature_position":"","_bst_post_header":false,"_bst_post_footer":false},"pwb-brand":[],"product_brand":[],"product_cat":[39],"product_tag":[],"class_list":{"0":"post-27930","1":"product","2":"type-product","3":"status-publish","4":"has-post-thumbnail","6":"product_cat-fertilizantes","8":"first","9":"instock","10":"sale","11":"taxable","12":"shipping-taxable","13":"purchasable","14":"product-type-variable","15":"entry","16":"content-bg","17":"loop-entry"},"brands":[],"_links":{"self":[{"href":"https:\/\/puregrowshop.com\/fr\/wp-json\/wp\/v2\/product\/27930","targetHints":{"allow":["GET"]}}],"collection":[{"href":"https:\/\/puregrowshop.com\/fr\/wp-json\/wp\/v2\/product"}],"about":[{"href":"https:\/\/puregrowshop.com\/fr\/wp-json\/wp\/v2\/types\/product"}],"replies":[{"embeddable":true,"href":"https:\/\/puregrowshop.com\/fr\/wp-json\/wp\/v2\/comments?post=27930"}],"wp:featuredmedia":[{"embeddable":true,"href":"https:\/\/puregrowshop.com\/fr\/wp-json\/wp\/v2\/media\/10562"}],"wp:attachment":[{"href":"https:\/\/puregrowshop.com\/fr\/wp-json\/wp\/v2\/media?parent=27930"}],"wp:term":[{"taxonomy":"pwb-brand","embeddable":true,"href":"https:\/\/puregrowshop.com\/fr\/wp-json\/wp\/v2\/pwb-brand?post=27930"},{"taxonomy":"product_brand","embeddable":true,"href":"https:\/\/puregrowshop.com\/fr\/wp-json\/wp\/v2\/product_brand?post=27930"},{"taxonomy":"product_cat","embeddable":true,"href":"https:\/\/puregrowshop.com\/fr\/wp-json\/wp\/v2\/product_cat?post=27930"},{"taxonomy":"product_tag","embeddable":true,"href":"https:\/\/puregrowshop.com\/fr\/wp-json\/wp\/v2\/product_tag?post=27930"}],"curies":[{"name":"wp","href":"https:\/\/api.w.org\/{rel}","templated":true}]}}