{"id":27921,"date":"2025-01-09T11:54:04","date_gmt":"2025-01-09T11:54:04","guid":{"rendered":"https:\/\/puregrowshop.com\/?post_type=product&#038;p=27921"},"modified":"2025-09-29T15:14:48","modified_gmt":"2025-09-29T15:14:48","slug":"1-compo-atami-bcuzz","status":"publish","type":"product","link":"https:\/\/puregrowshop.com\/fr\/1-compo-atami-bcuzz\/","title":{"rendered":"1 Compo Atami B&#8217;cuzz"},"content":{"rendered":"<p>Aplicaciones:<br \/>\nCreado especialmente para sustratos ricos en cal.<\/p>\n<p>&nbsp;<\/p>\n<p>Consejo de cultivo:<br \/>\nDurante la utilizaci\u00f3n del alimento B&#8217;cuzz 1-Component Soil Nutrition, Atami aconseja regar los cultivos con agua pura (sin abonos a\u00f1adidos) una vez por semana.<\/p>\n<p>&nbsp;<\/p>\n<p>Dosificaci\u00f3n (1:200):<br \/>\nAl inicio de la fase: 2,5 ml por litro de agua nutriente.<br \/>\nDespu\u00e9s de tres semanas: 5 ml por litro de agua nutriente.<\/p>\n<p>&nbsp;<\/p>\n<p>pH entre 5,5 \u2013 5,8<br \/>\nCE entre 1,0 \u2013 2,5<\/p>\n","protected":false},"excerpt":{"rendered":"<p>Su composici\u00f3n ideal y su f\u00e1cil aplicaci\u00f3n, hacen que este alimento completo resulte muy popular. El B&#8217;cuzz 1-Component Soil Nutrition es un alimento profesional bio-mineral, sin sustancias no aprovechables, de f\u00e1cil absorci\u00f3n para la planta. Ayuda a iniciar el ciclo de floraci\u00f3n del cultivo, creando adem\u00e1s un medio biol\u00f3gico sano en el suelo.<\/p>\n","protected":false},"featured_media":10554,"comment_status":"open","ping_status":"closed","template":"","meta":{"_bst_post_transparent":"default","_bst_post_title":"","_bst_post_layout":"default","_bst_post_sidebar_id":"","_bst_post_content_style":"default","_bst_post_vertical_padding":"default","_bst_post_feature":"","_bst_post_feature_position":"","_bst_post_header":false,"_bst_post_footer":false},"pwb-brand":[],"product_brand":[],"product_cat":[39],"product_tag":[],"class_list":{"0":"post-27921","1":"product","2":"type-product","3":"status-publish","4":"has-post-thumbnail","6":"product_cat-fertilizantes","8":"first","9":"instock","10":"sale","11":"taxable","12":"shipping-taxable","13":"purchasable","14":"product-type-variable","15":"entry","16":"content-bg","17":"loop-entry"},"brands":[],"_links":{"self":[{"href":"https:\/\/puregrowshop.com\/fr\/wp-json\/wp\/v2\/product\/27921","targetHints":{"allow":["GET"]}}],"collection":[{"href":"https:\/\/puregrowshop.com\/fr\/wp-json\/wp\/v2\/product"}],"about":[{"href":"https:\/\/puregrowshop.com\/fr\/wp-json\/wp\/v2\/types\/product"}],"replies":[{"embeddable":true,"href":"https:\/\/puregrowshop.com\/fr\/wp-json\/wp\/v2\/comments?post=27921"}],"wp:featuredmedia":[{"embeddable":true,"href":"https:\/\/puregrowshop.com\/fr\/wp-json\/wp\/v2\/media\/10554"}],"wp:attachment":[{"href":"https:\/\/puregrowshop.com\/fr\/wp-json\/wp\/v2\/media?parent=27921"}],"wp:term":[{"taxonomy":"pwb-brand","embeddable":true,"href":"https:\/\/puregrowshop.com\/fr\/wp-json\/wp\/v2\/pwb-brand?post=27921"},{"taxonomy":"product_brand","embeddable":true,"href":"https:\/\/puregrowshop.com\/fr\/wp-json\/wp\/v2\/product_brand?post=27921"},{"taxonomy":"product_cat","embeddable":true,"href":"https:\/\/puregrowshop.com\/fr\/wp-json\/wp\/v2\/product_cat?post=27921"},{"taxonomy":"product_tag","embeddable":true,"href":"https:\/\/puregrowshop.com\/fr\/wp-json\/wp\/v2\/product_tag?post=27921"}],"curies":[{"name":"wp","href":"https:\/\/api.w.org\/{rel}","templated":true}]}}