{"id":27916,"date":"2025-01-09T11:51:30","date_gmt":"2025-01-09T11:51:30","guid":{"rendered":"https:\/\/puregrowshop.com\/?post_type=product&#038;p=27916"},"modified":"2025-08-11T07:33:09","modified_gmt":"2025-08-11T07:33:09","slug":"alga-c-atami-bcuzz","status":"publish","type":"product","link":"https:\/\/puregrowshop.com\/fr\/alga-c-atami-bcuzz\/","title":{"rendered":"Alga &#8211; C Atami B&#8217;cuzz"},"content":{"rendered":"<p><P>Aplicaciones:<BR>Puede utilizarse diariamente con el agua de riego durante los ciclos completos de crecimiento y floraci\u00f3n, como suplemento del alimento habitual. El Alga-C puede tambi\u00e9n utilizarse como alimento foliar. En este caso se aplica pulverizando las hojas. <\/P><br \/><P>Dosificaci\u00f3n:<BR>Como suplemento del alimento corriente: 2 a 5 ml por litro de agua nutriente.<BR>Como alimento foliar: 1 a 3 ml por litro de agua. Pulverizar la faz y el env\u00e9s de las hojas. <\/P><br \/><P>NPK Alga-C: 0-0-0<\/P><\/p>\n","protected":false},"excerpt":{"rendered":"<p>El cultivo org\u00e1nico gana en popularidad. Este bio-estimulante l\u00edquido responde totalmente a esta demanda. Se trata de un bio-estimulante compuesto de materias org\u00e1nicas, como diversas algas marinas. Por ello es rico en amino\u00e1cidos, oligoelementos, vitaminas y hormonas vegetales. De esta forma, ayuda a prevenir el estr\u00e9s de la planta y suministra a \u00e9sta todo lo necesario. Ello favorece la condici\u00f3n de los cultivos, reduciendo la posibilidad de enfermedades y carencias. En pocas palabras, resulta indispensable para la obtenci\u00f3n de plantas sanas.<\/p>\n","protected":false},"featured_media":10558,"comment_status":"open","ping_status":"closed","template":"","meta":{"_bst_post_transparent":"","_bst_post_title":"","_bst_post_layout":"","_bst_post_sidebar_id":"","_bst_post_content_style":"","_bst_post_vertical_padding":"","_bst_post_feature":"","_bst_post_feature_position":"","_bst_post_header":false,"_bst_post_footer":false},"pwb-brand":[],"product_brand":[],"product_cat":[76],"product_tag":[],"class_list":{"0":"post-27916","1":"product","2":"type-product","3":"status-publish","4":"has-post-thumbnail","6":"product_cat-estimulantes-floracion","8":"first","9":"instock","10":"taxable","11":"shipping-taxable","12":"purchasable","13":"product-type-variable","14":"entry","15":"content-bg","16":"loop-entry"},"brands":[],"_links":{"self":[{"href":"https:\/\/puregrowshop.com\/fr\/wp-json\/wp\/v2\/product\/27916","targetHints":{"allow":["GET"]}}],"collection":[{"href":"https:\/\/puregrowshop.com\/fr\/wp-json\/wp\/v2\/product"}],"about":[{"href":"https:\/\/puregrowshop.com\/fr\/wp-json\/wp\/v2\/types\/product"}],"replies":[{"embeddable":true,"href":"https:\/\/puregrowshop.com\/fr\/wp-json\/wp\/v2\/comments?post=27916"}],"wp:featuredmedia":[{"embeddable":true,"href":"https:\/\/puregrowshop.com\/fr\/wp-json\/wp\/v2\/media\/10558"}],"wp:attachment":[{"href":"https:\/\/puregrowshop.com\/fr\/wp-json\/wp\/v2\/media?parent=27916"}],"wp:term":[{"taxonomy":"pwb-brand","embeddable":true,"href":"https:\/\/puregrowshop.com\/fr\/wp-json\/wp\/v2\/pwb-brand?post=27916"},{"taxonomy":"product_brand","embeddable":true,"href":"https:\/\/puregrowshop.com\/fr\/wp-json\/wp\/v2\/product_brand?post=27916"},{"taxonomy":"product_cat","embeddable":true,"href":"https:\/\/puregrowshop.com\/fr\/wp-json\/wp\/v2\/product_cat?post=27916"},{"taxonomy":"product_tag","embeddable":true,"href":"https:\/\/puregrowshop.com\/fr\/wp-json\/wp\/v2\/product_tag?post=27916"}],"curies":[{"name":"wp","href":"https:\/\/api.w.org\/{rel}","templated":true}]}}