{"id":27903,"date":"2025-01-08T16:03:42","date_gmt":"2025-01-08T16:03:42","guid":{"rendered":"https:\/\/puregrowshop.com\/?post_type=product&#038;p=27903"},"modified":"2025-11-06T19:49:17","modified_gmt":"2025-11-06T19:49:17","slug":"bio-bloom-bio-bizz","status":"publish","type":"product","link":"https:\/\/puregrowshop.com\/fr\/bio-bloom-bio-bizz\/","title":{"rendered":"Bio Bloom Bio Bizz"},"content":{"rendered":"<p>Descubre el poder de Bio Bloom Bio Bizz, un fertilizante org\u00e1nico de alta calidad dise\u00f1ado para potenciar el crecimiento y floraci\u00f3n de tus plantas. Ideal para cultivadores que buscan maximizar la producci\u00f3n y calidad de sus cosechas, Bio Bloom Bio Bizz proporciona todos los nutrientes necesarios para un desarrollo \u00f3ptimo.<\/p>\n<ul>\n<li>Disponible en varios vol\u00famenes: 250 ml, 500 ml, 1 litro, 5 litros, 10 litros y 20 litros.<\/li>\n<li>Composici\u00f3n 100% org\u00e1nica que respeta el medio ambiente.<\/li>\n<li>Rico en potasio, f\u00f3sforo y oligoelementos esenciales para el desarrollo floral.<\/li>\n<li>Promueve una floraci\u00f3n exuberante y prolongada.<\/li>\n<li>Compatible con todos los sustratos de cultivo.<\/li>\n<\/ul>\n<p>Bio Bloom Bio Bizz no solo aumenta el rendimiento de tus plantas, sino que tambi\u00e9n mejora su resistencia y salud general. Su f\u00f3rmula equilibrada asegura una absorci\u00f3n eficiente de nutrientes, lo que resulta en flores m\u00e1s grandes y fragantes. Ideal para usar en la fase de floraci\u00f3n, este fertilizante es f\u00e1cil de aplicar y se integra perfectamente en cualquier programa de cultivo.<\/p>\n<p>Fabricado con ingredientes naturales, es seguro para el uso en cultivos ecol\u00f3gicos. Para obtener los mejores resultados, sigue las instrucciones de dosificaci\u00f3n en la etiqueta. Lleva tu cultivo al siguiente nivel con Bio Bloom Bio Bizz y disfruta de cosechas abundantes y saludables.<\/p>\n","protected":false},"excerpt":{"rendered":"<p><P>Fertilizante de floraci\u00f3n que puede ser usado desde el principio de la etapa de floraci\u00f3n hasta su madurez. Se compone de minerales vegetales, micro elementos, amino\u00e1cidos y hormonas de origen vegetal que aseguran una floraci\u00f3n exuberante y estimulan la producci\u00f3n de frutos.<\/P><br \/><P>Bio\u00b7Bloom\u2122, utilizado en cualquier tipo de medio, garantiza a su vez los mejores resultados gracias a la mezcla de nitr\u00f3geno, f\u00f3sforo y potasio que proporciona a las plantas. El potasio facilita la floraci\u00f3n ya que, junto con el ciclo d\u00eda\/luz, la planta reconoce que es tiempo de reproducirse y se ve obligada a generar m\u00e1s y m\u00e1s hermosos p\u00e9talos para hacerse notar y demostrar que est\u00e1 preparada para ser fertilizada.<BR>&nbsp;<BR>El f\u00f3sforo les proporciona alimento para iniciar la formaci\u00f3n del c\u00e1liz y los p\u00e9talos. Como resultado, obtenemos flores m\u00e1s completas, grandes y hermosas.<\/P><\/p>\n","protected":false},"featured_media":9918,"comment_status":"open","ping_status":"closed","template":"","meta":{"_bst_post_transparent":"","_bst_post_title":"","_bst_post_layout":"","_bst_post_sidebar_id":"","_bst_post_content_style":"","_bst_post_vertical_padding":"","_bst_post_feature":"","_bst_post_feature_position":"","_bst_post_header":false,"_bst_post_footer":false},"pwb-brand":[],"product_brand":[],"product_cat":[39],"product_tag":[],"class_list":{"0":"post-27903","1":"product","2":"type-product","3":"status-publish","4":"has-post-thumbnail","6":"product_cat-fertilizantes","8":"first","9":"instock","10":"sale","11":"taxable","12":"shipping-taxable","13":"purchasable","14":"product-type-variable","15":"entry","16":"content-bg","17":"loop-entry"},"brands":[],"_links":{"self":[{"href":"https:\/\/puregrowshop.com\/fr\/wp-json\/wp\/v2\/product\/27903","targetHints":{"allow":["GET"]}}],"collection":[{"href":"https:\/\/puregrowshop.com\/fr\/wp-json\/wp\/v2\/product"}],"about":[{"href":"https:\/\/puregrowshop.com\/fr\/wp-json\/wp\/v2\/types\/product"}],"replies":[{"embeddable":true,"href":"https:\/\/puregrowshop.com\/fr\/wp-json\/wp\/v2\/comments?post=27903"}],"wp:featuredmedia":[{"embeddable":true,"href":"https:\/\/puregrowshop.com\/fr\/wp-json\/wp\/v2\/media\/9918"}],"wp:attachment":[{"href":"https:\/\/puregrowshop.com\/fr\/wp-json\/wp\/v2\/media?parent=27903"}],"wp:term":[{"taxonomy":"pwb-brand","embeddable":true,"href":"https:\/\/puregrowshop.com\/fr\/wp-json\/wp\/v2\/pwb-brand?post=27903"},{"taxonomy":"product_brand","embeddable":true,"href":"https:\/\/puregrowshop.com\/fr\/wp-json\/wp\/v2\/product_brand?post=27903"},{"taxonomy":"product_cat","embeddable":true,"href":"https:\/\/puregrowshop.com\/fr\/wp-json\/wp\/v2\/product_cat?post=27903"},{"taxonomy":"product_tag","embeddable":true,"href":"https:\/\/puregrowshop.com\/fr\/wp-json\/wp\/v2\/product_tag?post=27903"}],"curies":[{"name":"wp","href":"https:\/\/api.w.org\/{rel}","templated":true}]}}