{"id":27810,"date":"2025-09-27T18:41:27","date_gmt":"2025-09-27T18:41:27","guid":{"rendered":"https:\/\/puregrowshop.com\/shisha-hookah-narguille-mandala-z-20-black-61-cm-bags\/"},"modified":"2025-11-27T07:16:39","modified_gmt":"2025-11-27T07:16:39","slug":"shisha-hookah-narguille-mandala-z-20-black-61-cm-bags","status":"publish","type":"product","link":"https:\/\/puregrowshop.com\/fr\/shisha-hookah-narguille-mandala-z-20-black-61-cm-bags\/","title":{"rendered":"Shisha Mandala Z-20 &#038; Bag Black 60 cm."},"content":{"rendered":"<p data-start=\"182\" data-end=\"801\">La <strong data-start=\"185\" data-end=\"220\">Shisha Mandala Z-20 Black 60 cm<\/strong> combina estilo, funcionalidad y comodidad en un dise\u00f1o moderno y elegante. Fabricada con materiales de alta calidad, ofrece una estructura resistente que garantiza durabilidad y estabilidad durante cada sesi\u00f3n. Su altura de 60 cm proporciona un flujo de humo suave y consistente, mejorando la experiencia de vapeo. Adem\u00e1s, incluye una <strong data-start=\"556\" data-end=\"579\">bolsa de transporte<\/strong> resistente, perfecta para transportar la shisha de manera segura y pr\u00e1ctica, ya sea para uso dom\u00e9stico o al aire libre. Ideal para quienes buscan un producto premium que combine est\u00e9tica, durabilidad y facilidad de uso.<\/p>\n<p data-start=\"803\" data-end=\"837\"><strong data-start=\"803\" data-end=\"835\">Caracter\u00edsticas principales:<\/strong><\/p>\n<ul data-start=\"838\" data-end=\"1585\">\n<li data-start=\"838\" data-end=\"904\">\n<p data-start=\"840\" data-end=\"904\">Altura: <strong data-start=\"848\" data-end=\"857\">60 cm<\/strong>, ideal para sesiones c\u00f3modas y equilibradas.<\/p>\n<\/li>\n<li data-start=\"905\" data-end=\"992\">\n<p data-start=\"907\" data-end=\"992\">Material: <strong data-start=\"917\" data-end=\"962\">Acero inoxidable y vidrio de alta calidad<\/strong>, resistente a la corrosi\u00f3n.<\/p>\n<\/li>\n<li data-start=\"993\" data-end=\"1049\">\n<p data-start=\"995\" data-end=\"1049\">Dise\u00f1o moderno y elegante en <strong data-start=\"1024\" data-end=\"1046\">acabado negro mate<\/strong>.<\/p>\n<\/li>\n<li data-start=\"1050\" data-end=\"1153\">\n<p data-start=\"1052\" data-end=\"1153\">Incluye <strong data-start=\"1060\" data-end=\"1083\">bolsa de transporte<\/strong> con compartimentos acolchados para proteger la shisha y accesorios.<\/p>\n<\/li>\n<li data-start=\"1154\" data-end=\"1218\">\n<p data-start=\"1156\" data-end=\"1218\">Base de vidrio transparente para un control visual del agua.<\/p>\n<\/li>\n<li data-start=\"1219\" data-end=\"1306\">\n<p data-start=\"1221\" data-end=\"1306\">Sistema de <strong data-start=\"1232\" data-end=\"1253\">sellado herm\u00e9tico<\/strong>, que asegura un flujo de humo estable y sin fugas.<\/p>\n<\/li>\n<li data-start=\"1307\" data-end=\"1379\">\n<p data-start=\"1309\" data-end=\"1379\">Incluye <strong data-start=\"1317\" data-end=\"1357\">manguera flexible, boquilla y pinzas<\/strong> para uso inmediato.<\/p>\n<\/li>\n<li data-start=\"1380\" data-end=\"1469\">\n<p data-start=\"1382\" data-end=\"1469\">Compatible con carb\u00f3n natural y productos de tabaco o hierbas arom\u00e1ticas para shisha.<\/p>\n<\/li>\n<li data-start=\"1470\" data-end=\"1510\">\n<p data-start=\"1472\" data-end=\"1510\">F\u00e1cil de montar, limpiar y mantener.<\/p>\n<\/li>\n<li data-start=\"1511\" data-end=\"1585\">\n<p data-start=\"1513\" data-end=\"1585\">Ideal tanto para uso dom\u00e9stico como para llevar a reuniones o eventos.<\/p>\n<\/li>\n<\/ul>\n","protected":false},"excerpt":{"rendered":"<p>Shisha Mandala Z-20 Black de 60 cm con dise\u00f1o moderno y elegante. Incluye bolsa de transporte y accesorios completos, ofreciendo un flujo de humo suave y estable para sesiones c\u00f3modas en casa o al aire libre.<\/p>\n","protected":false},"featured_media":27809,"comment_status":"open","ping_status":"closed","template":"","meta":{"_bst_post_transparent":"default","_bst_post_title":"","_bst_post_layout":"default","_bst_post_sidebar_id":"","_bst_post_content_style":"default","_bst_post_vertical_padding":"default","_bst_post_feature":"","_bst_post_feature_position":"","_bst_post_header":false,"_bst_post_footer":false},"pwb-brand":[],"product_brand":[],"product_cat":[80],"product_tag":[],"class_list":{"0":"post-27810","1":"product","2":"type-product","3":"status-publish","4":"has-post-thumbnail","6":"product_cat-cachimbas-y-shishas","7":"product_shipping_class-entre-1-kg-y-5-kg","9":"first","10":"instock","11":"sale","12":"taxable","13":"shipping-taxable","14":"purchasable","15":"product-type-simple","16":"entry","17":"content-bg","18":"loop-entry"},"brands":[],"_links":{"self":[{"href":"https:\/\/puregrowshop.com\/fr\/wp-json\/wp\/v2\/product\/27810","targetHints":{"allow":["GET"]}}],"collection":[{"href":"https:\/\/puregrowshop.com\/fr\/wp-json\/wp\/v2\/product"}],"about":[{"href":"https:\/\/puregrowshop.com\/fr\/wp-json\/wp\/v2\/types\/product"}],"replies":[{"embeddable":true,"href":"https:\/\/puregrowshop.com\/fr\/wp-json\/wp\/v2\/comments?post=27810"}],"wp:featuredmedia":[{"embeddable":true,"href":"https:\/\/puregrowshop.com\/fr\/wp-json\/wp\/v2\/media\/27809"}],"wp:attachment":[{"href":"https:\/\/puregrowshop.com\/fr\/wp-json\/wp\/v2\/media?parent=27810"}],"wp:term":[{"taxonomy":"pwb-brand","embeddable":true,"href":"https:\/\/puregrowshop.com\/fr\/wp-json\/wp\/v2\/pwb-brand?post=27810"},{"taxonomy":"product_brand","embeddable":true,"href":"https:\/\/puregrowshop.com\/fr\/wp-json\/wp\/v2\/product_brand?post=27810"},{"taxonomy":"product_cat","embeddable":true,"href":"https:\/\/puregrowshop.com\/fr\/wp-json\/wp\/v2\/product_cat?post=27810"},{"taxonomy":"product_tag","embeddable":true,"href":"https:\/\/puregrowshop.com\/fr\/wp-json\/wp\/v2\/product_tag?post=27810"}],"curies":[{"name":"wp","href":"https:\/\/api.w.org\/{rel}","templated":true}]}}