{"id":26899,"date":"2024-12-19T16:55:27","date_gmt":"2024-12-19T16:55:27","guid":{"rendered":"https:\/\/puregrowshop.com\/?post_type=product&#038;p=26899"},"modified":"2026-03-20T12:32:23","modified_gmt":"2026-03-20T12:32:23","slug":"mexican-airlines-auto-fastbuds-seeds","status":"publish","type":"product","link":"https:\/\/puregrowshop.com\/fr\/mexican-airlines-auto-fastbuds-seeds\/","title":{"rendered":"Mexican Airlines Auto  FastBuds Seeds"},"content":{"rendered":"<div class=\"flex-1 overflow-hidden @container\/thread\">\n<div class=\"h-full\">\n<div class=\"react-scroll-to-bottom--css-fckte-79elbk h-full\">\n<div class=\"react-scroll-to-bottom--css-fckte-1n7m0yu\">\n<div class=\"flex flex-col text-sm md:pb-9\">\n<article class=\"w-full scroll-mb-[var(--thread-trailing-height,150px)] text-token-text-primary focus-visible:outline-2 focus-visible:outline-offset-[-4px]\" dir=\"auto\" data-testid=\"conversation-turn-9\" data-scroll-anchor=\"true\">\n<div class=\"m-auto text-base py-[18px] px-3 md:px-4 w-full md:px-5 lg:px-4 xl:px-5\">\n<div class=\"mx-auto flex flex-1 gap-4 text-base md:gap-5 lg:gap-6 md:max-w-3xl lg:max-w-[40rem] xl:max-w-[48rem]\">\n<div class=\"group\/conversation-turn relative flex w-full min-w-0 flex-col agent-turn\">\n<div class=\"flex-col gap-1 md:gap-3\">\n<div class=\"flex max-w-full flex-col flex-grow\">\n<div class=\"min-h-8 text-message flex w-full flex-col items-end gap-2 whitespace-normal break-words text-start [.text-message+&#038;]:mt-5\" dir=\"auto\" data-message-author-role=\"assistant\" data-message-id=\"5a6f4b58-3919-4789-be43-00965782aa0a\" data-message-model-slug=\"gpt-4o\">\n<div class=\"flex w-full flex-col gap-1 empty:hidden first:pt-[3px]\">\n<div class=\"markdown prose w-full break-words dark:prose-invert light\">\n<h3>Caracter\u00edsticas <span class=\"post-title\">Mexican Airlines Auto<\/span><\/h3>\n<ul>\n<li><strong>Sabor:<\/strong> Tropical, c\u00edtrico, fresco, con notas picantes.<\/li>\n<li><strong>THC:<\/strong> Hasta 21%.<\/li>\n<li><strong>CBD:<\/strong> Bajo.<\/li>\n<li><strong>Cosecha en interior:<\/strong> 400-500 g\/m\u00b2.<\/li>\n<li><strong>Cosecha en exterior:<\/strong> 50-250 g\/planta.<\/li>\n<li><strong>Altura:<\/strong> 70-100 cm.<\/li>\n<li><strong>Tiempo desde germinaci\u00f3n:<\/strong> 9 semanas.<\/li>\n<li><strong>Composici\u00f3n gen\u00e9tica:<\/strong> Sativa 65% \/ Indica 35%.<\/li>\n<li><strong>Tipo:<\/strong> Autofloreciente feminizada.<\/li>\n<\/ul>\n<\/div>\n<\/div>\n<\/div>\n<\/div>\n<\/div>\n<\/div>\n<\/div>\n<\/div>\n<\/article>\n<\/div>\n<\/div>\n<\/div>\n<\/div>\n<\/div>\n<h3>Descripci\u00f3n de los cogollos:<\/h3>\n<p>Los cogollos de Mexican Airlines Auto son compactos, densos y cubiertos de tricomas cristalinos que les otorgan un aspecto brillante. Su color verde vibrante est\u00e1 acentuado por pistilos anaranjados, creando un contraste visual atractivo. Adem\u00e1s, desprenden un aroma tropical y fresco que resalta sus ra\u00edces gen\u00e9ticas ex\u00f3ticas.<\/p>\n<h3>Efecto:<\/h3>\n<p>Con una predominancia sativa, esta variedad proporciona un efecto cerebral r\u00e1pido y euf\u00f3rico, ideal para actividades diurnas. Su subid\u00f3n inicial es estimulante, promoviendo la creatividad y la motivaci\u00f3n, mientras que una ligera relajaci\u00f3n corporal se asienta suavemente, equilibrando la experiencia sin causar pesadez. Perfecta para momentos sociales o tareas que requieren enfoque y dinamismo.<\/p>\n<h3>Aspecto de la planta:<\/h3>\n<p>Mexican Airlines Auto crece con una estructura alta y elegante, t\u00edpica de las variedades sativas. Su cola principal es dominante, rodeada de ramas laterales m\u00e1s peque\u00f1as. Alcanza una altura de 70-100 cm, lo que la hace ideal para cultivos discretos tanto en interior como en exterior. Su resistencia natural y crecimiento vigoroso la convierten en una opci\u00f3n excelente para cultivadores de todos los niveles.<\/p>\n<h3>Consejos de cultivo:<\/h3>\n<p>Esta variedad es f\u00e1cil de cultivar y se adapta bien a diferentes entornos. Responde favorablemente a t\u00e9cnicas como LST (Low Stress Training) para maximizar la luz y el espacio. Gracias a su estructura, es perfecta para sistemas de cultivo SOG (Sea of Green). Requiere una alimentaci\u00f3n equilibrada y un ambiente bien ventilado para evitar problemas de humedad durante la floraci\u00f3n. Su ciclo completo de 9 semanas asegura cosechas r\u00e1pidas y de alta calidad.<\/p>\n<p>&nbsp;<\/p>\n","protected":false},"excerpt":{"rendered":"<p>La Mexican Airlines Auto de FastBuds Seeds es una autofloreciente de dominancia sativa que destaca por sus efectos energizantes y sabores tropicales. Con un tiempo de cultivo de 9 semanas, ofrece rendimientos generosos y una experiencia \u00fanica, perfecta para quienes buscan un subid\u00f3n creativo y refrescante.<\/p>\n<p>&nbsp;<\/p>\n","protected":false},"featured_media":26270,"comment_status":"open","ping_status":"closed","template":"","meta":{"_bst_post_transparent":"","_bst_post_title":"","_bst_post_layout":"","_bst_post_sidebar_id":"","_bst_post_content_style":"","_bst_post_vertical_padding":"","_bst_post_feature":"","_bst_post_feature_position":"","_bst_post_header":false,"_bst_post_footer":false},"pwb-brand":[307],"product_brand":[],"product_cat":[56,94],"product_tag":[],"class_list":{"0":"post-26899","1":"product","2":"type-product","3":"status-publish","4":"has-post-thumbnail","6":"pwb-brand-fastbuds-seeds","7":"product_cat-autoflorecientes","8":"product_cat-sativas","10":"first","11":"instock","12":"sale","13":"taxable","14":"shipping-taxable","15":"purchasable","16":"product-type-variable","17":"has-default-attributes","18":"entry","19":"content-bg","20":"loop-entry"},"brands":[{"id":307,"name":"FastBuds Seeds","slug":"fastbuds-seeds"}],"_links":{"self":[{"href":"https:\/\/puregrowshop.com\/fr\/wp-json\/wp\/v2\/product\/26899","targetHints":{"allow":["GET"]}}],"collection":[{"href":"https:\/\/puregrowshop.com\/fr\/wp-json\/wp\/v2\/product"}],"about":[{"href":"https:\/\/puregrowshop.com\/fr\/wp-json\/wp\/v2\/types\/product"}],"replies":[{"embeddable":true,"href":"https:\/\/puregrowshop.com\/fr\/wp-json\/wp\/v2\/comments?post=26899"}],"wp:featuredmedia":[{"embeddable":true,"href":"https:\/\/puregrowshop.com\/fr\/wp-json\/wp\/v2\/media\/26270"}],"wp:attachment":[{"href":"https:\/\/puregrowshop.com\/fr\/wp-json\/wp\/v2\/media?parent=26899"}],"wp:term":[{"taxonomy":"pwb-brand","embeddable":true,"href":"https:\/\/puregrowshop.com\/fr\/wp-json\/wp\/v2\/pwb-brand?post=26899"},{"taxonomy":"product_brand","embeddable":true,"href":"https:\/\/puregrowshop.com\/fr\/wp-json\/wp\/v2\/product_brand?post=26899"},{"taxonomy":"product_cat","embeddable":true,"href":"https:\/\/puregrowshop.com\/fr\/wp-json\/wp\/v2\/product_cat?post=26899"},{"taxonomy":"product_tag","embeddable":true,"href":"https:\/\/puregrowshop.com\/fr\/wp-json\/wp\/v2\/product_tag?post=26899"}],"curies":[{"name":"wp","href":"https:\/\/api.w.org\/{rel}","templated":true}]}}