{"id":25550,"date":"2024-12-01T16:04:08","date_gmt":"2024-12-01T16:04:08","guid":{"rendered":"https:\/\/puregrowshop.com\/?post_type=product&#038;p=25550"},"modified":"2025-11-21T11:17:56","modified_gmt":"2025-11-21T11:17:56","slug":"do-g-feminizada-ripper-seeds","status":"publish","type":"product","link":"https:\/\/puregrowshop.com\/fr\/do-g-feminizada-ripper-seeds\/","title":{"rendered":"DO-G feminizada Ripper Seeds"},"content":{"rendered":"<p data-start=\"197\" data-end=\"648\"><strong data-start=\"197\" data-end=\"205\">DO-G<\/strong> de <strong data-start=\"209\" data-end=\"225\">Ripper Seeds<\/strong> es una <strong data-start=\"233\" data-end=\"272\">variedad feminizada fotodependiente<\/strong> con gen\u00e9tica de <strong data-start=\"289\" data-end=\"315\">Do-Si-Dos x Gelato #41<\/strong>, que combina lo mejor de dos mundos: <strong data-start=\"353\" data-end=\"399\">potencia, sabor y una producci\u00f3n incre\u00edble<\/strong>. Esta <strong data-start=\"406\" data-end=\"441\">h\u00edbrida de predominancia \u00edndica<\/strong> (aproximadamente 70%) es ideal para aquellos que buscan <strong data-start=\"498\" data-end=\"517\">cogollos densos<\/strong>, <strong data-start=\"519\" data-end=\"541\">cargados de resina<\/strong>, y un sabor que mezcla <strong data-start=\"565\" data-end=\"604\">cremoso y dulce tipo galleta\/helado<\/strong> con <strong data-start=\"609\" data-end=\"647\">toques gas\/diesel y notas c\u00edtricas<\/strong>.<\/p>\n<p data-start=\"650\" data-end=\"913\">Su <strong data-start=\"653\" data-end=\"684\">efecto euf\u00f3rico y relajante<\/strong> la hace perfecta para <strong data-start=\"707\" data-end=\"729\">finales de jornada<\/strong> o momentos de <strong data-start=\"744\" data-end=\"753\">relax<\/strong> sin perder la claridad mental. Adem\u00e1s, es una excelente opci\u00f3n para <strong data-start=\"822\" data-end=\"838\">extracciones<\/strong> por su alta producci\u00f3n de <strong data-start=\"865\" data-end=\"877\">tricomas<\/strong> y su perfil <strong data-start=\"890\" data-end=\"912\">arom\u00e1tico complejo<\/strong>.<\/p>\n<h3 data-start=\"915\" data-end=\"946\">Caracter\u00edsticas principales<\/h3>\n<p data-start=\"947\" data-end=\"1676\"><strong data-start=\"947\" data-end=\"977\">Feminizada fotodependiente<\/strong>, cruzada entre <strong data-start=\"993\" data-end=\"1019\">Do-Si-Dos y Gelato #41<\/strong>.<br data-start=\"1020\" data-end=\"1023\" \/><strong data-start=\"1023\" data-end=\"1047\">Predominancia \u00edndica<\/strong> (70% \u00edndica, 30% sativa).<br data-start=\"1073\" data-end=\"1076\" \/><strong data-start=\"1076\" data-end=\"1096\">Floraci\u00f3n r\u00e1pida<\/strong>: <strong data-start=\"1098\" data-end=\"1112\">60\u201365 d\u00edas<\/strong> en interior, <strong data-start=\"1126\" data-end=\"1146\">cosecha exterior<\/strong> a <strong data-start=\"1149\" data-end=\"1183\">principios-mediados de octubre<\/strong> (hemisferio norte).<br data-start=\"1203\" data-end=\"1206\" \/><strong data-start=\"1206\" data-end=\"1223\">Potencia alta<\/strong>: <strong data-start=\"1225\" data-end=\"1242\">THC de 22\u201326%<\/strong>, con <strong data-start=\"1248\" data-end=\"1260\">CBD bajo<\/strong>.<br data-start=\"1261\" data-end=\"1264\" \/><strong data-start=\"1264\" data-end=\"1286\">Producci\u00f3n elevada<\/strong> de <strong data-start=\"1290\" data-end=\"1309\">cogollos densos<\/strong> y <strong data-start=\"1312\" data-end=\"1329\">muy resinosos<\/strong>, ideal para <strong data-start=\"1342\" data-end=\"1358\">extracciones<\/strong>.<br data-start=\"1359\" data-end=\"1362\" \/><strong data-start=\"1362\" data-end=\"1387\">Sabor cremoso y dulce<\/strong> tipo <strong data-start=\"1393\" data-end=\"1413\">galleta y helado<\/strong>, con <strong data-start=\"1419\" data-end=\"1440\">toques gas\/diesel<\/strong> y <strong data-start=\"1443\" data-end=\"1455\">c\u00edtricos<\/strong>.<br data-start=\"1456\" data-end=\"1459\" \/><strong data-start=\"1459\" data-end=\"1495\">Estructura compacta y ramificada<\/strong>, perfecta para <strong data-start=\"1511\" data-end=\"1520\">SCROG<\/strong>, <strong data-start=\"1522\" data-end=\"1529\">SOG<\/strong>, y <strong data-start=\"1533\" data-end=\"1548\">poda apical<\/strong>.<br data-start=\"1549\" data-end=\"1552\" \/><strong data-start=\"1552\" data-end=\"1588\" data-is-only-node=\"\">Resistente a la humedad y hongos<\/strong>, facilitando el cultivo en <strong data-start=\"1616\" data-end=\"1636\">climas variables<\/strong>.<br data-start=\"1637\" data-end=\"1640\" \/>Disponible en <strong data-start=\"1654\" data-end=\"1675\">1, 3 y 5 semillas<\/strong>.<\/p>\n<h3 data-start=\"1678\" data-end=\"1695\">Sabor y aroma<\/h3>\n<p data-start=\"1696\" data-end=\"2132\"><strong data-start=\"1696\" data-end=\"1704\">DO-G<\/strong> tiene un <strong data-start=\"1714\" data-end=\"1740\">perfil dulce y cremoso<\/strong> como una <strong data-start=\"1750\" data-end=\"1770\">tarta de galleta<\/strong> o <strong data-start=\"1773\" data-end=\"1795\">helado de vainilla<\/strong>, con <strong data-start=\"1801\" data-end=\"1821\">notas gas\/diesel<\/strong> que aportan una complejidad \u00fanica.<br data-start=\"1856\" data-end=\"1859\" \/>Los toques <strong data-start=\"1870\" data-end=\"1892\">c\u00edtricos de pomelo<\/strong> y <strong data-start=\"1895\" data-end=\"1907\">terrosos<\/strong> le dan un <strong data-start=\"1918\" data-end=\"1938\">final redondeado<\/strong>, dejando un <strong data-start=\"1951\" data-end=\"1976\">postgusto persistente<\/strong> que la hace irresistible.<br data-start=\"2002\" data-end=\"2005\" \/>Es el sabor perfecto para quienes disfrutan de un perfil <strong data-start=\"2062\" data-end=\"2084\">rico y sofisticado<\/strong>, ideal para momentos de <strong data-start=\"2109\" data-end=\"2131\">disfrute sensorial<\/strong>.<\/p>\n<h3 data-start=\"2134\" data-end=\"2145\">Efectos<\/h3>\n<p data-start=\"2146\" data-end=\"2610\">El <strong data-start=\"2149\" data-end=\"2182\">inicio euf\u00f3rico y estimulante<\/strong> es perfecto para elevar el \u00e1nimo y <strong data-start=\"2218\" data-end=\"2245\">desarrollar creatividad<\/strong>.<br data-start=\"2246\" data-end=\"2249\" \/>A medida que avanza el efecto, se transforma en una <strong data-start=\"2301\" data-end=\"2333\">relajaci\u00f3n corporal profunda<\/strong>, sin sensaci\u00f3n de pesadez.<br data-start=\"2360\" data-end=\"2363\" \/>Con <strong data-start=\"2367\" data-end=\"2384\">alta potencia<\/strong>, es ideal para <strong data-start=\"2400\" data-end=\"2432\">desconectar al final del d\u00eda<\/strong> y disfrutar de una <strong data-start=\"2452\" data-end=\"2485\">sensaci\u00f3n de bienestar mental<\/strong>.<br data-start=\"2486\" data-end=\"2489\" \/>Es una variedad que ofrece <strong data-start=\"2516\" data-end=\"2537\">efectos duraderos<\/strong>, perfectos para quienes buscan una <strong data-start=\"2573\" data-end=\"2609\">relajaci\u00f3n sin sedaci\u00f3n excesiva<\/strong>.<\/p>\n<h3 data-start=\"2612\" data-end=\"2635\">Cultivo en interior<\/h3>\n<p data-start=\"2636\" data-end=\"3224\">En interior, <strong data-start=\"2649\" data-end=\"2657\">DO-G<\/strong> tiene una <strong data-start=\"2668\" data-end=\"2688\">floraci\u00f3n r\u00e1pida<\/strong> de <strong data-start=\"2692\" data-end=\"2706\">60\u201365 d\u00edas<\/strong>.<br data-start=\"2707\" data-end=\"2710\" \/>Responde muy bien a t\u00e9cnicas como <strong data-start=\"2744\" data-end=\"2753\">SCROG<\/strong>, <strong data-start=\"2755\" data-end=\"2762\">SOG<\/strong>, <strong data-start=\"2764\" data-end=\"2775\">topping<\/strong> y <strong data-start=\"2778\" data-end=\"2785\">LST<\/strong>, optimizando la producci\u00f3n de flores.<br data-start=\"2823\" data-end=\"2826\" \/>La planta tiene <strong data-start=\"2842\" data-end=\"2863\">internudos cortos<\/strong> y una <strong data-start=\"2870\" data-end=\"2893\">estructura compacta<\/strong>, por lo que es ideal para maximizar el espacio.<br data-start=\"2941\" data-end=\"2944\" \/><strong data-start=\"2944\" data-end=\"2965\">Buena ventilaci\u00f3n<\/strong> es esencial debido a la <strong data-start=\"2990\" data-end=\"3023\">alta densidad de los cogollos<\/strong>, y es recomendable usar un <strong data-start=\"3051\" data-end=\"3071\">filtro de carb\u00f3n<\/strong> para manejar el <strong data-start=\"3088\" data-end=\"3104\">fuerte aroma<\/strong> durante la floraci\u00f3n.<br data-start=\"3126\" data-end=\"3129\" \/>La <strong data-start=\"3132\" data-end=\"3146\">producci\u00f3n<\/strong> estimada es de <strong data-start=\"3162\" data-end=\"3178\">450\u2013550 g\/m\u00b2<\/strong> en interior con una <strong data-start=\"3199\" data-end=\"3223\">iluminaci\u00f3n adecuada<\/strong>.<\/p>\n<h3 data-start=\"3226\" data-end=\"3249\">Cultivo en exterior<\/h3>\n<p data-start=\"3250\" data-end=\"3798\">En exterior, <strong data-start=\"3263\" data-end=\"3271\">DO-G<\/strong> se adapta muy bien a <strong data-start=\"3293\" data-end=\"3329\">climas templados y mediterr\u00e1neos<\/strong>, y en estas condiciones, puede llegar a producir entre <strong data-start=\"3385\" data-end=\"3406\">700\u20131000 g\/planta<\/strong>.<br data-start=\"3407\" data-end=\"3410\" \/>Su <strong data-start=\"3413\" data-end=\"3435\">estructura robusta<\/strong> la hace ideal para <strong data-start=\"3455\" data-end=\"3466\">tutores<\/strong>, y se recomienda <strong data-start=\"3484\" data-end=\"3502\">poda selectiva<\/strong> para evitar problemas con <strong data-start=\"3529\" data-end=\"3539\">hongos<\/strong> en zonas m\u00e1s h\u00famedas.<br data-start=\"3561\" data-end=\"3564\" \/>La cosecha se realiza entre <strong data-start=\"3592\" data-end=\"3628\">principios y mediados de octubre<\/strong> en el hemisferio norte, con una <strong data-start=\"3661\" data-end=\"3680\">producci\u00f3n alta<\/strong> y cogollos de excelente calidad.<br data-start=\"3713\" data-end=\"3716\" \/>Con temperaturas frescas, <strong data-start=\"3742\" data-end=\"3783\">puede desarrollar tonalidades moradas<\/strong> en sus flores.<\/p>\n<h3 data-start=\"3800\" data-end=\"3825\">Ficha t\u00e9cnica de DO-G<\/h3>\n<p data-start=\"3826\" data-end=\"4589\">Banco: Ripper Seeds<br data-start=\"3845\" data-end=\"3848\" \/>Tipo: Feminizada fotodependiente<br data-start=\"3880\" data-end=\"3883\" \/>Gen\u00e9tica: <strong data-start=\"3893\" data-end=\"3919\">Do-Si-Dos x Gelato #41<\/strong><br data-start=\"3919\" data-end=\"3922\" \/>Predominancia: \u00cdndica (aproximadamente 70%)<br data-start=\"3965\" data-end=\"3968\" \/>THC: 22\u201326%<br data-start=\"3979\" data-end=\"3982\" \/>CBD: Bajo<br data-start=\"3991\" data-end=\"3994\" \/>Floraci\u00f3n interior: 60\u201365 d\u00edas<br data-start=\"4024\" data-end=\"4027\" \/>Cosecha exterior: principios-mediados de octubre (HN)<br data-start=\"4080\" data-end=\"4083\" \/>Producci\u00f3n interior: 450\u2013550 g\/m\u00b2<br data-start=\"4116\" data-end=\"4119\" \/>Producci\u00f3n exterior: 700\u20131000 g\/planta<br data-start=\"4157\" data-end=\"4160\" \/>Altura: media<br data-start=\"4173\" data-end=\"4176\" \/>Aroma y sabor: <strong data-start=\"4191\" data-end=\"4202\">galleta<\/strong> y <strong data-start=\"4205\" data-end=\"4215\">helado<\/strong> cremoso, <strong data-start=\"4225\" data-end=\"4239\">gas\/diesel<\/strong>, <strong data-start=\"4241\" data-end=\"4253\">c\u00edtricos<\/strong>, <strong data-start=\"4255\" data-end=\"4266\">terroso<\/strong><br data-start=\"4266\" data-end=\"4269\" \/>Estructura: compacta, ramificada, internudos cortos, cogollo denso y resinoso<br data-start=\"4346\" data-end=\"4349\" \/>Terpenos destacados: Limoneno, Cariofileno, Linalool<br data-start=\"4401\" data-end=\"4404\" \/>T\u00e9cnicas recomendadas: SCROG, SOG, topping, LST<br data-start=\"4451\" data-end=\"4454\" \/>Clima ideal: templado\/mediterr\u00e1neo<br data-start=\"4488\" data-end=\"4491\" \/>Uso recomendado: <strong data-start=\"4508\" data-end=\"4524\">extracciones<\/strong> y flores de alta calidad<br data-start=\"4549\" data-end=\"4552\" \/>Formato disponible: 1, 3 y 5 semillas<\/p>\n<h3 data-start=\"4591\" data-end=\"4621\">Preguntas frecuentes (FAQ)<\/h3>\n<p data-start=\"4623\" data-end=\"4857\"><strong data-start=\"4623\" data-end=\"4669\">\u00bfQu\u00e9 hace especial a DO-G de Ripper Seeds?<\/strong><br data-start=\"4669\" data-end=\"4672\" \/>Su <strong data-start=\"4675\" data-end=\"4697\">gen\u00e9tica \u00e9lite USA<\/strong>, que combina lo mejor de <strong data-start=\"4723\" data-end=\"4736\">Do-Si-Dos<\/strong> y <strong data-start=\"4739\" data-end=\"4753\">Gelato #41<\/strong>, ofrece una <strong data-start=\"4766\" data-end=\"4786\">potencia elevada<\/strong>, <strong data-start=\"4788\" data-end=\"4819\">sabores cremosos y gaseosos<\/strong>, y una <strong data-start=\"4827\" data-end=\"4856\">gran producci\u00f3n de resina<\/strong>.<\/p>\n<p data-start=\"4859\" data-end=\"5078\"><strong data-start=\"4859\" data-end=\"4895\">\u00bfEs adecuada para principiantes?<\/strong><br data-start=\"4895\" data-end=\"4898\" \/>S\u00ed, es relativamente f\u00e1cil de manejar, especialmente con t\u00e9cnicas de poda b\u00e1sica. Lo m\u00e1s importante es <strong data-start=\"5001\" data-end=\"5031\">mantener buena ventilaci\u00f3n<\/strong> debido a la <strong data-start=\"5044\" data-end=\"5077\">alta densidad de los cogollos<\/strong>.<\/p>\n<p data-start=\"5080\" data-end=\"5203\"><strong data-start=\"5080\" data-end=\"5122\">\u00bfCu\u00e1nto tarda en florecer en interior?<\/strong><br data-start=\"5122\" data-end=\"5125\" \/>En interior, la <strong data-start=\"5141\" data-end=\"5178\">floraci\u00f3n dura entre 60 y 65 d\u00edas<\/strong> desde el cambio a 12\/12.<\/p>\n<p data-start=\"5205\" data-end=\"5361\"><strong data-start=\"5205\" data-end=\"5237\">\u00bfEs buena para extracciones?<\/strong><br data-start=\"5237\" data-end=\"5240\" \/>S\u00ed, <strong data-start=\"5244\" data-end=\"5252\">DO-G<\/strong> es ideal para <strong data-start=\"5267\" data-end=\"5283\">extracciones<\/strong> debido a su <strong data-start=\"5296\" data-end=\"5325\">alta producci\u00f3n de resina<\/strong> y un perfil <strong data-start=\"5338\" data-end=\"5360\">arom\u00e1tico complejo<\/strong>.<\/p>\n<p data-start=\"5363\" data-end=\"5547\"><strong data-start=\"5363\" data-end=\"5390\">\u00bfC\u00f3mo es su producci\u00f3n?<\/strong><br data-start=\"5390\" data-end=\"5393\" \/><strong data-start=\"5393\" data-end=\"5401\">Alta<\/strong>, tanto en <strong data-start=\"5412\" data-end=\"5424\">interior<\/strong> (450\u2013550 g\/m\u00b2) como en <strong data-start=\"5448\" data-end=\"5460\">exterior<\/strong> (700\u20131000 g\/planta), especialmente si se controla la <strong data-start=\"5514\" data-end=\"5525\">canopia<\/strong> y la <strong data-start=\"5531\" data-end=\"5546\">iluminaci\u00f3n<\/strong>.<\/p>\n<p data-start=\"5549\" data-end=\"5683\"><strong data-start=\"5549\" data-end=\"5590\">\u00bfPresenta fenotipos con coloraciones?<\/strong><br data-start=\"5590\" data-end=\"5593\" \/>S\u00ed, puede mostrar <strong data-start=\"5611\" data-end=\"5634\">tonalidades moradas<\/strong> en condiciones frescas al final de la floraci\u00f3n.<\/p>\n<p data-start=\"5685\" data-end=\"5761\"><strong data-start=\"5685\" data-end=\"5709\">\u00bfEs autofloreciente?<\/strong><br data-start=\"5709\" data-end=\"5712\" \/>No, <strong data-start=\"5716\" data-end=\"5724\">DO-G<\/strong> es una variedad <strong data-start=\"5741\" data-end=\"5760\">fotodependiente<\/strong>.<\/p>\n<p data-start=\"5763\" data-end=\"5917\"><strong data-start=\"5763\" data-end=\"5801\">\u00bfHuele mucho durante la floraci\u00f3n?<\/strong><br data-start=\"5801\" data-end=\"5804\" \/>S\u00ed, el <strong data-start=\"5811\" data-end=\"5835\">aroma es muy intenso<\/strong>. Se recomienda el uso de <strong data-start=\"5861\" data-end=\"5881\">filtro de carb\u00f3n<\/strong> para controlar el olor en interior.<\/p>\n<p data-start=\"5919\" data-end=\"6066\"><strong data-start=\"5919\" data-end=\"5962\">\u00bfQu\u00e9 tama\u00f1o de maceta usar en exterior?<\/strong><br data-start=\"5962\" data-end=\"5965\" \/>En exterior, utiliza <strong data-start=\"5986\" data-end=\"6015\">macetas grandes (25\u201350 L)<\/strong> o <strong data-start=\"6018\" data-end=\"6035\">suelo directo<\/strong> para maximizar el rendimiento.<\/p>\n<p data-start=\"6068\" data-end=\"6154\"><strong data-start=\"6068\" data-end=\"6115\">\u00bfEn qu\u00e9 formatos de compra est\u00e1 disponible?<\/strong><br data-start=\"6115\" data-end=\"6118\" \/>Disponible en <strong data-start=\"6132\" data-end=\"6153\">1, 3 y 5 semillas<\/strong>.<\/p>\n","protected":false},"excerpt":{"rendered":"<p>DO-G feminizada de Ripper Seeds ofrece vigor, estabilidad y facilidad de cultivo, asegurando plantas hembra de alto rendimiento. Perfil arom\u00e1tico OG intenso con notas terrosas y c\u00edtricas, cogollos densos y abundante resina ideales para extracciones. Estructura compacta y ramificada, excelente adaptaci\u00f3n a interior y exterior, y gran respuesta a podas y t\u00e9cnicas como SCROG. Para quienes buscan potencia, sabor cl\u00e1sico y resultados consistentes. Disponible en 1, 3 y 5 semillas.<\/p>\n","protected":false},"featured_media":25443,"comment_status":"open","ping_status":"closed","template":"","meta":{"_bst_post_transparent":"","_bst_post_title":"","_bst_post_layout":"","_bst_post_sidebar_id":"","_bst_post_content_style":"","_bst_post_vertical_padding":"","_bst_post_feature":"","_bst_post_feature_position":"","_bst_post_header":false,"_bst_post_footer":false},"pwb-brand":[304],"product_brand":[],"product_cat":[69],"product_tag":[],"class_list":{"0":"post-25550","1":"product","2":"type-product","3":"status-publish","4":"has-post-thumbnail","6":"pwb-brand-ripper-seeds","7":"product_cat-feminizadas","9":"first","10":"instock","11":"sale","12":"taxable","13":"shipping-taxable","14":"purchasable","15":"product-type-variable","16":"has-default-attributes","17":"entry","18":"content-bg","19":"loop-entry"},"brands":[{"id":304,"name":"Ripper Seeds","slug":"ripper-seeds"}],"_links":{"self":[{"href":"https:\/\/puregrowshop.com\/fr\/wp-json\/wp\/v2\/product\/25550","targetHints":{"allow":["GET"]}}],"collection":[{"href":"https:\/\/puregrowshop.com\/fr\/wp-json\/wp\/v2\/product"}],"about":[{"href":"https:\/\/puregrowshop.com\/fr\/wp-json\/wp\/v2\/types\/product"}],"replies":[{"embeddable":true,"href":"https:\/\/puregrowshop.com\/fr\/wp-json\/wp\/v2\/comments?post=25550"}],"wp:featuredmedia":[{"embeddable":true,"href":"https:\/\/puregrowshop.com\/fr\/wp-json\/wp\/v2\/media\/25443"}],"wp:attachment":[{"href":"https:\/\/puregrowshop.com\/fr\/wp-json\/wp\/v2\/media?parent=25550"}],"wp:term":[{"taxonomy":"pwb-brand","embeddable":true,"href":"https:\/\/puregrowshop.com\/fr\/wp-json\/wp\/v2\/pwb-brand?post=25550"},{"taxonomy":"product_brand","embeddable":true,"href":"https:\/\/puregrowshop.com\/fr\/wp-json\/wp\/v2\/product_brand?post=25550"},{"taxonomy":"product_cat","embeddable":true,"href":"https:\/\/puregrowshop.com\/fr\/wp-json\/wp\/v2\/product_cat?post=25550"},{"taxonomy":"product_tag","embeddable":true,"href":"https:\/\/puregrowshop.com\/fr\/wp-json\/wp\/v2\/product_tag?post=25550"}],"curies":[{"name":"wp","href":"https:\/\/api.w.org\/{rel}","templated":true}]}}