{"id":25548,"date":"2024-12-01T16:00:32","date_gmt":"2024-12-01T16:00:32","guid":{"rendered":"https:\/\/puregrowshop.com\/?post_type=product&#038;p=25548"},"modified":"2025-11-21T11:17:56","modified_gmt":"2025-11-21T11:17:56","slug":"brake-pad-breath-feminizada-ripper-seeds","status":"publish","type":"product","link":"https:\/\/puregrowshop.com\/fr\/brake-pad-breath-feminizada-ripper-seeds\/","title":{"rendered":"Brake Pad Breath feminizada Ripper Seeds"},"content":{"rendered":"<p data-start=\"177\" data-end=\"515\"><strong data-start=\"177\" data-end=\"197\">Brake Pad Breath<\/strong> es una variedad <strong data-start=\"214\" data-end=\"244\">feminizada fotodependiente<\/strong> con una gen\u00e9tica incre\u00edble de <strong data-start=\"275\" data-end=\"285\">OG\/Gas<\/strong> y la famosa familia <strong data-start=\"306\" data-end=\"318\">&#8220;Breath&#8221;<\/strong>. Si buscas una planta <strong data-start=\"341\" data-end=\"352\">potente<\/strong>, <strong data-start=\"354\" data-end=\"367\">arom\u00e1tica<\/strong> y <strong data-start=\"370\" data-end=\"394\">altamente productiva<\/strong>, esta es la opci\u00f3n ideal. Su <strong data-start=\"424\" data-end=\"444\">sabor a gasolina<\/strong>, <strong data-start=\"446\" data-end=\"462\">goma quemada<\/strong>, y sus <strong data-start=\"470\" data-end=\"497\">notas dulces y cremosas<\/strong> la hacen \u00fanica.<\/p>\n<p data-start=\"517\" data-end=\"806\">Con un <strong data-start=\"524\" data-end=\"553\">ciclo de floraci\u00f3n r\u00e1pido<\/strong> de <strong data-start=\"557\" data-end=\"571\">55\u201365 d\u00edas<\/strong>, es perfecta para quienes quieren resultados en poco tiempo. Adem\u00e1s, sus <strong data-start=\"645\" data-end=\"664\">cogollos densos<\/strong> y <strong data-start=\"667\" data-end=\"680\">resinosos<\/strong> son perfectos para hacer <strong data-start=\"706\" data-end=\"722\">extracciones<\/strong>, y su <strong data-start=\"729\" data-end=\"747\">efecto potente<\/strong> es ideal para esos momentos de <strong data-start=\"779\" data-end=\"805\">relax al final del d\u00eda<\/strong>.<\/p>\n<h3 data-start=\"808\" data-end=\"839\">Caracter\u00edsticas principales<\/h3>\n<ul data-start=\"840\" data-end=\"1285\">\n<li data-start=\"840\" data-end=\"904\">\n<p data-start=\"842\" data-end=\"904\"><strong data-start=\"842\" data-end=\"851\">Sabor<\/strong>: Gasolina, goma quemada, toques qu\u00edmicos y dulces.<\/p>\n<\/li>\n<li data-start=\"905\" data-end=\"1004\">\n<p data-start=\"907\" data-end=\"1004\"><strong data-start=\"907\" data-end=\"919\">Potencia<\/strong>: <strong data-start=\"921\" data-end=\"935\">THC 20\u201325%<\/strong>, ideal para quienes buscan <strong data-start=\"963\" data-end=\"983\">efectos intensos<\/strong> pero equilibrados.<\/p>\n<\/li>\n<li data-start=\"1005\" data-end=\"1085\">\n<p data-start=\"1007\" data-end=\"1085\"><strong data-start=\"1007\" data-end=\"1021\">Producci\u00f3n<\/strong>: Cogollos densos y resinosos perfectos para <strong data-start=\"1066\" data-end=\"1082\">extracciones<\/strong>.<\/p>\n<\/li>\n<li data-start=\"1086\" data-end=\"1200\">\n<p data-start=\"1088\" data-end=\"1200\"><strong data-start=\"1088\" data-end=\"1108\">Floraci\u00f3n r\u00e1pida<\/strong>: 55\u201365 d\u00edas en interior, <strong data-start=\"1134\" data-end=\"1154\">cosecha exterior<\/strong> entre <strong data-start=\"1161\" data-end=\"1197\">principios y mediados de octubre<\/strong>.<\/p>\n<\/li>\n<li data-start=\"1201\" data-end=\"1285\">\n<p data-start=\"1203\" data-end=\"1285\"><strong data-start=\"1203\" data-end=\"1224\">F\u00e1cil de cultivar<\/strong> con t\u00e9cnicas como <strong data-start=\"1243\" data-end=\"1252\">SCROG<\/strong>, <strong data-start=\"1254\" data-end=\"1261\">SOG<\/strong>, <strong data-start=\"1263\" data-end=\"1274\">topping<\/strong> y <strong data-start=\"1277\" data-end=\"1284\">LST<\/strong>.<\/p>\n<\/li>\n<\/ul>\n<h3 data-start=\"1287\" data-end=\"1304\">Sabor y aroma<\/h3>\n<p data-start=\"1305\" data-end=\"1530\">El <strong data-start=\"1308\" data-end=\"1317\">sabor<\/strong> de <strong data-start=\"1321\" data-end=\"1341\">Brake Pad Breath<\/strong> es <strong data-start=\"1345\" data-end=\"1364\">intenso y \u00fanico<\/strong>. Se combina el toque de <strong data-start=\"1389\" data-end=\"1403\">gas\/diesel<\/strong> con un fondo dulce, <strong data-start=\"1424\" data-end=\"1435\">terroso<\/strong> y <strong data-start=\"1438\" data-end=\"1449\">cremoso<\/strong>, lo que la convierte en una variedad s\u00faper sabrosa y con un <strong data-start=\"1510\" data-end=\"1529\">postgusto largo<\/strong>.<\/p>\n<h3 data-start=\"1532\" data-end=\"1543\">Efectos<\/h3>\n<p data-start=\"1544\" data-end=\"1779\">El <strong data-start=\"1547\" data-end=\"1566\">inicio euf\u00f3rico<\/strong> es ideal para activar tu creatividad, seguido de una <strong data-start=\"1620\" data-end=\"1652\">relajaci\u00f3n corporal profunda<\/strong> que te ayudar\u00e1 a desconectar al final del d\u00eda.<br data-start=\"1699\" data-end=\"1702\" \/><strong data-start=\"1702\" data-end=\"1722\">Brake Pad Breath<\/strong> es perfecta para <strong data-start=\"1740\" data-end=\"1778\">usuarios con tolerancia media\/alta<\/strong>.<\/p>\n<h3 data-start=\"1781\" data-end=\"1792\">Cultivo<\/h3>\n<p data-start=\"1793\" data-end=\"2191\">En <strong data-start=\"1796\" data-end=\"1808\">interior<\/strong>, la planta tiene un <strong data-start=\"1829\" data-end=\"1853\">crecimiento vigoroso<\/strong> y se adapta bien a t\u00e9cnicas como <strong data-start=\"1887\" data-end=\"1896\">SCROG<\/strong>, <strong data-start=\"1898\" data-end=\"1905\">SOG<\/strong> y <strong data-start=\"1908\" data-end=\"1915\">LST<\/strong>. La <strong data-start=\"1920\" data-end=\"1933\">floraci\u00f3n<\/strong> es r\u00e1pida, <strong data-start=\"1945\" data-end=\"1959\">55\u201365 d\u00edas<\/strong>.<br data-start=\"1960\" data-end=\"1963\" \/>En <strong data-start=\"1966\" data-end=\"1978\">exterior<\/strong>, se adapta muy bien a <strong data-start=\"2001\" data-end=\"2035\">climas templados\/mediterr\u00e1neos<\/strong> y puede producir hasta <strong data-start=\"2059\" data-end=\"2075\">800 g\/planta<\/strong> en condiciones \u00f3ptimas. \u00a1Y si tienes suerte con las temperaturas frescas, los cogollos pueden volverse <strong data-start=\"2179\" data-end=\"2190\">morados<\/strong>!<\/p>\n<h3 data-start=\"2193\" data-end=\"2210\">Ficha t\u00e9cnica<\/h3>\n<ul data-start=\"2211\" data-end=\"2694\">\n<li data-start=\"2211\" data-end=\"2244\">\n<p data-start=\"2213\" data-end=\"2244\"><strong data-start=\"2213\" data-end=\"2225\">Gen\u00e9tica<\/strong>: OG\/Gas x Breath<\/p>\n<\/li>\n<li data-start=\"2245\" data-end=\"2264\">\n<p data-start=\"2247\" data-end=\"2264\"><strong data-start=\"2247\" data-end=\"2254\">THC<\/strong>: 20\u201325%<\/p>\n<\/li>\n<li data-start=\"2265\" data-end=\"2282\">\n<p data-start=\"2267\" data-end=\"2282\"><strong data-start=\"2267\" data-end=\"2274\">CBD<\/strong>: Bajo<\/p>\n<\/li>\n<li data-start=\"2283\" data-end=\"2312\">\n<p data-start=\"2285\" data-end=\"2312\"><strong data-start=\"2285\" data-end=\"2298\">Floraci\u00f3n<\/strong>: 55\u201365 d\u00edas<\/p>\n<\/li>\n<li data-start=\"2313\" data-end=\"2369\">\n<p data-start=\"2315\" data-end=\"2369\"><strong data-start=\"2315\" data-end=\"2335\">Cosecha exterior<\/strong>: Principios-mediados de octubre<\/p>\n<\/li>\n<li data-start=\"2370\" data-end=\"2411\">\n<p data-start=\"2372\" data-end=\"2411\"><strong data-start=\"2372\" data-end=\"2395\">Producci\u00f3n interior<\/strong>: 450\u2013550 g\/m\u00b2<\/p>\n<\/li>\n<li data-start=\"2412\" data-end=\"2457\">\n<p data-start=\"2414\" data-end=\"2457\"><strong data-start=\"2414\" data-end=\"2437\">Producci\u00f3n exterior<\/strong>: 600\u2013800 g\/planta<\/p>\n<\/li>\n<li data-start=\"2458\" data-end=\"2528\">\n<p data-start=\"2460\" data-end=\"2528\"><strong data-start=\"2460\" data-end=\"2477\">Aroma y sabor<\/strong>: Gasolina, goma quemada, qu\u00edmica, terroso, dulce<\/p>\n<\/li>\n<li data-start=\"2529\" data-end=\"2584\">\n<p data-start=\"2531\" data-end=\"2584\"><strong data-start=\"2531\" data-end=\"2556\">T\u00e9cnicas recomendadas<\/strong>: SCROG, SOG, topping, LST<\/p>\n<\/li>\n<li data-start=\"2585\" data-end=\"2651\">\n<p data-start=\"2587\" data-end=\"2651\"><strong data-start=\"2587\" data-end=\"2606\">Uso recomendado<\/strong>: <strong data-start=\"2608\" data-end=\"2624\">Extracciones<\/strong> y flores de alta calidad<\/p>\n<\/li>\n<li data-start=\"2652\" data-end=\"2694\">\n<p data-start=\"2654\" data-end=\"2694\"><strong data-start=\"2654\" data-end=\"2676\">Formato disponible<\/strong>: 1, 3, 5 semillas<\/p>\n<\/li>\n<\/ul>\n<h3 data-start=\"2696\" data-end=\"2726\">Preguntas frecuentes (FAQ)<\/h3>\n<p data-start=\"2728\" data-end=\"2905\"><strong data-start=\"2728\" data-end=\"2764\">\u00bfEs adecuada para principiantes?<\/strong><br data-start=\"2764\" data-end=\"2767\" \/>S\u00ed, <strong data-start=\"2771\" data-end=\"2791\">Brake Pad Breath<\/strong> es f\u00e1cil de cultivar y muy estable, ideal para cultivadores nuevos que quieran resultados r\u00e1pidos y consistentes.<\/p>\n<p data-start=\"2907\" data-end=\"2983\"><strong data-start=\"2907\" data-end=\"2949\">\u00bfCu\u00e1nto tarda en florecer en interior?<\/strong><br data-start=\"2949\" data-end=\"2952\" \/>Aproximadamente <strong data-start=\"2968\" data-end=\"2982\">55\u201365 d\u00edas<\/strong>.<\/p>\n<p data-start=\"2985\" data-end=\"3143\"><strong data-start=\"2985\" data-end=\"3017\">\u00bfEs buena para extracciones?<\/strong><br data-start=\"3017\" data-end=\"3020\" \/>\u00a1S\u00ed! Su alta <strong data-start=\"3033\" data-end=\"3057\">producci\u00f3n de resina<\/strong> y su perfil <strong data-start=\"3070\" data-end=\"3092\">terp\u00e9nico complejo<\/strong> la hacen ideal para <strong data-start=\"3113\" data-end=\"3122\">rosin<\/strong>, <strong data-start=\"3124\" data-end=\"3131\">BHO<\/strong> y <strong data-start=\"3134\" data-end=\"3142\">hash<\/strong>.<\/p>\n<p data-start=\"3145\" data-end=\"3265\"><strong data-start=\"3145\" data-end=\"3173\">\u00bfC\u00f3mo controlar su olor?<\/strong><br data-start=\"3173\" data-end=\"3176\" \/>Recomendamos el uso de <strong data-start=\"3199\" data-end=\"3219\">filtro de carb\u00f3n<\/strong> y <strong data-start=\"3222\" data-end=\"3243\">buena ventilaci\u00f3n<\/strong> durante la floraci\u00f3n.<\/p>\n<p data-start=\"3267\" data-end=\"3368\"><strong data-start=\"3267\" data-end=\"3297\">\u00bfCu\u00e1nto rinde en interior?<\/strong><br data-start=\"3297\" data-end=\"3300\" \/>En condiciones \u00f3ptimas, puede producir <strong data-start=\"3339\" data-end=\"3355\">450\u2013550 g\/m\u00b2<\/strong> en interior.<\/p>\n","protected":false},"excerpt":{"rendered":"<p>Brake Pad Breath feminizada de Ripper Seeds combina gen\u00e9tica de \u00e9lite y selecci\u00f3n precisa para m\u00e1xima estabilidad, ofreciendo plantas hembra uniformes y fiables. Destaca por un perfil terp\u00e9nico intenso y complejo con gran carga arom\u00e1tica y resinosidad sobresaliente, ideal para quienes buscan sabores modernos y profundos. Calidad profesional respaldada por Ripper Seeds, perfecta para coleccionistas y amantes de gen\u00e9ticas exclusivas. Disponible en 1, 3 o 5 semillas.<\/p>\n","protected":false},"featured_media":25501,"comment_status":"open","ping_status":"closed","template":"","meta":{"_bst_post_transparent":"","_bst_post_title":"","_bst_post_layout":"","_bst_post_sidebar_id":"","_bst_post_content_style":"","_bst_post_vertical_padding":"","_bst_post_feature":"","_bst_post_feature_position":"","_bst_post_header":false,"_bst_post_footer":false},"pwb-brand":[304],"product_brand":[],"product_cat":[69],"product_tag":[],"class_list":{"0":"post-25548","1":"product","2":"type-product","3":"status-publish","4":"has-post-thumbnail","6":"pwb-brand-ripper-seeds","7":"product_cat-feminizadas","9":"first","10":"instock","11":"sale","12":"taxable","13":"shipping-taxable","14":"purchasable","15":"product-type-variable","16":"has-default-attributes","17":"entry","18":"content-bg","19":"loop-entry"},"brands":[{"id":304,"name":"Ripper Seeds","slug":"ripper-seeds"}],"_links":{"self":[{"href":"https:\/\/puregrowshop.com\/fr\/wp-json\/wp\/v2\/product\/25548","targetHints":{"allow":["GET"]}}],"collection":[{"href":"https:\/\/puregrowshop.com\/fr\/wp-json\/wp\/v2\/product"}],"about":[{"href":"https:\/\/puregrowshop.com\/fr\/wp-json\/wp\/v2\/types\/product"}],"replies":[{"embeddable":true,"href":"https:\/\/puregrowshop.com\/fr\/wp-json\/wp\/v2\/comments?post=25548"}],"wp:featuredmedia":[{"embeddable":true,"href":"https:\/\/puregrowshop.com\/fr\/wp-json\/wp\/v2\/media\/25501"}],"wp:attachment":[{"href":"https:\/\/puregrowshop.com\/fr\/wp-json\/wp\/v2\/media?parent=25548"}],"wp:term":[{"taxonomy":"pwb-brand","embeddable":true,"href":"https:\/\/puregrowshop.com\/fr\/wp-json\/wp\/v2\/pwb-brand?post=25548"},{"taxonomy":"product_brand","embeddable":true,"href":"https:\/\/puregrowshop.com\/fr\/wp-json\/wp\/v2\/product_brand?post=25548"},{"taxonomy":"product_cat","embeddable":true,"href":"https:\/\/puregrowshop.com\/fr\/wp-json\/wp\/v2\/product_cat?post=25548"},{"taxonomy":"product_tag","embeddable":true,"href":"https:\/\/puregrowshop.com\/fr\/wp-json\/wp\/v2\/product_tag?post=25548"}],"curies":[{"name":"wp","href":"https:\/\/api.w.org\/{rel}","templated":true}]}}