{"id":25541,"date":"2024-12-01T07:41:06","date_gmt":"2024-12-01T07:41:06","guid":{"rendered":"https:\/\/puregrowshop.com\/?post_type=product&#038;p=25541"},"modified":"2025-11-21T11:18:09","modified_gmt":"2025-11-21T11:18:09","slug":"shimo-feminizada-ripper-seeds","status":"publish","type":"product","link":"https:\/\/puregrowshop.com\/fr\/shimo-feminizada-ripper-seeds\/","title":{"rendered":"Shimo feminizada Ripper Seeds"},"content":{"rendered":"<p data-start=\"134\" data-end=\"458\"><strong data-start=\"134\" data-end=\"143\">Shimo<\/strong> de <strong data-start=\"147\" data-end=\"163\">Ripper Seeds<\/strong> es una <strong data-start=\"171\" data-end=\"194\">variedad feminizada<\/strong> dise\u00f1ada para quienes buscan una planta <strong data-start=\"235\" data-end=\"250\">equilibrada<\/strong> con un <strong data-start=\"258\" data-end=\"283\">sabor dulce y cremoso<\/strong>, y una <strong data-start=\"291\" data-end=\"320\">gran producci\u00f3n de resina<\/strong>. Su <strong data-start=\"325\" data-end=\"345\">perfil arom\u00e1tico<\/strong> es una mezcla de <strong data-start=\"363\" data-end=\"381\">frutas maduras<\/strong>, <strong data-start=\"383\" data-end=\"395\">galletas<\/strong> y un toque <strong data-start=\"407\" data-end=\"424\">especiado\/gas<\/strong> que le da una complejidad \u00fanica.<\/p>\n<p data-start=\"460\" data-end=\"788\">Con su <strong data-start=\"467\" data-end=\"487\">floraci\u00f3n r\u00e1pida<\/strong> de <strong data-start=\"491\" data-end=\"506\">8\u20139 semanas<\/strong>, <strong data-start=\"508\" data-end=\"517\">Shimo<\/strong> es perfecta para <strong data-start=\"535\" data-end=\"574\">cultivadores de interior y exterior<\/strong> que buscan una planta <strong data-start=\"597\" data-end=\"617\">f\u00e1cil de manejar<\/strong> y con un <strong data-start=\"627\" data-end=\"649\">efecto equilibrado<\/strong>. Su <strong data-start=\"654\" data-end=\"673\">inicio euf\u00f3rico<\/strong> y <strong data-start=\"676\" data-end=\"688\">sociable<\/strong>, seguido de una <strong data-start=\"705\" data-end=\"734\">relajaci\u00f3n corporal suave<\/strong>, la hace ideal para <strong data-start=\"755\" data-end=\"787\">desconectar al final del d\u00eda<\/strong>.<\/p>\n<h3 data-start=\"790\" data-end=\"821\">Caracter\u00edsticas principales<\/h3>\n<ul data-start=\"822\" data-end=\"1462\">\n<li data-start=\"822\" data-end=\"878\">\n<p data-start=\"824\" data-end=\"878\"><strong data-start=\"824\" data-end=\"836\">Gen\u00e9tica<\/strong>: H\u00edbrido <strong data-start=\"846\" data-end=\"863\">\u00cdndica\/Sativa<\/strong> equilibrado.<\/p>\n<\/li>\n<li data-start=\"879\" data-end=\"988\">\n<p data-start=\"881\" data-end=\"988\"><strong data-start=\"881\" data-end=\"890\">Sabor<\/strong>: <strong data-start=\"892\" data-end=\"911\">Dulce y cremoso<\/strong> con notas de <strong data-start=\"925\" data-end=\"936\">galleta<\/strong>, <strong data-start=\"938\" data-end=\"956\">frutas maduras<\/strong> y un toque <strong data-start=\"968\" data-end=\"985\">especiado\/gas<\/strong>.<\/p>\n<\/li>\n<li data-start=\"989\" data-end=\"1096\">\n<p data-start=\"991\" data-end=\"1096\"><strong data-start=\"991\" data-end=\"1001\">Efecto<\/strong>: <strong data-start=\"1003\" data-end=\"1015\">Euf\u00f3rico<\/strong> y <strong data-start=\"1018\" data-end=\"1030\">sociable<\/strong> al principio, seguido de una <strong data-start=\"1060\" data-end=\"1083\">relajaci\u00f3n corporal<\/strong> agradable.<\/p>\n<\/li>\n<li data-start=\"1097\" data-end=\"1242\">\n<p data-start=\"1099\" data-end=\"1242\"><strong data-start=\"1099\" data-end=\"1119\">Floraci\u00f3n r\u00e1pida<\/strong>: <strong data-start=\"1121\" data-end=\"1136\">8-9 semanas<\/strong> en interior, <strong data-start=\"1150\" data-end=\"1170\">cosecha exterior<\/strong> a finales de <strong data-start=\"1184\" data-end=\"1220\">septiembre\/principios de octubre<\/strong> (hemisferio norte).<\/p>\n<\/li>\n<li data-start=\"1243\" data-end=\"1328\">\n<p data-start=\"1245\" data-end=\"1328\"><strong data-start=\"1245\" data-end=\"1264\">Alta producci\u00f3n<\/strong>: Cogollos densos y resinosos perfectos para <strong data-start=\"1309\" data-end=\"1325\">extracciones<\/strong>.<\/p>\n<\/li>\n<li data-start=\"1329\" data-end=\"1423\">\n<p data-start=\"1331\" data-end=\"1423\"><strong data-start=\"1331\" data-end=\"1352\">F\u00e1cil de cultivar<\/strong>: Ideal para t\u00e9cnicas como <strong data-start=\"1379\" data-end=\"1388\">SCROG<\/strong>, <strong data-start=\"1390\" data-end=\"1397\">SOG<\/strong>, <strong data-start=\"1399\" data-end=\"1410\">topping<\/strong> y <strong data-start=\"1413\" data-end=\"1420\">LST<\/strong>.<\/p>\n<\/li>\n<li data-start=\"1424\" data-end=\"1462\">\n<p data-start=\"1426\" data-end=\"1462\">Disponible en <strong data-start=\"1440\" data-end=\"1461\">1, 3 y 5 semillas<\/strong>.<\/p>\n<\/li>\n<\/ul>\n<h3 data-start=\"1464\" data-end=\"1481\">Sabor y aroma<\/h3>\n<p data-start=\"1482\" data-end=\"1887\"><strong data-start=\"1482\" data-end=\"1491\">Shimo<\/strong> ofrece una <strong data-start=\"1503\" data-end=\"1529\">calada dulce y cremosa<\/strong> que recuerda a un <strong data-start=\"1548\" data-end=\"1568\">postre delicioso<\/strong>, con un toque afrutado de <strong data-start=\"1595\" data-end=\"1607\">caramelo<\/strong> y <strong data-start=\"1610\" data-end=\"1628\">frutas maduras<\/strong>.<br data-start=\"1629\" data-end=\"1632\" \/>En el retrogusto, se destaca una <strong data-start=\"1665\" data-end=\"1684\">nota de galleta<\/strong> sutil, junto con toques <strong data-start=\"1709\" data-end=\"1729\">especiados y gas<\/strong> que aportan complejidad y una <strong data-start=\"1760\" data-end=\"1781\">persistencia alta<\/strong> en boca.<br data-start=\"1790\" data-end=\"1793\" \/>Este perfil lo convierte en un sabor \u00fanico y muy agradable para quienes buscan algo diferente.<\/p>\n<h3 data-start=\"1889\" data-end=\"1900\">Efectos<\/h3>\n<p data-start=\"1901\" data-end=\"2318\">El <strong data-start=\"1904\" data-end=\"1922\">efecto inicial<\/strong> de <strong data-start=\"1926\" data-end=\"1935\">Shimo<\/strong> es <strong data-start=\"1939\" data-end=\"1960\">euf\u00f3rico y social<\/strong>, lo que la hace perfecta para <strong data-start=\"1991\" data-end=\"2016\">actividades creativas<\/strong> o reuniones con amigos.<br data-start=\"2040\" data-end=\"2043\" \/>A medida que el efecto avanza, se convierte en una <strong data-start=\"2094\" data-end=\"2123\">relajaci\u00f3n corporal suave<\/strong>, ideal para <strong data-start=\"2136\" data-end=\"2151\">desconectar<\/strong> despu\u00e9s de un largo d\u00eda sin quedar demasiado pesado.<br data-start=\"2204\" data-end=\"2207\" \/>Con un <strong data-start=\"2214\" data-end=\"2226\">THC alto<\/strong>, es recomendable para <strong data-start=\"2249\" data-end=\"2277\">usuarios con experiencia<\/strong> que busquen una experiencia equilibrada.<\/p>\n<h3 data-start=\"2320\" data-end=\"2343\">Cultivo en interior<\/h3>\n<p data-start=\"2344\" data-end=\"2896\"><strong data-start=\"2344\" data-end=\"2353\">Shimo<\/strong> es una planta <strong data-start=\"2368\" data-end=\"2388\">f\u00e1cil de manejar<\/strong> en <strong data-start=\"2392\" data-end=\"2404\">interior<\/strong>. Su <strong data-start=\"2409\" data-end=\"2422\">floraci\u00f3n<\/strong> de <strong data-start=\"2426\" data-end=\"2441\">8-9 semanas<\/strong> la hace adecuada para <strong data-start=\"2464\" data-end=\"2496\">cultivadores con poco tiempo<\/strong>.<br data-start=\"2497\" data-end=\"2500\" \/>Responde muy bien a t\u00e9cnicas como <strong data-start=\"2534\" data-end=\"2543\">SCROG<\/strong>, <strong data-start=\"2545\" data-end=\"2552\">SOG<\/strong> y <strong data-start=\"2555\" data-end=\"2566\">topping<\/strong>. Su <strong data-start=\"2571\" data-end=\"2594\">estructura compacta<\/strong> y <strong data-start=\"2597\" data-end=\"2619\">ramificaci\u00f3n media<\/strong> la hacen muy manejable.<br data-start=\"2643\" data-end=\"2646\" \/><strong data-start=\"2646\" data-end=\"2670\">Controlar la humedad<\/strong> es clave para evitar <strong data-start=\"2692\" data-end=\"2704\">botritis<\/strong> en los cogollos densos, y un <strong data-start=\"2734\" data-end=\"2754\">lavado de ra\u00edces<\/strong> de <strong data-start=\"2758\" data-end=\"2771\">7\u201310 d\u00edas<\/strong> mejora el sabor al final de la cosecha.<br data-start=\"2811\" data-end=\"2814\" \/>La producci\u00f3n es alta: puedes esperar <strong data-start=\"2852\" data-end=\"2868\">450\u2013550 g\/m\u00b2<\/strong> en condiciones optimizadas.<\/p>\n<h3 data-start=\"2898\" data-end=\"2921\">Cultivo en exterior<\/h3>\n<p data-start=\"2922\" data-end=\"3320\">En <strong data-start=\"2925\" data-end=\"2937\">exterior<\/strong>, <strong data-start=\"2939\" data-end=\"2948\">Shimo<\/strong> se adapta muy bien a <strong data-start=\"2970\" data-end=\"3000\">climas templados y c\u00e1lidos<\/strong>.<br data-start=\"3001\" data-end=\"3004\" \/>Requiere <strong data-start=\"3013\" data-end=\"3036\">muchas horas de sol<\/strong> y un <strong data-start=\"3042\" data-end=\"3056\">clima seco<\/strong> para obtener los mejores resultados. Se recomienda <strong data-start=\"3108\" data-end=\"3129\">tutorar las ramas<\/strong> en las \u00faltimas semanas debido al peso de los cogollos densos.<br data-start=\"3191\" data-end=\"3194\" \/>La cosecha se realiza entre <strong data-start=\"3222\" data-end=\"3271\">finales de septiembre y principios de octubre<\/strong> (hemisferio norte) o <strong data-start=\"3293\" data-end=\"3302\">abril<\/strong> (hemisferio sur).<\/p>\n<h3 data-start=\"3322\" data-end=\"3348\">Ficha t\u00e9cnica de Shimo<\/h3>\n<ul data-start=\"3349\" data-end=\"4177\">\n<li data-start=\"3349\" data-end=\"3376\">\n<p data-start=\"3351\" data-end=\"3376\"><strong data-start=\"3351\" data-end=\"3360\">Banco<\/strong>: Ripper Seeds<\/p>\n<\/li>\n<li data-start=\"3377\" data-end=\"3417\">\n<p data-start=\"3379\" data-end=\"3417\"><strong data-start=\"3379\" data-end=\"3387\">Tipo<\/strong>: Feminizada fotodependiente<\/p>\n<\/li>\n<li data-start=\"3418\" data-end=\"3473\">\n<p data-start=\"3420\" data-end=\"3473\"><strong data-start=\"3420\" data-end=\"3432\">Gen\u00e9tica<\/strong>: H\u00edbrido <strong data-start=\"3442\" data-end=\"3459\">\u00cdndica\/Sativa<\/strong> equilibrado<\/p>\n<\/li>\n<li data-start=\"3474\" data-end=\"3491\">\n<p data-start=\"3476\" data-end=\"3491\"><strong data-start=\"3476\" data-end=\"3483\">THC<\/strong>: Alto<\/p>\n<\/li>\n<li data-start=\"3492\" data-end=\"3509\">\n<p data-start=\"3494\" data-end=\"3509\"><strong data-start=\"3494\" data-end=\"3501\">CBD<\/strong>: Bajo<\/p>\n<\/li>\n<li data-start=\"3510\" data-end=\"3562\">\n<p data-start=\"3512\" data-end=\"3562\"><strong data-start=\"3512\" data-end=\"3534\">Floraci\u00f3n interior<\/strong>: 56-63 d\u00edas (8-9 semanas)<\/p>\n<\/li>\n<li data-start=\"3563\" data-end=\"3671\">\n<p data-start=\"3565\" data-end=\"3671\"><strong data-start=\"3565\" data-end=\"3585\">Cosecha exterior<\/strong>: finales de septiembre a principios de octubre (HN) \/ finales de marzo a abril (HS)<\/p>\n<\/li>\n<li data-start=\"3672\" data-end=\"3713\">\n<p data-start=\"3674\" data-end=\"3713\"><strong data-start=\"3674\" data-end=\"3697\">Producci\u00f3n interior<\/strong>: 450\u2013550 g\/m\u00b2<\/p>\n<\/li>\n<li data-start=\"3714\" data-end=\"3770\">\n<p data-start=\"3716\" data-end=\"3770\"><strong data-start=\"3716\" data-end=\"3739\">Producci\u00f3n exterior<\/strong>: Muy alta en climas soleados<\/p>\n<\/li>\n<li data-start=\"3771\" data-end=\"3792\">\n<p data-start=\"3773\" data-end=\"3792\"><strong data-start=\"3773\" data-end=\"3783\">Altura<\/strong>: Media<\/p>\n<\/li>\n<li data-start=\"3793\" data-end=\"3882\">\n<p data-start=\"3795\" data-end=\"3882\"><strong data-start=\"3795\" data-end=\"3812\">Aroma y sabor<\/strong>: <strong data-start=\"3814\" data-end=\"3823\">Dulce<\/strong>, <strong data-start=\"3825\" data-end=\"3836\">cremoso<\/strong>, <strong data-start=\"3838\" data-end=\"3849\">galleta<\/strong>, con toques <strong data-start=\"3862\" data-end=\"3880\">especiados\/gas<\/strong><\/p>\n<\/li>\n<li data-start=\"3883\" data-end=\"3954\">\n<p data-start=\"3885\" data-end=\"3954\"><strong data-start=\"3885\" data-end=\"3899\">Estructura<\/strong>: Compacta, ramificaci\u00f3n media, entrenudos contenidos<\/p>\n<\/li>\n<li data-start=\"3955\" data-end=\"4011\">\n<p data-start=\"3957\" data-end=\"4011\"><strong data-start=\"3957\" data-end=\"3980\">Terpenos destacados<\/strong>: Limoneno, Mirceno, Linalool<\/p>\n<\/li>\n<li data-start=\"4012\" data-end=\"4067\">\n<p data-start=\"4014\" data-end=\"4067\"><strong data-start=\"4014\" data-end=\"4039\">T\u00e9cnicas recomendadas<\/strong>: SCROG, SOG, topping, LST<\/p>\n<\/li>\n<li data-start=\"4068\" data-end=\"4134\">\n<p data-start=\"4070\" data-end=\"4134\"><strong data-start=\"4070\" data-end=\"4089\">Uso recomendado<\/strong>: <strong data-start=\"4091\" data-end=\"4107\">Extracciones<\/strong> y flores de alta calidad<\/p>\n<\/li>\n<li data-start=\"4135\" data-end=\"4177\">\n<p data-start=\"4137\" data-end=\"4177\"><strong data-start=\"4137\" data-end=\"4159\">Formato disponible<\/strong>: 1, 3, 5 semillas<\/p>\n<\/li>\n<\/ul>\n<h3 data-start=\"4179\" data-end=\"4209\">Preguntas frecuentes (FAQ)<\/h3>\n<p data-start=\"4211\" data-end=\"4344\"><strong data-start=\"4211\" data-end=\"4247\">\u00bfEs adecuada para principiantes?<\/strong><br data-start=\"4247\" data-end=\"4250\" \/>S\u00ed, <strong data-start=\"4254\" data-end=\"4263\">Shimo<\/strong> es f\u00e1cil de cultivar con t\u00e9cnicas b\u00e1sicas de <strong data-start=\"4309\" data-end=\"4318\">riego<\/strong> y <strong data-start=\"4321\" data-end=\"4343\">control de humedad<\/strong>.<\/p>\n<p data-start=\"4346\" data-end=\"4447\"><strong data-start=\"4346\" data-end=\"4388\">\u00bfCu\u00e1nto tarda en florecer en interior?<\/strong><br data-start=\"4388\" data-end=\"4391\" \/>Aproximadamente <strong data-start=\"4407\" data-end=\"4422\">8-9 semanas<\/strong> desde el cambio a 12\/12.<\/p>\n<p data-start=\"4449\" data-end=\"4615\"><strong data-start=\"4449\" data-end=\"4484\">\u00bfQu\u00e9 rendimiento puedo esperar?<\/strong><br data-start=\"4484\" data-end=\"4487\" \/>Alta producci\u00f3n tanto en <strong data-start=\"4512\" data-end=\"4524\">interior<\/strong> como en <strong data-start=\"4533\" data-end=\"4545\">exterior<\/strong>, especialmente si se optimizan <strong data-start=\"4577\" data-end=\"4589\">sustrato<\/strong>, <strong data-start=\"4591\" data-end=\"4598\">luz<\/strong> y <strong data-start=\"4601\" data-end=\"4614\">nutrici\u00f3n<\/strong>.<\/p>\n<p data-start=\"4617\" data-end=\"4751\"><strong data-start=\"4617\" data-end=\"4656\">\u00bfC\u00f3mo es el perfil arom\u00e1tico final?<\/strong><br data-start=\"4656\" data-end=\"4659\" \/>Dulce, <strong data-start=\"4666\" data-end=\"4677\">cremoso<\/strong> y <strong data-start=\"4680\" data-end=\"4692\">afrutado<\/strong>, con un toque de <strong data-start=\"4710\" data-end=\"4721\">galleta<\/strong> y un final <strong data-start=\"4733\" data-end=\"4750\">especiado\/gas<\/strong>.<\/p>\n<p data-start=\"4753\" data-end=\"4873\"><strong data-start=\"4753\" data-end=\"4785\">\u00bfEs buena para extracciones?<\/strong><br data-start=\"4785\" data-end=\"4788\" \/>\u00a1S\u00ed! Su <strong data-start=\"4796\" data-end=\"4816\">resina abundante<\/strong> la hace perfecta para <strong data-start=\"4839\" data-end=\"4851\">dry sift<\/strong>, <strong data-start=\"4853\" data-end=\"4862\">rosin<\/strong> o <strong data-start=\"4865\" data-end=\"4872\">BHO<\/strong>.<\/p>\n<p data-start=\"4875\" data-end=\"5015\"><strong data-start=\"4875\" data-end=\"4913\">\u00bfEn qu\u00e9 tipo de clima rinde mejor?<\/strong><br data-start=\"4913\" data-end=\"4916\" \/>Se adapta muy bien a <strong data-start=\"4937\" data-end=\"4967\">climas templados y c\u00e1lidos<\/strong>, con <strong data-start=\"4973\" data-end=\"4989\">baja humedad<\/strong> al final de la floraci\u00f3n.<\/p>\n","protected":false},"excerpt":{"rendered":"<p>Shimo feminizada de Ripper Seeds combina vigor, estabilidad y floraci\u00f3n r\u00e1pida en una planta compacta y f\u00e1cil de manejar. Desarrolla cogollos muy densos y cubiertos de resina, con un perfil terp\u00e9nico dulce y cremoso de gran intensidad, ideal para extracciones y amantes de los aromas definidos. Ofrece alto rendimiento en interior y exterior y un cultivo sencillo para distintos niveles de experiencia. Disponible en 1, 3 y 5 semillas.<\/p>\n","protected":false},"featured_media":25509,"comment_status":"open","ping_status":"closed","template":"","meta":{"_bst_post_transparent":"","_bst_post_title":"","_bst_post_layout":"","_bst_post_sidebar_id":"","_bst_post_content_style":"","_bst_post_vertical_padding":"","_bst_post_feature":"","_bst_post_feature_position":"","_bst_post_header":false,"_bst_post_footer":false},"pwb-brand":[304],"product_brand":[],"product_cat":[69],"product_tag":[],"class_list":{"0":"post-25541","1":"product","2":"type-product","3":"status-publish","4":"has-post-thumbnail","6":"pwb-brand-ripper-seeds","7":"product_cat-feminizadas","9":"first","10":"instock","11":"sale","12":"taxable","13":"shipping-taxable","14":"purchasable","15":"product-type-variable","16":"has-default-attributes","17":"entry","18":"content-bg","19":"loop-entry"},"brands":[{"id":304,"name":"Ripper Seeds","slug":"ripper-seeds"}],"_links":{"self":[{"href":"https:\/\/puregrowshop.com\/fr\/wp-json\/wp\/v2\/product\/25541","targetHints":{"allow":["GET"]}}],"collection":[{"href":"https:\/\/puregrowshop.com\/fr\/wp-json\/wp\/v2\/product"}],"about":[{"href":"https:\/\/puregrowshop.com\/fr\/wp-json\/wp\/v2\/types\/product"}],"replies":[{"embeddable":true,"href":"https:\/\/puregrowshop.com\/fr\/wp-json\/wp\/v2\/comments?post=25541"}],"wp:featuredmedia":[{"embeddable":true,"href":"https:\/\/puregrowshop.com\/fr\/wp-json\/wp\/v2\/media\/25509"}],"wp:attachment":[{"href":"https:\/\/puregrowshop.com\/fr\/wp-json\/wp\/v2\/media?parent=25541"}],"wp:term":[{"taxonomy":"pwb-brand","embeddable":true,"href":"https:\/\/puregrowshop.com\/fr\/wp-json\/wp\/v2\/pwb-brand?post=25541"},{"taxonomy":"product_brand","embeddable":true,"href":"https:\/\/puregrowshop.com\/fr\/wp-json\/wp\/v2\/product_brand?post=25541"},{"taxonomy":"product_cat","embeddable":true,"href":"https:\/\/puregrowshop.com\/fr\/wp-json\/wp\/v2\/product_cat?post=25541"},{"taxonomy":"product_tag","embeddable":true,"href":"https:\/\/puregrowshop.com\/fr\/wp-json\/wp\/v2\/product_tag?post=25541"}],"curies":[{"name":"wp","href":"https:\/\/api.w.org\/{rel}","templated":true}]}}