{"id":25540,"date":"2024-12-01T07:37:44","date_gmt":"2024-12-01T07:37:44","guid":{"rendered":"https:\/\/puregrowshop.com\/?post_type=product&#038;p=25540"},"modified":"2026-04-22T03:40:40","modified_gmt":"2026-04-22T03:40:40","slug":"zake-feminizada-ripper-seeds","status":"publish","type":"product","link":"https:\/\/puregrowshop.com\/fr\/zake-feminizada-ripper-seeds\/","title":{"rendered":"Zake feminizada Ripper Seeds"},"content":{"rendered":"<p data-start=\"112\" data-end=\"462\"><strong data-start=\"112\" data-end=\"120\">Zake<\/strong> de <strong data-start=\"124\" data-end=\"140\">Ripper Seeds<\/strong> es una variedad <strong data-start=\"157\" data-end=\"187\">feminizada fotodependiente<\/strong> que combina lo mejor de la <strong data-start=\"215\" data-end=\"236\">gen\u00e9tica Zkittlez<\/strong> con un toque de <strong data-start=\"253\" data-end=\"261\">Cake<\/strong>, ofreciendo <strong data-start=\"274\" data-end=\"293\">cogollos densos<\/strong> y <strong data-start=\"296\" data-end=\"308\">sabrosos<\/strong>. Esta planta tiene un <strong data-start=\"331\" data-end=\"358\">perfil terpenoide dulce<\/strong> con notas de <strong data-start=\"372\" data-end=\"384\">caramelo<\/strong>, <strong data-start=\"386\" data-end=\"407\">frutas tropicales<\/strong>, y un toque <strong data-start=\"420\" data-end=\"431\">cremoso<\/strong> que recuerda a <strong data-start=\"447\" data-end=\"459\">pasteles<\/strong>.<\/p>\n<p data-start=\"464\" data-end=\"742\">Con un <strong data-start=\"471\" data-end=\"493\">efecto equilibrado<\/strong> que comienza <strong data-start=\"507\" data-end=\"519\">euf\u00f3rico<\/strong> y termina en una <strong data-start=\"537\" data-end=\"566\">relajaci\u00f3n corporal suave<\/strong>, <strong data-start=\"568\" data-end=\"576\">Zake<\/strong> es ideal para momentos de <strong data-start=\"603\" data-end=\"618\">creatividad<\/strong> o <strong data-start=\"621\" data-end=\"635\">relajaci\u00f3n<\/strong>. Su <strong data-start=\"640\" data-end=\"669\">alta producci\u00f3n de resina<\/strong> la hace perfecta para quienes buscan hacer <strong data-start=\"713\" data-end=\"729\">extracciones<\/strong> de calidad.<\/p>\n<h3 data-start=\"744\" data-end=\"775\">Caracter\u00edsticas principales<\/h3>\n<ul data-start=\"776\" data-end=\"1413\">\n<li data-start=\"776\" data-end=\"828\">\n<p data-start=\"778\" data-end=\"828\"><strong data-start=\"778\" data-end=\"790\">Gen\u00e9tica<\/strong>: <strong data-start=\"792\" data-end=\"811\">Zkittlez x Cake<\/strong> (familia &#8220;Z&#8221;).<\/p>\n<\/li>\n<li data-start=\"829\" data-end=\"944\">\n<p data-start=\"831\" data-end=\"944\"><strong data-start=\"831\" data-end=\"840\">Sabor<\/strong>: <strong data-start=\"842\" data-end=\"851\">Dulce<\/strong> y <strong data-start=\"854\" data-end=\"865\">cremoso<\/strong>, con toques de <strong data-start=\"881\" data-end=\"893\">caramelo<\/strong>, <strong data-start=\"895\" data-end=\"916\">frutas tropicales<\/strong> y un <strong data-start=\"922\" data-end=\"941\">fondo de pastel<\/strong>.<\/p>\n<\/li>\n<li data-start=\"945\" data-end=\"1041\">\n<p data-start=\"947\" data-end=\"1041\"><strong data-start=\"947\" data-end=\"957\">Efecto<\/strong>: <strong data-start=\"959\" data-end=\"982\">Euf\u00f3rico y creativo<\/strong> al inicio, seguido de una <strong data-start=\"1009\" data-end=\"1032\">relajaci\u00f3n corporal<\/strong> suave.<\/p>\n<\/li>\n<li data-start=\"1042\" data-end=\"1192\">\n<p data-start=\"1044\" data-end=\"1192\"><strong data-start=\"1044\" data-end=\"1064\">Floraci\u00f3n r\u00e1pida<\/strong>: <strong data-start=\"1066\" data-end=\"1080\">55\u201363 d\u00edas<\/strong> en interior, <strong data-start=\"1094\" data-end=\"1114\">cosecha exterior<\/strong> a finales de <strong data-start=\"1128\" data-end=\"1142\">septiembre<\/strong> a principios de <strong data-start=\"1159\" data-end=\"1170\">octubre<\/strong> (hemisferio norte).<\/p>\n<\/li>\n<li data-start=\"1193\" data-end=\"1284\">\n<p data-start=\"1195\" data-end=\"1284\"><strong data-start=\"1195\" data-end=\"1214\">Alta producci\u00f3n<\/strong>: Cogollos <strong data-start=\"1225\" data-end=\"1235\">densos<\/strong> y <strong data-start=\"1238\" data-end=\"1251\">resinosos<\/strong> ideales para <strong data-start=\"1265\" data-end=\"1281\">extracciones<\/strong>.<\/p>\n<\/li>\n<li data-start=\"1285\" data-end=\"1370\">\n<p data-start=\"1287\" data-end=\"1370\"><strong data-start=\"1287\" data-end=\"1308\">F\u00e1cil de cultivar<\/strong>: Responde bien a <strong data-start=\"1326\" data-end=\"1335\">SCROG<\/strong>, <strong data-start=\"1337\" data-end=\"1344\">SOG<\/strong>, <strong data-start=\"1346\" data-end=\"1357\">topping<\/strong> y <strong data-start=\"1360\" data-end=\"1367\">LST<\/strong>.<\/p>\n<\/li>\n<li data-start=\"1371\" data-end=\"1413\">\n<p data-start=\"1373\" data-end=\"1413\"><strong data-start=\"1373\" data-end=\"1390\">Disponible en<\/strong> <strong data-start=\"1391\" data-end=\"1412\">1, 3 y 5 semillas<\/strong>.<\/p>\n<\/li>\n<\/ul>\n<h3 data-start=\"1415\" data-end=\"1432\">Sabor y aroma<\/h3>\n<p data-start=\"1433\" data-end=\"1756\"><strong data-start=\"1433\" data-end=\"1441\">Zake<\/strong> tiene un <strong data-start=\"1451\" data-end=\"1476\">sabor dulce y cremoso<\/strong> que recuerda a un <strong data-start=\"1495\" data-end=\"1517\">pastel de caramelo<\/strong> con una mezcla de <strong data-start=\"1536\" data-end=\"1557\">frutas tropicales<\/strong>. Tambi\u00e9n tiene un toque de <strong data-start=\"1585\" data-end=\"1596\">galleta<\/strong> y un final <strong data-start=\"1608\" data-end=\"1621\">especiado<\/strong> que le da una <strong data-start=\"1636\" data-end=\"1651\">complejidad<\/strong> \u00fanica. Este <strong data-start=\"1664\" data-end=\"1682\">perfil gourmet<\/strong> es ideal para quienes buscan una experiencia de <strong data-start=\"1731\" data-end=\"1740\">sabor<\/strong> muy placentera.<\/p>\n<h3 data-start=\"1758\" data-end=\"1769\">Efectos<\/h3>\n<p data-start=\"1770\" data-end=\"2087\"><strong data-start=\"1770\" data-end=\"1778\">Zake<\/strong> tiene un <strong data-start=\"1788\" data-end=\"1807\">inicio euf\u00f3rico<\/strong> que te pondr\u00e1 de buen \u00e1nimo y listo para <strong data-start=\"1849\" data-end=\"1863\">socializar<\/strong> o <strong data-start=\"1866\" data-end=\"1900\">realizar actividades creativas<\/strong>. Luego, su efecto evoluciona hacia una <strong data-start=\"1940\" data-end=\"1969\">relajaci\u00f3n corporal suave<\/strong>, sin sensaci\u00f3n de pesadez.<br data-start=\"1996\" data-end=\"1999\" \/>Ideal para el <strong data-start=\"2013\" data-end=\"2030\">final del d\u00eda<\/strong>, ofrece una sensaci\u00f3n de <strong data-start=\"2056\" data-end=\"2069\">bienestar<\/strong> y <strong data-start=\"2072\" data-end=\"2086\">equilibrio<\/strong>.<\/p>\n<h3 data-start=\"2089\" data-end=\"2112\">Cultivo en interior<\/h3>\n<p data-start=\"2113\" data-end=\"2610\"><strong data-start=\"2113\" data-end=\"2121\">Zake<\/strong> es perfecta para <strong data-start=\"2139\" data-end=\"2155\">cultivadores<\/strong> que usan <strong data-start=\"2165\" data-end=\"2174\">SCROG<\/strong>, <strong data-start=\"2176\" data-end=\"2183\">SOG<\/strong> o <strong data-start=\"2186\" data-end=\"2206\">t\u00e9cnicas de poda<\/strong>. Su <strong data-start=\"2211\" data-end=\"2231\">floraci\u00f3n r\u00e1pida<\/strong> de <strong data-start=\"2235\" data-end=\"2249\">55-63 d\u00edas<\/strong> la hace una excelente opci\u00f3n para quienes buscan <strong data-start=\"2299\" data-end=\"2321\">resultados r\u00e1pidos<\/strong>.<br data-start=\"2322\" data-end=\"2325\" \/>En <strong data-start=\"2328\" data-end=\"2340\">interior<\/strong>, es importante <strong data-start=\"2356\" data-end=\"2390\">mantener una buena ventilaci\u00f3n<\/strong> y controlar la <strong data-start=\"2406\" data-end=\"2417\">humedad<\/strong>, ya que sus <strong data-start=\"2430\" data-end=\"2449\">cogollos densos<\/strong> pueden ser susceptibles a la <strong data-start=\"2479\" data-end=\"2491\">botritis<\/strong>.<br data-start=\"2492\" data-end=\"2495\" \/><strong data-start=\"2495\" data-end=\"2504\">Riego<\/strong> moderado y un <strong data-start=\"2519\" data-end=\"2539\">lavado de ra\u00edces<\/strong> de 7\u201310 d\u00edas antes de la cosecha realzan los <strong data-start=\"2585\" data-end=\"2596\">sabores<\/strong> y <strong data-start=\"2599\" data-end=\"2609\">aromas<\/strong>.<\/p>\n<h3 data-start=\"2612\" data-end=\"2635\">Cultivo en exterior<\/h3>\n<p data-start=\"2636\" data-end=\"2994\"><strong data-start=\"2636\" data-end=\"2644\">Zake<\/strong> se adapta bien a <strong data-start=\"2662\" data-end=\"2698\">climas templados y mediterr\u00e1neos<\/strong>. En exterior, prefiere un clima <strong data-start=\"2731\" data-end=\"2742\">soleado<\/strong> y un <strong data-start=\"2748\" data-end=\"2768\">sustrato aireado<\/strong>.<br data-start=\"2769\" data-end=\"2772\" \/>Requiere <strong data-start=\"2781\" data-end=\"2792\">tutores<\/strong> en las \u00faltimas semanas para soportar el peso de los cogollos densos. La cosecha se realiza entre <strong data-start=\"2890\" data-end=\"2939\">finales de septiembre y principios de octubre<\/strong> (hemisferio norte) o <strong data-start=\"2961\" data-end=\"2976\">marzo-abril<\/strong> (hemisferio sur).<\/p>\n<h3 data-start=\"2996\" data-end=\"3021\">Ficha t\u00e9cnica de Zake<\/h3>\n<ul data-start=\"3022\" data-end=\"3796\">\n<li data-start=\"3022\" data-end=\"3049\">\n<p data-start=\"3024\" data-end=\"3049\"><strong data-start=\"3024\" data-end=\"3033\">Banco<\/strong>: Ripper Seeds<\/p>\n<\/li>\n<li data-start=\"3050\" data-end=\"3090\">\n<p data-start=\"3052\" data-end=\"3090\"><strong data-start=\"3052\" data-end=\"3060\">Tipo<\/strong>: Feminizada fotodependiente<\/p>\n<\/li>\n<li data-start=\"3091\" data-end=\"3142\">\n<p data-start=\"3093\" data-end=\"3142\"><strong data-start=\"3093\" data-end=\"3105\">Gen\u00e9tica<\/strong>: <strong data-start=\"3107\" data-end=\"3126\">Zkittlez x Cake<\/strong> (familia &#8220;Z&#8221;)<\/p>\n<\/li>\n<li data-start=\"3143\" data-end=\"3172\">\n<p data-start=\"3145\" data-end=\"3172\"><strong data-start=\"3145\" data-end=\"3162\">Predominancia<\/strong>: \u00cdndica<\/p>\n<\/li>\n<li data-start=\"3173\" data-end=\"3190\">\n<p data-start=\"3175\" data-end=\"3190\"><strong data-start=\"3175\" data-end=\"3182\">THC<\/strong>: Alto<\/p>\n<\/li>\n<li data-start=\"3191\" data-end=\"3208\">\n<p data-start=\"3193\" data-end=\"3208\"><strong data-start=\"3193\" data-end=\"3200\">CBD<\/strong>: Bajo<\/p>\n<\/li>\n<li data-start=\"3209\" data-end=\"3247\">\n<p data-start=\"3211\" data-end=\"3247\"><strong data-start=\"3211\" data-end=\"3233\">Floraci\u00f3n interior<\/strong>: 55\u201363 d\u00edas<\/p>\n<\/li>\n<li data-start=\"3248\" data-end=\"3324\">\n<p data-start=\"3250\" data-end=\"3324\"><strong data-start=\"3250\" data-end=\"3270\">Cosecha exterior<\/strong>: finales de septiembre &#8211; principios de octubre (HN)<\/p>\n<\/li>\n<li data-start=\"3325\" data-end=\"3358\">\n<p data-start=\"3327\" data-end=\"3358\"><strong data-start=\"3327\" data-end=\"3350\">Producci\u00f3n interior<\/strong>: Alta<\/p>\n<\/li>\n<li data-start=\"3359\" data-end=\"3396\">\n<p data-start=\"3361\" data-end=\"3396\"><strong data-start=\"3361\" data-end=\"3384\">Producci\u00f3n exterior<\/strong>: Muy alta<\/p>\n<\/li>\n<li data-start=\"3397\" data-end=\"3418\">\n<p data-start=\"3399\" data-end=\"3418\"><strong data-start=\"3399\" data-end=\"3409\">Altura<\/strong>: Media<\/p>\n<\/li>\n<li data-start=\"3419\" data-end=\"3493\">\n<p data-start=\"3421\" data-end=\"3493\"><strong data-start=\"3421\" data-end=\"3438\">Aroma y sabor<\/strong>: <strong data-start=\"3440\" data-end=\"3449\">Dulce<\/strong>, <strong data-start=\"3451\" data-end=\"3462\">cremoso<\/strong>, <strong data-start=\"3464\" data-end=\"3476\">afrutado<\/strong>, <strong data-start=\"3478\" data-end=\"3491\">pastelero<\/strong><\/p>\n<\/li>\n<li data-start=\"3494\" data-end=\"3542\">\n<p data-start=\"3496\" data-end=\"3542\"><strong data-start=\"3496\" data-end=\"3510\">Estructura<\/strong>: Compacta, ramificaci\u00f3n media<\/p>\n<\/li>\n<li data-start=\"3543\" data-end=\"3614\">\n<p data-start=\"3545\" data-end=\"3614\"><strong data-start=\"3545\" data-end=\"3568\">Terpenos dominantes<\/strong>: <strong data-start=\"3570\" data-end=\"3582\">Limoneno<\/strong>, <strong data-start=\"3584\" data-end=\"3595\">Mirceno<\/strong>, <strong data-start=\"3597\" data-end=\"3612\">Cariofileno<\/strong><\/p>\n<\/li>\n<li data-start=\"3615\" data-end=\"3686\">\n<p data-start=\"3617\" data-end=\"3686\"><strong data-start=\"3617\" data-end=\"3642\">T\u00e9cnicas recomendadas<\/strong>: <strong data-start=\"3644\" data-end=\"3653\">SCROG<\/strong>, <strong data-start=\"3655\" data-end=\"3662\">SOG<\/strong>, <strong data-start=\"3664\" data-end=\"3671\">LST<\/strong>, <strong data-start=\"3673\" data-end=\"3684\">topping<\/strong><\/p>\n<\/li>\n<li data-start=\"3687\" data-end=\"3753\">\n<p data-start=\"3689\" data-end=\"3753\"><strong data-start=\"3689\" data-end=\"3708\">Uso recomendado<\/strong>: <strong data-start=\"3710\" data-end=\"3726\">Extracciones<\/strong> y flores de alta calidad<\/p>\n<\/li>\n<li data-start=\"3754\" data-end=\"3796\">\n<p data-start=\"3756\" data-end=\"3796\"><strong data-start=\"3756\" data-end=\"3778\">Formato disponible<\/strong>: 1, 3, 5 semillas<\/p>\n<\/li>\n<\/ul>\n<h3 data-start=\"3798\" data-end=\"3828\">Preguntas frecuentes (FAQ)<\/h3>\n<p data-start=\"3830\" data-end=\"3958\"><strong data-start=\"3830\" data-end=\"3866\">\u00bfEs adecuada para principiantes?<\/strong><br data-start=\"3866\" data-end=\"3869\" \/>S\u00ed, <strong data-start=\"3873\" data-end=\"3881\">Zake<\/strong> es f\u00e1cil de cultivar y muy agradecida si se controlan el riego y la humedad.<\/p>\n<p data-start=\"3960\" data-end=\"4044\"><strong data-start=\"3960\" data-end=\"4002\">\u00bfCu\u00e1nto tarda en florecer en interior?<\/strong><br data-start=\"4002\" data-end=\"4005\" \/><strong data-start=\"4005\" data-end=\"4019\">55-63 d\u00edas<\/strong> desde el cambio a 12\/12.<\/p>\n<p data-start=\"4046\" data-end=\"4212\"><strong data-start=\"4046\" data-end=\"4081\">\u00bfQu\u00e9 rendimiento puedo esperar?<\/strong><br data-start=\"4081\" data-end=\"4084\" \/>Alta producci\u00f3n tanto en <strong data-start=\"4109\" data-end=\"4121\">interior<\/strong> como en <strong data-start=\"4130\" data-end=\"4142\">exterior<\/strong>, especialmente si se optimizan <strong data-start=\"4174\" data-end=\"4186\">sustrato<\/strong>, <strong data-start=\"4188\" data-end=\"4195\">luz<\/strong> y <strong data-start=\"4198\" data-end=\"4211\">nutrici\u00f3n<\/strong>.<\/p>\n<p data-start=\"4214\" data-end=\"4399\"><strong data-start=\"4214\" data-end=\"4255\">\u00bfSe puede cultivar en climas h\u00famedos?<\/strong><br data-start=\"4255\" data-end=\"4258\" \/>S\u00ed, pero es importante <strong data-start=\"4281\" data-end=\"4309\">controlar la ventilaci\u00f3n<\/strong> y evitar excesos de <strong data-start=\"4330\" data-end=\"4341\">humedad<\/strong> en la floraci\u00f3n debido a la <strong data-start=\"4370\" data-end=\"4398\">densidad de los cogollos<\/strong>.<\/p>\n<p data-start=\"4401\" data-end=\"4558\"><strong data-start=\"4401\" data-end=\"4433\">\u00bfEs buena para extracciones?<\/strong><br data-start=\"4433\" data-end=\"4436\" \/>S\u00ed, <strong data-start=\"4440\" data-end=\"4448\">Zake<\/strong> es perfecta para <strong data-start=\"4466\" data-end=\"4475\">rosin<\/strong>, <strong data-start=\"4477\" data-end=\"4484\">BHO<\/strong> o <strong data-start=\"4487\" data-end=\"4499\">dry sift<\/strong> gracias a su <strong data-start=\"4513\" data-end=\"4533\">resina abundante<\/strong> y <strong data-start=\"4536\" data-end=\"4557\">sabores complejos<\/strong>.<\/p>\n<p data-start=\"4560\" data-end=\"4676\"><strong data-start=\"4560\" data-end=\"4598\">\u00bfCu\u00e1nto tiempo de curado necesita?<\/strong><br data-start=\"4598\" data-end=\"4601\" \/>Se recomienda un <strong data-start=\"4618\" data-end=\"4643\">curado de 3-4 semanas<\/strong> para mejorar el perfil de sabor.<\/p>\n","protected":false},"excerpt":{"rendered":"<p>Zake feminizada de Ripper Seeds destaca por su estabilidad y homogeneidad, con un perfil terp\u00e9nico complejo que combina notas dulces y especiadas sobre un fondo terroso. Forma flores densas y muy resinosas, ideales para quienes buscan calidad, consistencia y una experiencia arom\u00e1tica intensa. Selecci\u00f3n gen\u00e9tica de alto nivel con feminizaci\u00f3n fiable, respaldada por Ripper Seeds. Disponible en 1, 3 o 5 semillas.<\/p>\n","protected":false},"featured_media":25518,"comment_status":"open","ping_status":"closed","template":"","meta":{"_bst_post_transparent":"","_bst_post_title":"","_bst_post_layout":"","_bst_post_sidebar_id":"","_bst_post_content_style":"","_bst_post_vertical_padding":"","_bst_post_feature":"","_bst_post_feature_position":"","_bst_post_header":false,"_bst_post_footer":false},"pwb-brand":[304],"product_brand":[],"product_cat":[69],"product_tag":[],"class_list":{"0":"post-25540","1":"product","2":"type-product","3":"status-publish","4":"has-post-thumbnail","6":"pwb-brand-ripper-seeds","7":"product_cat-feminizadas","9":"first","10":"instock","11":"sale","12":"taxable","13":"shipping-taxable","14":"purchasable","15":"product-type-variable","16":"has-default-attributes","17":"entry","18":"content-bg","19":"loop-entry"},"brands":[{"id":304,"name":"Ripper Seeds","slug":"ripper-seeds"}],"_links":{"self":[{"href":"https:\/\/puregrowshop.com\/fr\/wp-json\/wp\/v2\/product\/25540","targetHints":{"allow":["GET"]}}],"collection":[{"href":"https:\/\/puregrowshop.com\/fr\/wp-json\/wp\/v2\/product"}],"about":[{"href":"https:\/\/puregrowshop.com\/fr\/wp-json\/wp\/v2\/types\/product"}],"replies":[{"embeddable":true,"href":"https:\/\/puregrowshop.com\/fr\/wp-json\/wp\/v2\/comments?post=25540"}],"wp:featuredmedia":[{"embeddable":true,"href":"https:\/\/puregrowshop.com\/fr\/wp-json\/wp\/v2\/media\/25518"}],"wp:attachment":[{"href":"https:\/\/puregrowshop.com\/fr\/wp-json\/wp\/v2\/media?parent=25540"}],"wp:term":[{"taxonomy":"pwb-brand","embeddable":true,"href":"https:\/\/puregrowshop.com\/fr\/wp-json\/wp\/v2\/pwb-brand?post=25540"},{"taxonomy":"product_brand","embeddable":true,"href":"https:\/\/puregrowshop.com\/fr\/wp-json\/wp\/v2\/product_brand?post=25540"},{"taxonomy":"product_cat","embeddable":true,"href":"https:\/\/puregrowshop.com\/fr\/wp-json\/wp\/v2\/product_cat?post=25540"},{"taxonomy":"product_tag","embeddable":true,"href":"https:\/\/puregrowshop.com\/fr\/wp-json\/wp\/v2\/product_tag?post=25540"}],"curies":[{"name":"wp","href":"https:\/\/api.w.org\/{rel}","templated":true}]}}