{"id":25539,"date":"2024-12-01T07:31:35","date_gmt":"2024-12-01T07:31:35","guid":{"rendered":"https:\/\/puregrowshop.com\/?post_type=product&#038;p=25539"},"modified":"2025-11-21T11:18:09","modified_gmt":"2025-11-21T11:18:09","slug":"korenji-feminizada-ripper-seeds","status":"publish","type":"product","link":"https:\/\/puregrowshop.com\/fr\/korenji-feminizada-ripper-seeds\/","title":{"rendered":"Korenji feminizada Ripper Seeds"},"content":{"rendered":"<p data-start=\"117\" data-end=\"553\"><strong data-start=\"117\" data-end=\"128\">Korenji<\/strong> de <strong data-start=\"132\" data-end=\"148\">Ripper Seeds<\/strong> es una <strong data-start=\"156\" data-end=\"195\">variedad feminizada fotodependiente<\/strong> pensada para aquellos que buscan una planta de <strong data-start=\"243\" data-end=\"263\">alto rendimiento<\/strong>, <strong data-start=\"265\" data-end=\"276\">potente<\/strong> y con un <strong data-start=\"286\" data-end=\"316\">perfil arom\u00e1tico delicioso<\/strong>. Con una mezcla equilibrada de <strong data-start=\"348\" data-end=\"367\">\u00edndica y sativa<\/strong>, esta planta tiene una <strong data-start=\"391\" data-end=\"414\">estructura compacta<\/strong>, una <strong data-start=\"420\" data-end=\"448\">producci\u00f3n impresionante<\/strong> de resina y una <strong data-start=\"465\" data-end=\"485\">floraci\u00f3n r\u00e1pida<\/strong>, perfecta para quienes desean buenos resultados con poco esfuerzo.<\/p>\n<p data-start=\"555\" data-end=\"854\">Con <strong data-start=\"559\" data-end=\"590\">notas c\u00edtricas de mandarina<\/strong>, un toque <strong data-start=\"601\" data-end=\"610\">dulce<\/strong> y un fondo <strong data-start=\"622\" data-end=\"643\">terroso\/especiado<\/strong>, <strong data-start=\"645\" data-end=\"656\">Korenji<\/strong> es ideal para quienes buscan una <strong data-start=\"690\" data-end=\"723\">experiencia de sabor compleja<\/strong> y <strong data-start=\"726\" data-end=\"750\">efectos equilibrados<\/strong>. Su <strong data-start=\"755\" data-end=\"774\">inicio cerebral<\/strong> es <strong data-start=\"778\" data-end=\"801\">euf\u00f3rico y creativo<\/strong>, seguido de una <strong data-start=\"818\" data-end=\"839\">relajaci\u00f3n f\u00edsica<\/strong> muy agradable.<\/p>\n<h3 data-start=\"856\" data-end=\"887\">Caracter\u00edsticas principales<\/h3>\n<ul data-start=\"888\" data-end=\"1500\">\n<li data-start=\"888\" data-end=\"944\">\n<p data-start=\"890\" data-end=\"944\"><strong data-start=\"890\" data-end=\"902\">Gen\u00e9tica<\/strong>: <strong data-start=\"904\" data-end=\"929\">H\u00edbrido \u00cdndica\/Sativa<\/strong> equilibrado.<\/p>\n<\/li>\n<li data-start=\"945\" data-end=\"1028\">\n<p data-start=\"947\" data-end=\"1028\"><strong data-start=\"947\" data-end=\"956\">Sabor<\/strong>: <strong data-start=\"958\" data-end=\"975\">C\u00edtrico dulce<\/strong> de <strong data-start=\"979\" data-end=\"992\">mandarina<\/strong> y un toque <strong data-start=\"1004\" data-end=\"1025\">terroso\/especiado<\/strong>.<\/p>\n<\/li>\n<li data-start=\"1029\" data-end=\"1132\">\n<p data-start=\"1031\" data-end=\"1132\"><strong data-start=\"1031\" data-end=\"1041\">Efecto<\/strong>: <strong data-start=\"1043\" data-end=\"1055\">Euf\u00f3rico<\/strong> y <strong data-start=\"1058\" data-end=\"1070\">creativo<\/strong> al principio, seguido de una <strong data-start=\"1100\" data-end=\"1129\">relajaci\u00f3n corporal suave<\/strong>.<\/p>\n<\/li>\n<li data-start=\"1133\" data-end=\"1278\">\n<p data-start=\"1135\" data-end=\"1278\"><strong data-start=\"1135\" data-end=\"1155\">Floraci\u00f3n r\u00e1pida<\/strong>: <strong data-start=\"1157\" data-end=\"1172\">8\u20139 semanas<\/strong> en interior, <strong data-start=\"1186\" data-end=\"1206\">cosecha exterior<\/strong> a <strong data-start=\"1209\" data-end=\"1256\">finales de septiembre\/principios de octubre<\/strong> (hemisferio norte).<\/p>\n<\/li>\n<li data-start=\"1279\" data-end=\"1371\">\n<p data-start=\"1281\" data-end=\"1371\"><strong data-start=\"1281\" data-end=\"1300\">Alta producci\u00f3n<\/strong>: Cogollos <strong data-start=\"1311\" data-end=\"1321\">densos<\/strong> y <strong data-start=\"1324\" data-end=\"1337\">resinosos<\/strong>, ideales para <strong data-start=\"1352\" data-end=\"1368\">extracciones<\/strong>.<\/p>\n<\/li>\n<li data-start=\"1372\" data-end=\"1457\">\n<p data-start=\"1374\" data-end=\"1457\"><strong data-start=\"1374\" data-end=\"1395\">F\u00e1cil de cultivar<\/strong>: Responde bien a <strong data-start=\"1413\" data-end=\"1422\">SCROG<\/strong>, <strong data-start=\"1424\" data-end=\"1431\">SOG<\/strong>, <strong data-start=\"1433\" data-end=\"1444\">topping<\/strong> y <strong data-start=\"1447\" data-end=\"1454\">LST<\/strong>.<\/p>\n<\/li>\n<li data-start=\"1458\" data-end=\"1500\">\n<p data-start=\"1460\" data-end=\"1500\"><strong data-start=\"1460\" data-end=\"1477\">Disponible en<\/strong> <strong data-start=\"1478\" data-end=\"1499\">1, 3 y 5 semillas<\/strong>.<\/p>\n<\/li>\n<\/ul>\n<h3 data-start=\"1502\" data-end=\"1519\">Sabor y aroma<\/h3>\n<p data-start=\"1520\" data-end=\"1883\"><strong data-start=\"1520\" data-end=\"1531\">Korenji<\/strong> te sorprender\u00e1 con una <strong data-start=\"1555\" data-end=\"1574\">entrada c\u00edtrica<\/strong> a <strong data-start=\"1577\" data-end=\"1590\">mandarina<\/strong> seguida de un <strong data-start=\"1605\" data-end=\"1620\">toque dulce<\/strong> que recuerda a un <strong data-start=\"1639\" data-end=\"1659\">postre delicioso<\/strong>.<br data-start=\"1660\" data-end=\"1663\" \/>En el fondo, presenta <strong data-start=\"1685\" data-end=\"1705\">matices terrosos<\/strong> y un toque <strong data-start=\"1717\" data-end=\"1730\">especiado<\/strong> que hace que el sabor sea <strong data-start=\"1757\" data-end=\"1783\">complejo y persistente<\/strong>. Un perfil perfecto para quienes buscan sabores gourmet con una excelente <strong data-start=\"1858\" data-end=\"1882\">persistencia en boca<\/strong>.<\/p>\n<h3 data-start=\"1885\" data-end=\"1896\">Efectos<\/h3>\n<p data-start=\"1897\" data-end=\"2285\">El <strong data-start=\"1900\" data-end=\"1919\">inicio euf\u00f3rico<\/strong> de <strong data-start=\"1923\" data-end=\"1934\">Korenji<\/strong> es perfecto para <strong data-start=\"1952\" data-end=\"1976\">actividades sociales<\/strong> o <strong data-start=\"1979\" data-end=\"1992\">creativas<\/strong>. Luego, la planta evoluciona hacia una <strong data-start=\"2032\" data-end=\"2059\">relajaci\u00f3n f\u00edsica suave<\/strong>, ideal para <strong data-start=\"2072\" data-end=\"2104\">desconectar al final del d\u00eda<\/strong>.<br data-start=\"2105\" data-end=\"2108\" \/>El <strong data-start=\"2111\" data-end=\"2123\">THC alto<\/strong> asegura que su <strong data-start=\"2139\" data-end=\"2149\">efecto<\/strong> sea <strong data-start=\"2154\" data-end=\"2165\">marcado<\/strong>, pero equilibrado, lo que la hace perfecta para <strong data-start=\"2214\" data-end=\"2241\">usuarios experimentados<\/strong> que buscan tanto creatividad como descanso.<\/p>\n<h3 data-start=\"2287\" data-end=\"2310\">Cultivo en interior<\/h3>\n<p data-start=\"2311\" data-end=\"2778\"><strong data-start=\"2311\" data-end=\"2322\">Korenji<\/strong> es f\u00e1cil de manejar en <strong data-start=\"2346\" data-end=\"2358\">interior<\/strong>. Su <strong data-start=\"2363\" data-end=\"2386\">estructura compacta<\/strong> y <strong data-start=\"2389\" data-end=\"2411\">ramificaci\u00f3n media<\/strong> la hace ideal para <strong data-start=\"2431\" data-end=\"2440\">SCROG<\/strong> o <strong data-start=\"2443\" data-end=\"2450\">SOG<\/strong>. Con un <strong data-start=\"2459\" data-end=\"2488\">ciclo de floraci\u00f3n r\u00e1pido<\/strong> de <strong data-start=\"2492\" data-end=\"2507\">8-9 semanas<\/strong>, puedes esperar buenos rendimientos.<br data-start=\"2544\" data-end=\"2547\" \/>En <strong data-start=\"2550\" data-end=\"2562\">interior<\/strong>, se recomienda mantener la <strong data-start=\"2590\" data-end=\"2614\">ventilaci\u00f3n adecuada<\/strong> y <strong data-start=\"2617\" data-end=\"2641\">controlar la humedad<\/strong> debido a sus <strong data-start=\"2655\" data-end=\"2674\">cogollos densos<\/strong>. Un <strong data-start=\"2679\" data-end=\"2699\">lavado de ra\u00edces<\/strong> de <strong data-start=\"2703\" data-end=\"2716\">7-10 d\u00edas<\/strong> al final de la floraci\u00f3n mejora los <strong data-start=\"2753\" data-end=\"2764\">sabores<\/strong> y <strong data-start=\"2767\" data-end=\"2777\">aromas<\/strong>.<\/p>\n<h3 data-start=\"2780\" data-end=\"2803\">Cultivo en exterior<\/h3>\n<p data-start=\"2804\" data-end=\"3252\">En <strong data-start=\"2807\" data-end=\"2819\">exterior<\/strong>, <strong data-start=\"2821\" data-end=\"2832\">Korenji<\/strong> se adapta bien a <strong data-start=\"2850\" data-end=\"2886\">climas templados y mediterr\u00e1neos<\/strong>.<br data-start=\"2887\" data-end=\"2890\" \/>Es una planta <strong data-start=\"2904\" data-end=\"2923\">de altura media<\/strong>, que puede beneficiarse de <strong data-start=\"2951\" data-end=\"2962\">tutores<\/strong> al final de la floraci\u00f3n debido al <strong data-start=\"2998\" data-end=\"3022\">peso de los cogollos<\/strong>. La <strong data-start=\"3027\" data-end=\"3038\">cosecha<\/strong> es en <strong data-start=\"3045\" data-end=\"3094\">finales de septiembre a principios de octubre<\/strong> (hemisferio norte) o <strong data-start=\"3116\" data-end=\"3131\">marzo-abril<\/strong> (hemisferio sur). Aseg\u00farate de <strong data-start=\"3163\" data-end=\"3187\">controlar la humedad<\/strong> y la <strong data-start=\"3193\" data-end=\"3208\">ventilaci\u00f3n<\/strong> para evitar problemas en zonas m\u00e1s h\u00famedas.<\/p>\n<h3 data-start=\"3254\" data-end=\"3282\">Ficha t\u00e9cnica de Korenji<\/h3>\n<ul data-start=\"3283\" data-end=\"4025\">\n<li data-start=\"3283\" data-end=\"3310\">\n<p data-start=\"3285\" data-end=\"3310\"><strong data-start=\"3285\" data-end=\"3294\">Banco<\/strong>: Ripper Seeds<\/p>\n<\/li>\n<li data-start=\"3311\" data-end=\"3351\">\n<p data-start=\"3313\" data-end=\"3351\"><strong data-start=\"3313\" data-end=\"3321\">Tipo<\/strong>: Feminizada fotodependiente<\/p>\n<\/li>\n<li data-start=\"3352\" data-end=\"3407\">\n<p data-start=\"3354\" data-end=\"3407\"><strong data-start=\"3354\" data-end=\"3366\">Gen\u00e9tica<\/strong>: <strong data-start=\"3368\" data-end=\"3393\">H\u00edbrido \u00cdndica\/Sativa<\/strong> equilibrado<\/p>\n<\/li>\n<li data-start=\"3408\" data-end=\"3425\">\n<p data-start=\"3410\" data-end=\"3425\"><strong data-start=\"3410\" data-end=\"3417\">THC<\/strong>: Alto<\/p>\n<\/li>\n<li data-start=\"3426\" data-end=\"3443\">\n<p data-start=\"3428\" data-end=\"3443\"><strong data-start=\"3428\" data-end=\"3435\">CBD<\/strong>: Bajo<\/p>\n<\/li>\n<li data-start=\"3444\" data-end=\"3482\">\n<p data-start=\"3446\" data-end=\"3482\"><strong data-start=\"3446\" data-end=\"3468\">Floraci\u00f3n interior<\/strong>: 55\u201363 d\u00edas<\/p>\n<\/li>\n<li data-start=\"3483\" data-end=\"3559\">\n<p data-start=\"3485\" data-end=\"3559\"><strong data-start=\"3485\" data-end=\"3505\">Cosecha exterior<\/strong>: finales de septiembre a principios de octubre (HN)<\/p>\n<\/li>\n<li data-start=\"3560\" data-end=\"3593\">\n<p data-start=\"3562\" data-end=\"3593\"><strong data-start=\"3562\" data-end=\"3585\">Producci\u00f3n interior<\/strong>: Alta<\/p>\n<\/li>\n<li data-start=\"3594\" data-end=\"3631\">\n<p data-start=\"3596\" data-end=\"3631\"><strong data-start=\"3596\" data-end=\"3619\">Producci\u00f3n exterior<\/strong>: Muy alta<\/p>\n<\/li>\n<li data-start=\"3632\" data-end=\"3653\">\n<p data-start=\"3634\" data-end=\"3653\"><strong data-start=\"3634\" data-end=\"3644\">Altura<\/strong>: Media<\/p>\n<\/li>\n<li data-start=\"3654\" data-end=\"3722\">\n<p data-start=\"3656\" data-end=\"3722\"><strong data-start=\"3656\" data-end=\"3673\">Aroma y sabor<\/strong>: <strong data-start=\"3675\" data-end=\"3692\">C\u00edtrico dulce<\/strong>, <strong data-start=\"3694\" data-end=\"3705\">terroso<\/strong>, <strong data-start=\"3707\" data-end=\"3720\">especiado<\/strong><\/p>\n<\/li>\n<li data-start=\"3723\" data-end=\"3771\">\n<p data-start=\"3725\" data-end=\"3771\"><strong data-start=\"3725\" data-end=\"3739\">Estructura<\/strong>: Compacta, ramificaci\u00f3n media<\/p>\n<\/li>\n<li data-start=\"3772\" data-end=\"3843\">\n<p data-start=\"3774\" data-end=\"3843\"><strong data-start=\"3774\" data-end=\"3797\">Terpenos dominantes<\/strong>: <strong data-start=\"3799\" data-end=\"3811\">Limoneno<\/strong>, <strong data-start=\"3813\" data-end=\"3824\">Mirceno<\/strong>, <strong data-start=\"3826\" data-end=\"3841\">Cariofileno<\/strong><\/p>\n<\/li>\n<li data-start=\"3844\" data-end=\"3915\">\n<p data-start=\"3846\" data-end=\"3915\"><strong data-start=\"3846\" data-end=\"3871\">T\u00e9cnicas recomendadas<\/strong>: <strong data-start=\"3873\" data-end=\"3882\">SCROG<\/strong>, <strong data-start=\"3884\" data-end=\"3891\">SOG<\/strong>, <strong data-start=\"3893\" data-end=\"3904\">topping<\/strong>, <strong data-start=\"3906\" data-end=\"3913\">LST<\/strong><\/p>\n<\/li>\n<li data-start=\"3916\" data-end=\"3982\">\n<p data-start=\"3918\" data-end=\"3982\"><strong data-start=\"3918\" data-end=\"3937\">Uso recomendado<\/strong>: <strong data-start=\"3939\" data-end=\"3955\">Extracciones<\/strong> y flores de alta calidad<\/p>\n<\/li>\n<li data-start=\"3983\" data-end=\"4025\">\n<p data-start=\"3985\" data-end=\"4025\"><strong data-start=\"3985\" data-end=\"4007\">Formato disponible<\/strong>: 1, 3, 5 semillas<\/p>\n<\/li>\n<\/ul>\n<h3 data-start=\"4027\" data-end=\"4057\">Preguntas frecuentes (FAQ)<\/h3>\n<p data-start=\"4059\" data-end=\"4205\"><strong data-start=\"4059\" data-end=\"4095\">\u00bfEs adecuada para principiantes?<\/strong><br data-start=\"4095\" data-end=\"4098\" \/>S\u00ed, es <strong data-start=\"4105\" data-end=\"4126\">f\u00e1cil de cultivar<\/strong> con <strong data-start=\"4131\" data-end=\"4153\">nutrici\u00f3n moderada<\/strong> y t\u00e9cnicas b\u00e1sicas de <strong data-start=\"4176\" data-end=\"4184\">poda<\/strong> y <strong data-start=\"4187\" data-end=\"4204\">entrenamiento<\/strong>.<\/p>\n<p data-start=\"4207\" data-end=\"4292\"><strong data-start=\"4207\" data-end=\"4249\">\u00bfCu\u00e1nto tarda en florecer en interior?<\/strong><br data-start=\"4249\" data-end=\"4252\" \/><strong data-start=\"4252\" data-end=\"4267\">8-9 semanas<\/strong> desde el cambio a 12\/12.<\/p>\n<p data-start=\"4294\" data-end=\"4460\"><strong data-start=\"4294\" data-end=\"4329\">\u00bfQu\u00e9 rendimiento puedo esperar?<\/strong><br data-start=\"4329\" data-end=\"4332\" \/>Alta producci\u00f3n tanto en <strong data-start=\"4357\" data-end=\"4369\">interior<\/strong> como en <strong data-start=\"4378\" data-end=\"4390\">exterior<\/strong>, especialmente si se optimizan <strong data-start=\"4422\" data-end=\"4434\">sustrato<\/strong>, <strong data-start=\"4436\" data-end=\"4443\">luz<\/strong> y <strong data-start=\"4446\" data-end=\"4459\">nutrici\u00f3n<\/strong>.<\/p>\n<p data-start=\"4462\" data-end=\"4572\"><strong data-start=\"4462\" data-end=\"4497\">\u00bfCu\u00e1ndo se cosecha en exterior?<\/strong><br data-start=\"4497\" data-end=\"4500\" \/>En el hemisferio norte, <strong data-start=\"4524\" data-end=\"4571\">finales de septiembre\/principios de octubre<\/strong>.<\/p>\n<p data-start=\"4574\" data-end=\"4711\"><strong data-start=\"4574\" data-end=\"4606\">\u00bfEs buena para extracciones?<\/strong><br data-start=\"4606\" data-end=\"4609\" \/>\u00a1S\u00ed! <strong data-start=\"4614\" data-end=\"4625\">Korenji<\/strong> es perfecta para <strong data-start=\"4643\" data-end=\"4652\">rosin<\/strong>, <strong data-start=\"4654\" data-end=\"4661\">BHO<\/strong> y <strong data-start=\"4664\" data-end=\"4676\">dry sift<\/strong> gracias a su <strong data-start=\"4690\" data-end=\"4710\">abundante resina<\/strong>.<\/p>\n<p data-start=\"4713\" data-end=\"4867\"><strong data-start=\"4713\" data-end=\"4742\">\u00bfC\u00f3mo se maneja en SCROG?<\/strong><br data-start=\"4742\" data-end=\"4745\" \/>Responde muy bien a <strong data-start=\"4765\" data-end=\"4774\">SCROG<\/strong>, <strong data-start=\"4776\" data-end=\"4783\">SOG<\/strong> y <strong data-start=\"4786\" data-end=\"4793\">LST<\/strong>, maximizando la <strong data-start=\"4810\" data-end=\"4824\">producci\u00f3n<\/strong> de flores y <strong data-start=\"4837\" data-end=\"4866\">homogeneizando la canopia<\/strong>.<\/p>\n","protected":false},"excerpt":{"rendered":"<p>Korenji feminizada de Ripper Seeds ofrece gen\u00e9tica estable y homog\u00e9nea, con gran vigor y un perfil terp\u00e9nico complejo de c\u00edtricos, combustible y matices especiados. Seleccionada por su calidad organol\u00e9ptica y resultados consistentes, es una opci\u00f3n premium para coleccionistas exigentes. Disponible en packs de 1, 3 o 5 semillas.<\/p>\n","protected":false},"featured_media":25527,"comment_status":"open","ping_status":"closed","template":"","meta":{"_bst_post_transparent":"","_bst_post_title":"","_bst_post_layout":"","_bst_post_sidebar_id":"","_bst_post_content_style":"","_bst_post_vertical_padding":"","_bst_post_feature":"","_bst_post_feature_position":"","_bst_post_header":false,"_bst_post_footer":false},"pwb-brand":[304],"product_brand":[],"product_cat":[69],"product_tag":[],"class_list":{"0":"post-25539","1":"product","2":"type-product","3":"status-publish","4":"has-post-thumbnail","6":"pwb-brand-ripper-seeds","7":"product_cat-feminizadas","9":"first","10":"instock","11":"sale","12":"taxable","13":"shipping-taxable","14":"purchasable","15":"product-type-variable","16":"has-default-attributes","17":"entry","18":"content-bg","19":"loop-entry"},"brands":[{"id":304,"name":"Ripper Seeds","slug":"ripper-seeds"}],"_links":{"self":[{"href":"https:\/\/puregrowshop.com\/fr\/wp-json\/wp\/v2\/product\/25539","targetHints":{"allow":["GET"]}}],"collection":[{"href":"https:\/\/puregrowshop.com\/fr\/wp-json\/wp\/v2\/product"}],"about":[{"href":"https:\/\/puregrowshop.com\/fr\/wp-json\/wp\/v2\/types\/product"}],"replies":[{"embeddable":true,"href":"https:\/\/puregrowshop.com\/fr\/wp-json\/wp\/v2\/comments?post=25539"}],"wp:featuredmedia":[{"embeddable":true,"href":"https:\/\/puregrowshop.com\/fr\/wp-json\/wp\/v2\/media\/25527"}],"wp:attachment":[{"href":"https:\/\/puregrowshop.com\/fr\/wp-json\/wp\/v2\/media?parent=25539"}],"wp:term":[{"taxonomy":"pwb-brand","embeddable":true,"href":"https:\/\/puregrowshop.com\/fr\/wp-json\/wp\/v2\/pwb-brand?post=25539"},{"taxonomy":"product_brand","embeddable":true,"href":"https:\/\/puregrowshop.com\/fr\/wp-json\/wp\/v2\/product_brand?post=25539"},{"taxonomy":"product_cat","embeddable":true,"href":"https:\/\/puregrowshop.com\/fr\/wp-json\/wp\/v2\/product_cat?post=25539"},{"taxonomy":"product_tag","embeddable":true,"href":"https:\/\/puregrowshop.com\/fr\/wp-json\/wp\/v2\/product_tag?post=25539"}],"curies":[{"name":"wp","href":"https:\/\/api.w.org\/{rel}","templated":true}]}}