{"id":25434,"date":"2024-12-01T07:28:24","date_gmt":"2024-12-01T07:28:24","guid":{"rendered":"https:\/\/puregrowshop.com\/sideral-1-u-fem-ripper-seeds\/"},"modified":"2025-11-21T11:18:09","modified_gmt":"2025-11-21T11:18:09","slug":"sideral-1-u-fem-ripper-seeds","status":"publish","type":"product","link":"https:\/\/puregrowshop.com\/fr\/sideral-1-u-fem-ripper-seeds\/","title":{"rendered":"Sideral feminizada Ripper Seeds"},"content":{"rendered":"<p data-start=\"122\" data-end=\"649\"><strong data-start=\"122\" data-end=\"133\">Sideral<\/strong> es una <strong data-start=\"141\" data-end=\"164\">variedad feminizada<\/strong> desarrollada por <strong data-start=\"182\" data-end=\"198\">Ripper Seeds<\/strong>, perfecta para quienes buscan una combinaci\u00f3n de <strong data-start=\"248\" data-end=\"267\">potencia sativa<\/strong> con un perfil <strong data-start=\"282\" data-end=\"312\">arom\u00e1tico floral y c\u00edtrico<\/strong>. Es ideal para aquellos que buscan <strong data-start=\"348\" data-end=\"368\">sabores intensos<\/strong>, <strong data-start=\"370\" data-end=\"390\">resina abundante<\/strong>, y <strong data-start=\"394\" data-end=\"422\">efectos mentales alegres<\/strong> con un toque de <strong data-start=\"439\" data-end=\"462\">relajaci\u00f3n corporal<\/strong> al final. Esta planta es <strong data-start=\"488\" data-end=\"504\">muy vers\u00e1til<\/strong> tanto para <strong data-start=\"516\" data-end=\"528\">interior<\/strong> como para <strong data-start=\"539\" data-end=\"551\">exterior<\/strong> y es especialmente buena para <strong data-start=\"582\" data-end=\"598\">extracciones<\/strong> gracias a su <strong data-start=\"612\" data-end=\"648\">abundante producci\u00f3n de tricomas<\/strong>.<\/p>\n<p data-start=\"651\" data-end=\"934\">Con un cruce de <strong data-start=\"667\" data-end=\"679\">Lavender<\/strong> y <strong data-start=\"682\" data-end=\"693\">Amnesia<\/strong>, <strong data-start=\"695\" data-end=\"706\">Sideral<\/strong> te sorprender\u00e1 con sus <strong data-start=\"730\" data-end=\"758\">notas c\u00edtricas de pomelo<\/strong> y <strong data-start=\"761\" data-end=\"772\">lavanda<\/strong>, combinadas con un toque <strong data-start=\"798\" data-end=\"809\">terroso<\/strong> y <strong data-start=\"812\" data-end=\"821\">dulce<\/strong>. Es una excelente opci\u00f3n para quienes buscan una <strong data-start=\"871\" data-end=\"895\">experiencia compleja<\/strong> tanto en el sabor como en los efectos.<\/p>\n<h3 data-start=\"936\" data-end=\"967\">Caracter\u00edsticas principales<\/h3>\n<ul data-start=\"968\" data-end=\"1586\">\n<li data-start=\"968\" data-end=\"1008\">\n<p data-start=\"970\" data-end=\"1008\"><strong data-start=\"970\" data-end=\"982\">Gen\u00e9tica<\/strong>: <strong data-start=\"984\" data-end=\"1006\">Lavender x Amnesia<\/strong><\/p>\n<\/li>\n<li data-start=\"1009\" data-end=\"1048\">\n<p data-start=\"1011\" data-end=\"1048\"><strong data-start=\"1011\" data-end=\"1025\">Dominancia<\/strong>: Sativa predominante<\/p>\n<\/li>\n<li data-start=\"1049\" data-end=\"1137\">\n<p data-start=\"1051\" data-end=\"1137\"><strong data-start=\"1051\" data-end=\"1060\">Sabor<\/strong>: <strong data-start=\"1062\" data-end=\"1080\">Pomelo c\u00edtrico<\/strong>, <strong data-start=\"1082\" data-end=\"1100\">lavanda floral<\/strong>, <strong data-start=\"1102\" data-end=\"1114\">incienso<\/strong> y un toque <strong data-start=\"1126\" data-end=\"1135\">dulce<\/strong><\/p>\n<\/li>\n<li data-start=\"1138\" data-end=\"1240\">\n<p data-start=\"1140\" data-end=\"1240\"><strong data-start=\"1140\" data-end=\"1150\">Efecto<\/strong>: <strong data-start=\"1152\" data-end=\"1164\">Euf\u00f3rico<\/strong> y <strong data-start=\"1167\" data-end=\"1179\">creativo<\/strong> al principio, seguido de una <strong data-start=\"1209\" data-end=\"1232\">relajaci\u00f3n corporal<\/strong> suave<\/p>\n<\/li>\n<li data-start=\"1241\" data-end=\"1283\">\n<p data-start=\"1243\" data-end=\"1283\"><strong data-start=\"1243\" data-end=\"1265\">Floraci\u00f3n interior<\/strong>: <strong data-start=\"1267\" data-end=\"1281\">60-70 d\u00edas<\/strong><\/p>\n<\/li>\n<li data-start=\"1284\" data-end=\"1363\">\n<p data-start=\"1286\" data-end=\"1363\"><strong data-start=\"1286\" data-end=\"1306\">Cosecha exterior<\/strong>: <strong data-start=\"1308\" data-end=\"1342\">Principios-mediados de octubre<\/strong> (hemisferio norte)<\/p>\n<\/li>\n<li data-start=\"1364\" data-end=\"1458\">\n<p data-start=\"1366\" data-end=\"1458\"><strong data-start=\"1366\" data-end=\"1385\">Alta producci\u00f3n<\/strong>: Cogollos <strong data-start=\"1396\" data-end=\"1409\">compactos<\/strong> y <strong data-start=\"1412\" data-end=\"1425\">resinosos<\/strong>, ideales para <strong data-start=\"1440\" data-end=\"1456\">extracciones<\/strong><\/p>\n<\/li>\n<li data-start=\"1459\" data-end=\"1544\">\n<p data-start=\"1461\" data-end=\"1544\"><strong data-start=\"1461\" data-end=\"1482\">F\u00e1cil de cultivar<\/strong>: Responde bien a <strong data-start=\"1500\" data-end=\"1509\">SCROG<\/strong>, <strong data-start=\"1511\" data-end=\"1518\">LST<\/strong>, <strong data-start=\"1520\" data-end=\"1531\">topping<\/strong> y <strong data-start=\"1534\" data-end=\"1542\">poda<\/strong><\/p>\n<\/li>\n<li data-start=\"1545\" data-end=\"1586\">\n<p data-start=\"1547\" data-end=\"1586\"><strong data-start=\"1547\" data-end=\"1564\">Disponible en<\/strong> <strong data-start=\"1565\" data-end=\"1586\">1, 3 y 5 semillas<\/strong><\/p>\n<\/li>\n<\/ul>\n<h3 data-start=\"1588\" data-end=\"1605\">Sabor y aroma<\/h3>\n<p data-start=\"1606\" data-end=\"1948\"><strong data-start=\"1606\" data-end=\"1617\">Sideral<\/strong> tiene un <strong data-start=\"1627\" data-end=\"1657\">perfil terp\u00e9nico delicioso<\/strong> que combina <strong data-start=\"1670\" data-end=\"1693\">c\u00edtricos brillantes<\/strong> de <strong data-start=\"1697\" data-end=\"1707\">pomelo<\/strong> y <strong data-start=\"1710\" data-end=\"1719\">lim\u00f3n<\/strong> con un <strong data-start=\"1727\" data-end=\"1743\">fondo floral<\/strong> a <strong data-start=\"1746\" data-end=\"1757\">lavanda<\/strong> y un toque <strong data-start=\"1769\" data-end=\"1784\">de incienso<\/strong>. A medida que lo disfrutas, notar\u00e1s una <strong data-start=\"1825\" data-end=\"1836\">dulzura<\/strong> que completa la experiencia. Es un <strong data-start=\"1872\" data-end=\"1888\">sabor fresco<\/strong>, ideal para quienes buscan algo <strong data-start=\"1921\" data-end=\"1947\">complejo y persistente<\/strong>.<\/p>\n<h3 data-start=\"1950\" data-end=\"1961\">Efectos<\/h3>\n<p data-start=\"1962\" data-end=\"2310\">Al fumar <strong data-start=\"1971\" data-end=\"1982\">Sideral<\/strong>, experimentar\u00e1s un <strong data-start=\"2002\" data-end=\"2021\">inicio cerebral<\/strong> r\u00e1pido, ideal para <strong data-start=\"2041\" data-end=\"2065\">actividades sociales<\/strong> o <strong data-start=\"2068\" data-end=\"2081\">creativas<\/strong>. Despu\u00e9s, su efecto evoluciona hacia una <strong data-start=\"2123\" data-end=\"2146\">relajaci\u00f3n corporal<\/strong> muy agradable, perfecta para desconectar al final del d\u00eda. <strong data-start=\"2206\" data-end=\"2217\">Sideral<\/strong> tiene una duraci\u00f3n media-larga y es adecuada para disfrutar durante las <strong data-start=\"2290\" data-end=\"2309\">tardes o noches<\/strong>.<\/p>\n<h3 data-start=\"2312\" data-end=\"2335\">Cultivo en interior<\/h3>\n<p data-start=\"2336\" data-end=\"2828\"><strong data-start=\"2336\" data-end=\"2347\">Sideral<\/strong> es f\u00e1cil de manejar en <strong data-start=\"2371\" data-end=\"2383\">interior<\/strong>, especialmente si se usa <strong data-start=\"2409\" data-end=\"2418\">SCROG<\/strong> o <strong data-start=\"2421\" data-end=\"2428\">SOG<\/strong>. Su <strong data-start=\"2433\" data-end=\"2455\">estructura abierta<\/strong> y <strong data-start=\"2458\" data-end=\"2483\">ramificaci\u00f3n vigorosa<\/strong> la hace perfecta para esas t\u00e9cnicas. Tiene una <strong data-start=\"2531\" data-end=\"2551\">floraci\u00f3n r\u00e1pida<\/strong> de <strong data-start=\"2555\" data-end=\"2569\">60-70 d\u00edas<\/strong>, con <strong data-start=\"2575\" data-end=\"2597\">cogollos compactos<\/strong> y <strong data-start=\"2600\" data-end=\"2610\">densos<\/strong>.<br data-start=\"2611\" data-end=\"2614\" \/>Aseg\u00farate de tener una <strong data-start=\"2637\" data-end=\"2658\">buena ventilaci\u00f3n<\/strong> para evitar la humedad excesiva, y si te gusta hacer <strong data-start=\"2712\" data-end=\"2728\">extracciones<\/strong>, esta planta es una excelente opci\u00f3n. Puedes optimizar su crecimiento usando <strong data-start=\"2806\" data-end=\"2817\">topping<\/strong> o <strong data-start=\"2820\" data-end=\"2827\">LST<\/strong>.<\/p>\n<h3 data-start=\"2830\" data-end=\"2853\">Cultivo en exterior<\/h3>\n<p data-start=\"2854\" data-end=\"3320\">En <strong data-start=\"2857\" data-end=\"2869\">exterior<\/strong>, <strong data-start=\"2871\" data-end=\"2882\">Sideral<\/strong> se adapta muy bien a <strong data-start=\"2904\" data-end=\"2924\">climas templados<\/strong> y <strong data-start=\"2927\" data-end=\"2944\">mediterr\u00e1neos<\/strong>, pero tambi\u00e9n puede mostrar un <strong data-start=\"2976\" data-end=\"2993\">toque p\u00farpura<\/strong> si la temperatura baja un poco por la noche al final de la floraci\u00f3n. Es recomendable usar <strong data-start=\"3085\" data-end=\"3096\">tutores<\/strong> en las \u00faltimas semanas para asegurar que sus <strong data-start=\"3142\" data-end=\"3154\">cogollos<\/strong> no caigan por el peso.<br data-start=\"3177\" data-end=\"3180\" \/>La <strong data-start=\"3183\" data-end=\"3194\">cosecha<\/strong> se realiza entre <strong data-start=\"3212\" data-end=\"3248\">principios y mediados de octubre<\/strong> en el hemisferio norte, y entre <strong data-start=\"3281\" data-end=\"3298\">marzo y abril<\/strong> en el hemisferio sur.<\/p>\n<h3 data-start=\"3322\" data-end=\"3350\">Ficha t\u00e9cnica de Sideral<\/h3>\n<ul data-start=\"3351\" data-end=\"4266\">\n<li data-start=\"3351\" data-end=\"3378\">\n<p data-start=\"3353\" data-end=\"3378\"><strong data-start=\"3353\" data-end=\"3362\">Banco<\/strong>: Ripper Seeds<\/p>\n<\/li>\n<li data-start=\"3379\" data-end=\"3403\">\n<p data-start=\"3381\" data-end=\"3403\"><strong data-start=\"3381\" data-end=\"3389\">Tipo<\/strong>: Feminizada<\/p>\n<\/li>\n<li data-start=\"3404\" data-end=\"3444\">\n<p data-start=\"3406\" data-end=\"3444\"><strong data-start=\"3406\" data-end=\"3418\">Gen\u00e9tica<\/strong>: <strong data-start=\"3420\" data-end=\"3442\">Lavender x Amnesia<\/strong><\/p>\n<\/li>\n<li data-start=\"3445\" data-end=\"3484\">\n<p data-start=\"3447\" data-end=\"3484\"><strong data-start=\"3447\" data-end=\"3461\">Dominancia<\/strong>: Sativa predominante<\/p>\n<\/li>\n<li data-start=\"3485\" data-end=\"3515\">\n<p data-start=\"3487\" data-end=\"3515\"><strong data-start=\"3487\" data-end=\"3494\">THC<\/strong>: Alto (<strong data-start=\"3502\" data-end=\"3512\">18-22%<\/strong>)<\/p>\n<\/li>\n<li data-start=\"3516\" data-end=\"3533\">\n<p data-start=\"3518\" data-end=\"3533\"><strong data-start=\"3518\" data-end=\"3525\">CBD<\/strong>: Bajo<\/p>\n<\/li>\n<li data-start=\"3534\" data-end=\"3576\">\n<p data-start=\"3536\" data-end=\"3576\"><strong data-start=\"3536\" data-end=\"3558\">Floraci\u00f3n interior<\/strong>: <strong data-start=\"3560\" data-end=\"3574\">60-70 d\u00edas<\/strong><\/p>\n<\/li>\n<li data-start=\"3577\" data-end=\"3642\">\n<p data-start=\"3579\" data-end=\"3642\"><strong data-start=\"3579\" data-end=\"3599\">Cosecha exterior<\/strong>: <strong data-start=\"3601\" data-end=\"3635\">Principios-mediados de octubre<\/strong> (HN)<\/p>\n<\/li>\n<li data-start=\"3643\" data-end=\"3676\">\n<p data-start=\"3645\" data-end=\"3676\"><strong data-start=\"3645\" data-end=\"3668\">Producci\u00f3n interior<\/strong>: Alta<\/p>\n<\/li>\n<li data-start=\"3677\" data-end=\"3714\">\n<p data-start=\"3679\" data-end=\"3714\"><strong data-start=\"3679\" data-end=\"3702\">Producci\u00f3n exterior<\/strong>: Muy alta<\/p>\n<\/li>\n<li data-start=\"3715\" data-end=\"3784\">\n<p data-start=\"3717\" data-end=\"3784\"><strong data-start=\"3717\" data-end=\"3727\">Altura<\/strong>: <strong data-start=\"3729\" data-end=\"3742\">90-140 cm<\/strong> en interior, <strong data-start=\"3756\" data-end=\"3770\">180-250 cm<\/strong> en exterior<\/p>\n<\/li>\n<li data-start=\"3785\" data-end=\"3874\">\n<p data-start=\"3787\" data-end=\"3874\"><strong data-start=\"3787\" data-end=\"3801\">Estructura<\/strong>: <strong data-start=\"3803\" data-end=\"3817\">Ramificada<\/strong>, <strong data-start=\"3819\" data-end=\"3847\">internudos medios-largos<\/strong>, <strong data-start=\"3849\" data-end=\"3872\">c\u00e1lices voluminosos<\/strong><\/p>\n<\/li>\n<li data-start=\"3875\" data-end=\"3979\">\n<p data-start=\"3877\" data-end=\"3979\"><strong data-start=\"3877\" data-end=\"3894\">Aroma y sabor<\/strong>: <strong data-start=\"3896\" data-end=\"3907\">C\u00edtrico<\/strong> (<strong data-start=\"3909\" data-end=\"3925\">pomelo\/lim\u00f3n<\/strong>), <strong data-start=\"3928\" data-end=\"3938\">floral<\/strong> (<strong data-start=\"3940\" data-end=\"3951\">lavanda<\/strong>), <strong data-start=\"3954\" data-end=\"3966\">incienso<\/strong>, <strong data-start=\"3968\" data-end=\"3977\">dulce<\/strong><\/p>\n<\/li>\n<li data-start=\"3980\" data-end=\"4067\">\n<p data-start=\"3982\" data-end=\"4067\"><strong data-start=\"3982\" data-end=\"4005\">Terpenos dominantes<\/strong>: <strong data-start=\"4007\" data-end=\"4019\">Limoneno<\/strong>, <strong data-start=\"4021\" data-end=\"4033\">Linalool<\/strong>, <strong data-start=\"4035\" data-end=\"4046\">Mirceno<\/strong>, <strong data-start=\"4048\" data-end=\"4065\">\u03b2-cariofileno<\/strong><\/p>\n<\/li>\n<li data-start=\"4068\" data-end=\"4147\">\n<p data-start=\"4070\" data-end=\"4147\"><strong data-start=\"4070\" data-end=\"4095\">T\u00e9cnicas recomendadas<\/strong>: <strong data-start=\"4097\" data-end=\"4106\">SCROG<\/strong>, <strong data-start=\"4108\" data-end=\"4115\">LST<\/strong>, <strong data-start=\"4117\" data-end=\"4132\">poda apical<\/strong>, <strong data-start=\"4134\" data-end=\"4145\">tutores<\/strong><\/p>\n<\/li>\n<li data-start=\"4148\" data-end=\"4218\">\n<p data-start=\"4150\" data-end=\"4218\"><strong data-start=\"4150\" data-end=\"4169\">Uso recomendado<\/strong>: <strong data-start=\"4171\" data-end=\"4187\">Extracciones<\/strong> y flores de <strong data-start=\"4200\" data-end=\"4216\">alta calidad<\/strong><\/p>\n<\/li>\n<li data-start=\"4219\" data-end=\"4266\">\n<p data-start=\"4221\" data-end=\"4266\"><strong data-start=\"4221\" data-end=\"4243\">Formato disponible<\/strong>: <strong data-start=\"4245\" data-end=\"4266\">1, 3 y 5 semillas<\/strong><\/p>\n<\/li>\n<\/ul>\n<h3 data-start=\"4268\" data-end=\"4298\">Preguntas frecuentes (FAQ)<\/h3>\n<p data-start=\"4300\" data-end=\"4488\"><strong data-start=\"4300\" data-end=\"4336\">\u00bfEs adecuada para principiantes?<\/strong><br data-start=\"4336\" data-end=\"4339\" \/>S\u00ed, <strong data-start=\"4343\" data-end=\"4354\">Sideral<\/strong> es una planta <strong data-start=\"4369\" data-end=\"4390\">f\u00e1cil de cultivar<\/strong> si se tiene un control b\u00e1sico de <strong data-start=\"4424\" data-end=\"4433\">riego<\/strong> y <strong data-start=\"4436\" data-end=\"4449\">nutrici\u00f3n<\/strong>. Responde bien a <strong data-start=\"4467\" data-end=\"4487\">t\u00e9cnicas de poda<\/strong>.<\/p>\n<p data-start=\"4490\" data-end=\"4574\"><strong data-start=\"4490\" data-end=\"4532\">\u00bfCu\u00e1nto tarda en florecer en interior?<\/strong><br data-start=\"4532\" data-end=\"4535\" \/><strong data-start=\"4535\" data-end=\"4549\">60-70 d\u00edas<\/strong> desde el cambio a 12\/12.<\/p>\n<p data-start=\"4576\" data-end=\"4672\"><strong data-start=\"4576\" data-end=\"4611\">\u00bfCu\u00e1ndo se cosecha en exterior?<\/strong><br data-start=\"4611\" data-end=\"4614\" \/><strong data-start=\"4614\" data-end=\"4648\">Principios-mediados de octubre<\/strong> en el hemisferio norte.<\/p>\n<p data-start=\"4674\" data-end=\"4828\"><strong data-start=\"4674\" data-end=\"4706\">\u00bfEs buena para extracciones?<\/strong><br data-start=\"4706\" data-end=\"4709\" \/>S\u00ed, tiene <strong data-start=\"4719\" data-end=\"4739\">resina abundante<\/strong> y un <strong data-start=\"4745\" data-end=\"4774\">perfil terp\u00e9nico complejo<\/strong> que la hace ideal para <strong data-start=\"4798\" data-end=\"4806\">hash<\/strong>, <strong data-start=\"4808\" data-end=\"4817\">rosin<\/strong> y <strong data-start=\"4820\" data-end=\"4827\">BHO<\/strong>.<\/p>\n<p data-start=\"4830\" data-end=\"5035\"><strong data-start=\"4830\" data-end=\"4874\">\u00bfC\u00f3mo puedo potenciar los tonos morados?<\/strong><br data-start=\"4874\" data-end=\"4877\" \/>Puedes lograr <strong data-start=\"4891\" data-end=\"4910\">colores morados<\/strong> con <strong data-start=\"4915\" data-end=\"4939\">temperaturas frescas<\/strong> al final de la floraci\u00f3n, pero no bajes demasiado la temperatura para no afectar la producci\u00f3n.<\/p>\n","protected":false},"excerpt":{"rendered":"<p>Sideral feminizada de Ripper Seeds ofrece vigor h\u00edbrido, estructura ramificada y floraci\u00f3n r\u00e1pida y homog\u00e9nea, con alta estabilidad y resistencia para un manejo sencillo. Destaca por su perfil arom\u00e1tico complejo con notas c\u00edtricas y florales sobre un fondo dulce y especiado, ideal para coleccionistas y cultivadores exigentes. Adecuada tanto para principiantes como para expertos por su rendimiento consistente y calidad. Disponible en 1 u, 3 u y 5 u.<\/p>\n","protected":false},"featured_media":25433,"comment_status":"open","ping_status":"closed","template":"","meta":{"_bst_post_transparent":"","_bst_post_title":"","_bst_post_layout":"","_bst_post_sidebar_id":"","_bst_post_content_style":"","_bst_post_vertical_padding":"","_bst_post_feature":"","_bst_post_feature_position":"","_bst_post_header":false,"_bst_post_footer":false},"pwb-brand":[304],"product_brand":[],"product_cat":[69],"product_tag":[],"class_list":{"0":"post-25434","1":"product","2":"type-product","3":"status-publish","4":"has-post-thumbnail","6":"pwb-brand-ripper-seeds","7":"product_cat-feminizadas","9":"first","10":"instock","11":"sale","12":"taxable","13":"shipping-taxable","14":"purchasable","15":"product-type-variable","16":"has-default-attributes","17":"entry","18":"content-bg","19":"loop-entry"},"brands":[{"id":304,"name":"Ripper Seeds","slug":"ripper-seeds"}],"_links":{"self":[{"href":"https:\/\/puregrowshop.com\/fr\/wp-json\/wp\/v2\/product\/25434","targetHints":{"allow":["GET"]}}],"collection":[{"href":"https:\/\/puregrowshop.com\/fr\/wp-json\/wp\/v2\/product"}],"about":[{"href":"https:\/\/puregrowshop.com\/fr\/wp-json\/wp\/v2\/types\/product"}],"replies":[{"embeddable":true,"href":"https:\/\/puregrowshop.com\/fr\/wp-json\/wp\/v2\/comments?post=25434"}],"wp:featuredmedia":[{"embeddable":true,"href":"https:\/\/puregrowshop.com\/fr\/wp-json\/wp\/v2\/media\/25433"}],"wp:attachment":[{"href":"https:\/\/puregrowshop.com\/fr\/wp-json\/wp\/v2\/media?parent=25434"}],"wp:term":[{"taxonomy":"pwb-brand","embeddable":true,"href":"https:\/\/puregrowshop.com\/fr\/wp-json\/wp\/v2\/pwb-brand?post=25434"},{"taxonomy":"product_brand","embeddable":true,"href":"https:\/\/puregrowshop.com\/fr\/wp-json\/wp\/v2\/product_brand?post=25434"},{"taxonomy":"product_cat","embeddable":true,"href":"https:\/\/puregrowshop.com\/fr\/wp-json\/wp\/v2\/product_cat?post=25434"},{"taxonomy":"product_tag","embeddable":true,"href":"https:\/\/puregrowshop.com\/fr\/wp-json\/wp\/v2\/product_tag?post=25434"}],"curies":[{"name":"wp","href":"https:\/\/api.w.org\/{rel}","templated":true}]}}