{"id":25374,"date":"2024-11-30T19:21:47","date_gmt":"2024-11-30T19:21:47","guid":{"rendered":"https:\/\/puregrowshop.com\/?post_type=product&#038;p=25374"},"modified":"2025-11-21T11:18:09","modified_gmt":"2025-11-21T11:18:09","slug":"huckleberry-punch-feminizada-elev8-seeds","status":"publish","type":"product","link":"https:\/\/puregrowshop.com\/fr\/huckleberry-punch-feminizada-elev8-seeds\/","title":{"rendered":"Huckleberry Punch feminizada Elev8 Seeds"},"content":{"rendered":"<p>La Huckleberry Punch de Elev8 Seeds es una variedad de cannabis feminizada que combina la potencia y los sabores distintivos de sus parentales, Purple Punch y Platinum Huckleberry Cookies, resultando en un h\u00edbrido equilibrado con un perfil de terpenos \u00fanico.<\/p>\n<h2><strong>Caracter\u00edsticas de la Huckleberry Punch de Elev8 Seeds:<\/strong><\/h2>\n<ul>\n<li><strong>Gen\u00e9tica:<\/strong> Purple Punch x Platinum Huckleberry Cookies<\/li>\n<li><strong>Tipo:<\/strong> Semillas feminizadas<\/li>\n<li><strong>Composici\u00f3n:<\/strong> H\u00edbrido equilibrado<\/li>\n<li><strong>Producci\u00f3n en interior:<\/strong> Alta<\/li>\n<li><strong>Producci\u00f3n en exterior:<\/strong> 500-750 g\/planta<\/li>\n<li><strong>Floraci\u00f3n en interior:<\/strong> 8-9 semanas<\/li>\n<li><strong>Cosecha en exterior:<\/strong> Octubre<\/li>\n<li><strong>THC:<\/strong> Hasta 30%<\/li>\n<li><strong>CBD:<\/strong> No especificado<\/li>\n<\/ul>\n<h2>Gen\u00e9tica y Origen<\/h2>\n<p>La Purple Punch, un cruce entre Larry OG y Grand Daddy Purple, es reconocida por sus intensos aromas a uva y su abundante producci\u00f3n de resina. Por otro lado, la Platinum Huckleberry Cookies aporta niveles de THC que pueden alcanzar hasta el 30%, junto con sabores dulces y afrutados. La combinaci\u00f3n de estas dos variedades da origen a la Huckleberry Punch, que hereda lo mejor de sus parentales.<\/p>\n<h2>Cultivo y Producci\u00f3n<\/h2>\n<p>La Huckleberry Punch es una planta vigorosa que se adapta bien tanto a cultivos en interior como en exterior. En interior, su periodo de floraci\u00f3n es de 8 a 9 semanas, ofreciendo rendimientos elevados. En exterior, la cosecha se realiza en octubre, con plantas que pueden alcanzar hasta 2,5 metros de altura y producir entre 500 y 750 gramos por planta. Sus flores son densas y est\u00e1n cubiertas de una gruesa capa de resina, lo que la hace ideal para extracciones.<\/p>\n<h2>Aromas y Sabores<\/h2>\n<p>Esta variedad destaca por su perfil arom\u00e1tico dulce y afrutado, con notas predominantes de uva y galletas reci\u00e9n horneadas. La combinaci\u00f3n de estos terpenos ofrece una experiencia sensorial \u00fanica y placentera para los amantes de sabores intensos y complejos.<\/p>\n<h2>Potencia y Efectos<\/h2>\n<p>Con un contenido de THC que puede alcanzar hasta el 30%, la Huckleberry Punch proporciona efectos potentes y equilibrados. Inicialmente, induce una euforia cerebral que mejora el estado de \u00e1nimo, seguida de una relajaci\u00f3n corporal profunda, lo que la hace adecuada tanto para uso recreativo como medicinal, especialmente para aliviar el estr\u00e9s y la ansiedad.<\/p>\n","protected":false},"excerpt":{"rendered":"<p>La Huckleberry Punch de Elev8 Seeds es una variedad que destaca por su alta potencia, sabores exquisitos y facilidad de cultivo, siendo una opci\u00f3n ideal para cultivadores y usuarios que buscan una experiencia completa y satisfactoria.<\/p>\n","protected":false},"featured_media":25244,"comment_status":"open","ping_status":"closed","template":"","meta":{"_bst_post_transparent":"","_bst_post_title":"","_bst_post_layout":"","_bst_post_sidebar_id":"","_bst_post_content_style":"","_bst_post_vertical_padding":"","_bst_post_feature":"","_bst_post_feature_position":"","_bst_post_header":false,"_bst_post_footer":false},"pwb-brand":[301],"product_brand":[],"product_cat":[96,69],"product_tag":[],"class_list":{"0":"post-25374","1":"product","2":"type-product","3":"status-publish","4":"has-post-thumbnail","6":"pwb-brand-elev8-seeds","7":"product_cat-afrutadas","8":"product_cat-feminizadas","10":"first","11":"instock","12":"sale","13":"taxable","14":"shipping-taxable","15":"purchasable","16":"product-type-variable","17":"has-default-attributes","18":"entry","19":"content-bg","20":"loop-entry"},"brands":[{"id":301,"name":"ELEV8 SEEDS","slug":"elev8-seeds"}],"_links":{"self":[{"href":"https:\/\/puregrowshop.com\/fr\/wp-json\/wp\/v2\/product\/25374","targetHints":{"allow":["GET"]}}],"collection":[{"href":"https:\/\/puregrowshop.com\/fr\/wp-json\/wp\/v2\/product"}],"about":[{"href":"https:\/\/puregrowshop.com\/fr\/wp-json\/wp\/v2\/types\/product"}],"replies":[{"embeddable":true,"href":"https:\/\/puregrowshop.com\/fr\/wp-json\/wp\/v2\/comments?post=25374"}],"wp:featuredmedia":[{"embeddable":true,"href":"https:\/\/puregrowshop.com\/fr\/wp-json\/wp\/v2\/media\/25244"}],"wp:attachment":[{"href":"https:\/\/puregrowshop.com\/fr\/wp-json\/wp\/v2\/media?parent=25374"}],"wp:term":[{"taxonomy":"pwb-brand","embeddable":true,"href":"https:\/\/puregrowshop.com\/fr\/wp-json\/wp\/v2\/pwb-brand?post=25374"},{"taxonomy":"product_brand","embeddable":true,"href":"https:\/\/puregrowshop.com\/fr\/wp-json\/wp\/v2\/product_brand?post=25374"},{"taxonomy":"product_cat","embeddable":true,"href":"https:\/\/puregrowshop.com\/fr\/wp-json\/wp\/v2\/product_cat?post=25374"},{"taxonomy":"product_tag","embeddable":true,"href":"https:\/\/puregrowshop.com\/fr\/wp-json\/wp\/v2\/product_tag?post=25374"}],"curies":[{"name":"wp","href":"https:\/\/api.w.org\/{rel}","templated":true}]}}