{"id":25355,"date":"2024-11-30T18:31:06","date_gmt":"2024-11-30T18:31:06","guid":{"rendered":"https:\/\/puregrowshop.com\/?post_type=product&#038;p=25355"},"modified":"2025-11-21T11:18:46","modified_gmt":"2025-11-21T11:18:46","slug":"berry-crusher-feminizada-elev8-seeds","status":"publish","type":"product","link":"https:\/\/puregrowshop.com\/fr\/berry-crusher-feminizada-elev8-seeds\/","title":{"rendered":"Berry Crusher feminizada Elev8 Seeds"},"content":{"rendered":"<div class=\"group\/conversation-turn relative flex w-full min-w-0 flex-col agent-turn\">\n<div class=\"flex-col gap-1 md:gap-3\">\n<div class=\"flex max-w-full flex-col flex-grow\">\n<div class=\"min-h-8 text-message flex w-full flex-col items-end gap-2 whitespace-normal break-words text-start [.text-message+&#038;]:mt-5\" dir=\"auto\" data-message-author-role=\"assistant\" data-message-id=\"6266b0a6-2f3c-4e4c-bddc-37b9d208d860\" data-message-model-slug=\"gpt-4o\">\n<div class=\"flex w-full flex-col gap-1 empty:hidden first:pt-[3px]\">\n<div class=\"markdown prose w-full break-words dark:prose-invert light\"><\/div>\n<\/div>\n<\/div>\n<\/div>\n<\/div>\n<\/div>\n<p>Berry Crusher de Elev8 Seeds es una variedad de cannabis feminizada que fusiona dos gen\u00e9ticas de \u00e9lite: Acai Cake y RS11 (tambi\u00e9n conocida como Rainbow Sherbet #11). Este h\u00edbrido con dominancia \u00edndica ofrece una experiencia \u00fanica tanto para cultivadores como para consumidores, destacando por su vigor, alta producci\u00f3n y un perfil organol\u00e9ptico distintivo.<\/p>\n<h3><strong>Caracter\u00edsticas principales:<\/strong><\/h3>\n<ul>\n<li><strong>Gen\u00e9tica<\/strong>: <em>Acai Cake<\/em> x <em>RS11<\/em> (<em>Rainbow Sherbet #11<\/em>).<\/li>\n<li><strong>Tipo<\/strong>: H\u00edbrido con dominancia \u00edndica.<\/li>\n<li><strong>THC<\/strong>: Hasta 25%.<\/li>\n<li><strong>Floraci\u00f3n interior<\/strong>: 8-9 semanas.<\/li>\n<li><strong>Cosecha exterior<\/strong>: Principios de octubre.<\/li>\n<li><strong>Producci\u00f3n<\/strong>: Alta.<\/li>\n<li><strong>Aroma y sabor<\/strong>: Dulce, afrutado, bayas, vainilla, pino gaseoso.<\/li>\n<li><strong>Efecto<\/strong>: Relajaci\u00f3n, bienestar general<\/li>\n<\/ul>\n<h3>Gen\u00e9tica y Origen<\/h3>\n<p><strong>Acai Cake:<\/strong> Conocida por su aroma rico y afrutado, similar a la baya de a\u00e7a\u00ed de las selvas tropicales de Am\u00e9rica del Sur, con matices terrosos y un sutil toque de pastel de vainilla que a\u00f1ade una dulzura atractiva.<br \/>\n<strong>RS11:<\/strong> Un h\u00edbrido \u00edndica dominante, tambi\u00e9n conocido como Rainbow Sherbet #11, que ofrece un perfil terp\u00e9nico s\u00faper dulce y afrutado, con notas c\u00edtricas y un toque de pino gaseoso.<br \/>\nLa combinaci\u00f3n de estas dos gen\u00e9ticas da lugar a Berry Crusher, una planta que hereda lo mejor de sus parentales.<\/p>\n<h3>Crecimiento y Caracter\u00edsticas de la Planta<\/h3>\n<p>Berry Crusher es una planta alta con un estiramiento considerable, lo que puede resultar en ejemplares de gran tama\u00f1o. La mayor\u00eda de los fenotipos presentan nudos apretados y se apilan muy bien, facilitando t\u00e9cnicas de cultivo como SCROG y SOG. Durante la fase de floraci\u00f3n, que dura entre 8 y 9 semanas, desarrolla cogollos densos y esponjosos, cubiertos de una espesa capa de tricomas, lo que la hace especialmente adecuada para la producci\u00f3n de concentrados.<\/p>\n<h3>Producci\u00f3n y Floraci\u00f3n<\/h3>\n<p>Floraci\u00f3n interior: 8-9 semanas.<br \/>\nCosecha exterior: Principios de octubre.<br \/>\nProducci\u00f3n interior: Alta, con rendimientos que pueden superar los 550 gramos por metro cuadrado.<br \/>\nProducci\u00f3n exterior: M\u00e1s de 1 kg por planta en condiciones \u00f3ptimas.<br \/>\nSu alta producci\u00f3n de resina la convierte en una opci\u00f3n ideal para quienes buscan realizar extracciones de calidad.<\/p>\n<h3>Perfil Arom\u00e1tico y Sabor<\/h3>\n<p>El perfil arom\u00e1tico de Berry Crusher es una mezcla armoniosa de notas dulces y afrutadas, con matices de bayas, vainilla y un toque de pino gaseoso. Este perfil complejo y agradable la hace especialmente atractiva para los aficionados al cannabis que buscan sabores ricos y distintivos.<\/p>\n<h3>Efectos y Usos<\/h3>\n<p>Con un contenido de THC que puede alcanzar hasta el 25%, Berry Crusher ofrece efectos equilibrados que promueven la relajaci\u00f3n y el bienestar general. Es ideal para momentos de ocio y relajaci\u00f3n, y tambi\u00e9n puede ser \u00fatil para aliviar el estr\u00e9s y la tensi\u00f3n muscular.<\/p>\n<p>&nbsp;<\/p>\n<p>&nbsp;<\/p>\n","protected":false},"excerpt":{"rendered":"<p>Berry Crusher de Elev8 Seeds es una variedad feminizada que combina las gen\u00e9ticas de Acai Cake y RS11, resultando en un h\u00edbrido con dominancia \u00edndica. Destaca por su perfil arom\u00e1tico dulce y afrutado, con notas de bayas, vainilla y un toque de pino gaseoso. Ofrece efectos equilibrados que promueven la relajaci\u00f3n y el bienestar general. Su periodo de floraci\u00f3n es de 8 a 9 semanas, produciendo cosechas generosas de cogollos densos y resinosos.<\/p>\n","protected":false},"featured_media":25290,"comment_status":"open","ping_status":"closed","template":"","meta":{"_bst_post_transparent":"","_bst_post_title":"","_bst_post_layout":"","_bst_post_sidebar_id":"","_bst_post_content_style":"","_bst_post_vertical_padding":"","_bst_post_feature":"","_bst_post_feature_position":"","_bst_post_header":false,"_bst_post_footer":false},"pwb-brand":[301],"product_brand":[],"product_cat":[96,69],"product_tag":[],"class_list":{"0":"post-25355","1":"product","2":"type-product","3":"status-publish","4":"has-post-thumbnail","6":"pwb-brand-elev8-seeds","7":"product_cat-afrutadas","8":"product_cat-feminizadas","10":"first","11":"instock","12":"sale","13":"taxable","14":"shipping-taxable","15":"purchasable","16":"product-type-variable","17":"has-default-attributes","18":"entry","19":"content-bg","20":"loop-entry"},"brands":[{"id":301,"name":"ELEV8 SEEDS","slug":"elev8-seeds"}],"_links":{"self":[{"href":"https:\/\/puregrowshop.com\/fr\/wp-json\/wp\/v2\/product\/25355","targetHints":{"allow":["GET"]}}],"collection":[{"href":"https:\/\/puregrowshop.com\/fr\/wp-json\/wp\/v2\/product"}],"about":[{"href":"https:\/\/puregrowshop.com\/fr\/wp-json\/wp\/v2\/types\/product"}],"replies":[{"embeddable":true,"href":"https:\/\/puregrowshop.com\/fr\/wp-json\/wp\/v2\/comments?post=25355"}],"wp:featuredmedia":[{"embeddable":true,"href":"https:\/\/puregrowshop.com\/fr\/wp-json\/wp\/v2\/media\/25290"}],"wp:attachment":[{"href":"https:\/\/puregrowshop.com\/fr\/wp-json\/wp\/v2\/media?parent=25355"}],"wp:term":[{"taxonomy":"pwb-brand","embeddable":true,"href":"https:\/\/puregrowshop.com\/fr\/wp-json\/wp\/v2\/pwb-brand?post=25355"},{"taxonomy":"product_brand","embeddable":true,"href":"https:\/\/puregrowshop.com\/fr\/wp-json\/wp\/v2\/product_brand?post=25355"},{"taxonomy":"product_cat","embeddable":true,"href":"https:\/\/puregrowshop.com\/fr\/wp-json\/wp\/v2\/product_cat?post=25355"},{"taxonomy":"product_tag","embeddable":true,"href":"https:\/\/puregrowshop.com\/fr\/wp-json\/wp\/v2\/product_tag?post=25355"}],"curies":[{"name":"wp","href":"https:\/\/api.w.org\/{rel}","templated":true}]}}