{"id":25191,"date":"2024-11-29T09:19:29","date_gmt":"2024-11-29T09:19:29","guid":{"rendered":"https:\/\/puregrowshop.com\/cherrytini-s1-6-u-fem-perfect-tree\/"},"modified":"2025-11-21T11:19:14","modified_gmt":"2025-11-21T11:19:14","slug":"cherrytini-s1-6-u-fem-perfect-tree","status":"publish","type":"product","link":"https:\/\/puregrowshop.com\/fr\/cherrytini-s1-6-u-fem-perfect-tree\/","title":{"rendered":"Cherrytini S1 &#8211; 6 u. fem Perfect Tree"},"content":{"rendered":"<p>Cherrytini, un h\u00edbrido destacado del banco Perfect Tree, combina lo mejor de la gen\u00e9tica moderna con un perfil de terpenos inigualable. Resultado de un cruce meticuloso entre Cherrytini y su propia descendencia (S1), esta variedad es la definici\u00f3n de calidad y equilibrio. Con un tiempo de floraci\u00f3n de solo 8 semanas, ofrece cogollos densos con un aroma profundo a cereza dulce y gas que deleitar\u00e1 a los cultivadores y consumidores m\u00e1s exigentes.<\/p>\n<h3><b>Caracter\u00edsticas Principales<\/b><\/h3>\n<ul>\n<li style=\"font-weight: 400\"><b>Gen\u00e9tica:<\/b><span style=\"font-weight: 400\"> Cherrytini x Cherrytini (S1)<\/span><\/li>\n<li style=\"font-weight: 400\"><b>Tipo:<\/b><span style=\"font-weight: 400\"> H\u00edbrido equilibrado<\/span><\/li>\n<li style=\"font-weight: 400\"><b>Tiempo de floraci\u00f3n:<\/b><span style=\"font-weight: 400\"> 8 semanas<\/span><\/li>\n<li style=\"font-weight: 400\"><b>Altura interior:<\/b><span style=\"font-weight: 400\"> 80-100 cm<\/span><\/li>\n<li style=\"font-weight: 400\"><b>Altura exterior:<\/b><span style=\"font-weight: 400\"> Hasta 150 cm<\/span><\/li>\n<li style=\"font-weight: 400\"><b>Producci\u00f3n interior:<\/b><span style=\"font-weight: 400\"> Hasta 500 g\/m\u00b2<\/span><\/li>\n<li style=\"font-weight: 400\"><b>Producci\u00f3n exterior:<\/b><span style=\"font-weight: 400\"> M\u00e1s de 600 g\/planta<\/span><\/li>\n<li style=\"font-weight: 400\"><b>Aroma y sabor:<\/b><span style=\"font-weight: 400\"> Cereza dulce y gas profundo<\/span><\/li>\n<li style=\"font-weight: 400\"><b>Efectos:<\/b><span style=\"font-weight: 400\"> Potentes, ideales para relajaci\u00f3n profunda<\/span><\/li>\n<\/ul>\n<h2>Or\u00edgenes de Cherrytini<\/h2>\n<p>Cherry Noir: Procedente del prestigioso banco Aficionado Mendocino, Cherry Noir aporta la base de cereza y dulzura que define esta cepa. Su gen\u00e9tica cl\u00e1sica asegura una calidad excepcional tanto en sabor como en estructura.<br \/>\nJet A: Este macho robusto y sabroso potencia los aromas gaseosos y profundos de Cherrytini, adem\u00e1s de mejorar su capacidad de producci\u00f3n de resina y potencia general.<br \/>\nEl cruce S1, donde el mejor fenotipo de Cherrytini se auto-poliniza, refina a\u00fan m\u00e1s estas caracter\u00edsticas, resultando en una variedad que supera las expectativas de rendimiento, sabor y efectos.<\/p>\n<h2>Crecimiento y Caracter\u00edsticas de la Planta<\/h2>\n<p>Cherrytini se desarrolla como una planta compacta y robusta, perfecta para espacios interiores y exteriores. Su estructura es equilibrada, con internodos medianos y ramas fuertes que sostienen cogollos densos y resinosos.<br \/>\nAltura interior: 80-100 cm<br \/>\nAltura exterior: Hasta 150 cm<br \/>\nT\u00e9cnicas recomendadas: Responde bien a LST, topping, SCROG y main-lining, optimizando tanto la producci\u00f3n como la calidad de los cogollos.<br \/>\nLa planta se adapta a diversos tipos de sustrato, desde mezclas org\u00e1nicas hasta coco o sistemas hidrop\u00f3nicos. Su vigor la hace ideal tanto para principiantes como para expertos, siendo f\u00e1cil de manejar y altamente productiva en condiciones \u00f3ptimas.<\/p>\n<h2>Floraci\u00f3n y Producci\u00f3n<\/h2>\n<p>Con un ciclo de floraci\u00f3n r\u00e1pido de 8 semanas, Cherrytini recompensa a los cultivadores con flores compactas, densas y repletas de tricomas.<br \/>\nProducci\u00f3n en interior: Hasta 500 g\/m\u00b2<br \/>\nProducci\u00f3n en exterior: M\u00e1s de 600 g\/planta<br \/>\nAltura exterior: Hasta 150 cm<br \/>\nSus flores, de tonos verdes y morados, est\u00e1n cubiertas por una gruesa capa de resina, convirti\u00e9ndola en una excelente elecci\u00f3n para extracciones como rosin, ice-o-lator y BHO. La densidad de sus cogollos asegura un peso notable, incluso si las flores no parecen especialmente grandes a simple vista.<\/p>\n<h2>Aroma y Sabor<\/h2>\n<p>Cherrytini brilla por su perfil de terpenos \u00fanico:<br \/>\nNotas dominantes: Cereza dulce y profunda.<br \/>\nNotas secundarias: Fuertes toques de gas que equilibran su dulzura.<br \/>\nEl aroma es envolvente y complejo, con un toque refrescante que lo hace ideal tanto para fumadores como para amantes de los concentrados. Este perfil de terpenos asegura una experiencia sensorial rica y duradera, dejando una impresi\u00f3n inolvidable en cada calada.<\/p>\n<h2>Efectos<\/h2>\n<p>Cherrytini es conocida por su potente efecto narc\u00f3tico, ideal para la relajaci\u00f3n nocturna. Su dominancia \u00edndica brinda una calma profunda y placentera, perfecta para combatir el estr\u00e9s, aliviar el dolor o disfrutar de un descanso reparador. Aunque tiene un inicio mentalmente relajante, el efecto corporal es lo que realmente destaca, envolviendo al consumidor en una sensaci\u00f3n de tranquilidad absoluta.<\/p>\n","protected":false},"excerpt":{"rendered":"<p>Cherrytini es una obra maestra gen\u00e9tica que combina productividad, sabor y potencia. Su perfil de terpenos \u00fanico, r\u00e1pido ciclo de floraci\u00f3n y efectos intensos la convierten en una opci\u00f3n imprescindible para cualquier cultivador o consumidor que valore la calidad y la experiencia en cada cosecha.<\/p>\n","protected":false},"featured_media":25190,"comment_status":"open","ping_status":"closed","template":"","meta":{"_bst_post_transparent":"","_bst_post_title":"","_bst_post_layout":"","_bst_post_sidebar_id":"","_bst_post_content_style":"","_bst_post_vertical_padding":"","_bst_post_feature":"","_bst_post_feature_position":"","_bst_post_header":false,"_bst_post_footer":false},"pwb-brand":[299],"product_brand":[],"product_cat":[69],"product_tag":[],"class_list":{"0":"post-25191","1":"product","2":"type-product","3":"status-publish","4":"has-post-thumbnail","6":"pwb-brand-perfect-tree","7":"product_cat-feminizadas","9":"first","10":"outofstock","11":"sale","12":"taxable","13":"shipping-taxable","14":"purchasable","15":"product-type-simple","16":"entry","17":"content-bg","18":"loop-entry"},"brands":[{"id":299,"name":"Perfect Tree","slug":"perfect-tree"}],"_links":{"self":[{"href":"https:\/\/puregrowshop.com\/fr\/wp-json\/wp\/v2\/product\/25191","targetHints":{"allow":["GET"]}}],"collection":[{"href":"https:\/\/puregrowshop.com\/fr\/wp-json\/wp\/v2\/product"}],"about":[{"href":"https:\/\/puregrowshop.com\/fr\/wp-json\/wp\/v2\/types\/product"}],"replies":[{"embeddable":true,"href":"https:\/\/puregrowshop.com\/fr\/wp-json\/wp\/v2\/comments?post=25191"}],"wp:featuredmedia":[{"embeddable":true,"href":"https:\/\/puregrowshop.com\/fr\/wp-json\/wp\/v2\/media\/25190"}],"wp:attachment":[{"href":"https:\/\/puregrowshop.com\/fr\/wp-json\/wp\/v2\/media?parent=25191"}],"wp:term":[{"taxonomy":"pwb-brand","embeddable":true,"href":"https:\/\/puregrowshop.com\/fr\/wp-json\/wp\/v2\/pwb-brand?post=25191"},{"taxonomy":"product_brand","embeddable":true,"href":"https:\/\/puregrowshop.com\/fr\/wp-json\/wp\/v2\/product_brand?post=25191"},{"taxonomy":"product_cat","embeddable":true,"href":"https:\/\/puregrowshop.com\/fr\/wp-json\/wp\/v2\/product_cat?post=25191"},{"taxonomy":"product_tag","embeddable":true,"href":"https:\/\/puregrowshop.com\/fr\/wp-json\/wp\/v2\/product_tag?post=25191"}],"curies":[{"name":"wp","href":"https:\/\/api.w.org\/{rel}","templated":true}]}}