{"id":25165,"date":"2024-11-29T09:19:19","date_gmt":"2024-11-29T09:19:19","guid":{"rendered":"https:\/\/puregrowshop.com\/mimooz-6-u-fem-perfect-tree\/"},"modified":"2025-11-21T11:19:23","modified_gmt":"2025-11-21T11:19:23","slug":"mimooz-6-u-fem-perfect-tree","status":"publish","type":"product","link":"https:\/\/puregrowshop.com\/fr\/mimooz-6-u-fem-perfect-tree\/","title":{"rendered":"Mimooz 6 u. fem Perfect Tree"},"content":{"rendered":"<p>Mimozz, una creaci\u00f3n de Perfect Tree, combina la gen\u00e9tica de Mimosa y Peach Ozz para ofrecer un h\u00edbrido de dominancia sativa \u00fanico. Con un tiempo de floraci\u00f3n de solo 7-8 semanas, Mimozz destaca por su perfil de sabor dulce y c\u00edtrico, que recuerda al caramelo de naranja, la crema y los ic\u00f3nicos terpenos Zkittlez. Esta variedad, colorida y rica en resina, es perfecta para quienes buscan una experiencia equilibrada entre relajaci\u00f3n y estimulaci\u00f3n.<\/p>\n<h3><b>Caracter\u00edsticas principales<\/b><\/h3>\n<ul>\n<li style=\"font-weight: 400\"><b>Gen\u00e9tica<\/b><span style=\"font-weight: 400\">: <\/span><i><span style=\"font-weight: 400\">Mimosa x Peach Ozz<\/span><\/i><span style=\"font-weight: 400\">.<\/span><\/li>\n<li style=\"font-weight: 400\"><b>Tipo<\/b><span style=\"font-weight: 400\">: H\u00edbrido de dominancia sativa.<\/span><\/li>\n<li style=\"font-weight: 400\"><b>THC<\/b><span style=\"font-weight: 400\">: Hasta 28%.<\/span><\/li>\n<li style=\"font-weight: 400\"><b>Floraci\u00f3n interior<\/b><span style=\"font-weight: 400\">: 7-8 semanas.<\/span><\/li>\n<li style=\"font-weight: 400\"><b>Producci\u00f3n interior<\/b><span style=\"font-weight: 400\">: 450-550 g\/m\u00b2.<\/span><\/li>\n<li style=\"font-weight: 400\"><b>Producci\u00f3n exterior<\/b><span style=\"font-weight: 400\">: Hasta 700 g por planta.<\/span><\/li>\n<li style=\"font-weight: 400\"><b>Altura interior<\/b><span style=\"font-weight: 400\">: 1,2-1,5 m.<\/span><\/li>\n<li style=\"font-weight: 400\"><b>Altura exterior<\/b><span style=\"font-weight: 400\">: Hasta 2,5 m.<\/span><\/li>\n<li style=\"font-weight: 400\"><b>Aroma y sabor<\/b><span style=\"font-weight: 400\">: Caramelo de naranja, crema y durazno, con notas de terpenos <\/span><i><span style=\"font-weight: 400\">Zkittlez<\/span><\/i><span style=\"font-weight: 400\">.<\/span><\/li>\n<li style=\"font-weight: 400\"><b>Efecto<\/b><span style=\"font-weight: 400\">: Estimulante y relajante, ideal para el d\u00eda.<\/span><\/li>\n<\/ul>\n<h2>Origen y Gen\u00e9tica Mimosa y Peach Ozz<\/h2>\n<p>Mimosa es una variedad reconocida por su perfil de sabor vibrante, con notas c\u00edtricas, dulces y un toque tropical. Descendiente de Clementine y Purple Punch, aporta efectos energizantes que combinan claridad mental y positividad, siendo ideal para comenzar el d\u00eda con energ\u00eda renovada.<br \/>\nPeach Ozz complementa esta combinaci\u00f3n con un perfil frutal \u00fanico, destac\u00e1ndose por sus aromas a durazno maduro y su dulzura intensa. Su gen\u00e9tica asegura flores densas y resinosas con un efecto alegre y creativo, a\u00f1adiendo una capa de complejidad que convierte a Mimozz en una experiencia sensorial completa.<\/p>\n<h2>Crecimiento de la planta<\/h2>\n<p>Mimozz es una planta vigorosa y adaptable, que prospera tanto en cultivos de interior como de exterior. En interior, su estructura alta y estilizada es ideal para t\u00e9cnicas como SCROG y LST, mientras que en exterior puede alcanzar alturas de hasta 2,5 metros bajo las condiciones adecuadas.<br \/>\nLas hojas son estrechas, de un verde brillante que puede tornarse p\u00farpura en fenotipos espec\u00edficos bajo temperaturas m\u00e1s frescas. Sus ramas son fuertes y flexibles, capaces de soportar cogollos pesados y densos.<br \/>\nSistemas de cultivo recomendados: Mimozz responde bien a t\u00e9cnicas de manipulaci\u00f3n como podas apicales, FIM y ataduras estrat\u00e9gicas para maximizar la luz y el espacio. Se adapta a diversos sustratos, desde tierra org\u00e1nica hasta coco o sistemas hidrop\u00f3nicos, mostrando un gran potencial con una nutrici\u00f3n equilibrada.<\/p>\n<h2>Periodo de floraci\u00f3n y producci\u00f3n<\/h2>\n<p>El periodo de floraci\u00f3n de Mimozz es r\u00e1pido, con un estiramiento controlado (stretch) y una r\u00e1pida producci\u00f3n de tricomas desde la segunda semana. Durante la etapa de engorde, los cogollos se vuelven m\u00e1s densos, cubiertos de una resina brillante que la convierte en una candidata perfecta para extracciones.<br \/>\nLas flores son compactas, con tonos verdes y ocasionalmente p\u00farpuras, y exudan un aroma potente incluso antes de la cosecha. En interior, puede producir entre 450-550 g\/m\u00b2, mientras que en exterior alcanza rendimientos de hasta 700 g por planta. Las plantas suelen alcanzar alturas finales de 1,2 a 1,5 m en interior y hasta 2,5 m en exterior.<\/p>\n<h2>Aroma y sabor<\/h2>\n<p>Mimozz destaca por su perfil arom\u00e1tico y sabor excepcionales. Sus cogollos desprenden un aroma dulce y c\u00edtrico que recuerda al caramelo de naranja, complementado con notas cremosas y frutales. Estos sabores, potenciados por terpenos como el limoneno, mirceno y cariofileno, aseguran una experiencia completa en cada calada.<br \/>\nAdem\u00e1s, su resina abundante la convierte en una candidata ideal para extracciones como rosin, BHO, hash de agua y dry sift, preservando siempre su distintivo perfil terpenoide.<\/p>\n<h2>Efectos y niveles de THC<\/h2>\n<p>Con un contenido de THC que alcanza el 28%, Mimozz ofrece un equilibrio perfecto de efectos estimulantes y relajantes. Su dominancia sativa se traduce en un subid\u00f3n alegre y en\u00e9rgico, ideal para actividades creativas o sociales, seguido de una relajaci\u00f3n corporal suave que no resulta sedante. Es una variedad ideal para consumo diurno, proporcionando bienestar mental y f\u00edsico.<\/p>\n<h2>Premios y reconocimientos<\/h2>\n<p>Mimozz no solo es una favorita entre los cultivadores y consumidores, sino tambi\u00e9n en el mundo de las competiciones cann\u00e1bicas. Sus premios incluyen:<br \/>\nSecret Cup Bizkaia (Espa\u00f1a) 2020: 2\u00ba lugar en categor\u00eda Sativa.<br \/>\nSecret Cup Ibiza (Espa\u00f1a) 2022: 3\u00ba lugar en categor\u00eda Rosin.<br \/>\nCopa de las Flores (Chile) 2022: 2\u00ba lugar en Indoor.<br \/>\nCopa de las Flores (Chile) 2023: 1\u00ba lugar en B.Growing.<br \/>\nGas Cup (Alemania) 2023: 1\u00ba lugar en Rosin.<br \/>\nEstos reconocimientos destacan la calidad y versatilidad de esta variedad, tanto en flor como en extracciones.<\/p>\n","protected":false},"excerpt":{"rendered":"<p><span style=\"font-weight: 400\">Mimozz de Perfect Tree es una joya cann\u00e1bica que combina gen\u00e9tica de alta calidad, un perfil terpenoide irresistible y efectos equilibrados. Su capacidad para destacar en extracciones y su r\u00e1pida floraci\u00f3n la hacen ideal tanto para cultivadores comerciales como para apasionados del cannabis. Con m\u00faltiples premios que avalan su excelencia, Mimozz es una elecci\u00f3n imprescindible para cualquier jard\u00edn.<\/span><\/p>\n","protected":false},"featured_media":25164,"comment_status":"open","ping_status":"closed","template":"","meta":{"_bst_post_transparent":"","_bst_post_title":"","_bst_post_layout":"","_bst_post_sidebar_id":"","_bst_post_content_style":"","_bst_post_vertical_padding":"","_bst_post_feature":"","_bst_post_feature_position":"","_bst_post_header":false,"_bst_post_footer":false},"pwb-brand":[299],"product_brand":[],"product_cat":[69],"product_tag":[],"class_list":{"0":"post-25165","1":"product","2":"type-product","3":"status-publish","4":"has-post-thumbnail","6":"pwb-brand-perfect-tree","7":"product_cat-feminizadas","9":"first","10":"instock","11":"sale","12":"taxable","13":"shipping-taxable","14":"purchasable","15":"product-type-simple","16":"entry","17":"content-bg","18":"loop-entry"},"brands":[{"id":299,"name":"Perfect Tree","slug":"perfect-tree"}],"_links":{"self":[{"href":"https:\/\/puregrowshop.com\/fr\/wp-json\/wp\/v2\/product\/25165","targetHints":{"allow":["GET"]}}],"collection":[{"href":"https:\/\/puregrowshop.com\/fr\/wp-json\/wp\/v2\/product"}],"about":[{"href":"https:\/\/puregrowshop.com\/fr\/wp-json\/wp\/v2\/types\/product"}],"replies":[{"embeddable":true,"href":"https:\/\/puregrowshop.com\/fr\/wp-json\/wp\/v2\/comments?post=25165"}],"wp:featuredmedia":[{"embeddable":true,"href":"https:\/\/puregrowshop.com\/fr\/wp-json\/wp\/v2\/media\/25164"}],"wp:attachment":[{"href":"https:\/\/puregrowshop.com\/fr\/wp-json\/wp\/v2\/media?parent=25165"}],"wp:term":[{"taxonomy":"pwb-brand","embeddable":true,"href":"https:\/\/puregrowshop.com\/fr\/wp-json\/wp\/v2\/pwb-brand?post=25165"},{"taxonomy":"product_brand","embeddable":true,"href":"https:\/\/puregrowshop.com\/fr\/wp-json\/wp\/v2\/product_brand?post=25165"},{"taxonomy":"product_cat","embeddable":true,"href":"https:\/\/puregrowshop.com\/fr\/wp-json\/wp\/v2\/product_cat?post=25165"},{"taxonomy":"product_tag","embeddable":true,"href":"https:\/\/puregrowshop.com\/fr\/wp-json\/wp\/v2\/product_tag?post=25165"}],"curies":[{"name":"wp","href":"https:\/\/api.w.org\/{rel}","templated":true}]}}