{"id":25143,"date":"2024-11-29T09:19:11","date_gmt":"2024-11-29T09:19:11","guid":{"rendered":"https:\/\/puregrowshop.com\/baked-in-paris-6-u-fem-perfect-tree\/"},"modified":"2025-11-21T11:19:49","modified_gmt":"2025-11-21T11:19:49","slug":"baked-in-paris-6-u-fem-perfect-tree","status":"publish","type":"product","link":"https:\/\/puregrowshop.com\/fr\/baked-in-paris-6-u-fem-perfect-tree\/","title":{"rendered":"Baked in Paris 6 u. fem Perfect Tree"},"content":{"rendered":"<p><span style=\"font-weight: 400\">Baked in Paris es una obra maestra de Perfect Tree, nacida de la exquisita fusi\u00f3n de <\/span><b>Wedding Cake<\/b><span style=\"font-weight: 400\"> y <\/span><b>Jet A<\/b><span style=\"font-weight: 400\">. Este h\u00edbrido con dominancia \u00edndica destaca por su excepcional producci\u00f3n de tricomas, un perfil de terpenos que combina Cookies, gas profundo y sutiles toques de Gelato, y unos efectos sedantes que te llevan a un estado de relajaci\u00f3n profunda. Con un tiempo de floraci\u00f3n corto de <\/span><b>7-8 semanas<\/b><span style=\"font-weight: 400\"> y un rendimiento sobresaliente en resina, esta variedad es ideal tanto para cultivadores como para amantes de las extracciones.<\/span><\/p>\n<h3><b>Caracter\u00edsticas Principales<\/b><\/h3>\n<ul>\n<li style=\"font-weight: 400\"><b>Gen\u00e9tica:<\/b><span style=\"font-weight: 400\"> Wedding Cake x Jet A<\/span><\/li>\n<li style=\"font-weight: 400\"><b>Tipo:<\/b><span style=\"font-weight: 400\"> H\u00edbrido \u00edndica dominante<\/span><\/li>\n<li style=\"font-weight: 400\"><b>Tiempo de floraci\u00f3n:<\/b><span style=\"font-weight: 400\"> 7-8 semanas<\/span><\/li>\n<li style=\"font-weight: 400\"><b>Altura interior:<\/b><span style=\"font-weight: 400\"> 90-120 cm<\/span><\/li>\n<li style=\"font-weight: 400\"><b>Altura exterior:<\/b><span style=\"font-weight: 400\"> 2+ metros<\/span><\/li>\n<li style=\"font-weight: 400\"><b>Rendimiento interior:<\/b><span style=\"font-weight: 400\"> 450-500 g\/m\u00b2<\/span><\/li>\n<li style=\"font-weight: 400\"><b>Rendimiento exterior:<\/b><span style=\"font-weight: 400\"> M\u00e1s de 700 g\/planta<\/span><\/li>\n<li style=\"font-weight: 400\"><b>Aroma y sabor:<\/b><span style=\"font-weight: 400\"> Cookies, gas, Gelato<\/span><\/li>\n<li style=\"font-weight: 400\"><b>Efectos:<\/b><span style=\"font-weight: 400\"> Potente sedante, ideal para relajaci\u00f3n profunda<\/span><\/li>\n<\/ul>\n<h2><b>Herencia de \u00c9lite<\/b><\/h2>\n<p><b>Wedding Cake<\/b><span style=\"font-weight: 400\"><br \/>\n<\/span><span style=\"font-weight: 400\">Esta joya gen\u00e9tica aporta su estructura robusta, cogollos densos y una capa impresionante de resina. Con un perfil dulce y cremoso acompa\u00f1ado de notas de vainilla y galletas, Wedding Cake es conocida por su potencia y efectos relajantes que sientan las bases de Baked in Paris.<\/span><\/p>\n<p><b>Jet A<\/b><span style=\"font-weight: 400\"><br \/>\n<\/span><span style=\"font-weight: 400\">Jet A a\u00f1ade un toque de sofisticaci\u00f3n al perfil de terpenos, con un fuerte car\u00e1cter gaseoso y afrutado. Su potencia y riqueza en tricomas complementan perfectamente a Wedding Cake, dando lugar a una variedad con efectos potentes y un aroma cautivador.<\/span><\/p>\n<h2><b>Crecimiento y Caracter\u00edsticas de la Planta<\/b><\/h2>\n<p><span style=\"font-weight: 400\">Baked in Paris es una planta vigorosa y compacta, adecuada tanto para interiores como exteriores. En interior, alcanza alturas manejables de <\/span><b>90-120 cm<\/b><span style=\"font-weight: 400\">, mientras que en exterior puede superar los <\/span><b>2 metros<\/b><span style=\"font-weight: 400\"> bajo condiciones \u00f3ptimas. Sus hojas son anchas, de un verde intenso que contrasta con los cogollos cubiertos de resina casi blanca, lo que la convierte en una planta visualmente deslumbrante.<\/span><\/p>\n<p><span style=\"font-weight: 400\">Se adapta bien a sistemas como <\/span><b>SOG<\/b><span style=\"font-weight: 400\"> y <\/span><b>SCROG<\/b><span style=\"font-weight: 400\">, y responde positivamente a t\u00e9cnicas de poda como <\/span><b>FIM<\/b><span style=\"font-weight: 400\"> o <\/span><b>LST<\/b><span style=\"font-weight: 400\">, maximizando el rendimiento y la calidad de las flores. Un sustrato aireado y una alimentaci\u00f3n equilibrada potenciar\u00e1n su producci\u00f3n, mientras que su estructura resistente facilita el manejo en cualquier entorno.<\/span><\/p>\n<h2><b>Floraci\u00f3n y Producci\u00f3n<\/b><\/h2>\n<p><span style=\"font-weight: 400\">El ciclo de floraci\u00f3n de Baked in Paris es r\u00e1pido, de <\/span><b>7-8 semanas<\/b><span style=\"font-weight: 400\">, ideal para quienes buscan resultados r\u00e1pidos sin comprometer la calidad. Durante el <\/span><b>stretch<\/b><span style=\"font-weight: 400\">, muestra un crecimiento moderado, seguido de una intensa formaci\u00f3n de tricomas que cubren completamente los cogollos desde las primeras semanas de floraci\u00f3n.<\/span><\/p>\n<p><span style=\"font-weight: 400\">Sus flores son compactas, densas y con una apariencia casi blanca debido a la abundante resina. Estas caracter\u00edsticas la convierten en una candidata excepcional para extracciones como <\/span><b>dry sift<\/b><span style=\"font-weight: 400\">, <\/span><b>rosin<\/b><span style=\"font-weight: 400\">, <\/span><b>BHO<\/b><span style=\"font-weight: 400\"> y hash de agua, destacando por su pureza y aroma.<\/span><\/p>\n<p><span style=\"font-weight: 400\">En interior, ofrece rendimientos decentes de <\/span><b>450-500 g\/m\u00b2<\/b><span style=\"font-weight: 400\">, mientras que en exterior puede superar los <\/span><b>700 g\/planta<\/b><span style=\"font-weight: 400\"> en condiciones \u00f3ptimas.<\/span><\/p>\n<h2><b>Olor y Sabor<\/b><\/h2>\n<p><span style=\"font-weight: 400\">El perfil arom\u00e1tico de Baked in Paris es una sinfon\u00eda de sabores. El dulce aroma a Cookies se mezcla armoniosamente con profundas notas de gas y toques cremosos de Gelato, ofreciendo una experiencia sensorial compleja y sofisticada. Este perfil de terpenos no solo la hace atractiva para fumar, sino tambi\u00e9n ideal para extracciones donde se busca intensidad y definici\u00f3n en los sabores.<\/span><\/p>\n<h2><b>Efectos<\/b><\/h2>\n<p><span style=\"font-weight: 400\">Con efectos predominantemente sedantes, Baked in Paris es perfecta para momentos de relajaci\u00f3n profunda o para finalizar el d\u00eda. Su potencia, impulsada por un alto contenido de THC, induce una sensaci\u00f3n de calma absoluta, ideal para combatir el estr\u00e9s, el insomnio o simplemente para desconectar. Es una compa\u00f1era perfecta para noches tranquilas y un sue\u00f1o reparador.<\/span><\/p>\n<h2><b>Premios<\/b><\/h2>\n<p><span style=\"font-weight: 400\">Baked in Paris no solo ha ganado el coraz\u00f3n de los cultivadores, sino tambi\u00e9n reconocimientos en prestigiosas competencias, consolid\u00e1ndola como una variedad de \u00e9lite.<\/span><\/p>\n","protected":false},"excerpt":{"rendered":"<p>Baked in Paris es una verdadera joya para cultivadores y conocedores. Su r\u00e1pido tiempo de floraci\u00f3n, su deslumbrante producci\u00f3n de tricomas y su cautivador perfil de terpenos la convierten en una variedad imprescindible. Perfecta tanto para extracciones como para disfrutar en su forma m\u00e1s pura, esta variedad ofrece una experiencia que redefine la relajaci\u00f3n y el disfrute del cannabis.<\/p>\n","protected":false},"featured_media":25142,"comment_status":"open","ping_status":"closed","template":"","meta":{"_bst_post_transparent":"","_bst_post_title":"","_bst_post_layout":"","_bst_post_sidebar_id":"","_bst_post_content_style":"","_bst_post_vertical_padding":"","_bst_post_feature":"","_bst_post_feature_position":"","_bst_post_header":false,"_bst_post_footer":false},"pwb-brand":[299],"product_brand":[],"product_cat":[96,69],"product_tag":[],"class_list":{"0":"post-25143","1":"product","2":"type-product","3":"status-publish","4":"has-post-thumbnail","6":"pwb-brand-perfect-tree","7":"product_cat-afrutadas","8":"product_cat-feminizadas","10":"first","11":"outofstock","12":"sale","13":"taxable","14":"shipping-taxable","15":"purchasable","16":"product-type-simple","17":"entry","18":"content-bg","19":"loop-entry"},"brands":[{"id":299,"name":"Perfect Tree","slug":"perfect-tree"}],"_links":{"self":[{"href":"https:\/\/puregrowshop.com\/fr\/wp-json\/wp\/v2\/product\/25143","targetHints":{"allow":["GET"]}}],"collection":[{"href":"https:\/\/puregrowshop.com\/fr\/wp-json\/wp\/v2\/product"}],"about":[{"href":"https:\/\/puregrowshop.com\/fr\/wp-json\/wp\/v2\/types\/product"}],"replies":[{"embeddable":true,"href":"https:\/\/puregrowshop.com\/fr\/wp-json\/wp\/v2\/comments?post=25143"}],"wp:featuredmedia":[{"embeddable":true,"href":"https:\/\/puregrowshop.com\/fr\/wp-json\/wp\/v2\/media\/25142"}],"wp:attachment":[{"href":"https:\/\/puregrowshop.com\/fr\/wp-json\/wp\/v2\/media?parent=25143"}],"wp:term":[{"taxonomy":"pwb-brand","embeddable":true,"href":"https:\/\/puregrowshop.com\/fr\/wp-json\/wp\/v2\/pwb-brand?post=25143"},{"taxonomy":"product_brand","embeddable":true,"href":"https:\/\/puregrowshop.com\/fr\/wp-json\/wp\/v2\/product_brand?post=25143"},{"taxonomy":"product_cat","embeddable":true,"href":"https:\/\/puregrowshop.com\/fr\/wp-json\/wp\/v2\/product_cat?post=25143"},{"taxonomy":"product_tag","embeddable":true,"href":"https:\/\/puregrowshop.com\/fr\/wp-json\/wp\/v2\/product_tag?post=25143"}],"curies":[{"name":"wp","href":"https:\/\/api.w.org\/{rel}","templated":true}]}}