{"id":25085,"date":"2024-11-27T14:17:10","date_gmt":"2024-11-27T14:17:10","guid":{"rendered":"https:\/\/puregrowshop.com\/?post_type=product&#038;p=25085"},"modified":"2026-04-09T07:42:19","modified_gmt":"2026-04-09T07:42:19","slug":"mimosa-x-orange-punch-feminizada-barneys","status":"publish","type":"product","link":"https:\/\/puregrowshop.com\/fr\/mimosa-x-orange-punch-feminizada-barneys\/","title":{"rendered":"Mimosa x Orange Punch feminizada Barney&#8217;s Farm"},"content":{"rendered":"<p>Mimosa x Orange Punch feminizada es una exquisita variedad desarrollada por el prestigioso banco de semillas Barney\u2019s Farm. Este h\u00edbrido de predominancia \u00edndica (65% \u00edndica, 35% sativa) es el resultado del cruce entre Mimosa Evo y Orange Punch, dos variedades ic\u00f3nicas que aportan potencia, sabor y una experiencia de cultivo \u00fanica.<\/p>\n<h3><strong>Caracter\u00edsticas principales de Mimosa x Orange Punch<\/strong><\/h3>\n<ul>\n<li><strong>Gen\u00e9tica:<\/strong> Mimosa Evo x Orange Punch<\/li>\n<li><strong>THC:<\/strong> Hasta 30%<\/li>\n<li><strong>Altura interior:<\/strong> 70-80 cm<\/li>\n<li><strong>Altura exterior:<\/strong> 1.5-1.8 m<\/li>\n<li><strong>Floraci\u00f3n:<\/strong> 55-60 d\u00edas<\/li>\n<li><strong>Producci\u00f3n interior:<\/strong> Hasta 700 g\/m\u00b2<\/li>\n<li><strong>Producci\u00f3n exterior:<\/strong> Hasta 1.5 kg por planta<\/li>\n<li><strong>Sabor:<\/strong> Mandarina, naranja dulce, floral<\/li>\n<li><strong>Efecto:<\/strong> Euf\u00f3rico, relajante, equilibrado<\/li>\n<\/ul>\n<h2>Ancestros de Mimosa x Orange Punch<\/h2>\n<p><strong>Mimosa Evo<\/strong>: Esta variedad, famosa por su efecto energizante y su sabor c\u00edtrico, es una descendiente directa de Clementine y Purple Punch. Mimosa Evo aporta a este h\u00edbrido un perfil organol\u00e9ptico vibrante, marcado por intensos matices de naranja y mandarina.<\/p>\n<p><strong>Orange Punch<\/strong>: Con una estructura compacta y un perfil dulce y afrutado, Orange Punch se ha consolidado como un cl\u00e1sico por sus cogollos resinosos y su efecto relajante. Su influencia refuerza el car\u00e1cter c\u00edtrico y dulce de Mimosa x Orange Punch, garantizando una experiencia sensorial inigualable.<\/p>\n<h3>Crecimiento y caracter\u00edsticas de la planta<\/h3>\n<p>Mimosa x Orange Punch es una planta compacta y manejable, ideal para cultivadores de todos los niveles. En cultivos de interior, alcanza alturas de 70-80 cm, mientras que en exterior puede crecer hasta 1.5-1.8 metros. Su estructura ramificada y robusta facilita la formaci\u00f3n de cogollos densos y resinosos, con tonalidades p\u00farpuras profundas que contrastan con los pistilos naranja brillante.<\/p>\n<p>Es apta para diversas t\u00e9cnicas de cultivo como SOG (Sea of Green) y SCROG (Screen of Green), maximizando su rendimiento incluso en espacios reducidos. Requiere una nutrici\u00f3n equilibrada, con un enfoque en f\u00f3sforo y potasio durante la floraci\u00f3n para potenciar el desarrollo de sus flores resinosas.<\/p>\n<h3>Periodo de floraci\u00f3n y producci\u00f3n<\/h3>\n<p>Con un periodo de floraci\u00f3n de solo 55-60 d\u00edas, Mimosa x Orange Punch es una opci\u00f3n r\u00e1pida y eficiente para cultivadores que buscan resultados \u00f3ptimos en menos tiempo. En interiores, ofrece rendimientos de hasta 700 g\/m\u00b2, mientras que en exteriores, bajo condiciones \u00f3ptimas, puede producir hasta 1.5 kg por planta.<\/p>\n<p>Durante la floraci\u00f3n, los cogollos se cubren de una capa brillante de tricomas, que intensifican sus colores p\u00farpuras y naranjas. Estas caracter\u00edsticas la convierten en una excelente candidata para la extracci\u00f3n de resinas de alta calidad.<\/p>\n<h3>Olores y sabores<\/h3>\n<p>El perfil organol\u00e9ptico de Mimosa x Orange Punch es su principal atractivo. Sus aromas son intensos, dominados por notas de mandarina, naranja dulce y un trasfondo floral y terroso. Su sabor, una explosi\u00f3n c\u00edtrica con matices dulces, evoca el recuerdo de caramelos de naranja. Este perfil es el resultado de una rica composici\u00f3n de terpenos, destac\u00e1ndose el limoneno, el beta-cariofileno y el linalool.<\/p>\n<h3>Efecto y potencia<\/h3>\n<p>Con un THC que puede alcanzar hasta el 30%, Mimosa x Orange Punch ofrece un efecto potente pero equilibrado. Su inicio es energizante y euf\u00f3rico, ideal para momentos creativos o sociales. Con el tiempo, esta sensaci\u00f3n se transforma en una relajaci\u00f3n corporal profunda, perfecta para aliviar el estr\u00e9s y disfrutar de momentos de calma.<\/p>\n","protected":false},"excerpt":{"rendered":"<p>Mimosa x Orange Punch de Barney\u2019s Farm es una opci\u00f3n excepcional para cultivadores que buscan una combinaci\u00f3n de alta producci\u00f3n, rapidez y sabores inolvidables. Con su potente efecto equilibrado y su vibrante perfil arom\u00e1tico, esta variedad es ideal tanto para uso recreativo como terap\u00e9utico.<\/p>\n","protected":false},"featured_media":17874,"comment_status":"open","ping_status":"closed","template":"","meta":{"_bst_post_transparent":"","_bst_post_title":"","_bst_post_layout":"","_bst_post_sidebar_id":"","_bst_post_content_style":"","_bst_post_vertical_padding":"","_bst_post_feature":"","_bst_post_feature_position":"","_bst_post_header":false,"_bst_post_footer":false},"pwb-brand":[131],"product_brand":[],"product_cat":[96,69,95,92],"product_tag":[],"class_list":{"0":"post-25085","1":"product","2":"type-product","3":"status-publish","4":"has-post-thumbnail","6":"pwb-brand-barneys-farm","7":"product_cat-afrutadas","8":"product_cat-feminizadas","9":"product_cat-indicas","10":"product_cat-morada","12":"first","13":"instock","14":"sale","15":"taxable","16":"shipping-taxable","17":"purchasable","18":"product-type-variable","19":"has-default-attributes","20":"entry","21":"content-bg","22":"loop-entry"},"brands":[{"id":131,"name":"Barney\u2019s Farm","slug":"barneys-farm"}],"_links":{"self":[{"href":"https:\/\/puregrowshop.com\/fr\/wp-json\/wp\/v2\/product\/25085","targetHints":{"allow":["GET"]}}],"collection":[{"href":"https:\/\/puregrowshop.com\/fr\/wp-json\/wp\/v2\/product"}],"about":[{"href":"https:\/\/puregrowshop.com\/fr\/wp-json\/wp\/v2\/types\/product"}],"replies":[{"embeddable":true,"href":"https:\/\/puregrowshop.com\/fr\/wp-json\/wp\/v2\/comments?post=25085"}],"wp:featuredmedia":[{"embeddable":true,"href":"https:\/\/puregrowshop.com\/fr\/wp-json\/wp\/v2\/media\/17874"}],"wp:attachment":[{"href":"https:\/\/puregrowshop.com\/fr\/wp-json\/wp\/v2\/media?parent=25085"}],"wp:term":[{"taxonomy":"pwb-brand","embeddable":true,"href":"https:\/\/puregrowshop.com\/fr\/wp-json\/wp\/v2\/pwb-brand?post=25085"},{"taxonomy":"product_brand","embeddable":true,"href":"https:\/\/puregrowshop.com\/fr\/wp-json\/wp\/v2\/product_brand?post=25085"},{"taxonomy":"product_cat","embeddable":true,"href":"https:\/\/puregrowshop.com\/fr\/wp-json\/wp\/v2\/product_cat?post=25085"},{"taxonomy":"product_tag","embeddable":true,"href":"https:\/\/puregrowshop.com\/fr\/wp-json\/wp\/v2\/product_tag?post=25085"}],"curies":[{"name":"wp","href":"https:\/\/api.w.org\/{rel}","templated":true}]}}