{"id":24987,"date":"2024-11-22T16:22:56","date_gmt":"2024-11-22T16:22:56","guid":{"rendered":"https:\/\/puregrowshop.com\/?post_type=product&#038;p=24987"},"modified":"2025-11-21T11:22:51","modified_gmt":"2025-11-21T11:22:51","slug":"mimosa-feminizada-00-seeds","status":"publish","type":"product","link":"https:\/\/puregrowshop.com\/fr\/mimosa-feminizada-00-seeds\/","title":{"rendered":"Mimosa feminizada 00 Seeds"},"content":{"rendered":"<p>La Mimosa de 00 Seeds es una h\u00edbrida excepcional que combina lo mejor de las variedades Clementine y Purple Punch, resultando en una planta vigorosa, compacta y altamente productiva. Con un impresionante 25% de THC, esta variedad es ideal para aquellos cultivadores que buscan una planta con una floraci\u00f3n r\u00e1pida, alta producci\u00f3n y un perfil de terpenos fresco y afrutado. Su potente efecto y delicioso aroma hacen que la Mimosa sea una opci\u00f3n muy popular tanto en cultivos interiores como exteriores.<\/p>\n<h3><b>Caracter\u00edsticas principales:<\/b><\/h3>\n<ul>\n<li style=\"font-weight: 400\"><b>Gen\u00e9tica<\/b><span style=\"font-weight: 400\">: H\u00edbrida, cruce de <\/span><b>Clementine<\/b><span style=\"font-weight: 400\"> x <\/span><b>Purple Punch<\/b><\/li>\n<li style=\"font-weight: 400\"><b>THC<\/b><span style=\"font-weight: 400\">: 25%<\/span><\/li>\n<li style=\"font-weight: 400\"><b>Ciclo de floraci\u00f3n interior<\/b><span style=\"font-weight: 400\">: 55-60 d\u00edas<\/span><\/li>\n<li style=\"font-weight: 400\"><b>Producci\u00f3n interior<\/b><span style=\"font-weight: 400\">: 550-600 g\/m\u00b2<\/span><\/li>\n<li style=\"font-weight: 400\"><b>Producci\u00f3n exterior<\/b><span style=\"font-weight: 400\">: Cosecha entre 1 y 15 de octubre<\/span><\/li>\n<li style=\"font-weight: 400\"><b>Altura interior<\/b><span style=\"font-weight: 400\">: 80-100 cm<\/span><\/li>\n<li style=\"font-weight: 400\"><b>Altura exterior<\/b><span style=\"font-weight: 400\">: 160-190 cm<\/span><\/li>\n<li style=\"font-weight: 400\"><b>Aroma y sabor<\/b><span style=\"font-weight: 400\">: C\u00edtrico a naranja con toques picantes<\/span><\/li>\n<li style=\"font-weight: 400\"><b style=\"font-family: var(--global-body-font-family)\">Efecto<\/b><span style=\"font-weight: 400\">: Energizante, euf\u00f3rico y equilibrado<\/span><\/li>\n<\/ul>\n<h3>\nAncestros de la Mimosa<\/h3>\n<p>La Mimosa es el resultado del cruce entre dos cepas ic\u00f3nicas: Clementine, conocida por su sabor afrutado y c\u00edtrico, y Purple Punch, famosa por su potencia y efectos relajantes. Este cruce ha dado lugar a una planta con una estructura robusta y una floraci\u00f3n r\u00e1pida, sin sacrificar el sabor y la potencia que la hacen destacar en el mercado.<\/p>\n<h3>\nCrecimiento y estructura de la planta<\/h3>\n<p>La Mimosa tiene un crecimiento vigoroso y un porte compacto, alcanzando alturas de 80-100 cm en interior y de 160-190 cm en exterior. Su estructura se caracteriza por una fuerte ramificaci\u00f3n lateral, lo que permite una excelente distribuci\u00f3n de los nutrientes y una producci\u00f3n homog\u00e9nea de cogollos. Los cogollos de la Mimosa son densos y cubiertos de tricomas resinosos, lo que la convierte en una excelente opci\u00f3n para la extracci\u00f3n de resina, como BHO o hach\u00eds.<\/p>\n<h3>\nPeriodo de cultivo y desarrollo de cogollos<\/h3>\n<p>En interior, la Mimosa tiene un periodo de floraci\u00f3n de 55-60 d\u00edas, lo que la hace una opci\u00f3n ideal para aquellos que buscan resultados r\u00e1pidos y de alta calidad. Su producci\u00f3n es generosa, alcanzando hasta 550-600 g\/m\u00b2 en condiciones \u00f3ptimas. En exterior, la cosecha est\u00e1 lista entre 1 y 15 de octubre, con plantas que alcanzan alturas de hasta 190 cm, ideales para cultivadores con suficiente espacio en el jard\u00edn o en invernaderos.<br \/>\nLa producci\u00f3n de cogollos es abundante y de gran calidad, cubiertos con una capa espesa de tricomas resinosos. Durante la floraci\u00f3n, los cogollos adquieren tonos que var\u00edan entre el verde y el morado, creando una apariencia visualmente atractiva.<\/p>\n<h3>\nOlores y sabores<\/h3>\n<p>La Mimosa ofrece un perfil de terpenos \u00fanico con un aroma c\u00edtrico a naranja que se mezcla con sutiles toques picantes. Su sabor es igualmente refrescante, con una explosi\u00f3n de sabores afrutados y un toque picante que deja una sensaci\u00f3n agradable y duradera. Esta combinaci\u00f3n de aromas y sabores hace que la Mimosa sea una de las variedades m\u00e1s deseadas para los amantes de las cepas c\u00edtricas.<\/p>\n<h3>Efecto y niveles de THC<\/h3>\n<p>Con un 25% de THC, la Mimosa es una variedad potente, perfecta para quienes buscan una experiencia intensa y duradera. El efecto inicial es energizante, cerebral y muy euf\u00f3rico, lo que la hace ideal para momentos de socializaci\u00f3n o creatividad. A medida que el efecto avanza, se mezcla con una relajaci\u00f3n suave pero efectiva, sin caer en una somnolencia excesiva. Es una variedad perfecta para disfrutar durante el d\u00eda, proporcionando una experiencia equilibrada entre energ\u00eda y calma.<\/p>\n","protected":false},"excerpt":{"rendered":"<p>La Mimosa de 00 Seeds es una cepa que destaca por su gran vigor, r\u00e1pida floraci\u00f3n y una producci\u00f3n abundante de cogollos resinosos. Con su perfil de terpenos c\u00edtricos y un impresionante 25% de THC, ofrece una experiencia potente y equilibrada. Ideal para aquellos cultivadores que buscan una planta de alta calidad, de crecimiento r\u00e1pido y con un perfil de sabor refrescante y afrutado. Perfecta tanto para uso recreativo como terap\u00e9utico, la Mimosa es una opci\u00f3n imprescindible para cualquier cultivador de cannabis.<\/p>\n","protected":false},"featured_media":14553,"comment_status":"open","ping_status":"closed","template":"","meta":{"_bst_post_transparent":"","_bst_post_title":"","_bst_post_layout":"","_bst_post_sidebar_id":"","_bst_post_content_style":"","_bst_post_vertical_padding":"","_bst_post_feature":"","_bst_post_feature_position":"","_bst_post_header":false,"_bst_post_footer":false},"pwb-brand":[188],"product_brand":[],"product_cat":[96,69],"product_tag":[],"class_list":{"0":"post-24987","1":"product","2":"type-product","3":"status-publish","4":"has-post-thumbnail","6":"pwb-brand-00-seeds","7":"product_cat-afrutadas","8":"product_cat-feminizadas","10":"first","11":"instock","12":"sale","13":"taxable","14":"shipping-taxable","15":"purchasable","16":"product-type-variable","17":"has-default-attributes","18":"entry","19":"content-bg","20":"loop-entry"},"brands":[{"id":188,"name":"00 Seeds","slug":"00-seeds"}],"_links":{"self":[{"href":"https:\/\/puregrowshop.com\/fr\/wp-json\/wp\/v2\/product\/24987","targetHints":{"allow":["GET"]}}],"collection":[{"href":"https:\/\/puregrowshop.com\/fr\/wp-json\/wp\/v2\/product"}],"about":[{"href":"https:\/\/puregrowshop.com\/fr\/wp-json\/wp\/v2\/types\/product"}],"replies":[{"embeddable":true,"href":"https:\/\/puregrowshop.com\/fr\/wp-json\/wp\/v2\/comments?post=24987"}],"wp:featuredmedia":[{"embeddable":true,"href":"https:\/\/puregrowshop.com\/fr\/wp-json\/wp\/v2\/media\/14553"}],"wp:attachment":[{"href":"https:\/\/puregrowshop.com\/fr\/wp-json\/wp\/v2\/media?parent=24987"}],"wp:term":[{"taxonomy":"pwb-brand","embeddable":true,"href":"https:\/\/puregrowshop.com\/fr\/wp-json\/wp\/v2\/pwb-brand?post=24987"},{"taxonomy":"product_brand","embeddable":true,"href":"https:\/\/puregrowshop.com\/fr\/wp-json\/wp\/v2\/product_brand?post=24987"},{"taxonomy":"product_cat","embeddable":true,"href":"https:\/\/puregrowshop.com\/fr\/wp-json\/wp\/v2\/product_cat?post=24987"},{"taxonomy":"product_tag","embeddable":true,"href":"https:\/\/puregrowshop.com\/fr\/wp-json\/wp\/v2\/product_tag?post=24987"}],"curies":[{"name":"wp","href":"https:\/\/api.w.org\/{rel}","templated":true}]}}