{"id":24938,"date":"2024-11-20T14:39:51","date_gmt":"2024-11-20T14:39:51","guid":{"rendered":"https:\/\/puregrowshop.com\/?post_type=product&#038;p=24938"},"modified":"2026-03-24T07:14:44","modified_gmt":"2026-03-24T07:14:44","slug":"amnesia-haze-royal-queen","status":"publish","type":"product","link":"https:\/\/puregrowshop.com\/fr\/amnesia-haze-royal-queen\/","title":{"rendered":"Amnesia Haze Royal Queen"},"content":{"rendered":"<p data-start=\"637\" data-end=\"1125\">La <strong data-start=\"640\" data-end=\"661\">Amnesia Haze fem.<\/strong> de <strong data-start=\"665\" data-end=\"686\">Royal Queen Seeds<\/strong> es una de las cepas sativas m\u00e1s buscadas en el mundo del cannabis. Famosa por su <strong data-start=\"768\" data-end=\"795\">potente efecto cerebral<\/strong>, su <strong data-start=\"800\" data-end=\"814\">rico sabor<\/strong> y su <strong data-start=\"820\" data-end=\"839\">alta producci\u00f3n<\/strong>, la <strong data-start=\"844\" data-end=\"860\">Amnesia Haze<\/strong> es ideal para cultivadores que buscan una variedad con <strong data-start=\"916\" data-end=\"936\">gran rendimiento<\/strong> y efectos energizantes. Esta cepa es perfecta tanto para el consumo recreativo como medicinal, siendo conocida por sus <strong data-start=\"1056\" data-end=\"1077\">efectos euf\u00f3ricos<\/strong> y su capacidad para mejorar el estado de \u00e1nimo.<\/p>\n<h3 data-start=\"1127\" data-end=\"1144\"><strong data-start=\"1131\" data-end=\"1144\">Gen\u00e9tica Amnesia Haze:<\/strong><\/h3>\n<ul data-start=\"1145\" data-end=\"1421\">\n<li data-start=\"1145\" data-end=\"1212\">\n<p data-start=\"1147\" data-end=\"1212\"><strong data-start=\"1147\" data-end=\"1168\">Tipo de gen\u00e9tica:<\/strong> Sativa dominante (70% sativa, 30% \u00edndica)<\/p>\n<\/li>\n<li data-start=\"1213\" data-end=\"1261\">\n<p data-start=\"1215\" data-end=\"1261\"><strong data-start=\"1215\" data-end=\"1226\">Linaje:<\/strong> <strong data-start=\"1227\" data-end=\"1259\">Amnesia Haze x Original Haze<\/strong><\/p>\n<\/li>\n<li data-start=\"1262\" data-end=\"1340\">\n<p data-start=\"1264\" data-end=\"1340\"><strong data-start=\"1264\" data-end=\"1272\">THC:<\/strong> <strong data-start=\"1273\" data-end=\"1284\">20%\u201322%<\/strong>, lo que garantiza una experiencia potente y duradera.<\/p>\n<\/li>\n<li data-start=\"1341\" data-end=\"1421\">\n<p data-start=\"1343\" data-end=\"1421\"><strong data-start=\"1343\" data-end=\"1351\">CBD:<\/strong> Bajo, lo que permite que el THC se destaque en su efecto psicoactivo.<\/p>\n<\/li>\n<\/ul>\n<h3 data-start=\"1423\" data-end=\"1458\"><strong data-start=\"1427\" data-end=\"1458\">Caracter\u00edsticas de Cultivo de la variedad Amnesia Haze:<\/strong><\/h3>\n<h4 data-start=\"1460\" data-end=\"1486\"><strong data-start=\"1465\" data-end=\"1486\">Cultivo Interior:<\/strong><\/h4>\n<ul data-start=\"1487\" data-end=\"2020\">\n<li data-start=\"1487\" data-end=\"1598\">\n<p data-start=\"1489\" data-end=\"1598\"><strong data-start=\"1489\" data-end=\"1500\">Altura:<\/strong> Moderada, suele alcanzar entre <strong data-start=\"1532\" data-end=\"1552\">1,2 a 1,5 metros<\/strong>, lo que la hace ideal para cultivos medianos.<\/p>\n<\/li>\n<li data-start=\"1599\" data-end=\"1753\">\n<p data-start=\"1601\" data-end=\"1753\"><strong data-start=\"1601\" data-end=\"1625\">Tiempo de floraci\u00f3n:<\/strong> <strong data-start=\"1626\" data-end=\"1645\">10 a 12 semanas<\/strong>, un ciclo de floraci\u00f3n m\u00e1s largo, t\u00edpico de las sativas, pero el resultado final es altamente gratificante.<\/p>\n<\/li>\n<li data-start=\"1754\" data-end=\"1866\">\n<p data-start=\"1756\" data-end=\"1866\"><strong data-start=\"1756\" data-end=\"1781\">Rendimiento interior:<\/strong> <strong data-start=\"1782\" data-end=\"1798\">500\u2013600 g\/m\u00b2<\/strong>, una excelente producci\u00f3n de cogollos densos y cubiertos de resina.<\/p>\n<\/li>\n<li data-start=\"1867\" data-end=\"2020\">\n<p data-start=\"1869\" data-end=\"2020\"><strong data-start=\"1869\" data-end=\"1893\">Condiciones ideales:<\/strong> Aseg\u00farate de mantener temperaturas entre <strong data-start=\"1935\" data-end=\"1950\">20\u00b0C y 28\u00b0C<\/strong> y una buena circulaci\u00f3n de aire para maximizar la salud de la planta.<\/p>\n<\/li>\n<\/ul>\n<h4 data-start=\"2022\" data-end=\"2048\"><strong data-start=\"2027\" data-end=\"2048\">Cultivo Exterior:<\/strong><\/h4>\n<ul data-start=\"2049\" data-end=\"2570\">\n<li data-start=\"2049\" data-end=\"2161\">\n<p data-start=\"2051\" data-end=\"2161\"><strong data-start=\"2051\" data-end=\"2062\">Altura:<\/strong> En exterior puede crecer hasta <strong data-start=\"2094\" data-end=\"2106\">2 metros<\/strong>, por lo que es ideal para jardines o terrazas grandes.<\/p>\n<\/li>\n<li data-start=\"2162\" data-end=\"2249\">\n<p data-start=\"2164\" data-end=\"2249\"><strong data-start=\"2164\" data-end=\"2180\">Clima ideal:<\/strong> Prefiere un clima c\u00e1lido y soleado, como el mediterr\u00e1neo o templado.<\/p>\n<\/li>\n<li data-start=\"2250\" data-end=\"2445\">\n<p data-start=\"2252\" data-end=\"2445\"><strong data-start=\"2252\" data-end=\"2274\">Tiempo de cosecha:<\/strong> En exterior, la cosecha est\u00e1 lista a <strong data-start=\"2312\" data-end=\"2334\">finales de octubre<\/strong>, lo que la hace perfecta para aquellos cultivadores que disfrutan del cultivo exterior en condiciones \u00f3ptimas.<\/p>\n<\/li>\n<li data-start=\"2446\" data-end=\"2570\">\n<p data-start=\"2448\" data-end=\"2570\"><strong data-start=\"2448\" data-end=\"2473\">Rendimiento exterior:<\/strong> <strong data-start=\"2474\" data-end=\"2494\">700\u2013900 g\/planta<\/strong>, una cosecha generosa para cultivadores que buscan una variedad productiva.<\/p>\n<\/li>\n<\/ul>\n<h3 data-start=\"2572\" data-end=\"2594\"><strong data-start=\"2576\" data-end=\"2594\">Aroma y Sabor:<\/strong><\/h3>\n<p data-start=\"2595\" data-end=\"2675\">La <strong data-start=\"2598\" data-end=\"2614\">Amnesia Haze<\/strong> es famosa por su <strong data-start=\"2632\" data-end=\"2661\">perfil arom\u00e1tico complejo<\/strong>, que combina:<\/p>\n<ul data-start=\"2676\" data-end=\"2998\">\n<li data-start=\"2676\" data-end=\"2803\">\n<p data-start=\"2678\" data-end=\"2803\"><strong data-start=\"2678\" data-end=\"2687\">Aroma<\/strong>: Notas de <strong data-start=\"2698\" data-end=\"2710\">c\u00edtricos<\/strong>, <strong data-start=\"2712\" data-end=\"2724\">especias<\/strong> y un toque <strong data-start=\"2736\" data-end=\"2747\">terroso<\/strong> que hacen de esta cepa una experiencia sensorial \u00fanica.<\/p>\n<\/li>\n<li data-start=\"2804\" data-end=\"2998\">\n<p data-start=\"2806\" data-end=\"2998\"><strong data-start=\"2806\" data-end=\"2815\">Sabor<\/strong>: Su sabor es igualmente complejo, con un toque de <strong data-start=\"2866\" data-end=\"2875\">lim\u00f3n<\/strong>, <strong data-start=\"2877\" data-end=\"2889\">pimienta<\/strong> y un fondo <strong data-start=\"2901\" data-end=\"2913\">afrutado<\/strong> que la convierte en una de las cepas m\u00e1s sabrosas y apreciadas por los consumidores.<\/p>\n<\/li>\n<\/ul>\n<h3 data-start=\"3000\" data-end=\"3016\"><strong data-start=\"3004\" data-end=\"3016\">Efectos:<\/strong><\/h3>\n<p data-start=\"3017\" data-end=\"3201\">Los efectos de la <strong data-start=\"3035\" data-end=\"3051\">Amnesia Haze<\/strong> son <strong data-start=\"3056\" data-end=\"3068\">potentes<\/strong> y <strong data-start=\"3071\" data-end=\"3084\">euf\u00f3ricos<\/strong>, siendo una de las sativas m\u00e1s conocidas por su capacidad para estimular la creatividad y la energ\u00eda. Es ideal para:<\/p>\n<ul data-start=\"3202\" data-end=\"3585\">\n<li data-start=\"3202\" data-end=\"3317\">\n<p data-start=\"3204\" data-end=\"3317\"><strong data-start=\"3204\" data-end=\"3225\">Alivio del estr\u00e9s<\/strong> y <strong data-start=\"3228\" data-end=\"3240\">ansiedad<\/strong>: Gracias a su efecto alegre, proporciona una sensaci\u00f3n de bienestar general.<\/p>\n<\/li>\n<li data-start=\"3318\" data-end=\"3446\">\n<p data-start=\"3320\" data-end=\"3446\"><strong data-start=\"3320\" data-end=\"3331\">Euforia<\/strong>: El efecto inicial es euf\u00f3rico, lo que la convierte en una excelente opci\u00f3n para actividades sociales o creativas.<\/p>\n<\/li>\n<li data-start=\"3447\" data-end=\"3585\">\n<p data-start=\"3449\" data-end=\"3585\"><strong data-start=\"3449\" data-end=\"3474\">Estimulaci\u00f3n cerebral<\/strong>: Perfecta para aquellos que buscan mantenerse activos y motivados durante el d\u00eda sin experimentar somnolencia.<\/p>\n<\/li>\n<\/ul>\n<h3 data-start=\"3587\" data-end=\"3645\"><strong data-start=\"3591\" data-end=\"3645\">\u00bfPor qu\u00e9 elegir Amnesia Haze de Royal Queen Seeds?<\/strong><\/h3>\n<ul data-start=\"3646\" data-end=\"4298\">\n<li data-start=\"3646\" data-end=\"3817\">\n<p data-start=\"3648\" data-end=\"3817\"><strong data-start=\"3648\" data-end=\"3668\">Gen\u00e9tica estable<\/strong>: Royal Queen Seeds es conocida por sus <strong data-start=\"3708\" data-end=\"3737\">gen\u00e9ticas de alta calidad<\/strong>, lo que garantiza plantas robustas y resistentes con rendimientos consistentes.<\/p>\n<\/li>\n<li data-start=\"3818\" data-end=\"3975\">\n<p data-start=\"3820\" data-end=\"3975\"><strong data-start=\"3820\" data-end=\"3856\">Efectos energizantes y creativos<\/strong>: Ideal para aquellos que buscan una cepa <strong data-start=\"3898\" data-end=\"3909\">potente<\/strong> y <strong data-start=\"3912\" data-end=\"3926\">motivadora<\/strong>, perfecta para actividades creativas o sociales.<\/p>\n<\/li>\n<li data-start=\"3976\" data-end=\"4168\">\n<p data-start=\"3978\" data-end=\"4168\"><strong data-start=\"3978\" data-end=\"4005\">Rendimiento excepcional<\/strong>: Tanto en interior como exterior, esta variedad es muy productiva, lo que la convierte en una excelente opci\u00f3n para cultivadores que buscan una cosecha abundante.<\/p>\n<\/li>\n<li data-start=\"4169\" data-end=\"4298\">\n<p data-start=\"4171\" data-end=\"4298\"><strong data-start=\"4171\" data-end=\"4201\">Sabor complejo y delicioso<\/strong>: Su perfil de sabor c\u00edtrico, especiado y afrutado la convierte en una de las cepas m\u00e1s sabrosas.<\/p>\n<\/li>\n<\/ul>\n","protected":false},"excerpt":{"rendered":"<p>Amnesia Haze Feminizada de Royal Queen Seeds es una variedad de cannabis legendaria con dominancia sativa, famosa por su intenso subid\u00f3n cerebral y su aroma c\u00edtrico especiado. Sus flores producen niveles de THC de hasta el 22%, ideales para estimular la creatividad y la energ\u00eda. Con un tiempo de floraci\u00f3n de 10-11 semanas, ofrece cosechas abundantes tanto en interior como en exterior, alcanzando hasta 650 g\/m\u00b2. Perfecta para quienes buscan calidad y un efecto duradero.<\/p>\n","protected":false},"featured_media":14872,"comment_status":"open","ping_status":"closed","template":"","meta":{"_bst_post_transparent":"default","_bst_post_title":"","_bst_post_layout":"default","_bst_post_sidebar_id":"","_bst_post_content_style":"default","_bst_post_vertical_padding":"default","_bst_post_feature":"","_bst_post_feature_position":"","_bst_post_header":false,"_bst_post_footer":false},"pwb-brand":[189],"product_brand":[],"product_cat":[99,94],"product_tag":[],"class_list":{"0":"post-24938","1":"product","2":"type-product","3":"status-publish","4":"has-post-thumbnail","6":"pwb-brand-royal-queen","7":"product_cat-para-interior","8":"product_cat-sativas","10":"first","11":"instock","12":"sale","13":"taxable","14":"shipping-taxable","15":"purchasable","16":"product-type-variable","17":"has-default-attributes","18":"entry","19":"content-bg","20":"loop-entry"},"brands":[{"id":189,"name":"Royal Queen","slug":"royal-queen"}],"_links":{"self":[{"href":"https:\/\/puregrowshop.com\/fr\/wp-json\/wp\/v2\/product\/24938","targetHints":{"allow":["GET"]}}],"collection":[{"href":"https:\/\/puregrowshop.com\/fr\/wp-json\/wp\/v2\/product"}],"about":[{"href":"https:\/\/puregrowshop.com\/fr\/wp-json\/wp\/v2\/types\/product"}],"replies":[{"embeddable":true,"href":"https:\/\/puregrowshop.com\/fr\/wp-json\/wp\/v2\/comments?post=24938"}],"wp:featuredmedia":[{"embeddable":true,"href":"https:\/\/puregrowshop.com\/fr\/wp-json\/wp\/v2\/media\/14872"}],"wp:attachment":[{"href":"https:\/\/puregrowshop.com\/fr\/wp-json\/wp\/v2\/media?parent=24938"}],"wp:term":[{"taxonomy":"pwb-brand","embeddable":true,"href":"https:\/\/puregrowshop.com\/fr\/wp-json\/wp\/v2\/pwb-brand?post=24938"},{"taxonomy":"product_brand","embeddable":true,"href":"https:\/\/puregrowshop.com\/fr\/wp-json\/wp\/v2\/product_brand?post=24938"},{"taxonomy":"product_cat","embeddable":true,"href":"https:\/\/puregrowshop.com\/fr\/wp-json\/wp\/v2\/product_cat?post=24938"},{"taxonomy":"product_tag","embeddable":true,"href":"https:\/\/puregrowshop.com\/fr\/wp-json\/wp\/v2\/product_tag?post=24938"}],"curies":[{"name":"wp","href":"https:\/\/api.w.org\/{rel}","templated":true}]}}