{"id":24626,"date":"2024-11-11T14:08:19","date_gmt":"2024-11-11T14:08:19","guid":{"rendered":"https:\/\/puregrowshop.com\/?post_type=product&#038;p=24626"},"modified":"2026-02-18T14:24:01","modified_gmt":"2026-02-18T14:24:01","slug":"girl-scout-cookies-feminizada-barneys-farm","status":"publish","type":"product","link":"https:\/\/puregrowshop.com\/fr\/girl-scout-cookies-feminizada-barneys-farm\/","title":{"rendered":"Girl Scout Cookies feminizada Barney&#8217;s Farm"},"content":{"rendered":"<p data-start=\"767\" data-end=\"1196\">La <strong data-start=\"770\" data-end=\"798\">Girl Scout Cookies (GSC)<\/strong> de <a href=\"https:\/\/puregrowshop.com\/marcas\/barneys-farm\/\"><strong data-start=\"802\" data-end=\"819\">Barney&#8217;s Farm<\/strong><\/a> es una de las cepas m\u00e1s emblem\u00e1ticas del mundo del cannabis. Conocida por sus efectos equilibrados y su delicioso perfil de sabor, esta variedad h\u00edbrida se ha ganado una reputaci\u00f3n internacional por su calidad y potencia. La <strong data-start=\"1045\" data-end=\"1052\">GSC<\/strong> es una opci\u00f3n ideal tanto para cultivadores novatos como para aquellos con experiencia, gracias a su f\u00e1cil cultivo y resultados impresionantes.<\/p>\n<h3 data-start=\"1198\" data-end=\"1215\"><strong data-start=\"1202\" data-end=\"1215\">Gen\u00e9tica de la semilla Girl Scout Cookies:<\/strong><\/h3>\n<ul data-start=\"1216\" data-end=\"1454\">\n<li data-start=\"1216\" data-end=\"1275\">\n<p data-start=\"1218\" data-end=\"1275\"><strong data-start=\"1218\" data-end=\"1239\">Tipo de gen\u00e9tica:<\/strong> H\u00edbrida (indica 60% \/ sativa 40%)<\/p>\n<\/li>\n<li data-start=\"1276\" data-end=\"1319\">\n<p data-start=\"1278\" data-end=\"1319\"><strong data-start=\"1278\" data-end=\"1289\">Linaje:<\/strong> <strong data-start=\"1290\" data-end=\"1317\">OG Kush x Durban Poison<\/strong><\/p>\n<\/li>\n<li data-start=\"1320\" data-end=\"1390\">\n<p data-start=\"1322\" data-end=\"1390\"><strong data-start=\"1322\" data-end=\"1330\">THC:<\/strong> <strong data-start=\"1331\" data-end=\"1342\">19%\u201324%<\/strong>, proporcionando un efecto potente y duradero.<\/p>\n<\/li>\n<li data-start=\"1391\" data-end=\"1454\">\n<p data-start=\"1393\" data-end=\"1454\"><strong data-start=\"1393\" data-end=\"1401\">CBD:<\/strong> Bajo, lo que maximiza el efecto psicoactivo del THC.<\/p>\n<\/li>\n<\/ul>\n<h3 data-start=\"1456\" data-end=\"1491\"><strong data-start=\"1460\" data-end=\"1491\">Caracter\u00edsticas de Cultivo de la variedad Girl Scout Cookies:<\/strong><\/h3>\n<h4 data-start=\"1493\" data-end=\"1519\"><strong data-start=\"1498\" data-end=\"1519\">Cultivo Interior:<\/strong><\/h4>\n<ul data-start=\"1520\" data-end=\"2021\">\n<li data-start=\"1520\" data-end=\"1634\">\n<p data-start=\"1522\" data-end=\"1634\"><strong data-start=\"1522\" data-end=\"1533\">Altura:<\/strong> Moderada, alcanza entre <strong data-start=\"1558\" data-end=\"1577\">90 cm y 1 metro<\/strong> de altura, ideal para cultivadores con espacio limitado.<\/p>\n<\/li>\n<li data-start=\"1635\" data-end=\"1763\">\n<p data-start=\"1637\" data-end=\"1763\"><strong data-start=\"1637\" data-end=\"1661\">Tiempo de floraci\u00f3n:<\/strong> <strong data-start=\"1662\" data-end=\"1679\">8 a 9 semanas<\/strong>, un tiempo relativamente r\u00e1pido para una variedad h\u00edbrida de estas caracter\u00edsticas.<\/p>\n<\/li>\n<li data-start=\"1764\" data-end=\"1865\">\n<p data-start=\"1766\" data-end=\"1865\"><strong data-start=\"1766\" data-end=\"1791\">Rendimiento interior:<\/strong> De <strong data-start=\"1795\" data-end=\"1813\">500 a 600 g\/m\u00b2<\/strong> con una <strong data-start=\"1822\" data-end=\"1842\">densa producci\u00f3n<\/strong> de cogollos resinosos.<\/p>\n<\/li>\n<li data-start=\"1866\" data-end=\"2021\">\n<p data-start=\"1868\" data-end=\"2021\"><strong data-start=\"1868\" data-end=\"1892\">Condiciones ideales:<\/strong> Temperaturas entre <strong data-start=\"1912\" data-end=\"1927\">20\u00b0C y 26\u00b0C<\/strong> y un ciclo de luz de <strong data-start=\"1949\" data-end=\"1991\">18 horas de luz y 6 horas de oscuridad<\/strong> para maximizar la producci\u00f3n.<\/p>\n<\/li>\n<\/ul>\n<h4 data-start=\"2023\" data-end=\"2049\"><strong data-start=\"2028\" data-end=\"2049\">Cultivo Exterior:<\/strong><\/h4>\n<ul data-start=\"2050\" data-end=\"2560\">\n<li data-start=\"2050\" data-end=\"2158\">\n<p data-start=\"2052\" data-end=\"2158\"><strong data-start=\"2052\" data-end=\"2063\">Altura:<\/strong> En exterior puede alcanzar hasta <strong data-start=\"2097\" data-end=\"2109\">2 metros<\/strong> de altura, lo que permite un desarrollo robusto.<\/p>\n<\/li>\n<li data-start=\"2159\" data-end=\"2277\">\n<p data-start=\"2161\" data-end=\"2277\"><strong data-start=\"2161\" data-end=\"2177\">Clima ideal:<\/strong> Prefiere un clima c\u00e1lido y soleado, ideal para regiones con temperaturas mediterr\u00e1neas o templadas.<\/p>\n<\/li>\n<li data-start=\"2278\" data-end=\"2397\">\n<p data-start=\"2280\" data-end=\"2397\"><strong data-start=\"2280\" data-end=\"2302\">Tiempo de cosecha:<\/strong> A <strong data-start=\"2305\" data-end=\"2330\">finales de septiembre<\/strong> en el hemisferio norte, para una cosecha r\u00e1pida y de alta calidad.<\/p>\n<\/li>\n<li data-start=\"2398\" data-end=\"2560\">\n<p data-start=\"2400\" data-end=\"2560\"><strong data-start=\"2400\" data-end=\"2425\">Rendimiento exterior:<\/strong> Puede producir <strong data-start=\"2441\" data-end=\"2463\">hasta 800 g\/planta<\/strong>, lo que la convierte en una excelente opci\u00f3n para cultivadores que buscan una cosecha abundante.<\/p>\n<\/li>\n<\/ul>\n<h3 data-start=\"2562\" data-end=\"2584\"><strong data-start=\"2566\" data-end=\"2584\">Aroma y Sabor:<\/strong><\/h3>\n<p data-start=\"2585\" data-end=\"3025\">La <strong data-start=\"2588\" data-end=\"2610\">Girl Scout Cookies<\/strong> de <strong data-start=\"2614\" data-end=\"2631\">Barney&#8217;s Farm<\/strong> es famosa por su <strong data-start=\"2649\" data-end=\"2685\">perfil de sabor dulce y afrutado<\/strong>, que recuerda a <strong data-start=\"2702\" data-end=\"2731\">galletas reci\u00e9n horneadas<\/strong>, con toques de <strong data-start=\"2747\" data-end=\"2765\">menta y tierra<\/strong>. La mezcla de estos sabores hace que esta cepa sea una de las favoritas entre los consumidores m\u00e1s exigentes. Su aroma es igualmente atractivo, con una mezcla de <strong data-start=\"2928\" data-end=\"2944\">frutos secos<\/strong> y <strong data-start=\"2947\" data-end=\"2959\">caramelo<\/strong>, que da la sensaci\u00f3n de estar disfrutando de un postre delicioso.<\/p>\n<h3 data-start=\"3027\" data-end=\"3043\"><strong data-start=\"3031\" data-end=\"3043\">Efectos:<\/strong><\/h3>\n<p data-start=\"3044\" data-end=\"3331\">Los efectos de la <strong data-start=\"3062\" data-end=\"3084\">Girl Scout Cookies<\/strong> son un equilibrio perfecto entre <strong data-start=\"3118\" data-end=\"3139\">relajaci\u00f3n f\u00edsica<\/strong> y <strong data-start=\"3142\" data-end=\"3160\">euforia mental<\/strong>. Es conocida por sus efectos de <strong data-start=\"3193\" data-end=\"3206\">uplifting<\/strong>, que mejoran el estado de \u00e1nimo y aumentan la creatividad, sin causar una sensaci\u00f3n abrumadora. Esta variedad es ideal para:<\/p>\n<ul data-start=\"3332\" data-end=\"3692\">\n<li data-start=\"3332\" data-end=\"3423\">\n<p data-start=\"3334\" data-end=\"3423\"><strong data-start=\"3334\" data-end=\"3355\">Alivio del estr\u00e9s<\/strong>: Ayuda a reducir la ansiedad y a relajarse despu\u00e9s de un d\u00eda largo.<\/p>\n<\/li>\n<li data-start=\"3424\" data-end=\"3541\">\n<p data-start=\"3426\" data-end=\"3541\"><strong data-start=\"3426\" data-end=\"3446\">Euforia creativa<\/strong>: Perfecta para actividades creativas, sociales o para disfrutar de una conversaci\u00f3n agradable.<\/p>\n<\/li>\n<li data-start=\"3542\" data-end=\"3692\">\n<p data-start=\"3544\" data-end=\"3692\"><strong data-start=\"3544\" data-end=\"3566\">Efecto equilibrado<\/strong>: No es demasiado sedante ni demasiado estimulante, lo que la convierte en una opci\u00f3n vers\u00e1til para cualquier momento del d\u00eda.<\/p>\n<\/li>\n<\/ul>\n<h3 data-start=\"3694\" data-end=\"3754\"><strong data-start=\"3698\" data-end=\"3754\">\u00bfPor qu\u00e9 elegir la Girl Scout Cookies de Barney&#8217;s Farm?<\/strong><\/h3>\n<ul data-start=\"3755\" data-end=\"4268\">\n<li data-start=\"3755\" data-end=\"3925\">\n<p data-start=\"3757\" data-end=\"3925\"><strong data-start=\"3757\" data-end=\"3780\">Gen\u00e9tica de calidad<\/strong>: Barney&#8217;s Farm es reconocido por su <strong data-start=\"3817\" data-end=\"3837\">gen\u00e9tica estable<\/strong> y sus cepas de alta calidad, lo que garantiza que cada planta sea robusta y productiva.<\/p>\n<\/li>\n<li data-start=\"3926\" data-end=\"4084\">\n<p data-start=\"3928\" data-end=\"4084\"><strong data-start=\"3928\" data-end=\"3959\">Sabor y aroma excepcionales<\/strong>: Esta cepa no solo ofrece efectos potentes, sino tambi\u00e9n un sabor delicioso y un aroma que atrae a todos los que la prueban.<\/p>\n<\/li>\n<li data-start=\"4085\" data-end=\"4268\">\n<p data-start=\"4087\" data-end=\"4268\"><strong data-start=\"4087\" data-end=\"4106\">Alta producci\u00f3n<\/strong>: Con un rendimiento impresionante tanto en interior como exterior, es perfecta para aquellos cultivadores que buscan cantidades generosas sin sacrificar calidad.<\/p>\n<\/li>\n<\/ul>\n","protected":false},"excerpt":{"rendered":"<p>Girl Scout Cookies de Barney&#8217;s Farm es una variedad legendaria que combina un potente efecto con un sabor excepcional. Su equilibrio entre subid\u00f3n cerebral y relajaci\u00f3n f\u00edsica la hace ideal para una variedad de usos, ya sea recreativo o medicinal. Adem\u00e1s, su facilidad de cultivo, alta producci\u00f3n de resina y sabor \u00fanico la convierten en una opci\u00f3n preferida tanto para cultivadores principiantes como experimentados. GSC es, sin duda, una de las mejores elecciones para quienes buscan una experiencia cann\u00e1bica completa y gratificante.<\/p>\n","protected":false},"featured_media":18088,"comment_status":"open","ping_status":"closed","template":"","meta":{"_bst_post_transparent":"default","_bst_post_title":"","_bst_post_layout":"default","_bst_post_sidebar_id":"","_bst_post_content_style":"default","_bst_post_vertical_padding":"default","_bst_post_feature":"","_bst_post_feature_position":"","_bst_post_header":false,"_bst_post_footer":false},"pwb-brand":[131],"product_brand":[],"product_cat":[98],"product_tag":[],"class_list":{"0":"post-24626","1":"product","2":"type-product","3":"status-publish","4":"has-post-thumbnail","6":"pwb-brand-barneys-farm","7":"product_cat-para-exterior","9":"first","10":"instock","11":"taxable","12":"shipping-taxable","13":"purchasable","14":"product-type-variable","15":"has-default-attributes","16":"entry","17":"content-bg","18":"loop-entry"},"brands":[{"id":131,"name":"Barney\u2019s Farm","slug":"barneys-farm"}],"_links":{"self":[{"href":"https:\/\/puregrowshop.com\/fr\/wp-json\/wp\/v2\/product\/24626","targetHints":{"allow":["GET"]}}],"collection":[{"href":"https:\/\/puregrowshop.com\/fr\/wp-json\/wp\/v2\/product"}],"about":[{"href":"https:\/\/puregrowshop.com\/fr\/wp-json\/wp\/v2\/types\/product"}],"replies":[{"embeddable":true,"href":"https:\/\/puregrowshop.com\/fr\/wp-json\/wp\/v2\/comments?post=24626"}],"wp:featuredmedia":[{"embeddable":true,"href":"https:\/\/puregrowshop.com\/fr\/wp-json\/wp\/v2\/media\/18088"}],"wp:attachment":[{"href":"https:\/\/puregrowshop.com\/fr\/wp-json\/wp\/v2\/media?parent=24626"}],"wp:term":[{"taxonomy":"pwb-brand","embeddable":true,"href":"https:\/\/puregrowshop.com\/fr\/wp-json\/wp\/v2\/pwb-brand?post=24626"},{"taxonomy":"product_brand","embeddable":true,"href":"https:\/\/puregrowshop.com\/fr\/wp-json\/wp\/v2\/product_brand?post=24626"},{"taxonomy":"product_cat","embeddable":true,"href":"https:\/\/puregrowshop.com\/fr\/wp-json\/wp\/v2\/product_cat?post=24626"},{"taxonomy":"product_tag","embeddable":true,"href":"https:\/\/puregrowshop.com\/fr\/wp-json\/wp\/v2\/product_tag?post=24626"}],"curies":[{"name":"wp","href":"https:\/\/api.w.org\/{rel}","templated":true}]}}