{"id":23655,"date":"2024-11-05T19:00:33","date_gmt":"2024-11-05T19:00:33","guid":{"rendered":"https:\/\/puregrowshop.com\/propagador-57x35x21-cm-2-piezas-rootit\/"},"modified":"2025-03-11T22:53:07","modified_gmt":"2025-03-11T22:53:07","slug":"propagador-57x35x21-cm-2-piezas-rootit","status":"publish","type":"product","link":"https:\/\/puregrowshop.com\/fr\/propagador-57x35x21-cm-2-piezas-rootit\/","title":{"rendered":"Propagador 57x35x21 cm. 2 piezas Rootit"},"content":{"rendered":"<p>La tapa del propagador ROOT!T\u00ae de grandes dimensiones y su bandeja, no s\u00f3lo son productos a buen precio, sino que su ligereza es fruto de las numerosas mejoras exigidas por el amplio n\u00famero de usos. Tiene dos rejillas de ventilaci\u00f3n para el control de la humedad, y se puede usar como una cubierta en cultivos de exterior. <\/p>\n<p>La bandeja del propagador ROOT!T\u00ae ha sido dise\u00f1ada cuidadosamente para que sus dimensiones puedan sostener una bandeja slab entera (Cultil\u00e8ne\/Grodan\/Jiffy) o pueda ser usada con medios de cultivos sueltos como bandejas de semillero\/bandejas pre-trasplante.<\/p>\n","protected":false},"excerpt":{"rendered":"<p>Kit compuesto por:<br \/>   &#8211; Tapa ligera con orificios de ventilaci\u00f3n Rootit<br \/>   &#8211; Bandeja de propagador Rootit<\/p>\n","protected":false},"featured_media":23654,"comment_status":"open","ping_status":"closed","template":"","meta":{"_bst_post_transparent":"","_bst_post_title":"","_bst_post_layout":"","_bst_post_sidebar_id":"","_bst_post_content_style":"","_bst_post_vertical_padding":"","_bst_post_feature":"","_bst_post_feature_position":"","_bst_post_header":false,"_bst_post_footer":false},"pwb-brand":[],"product_brand":[],"product_cat":[270],"product_tag":[],"class_list":{"0":"post-23655","1":"product","2":"type-product","3":"status-publish","4":"has-post-thumbnail","6":"product_cat-propagadores","8":"first","9":"instock","10":"sale","11":"taxable","12":"shipping-taxable","13":"purchasable","14":"product-type-simple","15":"entry","16":"content-bg","17":"loop-entry"},"brands":[],"_links":{"self":[{"href":"https:\/\/puregrowshop.com\/fr\/wp-json\/wp\/v2\/product\/23655","targetHints":{"allow":["GET"]}}],"collection":[{"href":"https:\/\/puregrowshop.com\/fr\/wp-json\/wp\/v2\/product"}],"about":[{"href":"https:\/\/puregrowshop.com\/fr\/wp-json\/wp\/v2\/types\/product"}],"replies":[{"embeddable":true,"href":"https:\/\/puregrowshop.com\/fr\/wp-json\/wp\/v2\/comments?post=23655"}],"wp:featuredmedia":[{"embeddable":true,"href":"https:\/\/puregrowshop.com\/fr\/wp-json\/wp\/v2\/media\/23654"}],"wp:attachment":[{"href":"https:\/\/puregrowshop.com\/fr\/wp-json\/wp\/v2\/media?parent=23655"}],"wp:term":[{"taxonomy":"pwb-brand","embeddable":true,"href":"https:\/\/puregrowshop.com\/fr\/wp-json\/wp\/v2\/pwb-brand?post=23655"},{"taxonomy":"product_brand","embeddable":true,"href":"https:\/\/puregrowshop.com\/fr\/wp-json\/wp\/v2\/product_brand?post=23655"},{"taxonomy":"product_cat","embeddable":true,"href":"https:\/\/puregrowshop.com\/fr\/wp-json\/wp\/v2\/product_cat?post=23655"},{"taxonomy":"product_tag","embeddable":true,"href":"https:\/\/puregrowshop.com\/fr\/wp-json\/wp\/v2\/product_tag?post=23655"}],"curies":[{"name":"wp","href":"https:\/\/api.w.org\/{rel}","templated":true}]}}