{"id":23644,"date":"2024-11-05T19:00:30","date_gmt":"2024-11-05T19:00:30","guid":{"rendered":"https:\/\/puregrowshop.com\/propagador-vdl-39x59x21-cm\/"},"modified":"2025-04-09T09:22:33","modified_gmt":"2025-04-09T09:22:33","slug":"propagador-vdl-39x59x21-cm","status":"publish","type":"product","link":"https:\/\/puregrowshop.com\/fr\/propagador-vdl-39x59x21-cm\/","title":{"rendered":"Propagador VDL 39x59x21 cm."},"content":{"rendered":"<p>Propagador de alta calidad especialmete dise\u00f1ado para la germinaci\u00f3n y enraizamiento de esquejes. Dispone de ventilaci\u00f3n superior para una mejor regulaci\u00f3n de la temperatura y la humedad.<\/p>\n<p>La forma de la cubierta del propagador permite instalar dos tubos fluorescentes Sun Blaster con su correspondiente reflectro Nanotech.<\/p>\n<p>Tama\u00f1o perfecto para las bandejas de lana de roca, Eazy Plugs y bandejas Perlirock.<\/p>\n<p>Bandeja de lana de roca NO inclu\u00edda.<\/p>\n","protected":false},"excerpt":{"rendered":"<p>&#8211; Ideal para esquejes y semillas<br \/>&#8211; Pl\u00e1stico blando<br \/>&#8211; Dos respiraderos regulables<br \/>&#8211; Dimensiones: 39 x 59 x 21 cm<\/p>\n","protected":false},"featured_media":23643,"comment_status":"open","ping_status":"closed","template":"","meta":{"_bst_post_transparent":"","_bst_post_title":"","_bst_post_layout":"","_bst_post_sidebar_id":"","_bst_post_content_style":"","_bst_post_vertical_padding":"","_bst_post_feature":"","_bst_post_feature_position":"","_bst_post_header":false,"_bst_post_footer":false},"pwb-brand":[],"product_brand":[],"product_cat":[270],"product_tag":[],"class_list":{"0":"post-23644","1":"product","2":"type-product","3":"status-publish","4":"has-post-thumbnail","6":"product_cat-propagadores","8":"first","9":"instock","10":"sale","11":"taxable","12":"shipping-taxable","13":"purchasable","14":"product-type-simple","15":"entry","16":"content-bg","17":"loop-entry"},"brands":[],"_links":{"self":[{"href":"https:\/\/puregrowshop.com\/fr\/wp-json\/wp\/v2\/product\/23644","targetHints":{"allow":["GET"]}}],"collection":[{"href":"https:\/\/puregrowshop.com\/fr\/wp-json\/wp\/v2\/product"}],"about":[{"href":"https:\/\/puregrowshop.com\/fr\/wp-json\/wp\/v2\/types\/product"}],"replies":[{"embeddable":true,"href":"https:\/\/puregrowshop.com\/fr\/wp-json\/wp\/v2\/comments?post=23644"}],"wp:featuredmedia":[{"embeddable":true,"href":"https:\/\/puregrowshop.com\/fr\/wp-json\/wp\/v2\/media\/23643"}],"wp:attachment":[{"href":"https:\/\/puregrowshop.com\/fr\/wp-json\/wp\/v2\/media?parent=23644"}],"wp:term":[{"taxonomy":"pwb-brand","embeddable":true,"href":"https:\/\/puregrowshop.com\/fr\/wp-json\/wp\/v2\/pwb-brand?post=23644"},{"taxonomy":"product_brand","embeddable":true,"href":"https:\/\/puregrowshop.com\/fr\/wp-json\/wp\/v2\/product_brand?post=23644"},{"taxonomy":"product_cat","embeddable":true,"href":"https:\/\/puregrowshop.com\/fr\/wp-json\/wp\/v2\/product_cat?post=23644"},{"taxonomy":"product_tag","embeddable":true,"href":"https:\/\/puregrowshop.com\/fr\/wp-json\/wp\/v2\/product_tag?post=23644"}],"curies":[{"name":"wp","href":"https:\/\/api.w.org\/{rel}","templated":true}]}}