{"id":23499,"date":"2024-11-05T18:52:49","date_gmt":"2024-11-05T18:52:49","guid":{"rendered":"https:\/\/puregrowshop.com\/peladora-oruga-verde-trimmer-420-42-cm\/"},"modified":"2025-12-03T09:23:50","modified_gmt":"2025-12-03T09:23:50","slug":"peladora-oruga-verde-trimmer-420-42-cm","status":"publish","type":"product","link":"https:\/\/puregrowshop.com\/fr\/peladora-oruga-verde-trimmer-420-42-cm\/","title":{"rendered":"Peladora Oruga Verde  Trimmer 420 &#8211; 42 cm."},"content":{"rendered":"<p>MONTAJE TRIMMER420.<br \/>Contenido del paquete: maquina Eco-trimmer + patas extensibles con palomilla + saco contenedor.<br \/>Insertar las patas extensibles dentro de la base y ajustar hasta la medida deseada para trabajar c\u00f3modamente.<br \/>En caso de tener que desmontar la rejilla para tareas de limpieza o mantenimiento,retirar tornillos importante en ning\u00fan caso desmontar la maquina sin haber desconectado la corriente el\u00e9ctrica!<br \/>Una vez conectada la corriente accionar interruptor para poner la maquina en funcionamiento.<\/p>\n","protected":false},"excerpt":{"rendered":"<p>M\u00e1quina el\u00e9ctrica para deshojar plantas de marihuana de peque\u00f1os cultivos de uso domestico. Un solo modo de corte por la cuchilla de 420 mm de di\u00e1metro y la rejilla de 10 mm de calibre. Patas desmontables y bolsa de transporte. Silenciosa, r\u00e1pida y segura.<\/p>\n<p>&#8211; LARGO: 46 cm<br \/>&#8211; ANCHO: 46 cm<br \/>&#8211; LARGO CUCHILLA: 42,0 cm<br \/>&#8211; NIVEL SONORO: 60 db<br \/>&#8211; CONSUMO EL\u00c9CTRICO: 220 AC\/100 W<\/p>\n","protected":false},"featured_media":23498,"comment_status":"open","ping_status":"closed","template":"","meta":{"_bst_post_transparent":"","_bst_post_title":"","_bst_post_layout":"","_bst_post_sidebar_id":"","_bst_post_content_style":"","_bst_post_vertical_padding":"","_bst_post_feature":"","_bst_post_feature_position":"","_bst_post_header":false,"_bst_post_footer":false},"pwb-brand":[],"product_brand":[],"product_cat":[71],"product_tag":[],"class_list":{"0":"post-23499","1":"product","2":"type-product","3":"status-publish","4":"has-post-thumbnail","6":"product_cat-peladora-cogollos","8":"first","9":"outofstock","10":"sale","11":"taxable","12":"shipping-taxable","13":"purchasable","14":"product-type-simple","15":"entry","16":"content-bg","17":"loop-entry"},"brands":[],"_links":{"self":[{"href":"https:\/\/puregrowshop.com\/fr\/wp-json\/wp\/v2\/product\/23499","targetHints":{"allow":["GET"]}}],"collection":[{"href":"https:\/\/puregrowshop.com\/fr\/wp-json\/wp\/v2\/product"}],"about":[{"href":"https:\/\/puregrowshop.com\/fr\/wp-json\/wp\/v2\/types\/product"}],"replies":[{"embeddable":true,"href":"https:\/\/puregrowshop.com\/fr\/wp-json\/wp\/v2\/comments?post=23499"}],"wp:featuredmedia":[{"embeddable":true,"href":"https:\/\/puregrowshop.com\/fr\/wp-json\/wp\/v2\/media\/23498"}],"wp:attachment":[{"href":"https:\/\/puregrowshop.com\/fr\/wp-json\/wp\/v2\/media?parent=23499"}],"wp:term":[{"taxonomy":"pwb-brand","embeddable":true,"href":"https:\/\/puregrowshop.com\/fr\/wp-json\/wp\/v2\/pwb-brand?post=23499"},{"taxonomy":"product_brand","embeddable":true,"href":"https:\/\/puregrowshop.com\/fr\/wp-json\/wp\/v2\/product_brand?post=23499"},{"taxonomy":"product_cat","embeddable":true,"href":"https:\/\/puregrowshop.com\/fr\/wp-json\/wp\/v2\/product_cat?post=23499"},{"taxonomy":"product_tag","embeddable":true,"href":"https:\/\/puregrowshop.com\/fr\/wp-json\/wp\/v2\/product_tag?post=23499"}],"curies":[{"name":"wp","href":"https:\/\/api.w.org\/{rel}","templated":true}]}}