{"id":23480,"date":"2024-11-05T18:52:39","date_gmt":"2024-11-05T18:52:39","guid":{"rendered":"https:\/\/puregrowshop.com\/peladora-bowl-leaf-trimmer-pro-electrica-48-cm-19\/"},"modified":"2025-03-11T22:53:32","modified_gmt":"2025-03-11T22:53:32","slug":"peladora-bowl-leaf-trimmer-pro-electrica-48-cm-19","status":"publish","type":"product","link":"https:\/\/puregrowshop.com\/fr\/peladora-bowl-leaf-trimmer-pro-electrica-48-cm-19\/","title":{"rendered":"Peladora Bowl Leaf Trimmer Pro Electrica  48 cm. 19&#8221;"},"content":{"rendered":"<p>La Peladora Leaf Trimmer Pro, es una peladora tipo bowl el\u00e9ctricas con la parte inferior en acero inoxidable y la parte superior totalmente transparente. El motor est\u00e1 integrado en la base. Al tener la c\u00fapula transparente, permite ver el nivel de pelado de las flores sin tener que retirar la tapa.<\/p>\n<p>Esta peladora permite retirar las hojas de los cogollos de manera r\u00e1pida, f\u00e1cil y eficaz, ahorrando esfuerzo y mucho tiempo para posteriormente, secar, curar y conservar el producto.<\/p>\n<p>FABRICADA CON LOS MEJORES MATERIALES<br \/>Esta peladora se ha fabricado con materiales de alta calidad: acero inoxidable de grado m\u00e9dico para todas las partes met\u00e1licas, tapa de policarbonato de alta resistencia, goma de grado alimentario para las juntas y dedos y motor de alta calidad, eficiente y silencioso.<\/p>\n<p>\u00bfC\u00d3MO UTILIZAR LA LEAF TRIMMER PRO?<br \/>El uso de las es sencillo, solo hay que llenar la parrilla con el producto, cerrar la tapa y accionar el motor hasta dejar las flores a gusto del usuario.<\/p>\n<p>Los dedos de silicona en su interior mueven las flores mientras una cuchilla en la parte inferior de la parrilla da vueltas en sentido contrario, cortando todas las hojas sobrantes. Estas hojas quedan recogidas en la parte inferior del bowl, pudiendo usarlas para hacer extracciones.<\/p>\n<p>Una vez realizado el proceso el producto est\u00e1 totalmente manicurado.<\/p>\n","protected":false},"excerpt":{"rendered":"<p>&#8211; Peladora el\u00e9ctrica Leaf Trimmer.<br \/>&#8211; Se puede usar tanto con toma el\u00e9ctrica como de forma manual.<br \/>&#8211; Fabricado en acero inoxidable y silicona.<br \/>&#8211; Di\u00e1metro: 48 cm<\/p>\n","protected":false},"featured_media":23479,"comment_status":"open","ping_status":"closed","template":"","meta":{"_bst_post_transparent":"","_bst_post_title":"","_bst_post_layout":"","_bst_post_sidebar_id":"","_bst_post_content_style":"","_bst_post_vertical_padding":"","_bst_post_feature":"","_bst_post_feature_position":"","_bst_post_header":false,"_bst_post_footer":false},"pwb-brand":[],"product_brand":[],"product_cat":[71],"product_tag":[],"class_list":{"0":"post-23480","1":"product","2":"type-product","3":"status-publish","4":"has-post-thumbnail","6":"product_cat-peladora-cogollos","8":"first","9":"instock","10":"sale","11":"taxable","12":"shipping-taxable","13":"purchasable","14":"product-type-simple","15":"entry","16":"content-bg","17":"loop-entry"},"brands":[],"_links":{"self":[{"href":"https:\/\/puregrowshop.com\/fr\/wp-json\/wp\/v2\/product\/23480","targetHints":{"allow":["GET"]}}],"collection":[{"href":"https:\/\/puregrowshop.com\/fr\/wp-json\/wp\/v2\/product"}],"about":[{"href":"https:\/\/puregrowshop.com\/fr\/wp-json\/wp\/v2\/types\/product"}],"replies":[{"embeddable":true,"href":"https:\/\/puregrowshop.com\/fr\/wp-json\/wp\/v2\/comments?post=23480"}],"wp:featuredmedia":[{"embeddable":true,"href":"https:\/\/puregrowshop.com\/fr\/wp-json\/wp\/v2\/media\/23479"}],"wp:attachment":[{"href":"https:\/\/puregrowshop.com\/fr\/wp-json\/wp\/v2\/media?parent=23480"}],"wp:term":[{"taxonomy":"pwb-brand","embeddable":true,"href":"https:\/\/puregrowshop.com\/fr\/wp-json\/wp\/v2\/pwb-brand?post=23480"},{"taxonomy":"product_brand","embeddable":true,"href":"https:\/\/puregrowshop.com\/fr\/wp-json\/wp\/v2\/product_brand?post=23480"},{"taxonomy":"product_cat","embeddable":true,"href":"https:\/\/puregrowshop.com\/fr\/wp-json\/wp\/v2\/product_cat?post=23480"},{"taxonomy":"product_tag","embeddable":true,"href":"https:\/\/puregrowshop.com\/fr\/wp-json\/wp\/v2\/product_tag?post=23480"}],"curies":[{"name":"wp","href":"https:\/\/api.w.org\/{rel}","templated":true}]}}