{"id":23469,"date":"2024-11-05T18:52:35","date_gmt":"2024-11-05T18:52:35","guid":{"rendered":"https:\/\/puregrowshop.com\/master-trimmer-peladora-mt-standard-75\/"},"modified":"2025-03-11T22:53:09","modified_gmt":"2025-03-11T22:53:09","slug":"master-trimmer-peladora-mt-standard-75","status":"publish","type":"product","link":"https:\/\/puregrowshop.com\/fr\/master-trimmer-peladora-mt-standard-75\/","title":{"rendered":"Master Trimmer  Peladora MT Standard 75"},"content":{"rendered":"<p>La Master Trimmer Standard 75 es una maquina con una estructura solida y resistente. El bloque est\u00e1 sujeto por 4 patas que dan una estabilidad que ninguna otra peladora ofrece.  La m\u00e1quina se puede desmontar f\u00e1cilmente para facilitar el transporte.<\/p>\n<p>Es una de las m\u00e1quinas m\u00e1s eficaces y silenciosas del mercado actual.<\/p>\n<p>Los resultados son sorprendentes, ahorrando mucho tiempo y consiguiendo una limpieza perfecta de las flores.  Muy c\u00f3moda de trabajar, ya que es una m\u00e1quina alta, s\u00f3lida y estable. La superficie es suficientemente grande para trabajar hasta 2 personas a la vez.<\/p>\n<p>Debajo de la rejilla de inoxidable, hay 4 cuchillas afiladas y ajustadas para el corte perfecto de las flores.<\/p>\n","protected":false},"excerpt":{"rendered":"<p>&#8211; 100% acero inoxidable.<br \/>&#8211; Motor refrigerado por aire.<br \/>&#8211; Incluye aspas de aspiraci\u00f3n.<br \/>&#8211; 4 Cuchillas de acero templado.<br \/>&#8211; Altura de las cuchillas regulables.<br \/>&#8211; Contiene llaves allen para el montaje.<br \/>&#8211; Contiene bolsa de recogida de hojas.<br \/>&#8211; Contiene un kit de limpieza. Incluye MasterClean 250ml, esp\u00e1tula y esponja de inoxidable.<br \/>&#8211; Medidas: 75 cm x 75 cm x 120 cm (altura)<br \/>&#8211; Peso: 40 kg.<br \/>&#8211; 2 a\u00f1os de garant\u00eda<\/p>\n","protected":false},"featured_media":23468,"comment_status":"open","ping_status":"closed","template":"","meta":{"_bst_post_transparent":"","_bst_post_title":"","_bst_post_layout":"","_bst_post_sidebar_id":"","_bst_post_content_style":"","_bst_post_vertical_padding":"","_bst_post_feature":"","_bst_post_feature_position":"","_bst_post_header":false,"_bst_post_footer":false},"pwb-brand":[],"product_brand":[],"product_cat":[71],"product_tag":[],"class_list":{"0":"post-23469","1":"product","2":"type-product","3":"status-publish","4":"has-post-thumbnail","6":"product_cat-peladora-cogollos","8":"first","9":"instock","10":"sale","11":"taxable","12":"shipping-taxable","13":"purchasable","14":"product-type-simple","15":"entry","16":"content-bg","17":"loop-entry"},"brands":[],"_links":{"self":[{"href":"https:\/\/puregrowshop.com\/fr\/wp-json\/wp\/v2\/product\/23469","targetHints":{"allow":["GET"]}}],"collection":[{"href":"https:\/\/puregrowshop.com\/fr\/wp-json\/wp\/v2\/product"}],"about":[{"href":"https:\/\/puregrowshop.com\/fr\/wp-json\/wp\/v2\/types\/product"}],"replies":[{"embeddable":true,"href":"https:\/\/puregrowshop.com\/fr\/wp-json\/wp\/v2\/comments?post=23469"}],"wp:featuredmedia":[{"embeddable":true,"href":"https:\/\/puregrowshop.com\/fr\/wp-json\/wp\/v2\/media\/23468"}],"wp:attachment":[{"href":"https:\/\/puregrowshop.com\/fr\/wp-json\/wp\/v2\/media?parent=23469"}],"wp:term":[{"taxonomy":"pwb-brand","embeddable":true,"href":"https:\/\/puregrowshop.com\/fr\/wp-json\/wp\/v2\/pwb-brand?post=23469"},{"taxonomy":"product_brand","embeddable":true,"href":"https:\/\/puregrowshop.com\/fr\/wp-json\/wp\/v2\/product_brand?post=23469"},{"taxonomy":"product_cat","embeddable":true,"href":"https:\/\/puregrowshop.com\/fr\/wp-json\/wp\/v2\/product_cat?post=23469"},{"taxonomy":"product_tag","embeddable":true,"href":"https:\/\/puregrowshop.com\/fr\/wp-json\/wp\/v2\/product_tag?post=23469"}],"curies":[{"name":"wp","href":"https:\/\/api.w.org\/{rel}","templated":true}]}}