{"id":23441,"date":"2024-11-05T18:52:28","date_gmt":"2024-11-05T18:52:28","guid":{"rendered":"https:\/\/puregrowshop.com\/master-trimmer-peladora-mt-pocket\/"},"modified":"2025-09-29T15:11:15","modified_gmt":"2025-09-29T15:11:15","slug":"master-trimmer-peladora-mt-pocket","status":"publish","type":"product","link":"https:\/\/puregrowshop.com\/fr\/master-trimmer-peladora-mt-pocket\/","title":{"rendered":"Master Trimmer  Peladora MT Pocket"},"content":{"rendered":"<p>Master Trimmer Pocket es una m\u00e1quina muy ligera, robusta y peque\u00f1a. Es la forma m\u00e1s r\u00e1pida y eficaz de limpiar las flores. Muy silenciosa y muy c\u00f3moda, ya que se puede sujetar a cualquier mesa que tengas sin necesidad de agujeros ni tornillos.<\/p>\n<p>Debajo de la rejilla de inoxidable, hay 2 cuchillas afiladas y ajustadas para el corte perfecto de las flores.<\/p>\n","protected":false},"excerpt":{"rendered":"<p>&#8211; 100% acero inoxidable.<br \/>&#8211; Incluye de aspas de aspiraci\u00f3n.<br \/>&#8211; Cuchillas de acero templado.<br \/>&#8211; Incluye 2 rejillas, para las flores m\u00e1s peque\u00f1as y las m\u00e1s grandes.<br \/>&#8211; Proviene de una sujeci\u00f3n adaptable en cualquier mesa, muy f\u00e1cil de montar.<br \/>&#8211; Contiene bolsa de recogida de hojas.<br \/>&#8211; Contiene un kit de limpieza. Incluye MasterClean 250ml, esp\u00e1tula y esponja de inoxidable.<br \/>&#8211; Medidas: 254 mm (di\u00e1metro) x 200 mm (altura)<br \/>&#8211; Peso: 5,5 kg.<br \/>&#8211; 2 a\u00f1os de garant\u00eda<\/p>\n","protected":false},"featured_media":23440,"comment_status":"open","ping_status":"closed","template":"","meta":{"_bst_post_transparent":"","_bst_post_title":"","_bst_post_layout":"","_bst_post_sidebar_id":"","_bst_post_content_style":"","_bst_post_vertical_padding":"","_bst_post_feature":"","_bst_post_feature_position":"","_bst_post_header":false,"_bst_post_footer":false},"pwb-brand":[],"product_brand":[],"product_cat":[71],"product_tag":[],"class_list":{"0":"post-23441","1":"product","2":"type-product","3":"status-publish","4":"has-post-thumbnail","6":"product_cat-peladora-cogollos","7":"product_shipping_class-entre-5-kg-y-10-kg","9":"first","10":"instock","11":"sale","12":"taxable","13":"shipping-taxable","14":"purchasable","15":"product-type-simple","16":"entry","17":"content-bg","18":"loop-entry"},"brands":[],"_links":{"self":[{"href":"https:\/\/puregrowshop.com\/fr\/wp-json\/wp\/v2\/product\/23441","targetHints":{"allow":["GET"]}}],"collection":[{"href":"https:\/\/puregrowshop.com\/fr\/wp-json\/wp\/v2\/product"}],"about":[{"href":"https:\/\/puregrowshop.com\/fr\/wp-json\/wp\/v2\/types\/product"}],"replies":[{"embeddable":true,"href":"https:\/\/puregrowshop.com\/fr\/wp-json\/wp\/v2\/comments?post=23441"}],"wp:featuredmedia":[{"embeddable":true,"href":"https:\/\/puregrowshop.com\/fr\/wp-json\/wp\/v2\/media\/23440"}],"wp:attachment":[{"href":"https:\/\/puregrowshop.com\/fr\/wp-json\/wp\/v2\/media?parent=23441"}],"wp:term":[{"taxonomy":"pwb-brand","embeddable":true,"href":"https:\/\/puregrowshop.com\/fr\/wp-json\/wp\/v2\/pwb-brand?post=23441"},{"taxonomy":"product_brand","embeddable":true,"href":"https:\/\/puregrowshop.com\/fr\/wp-json\/wp\/v2\/product_brand?post=23441"},{"taxonomy":"product_cat","embeddable":true,"href":"https:\/\/puregrowshop.com\/fr\/wp-json\/wp\/v2\/product_cat?post=23441"},{"taxonomy":"product_tag","embeddable":true,"href":"https:\/\/puregrowshop.com\/fr\/wp-json\/wp\/v2\/product_tag?post=23441"}],"curies":[{"name":"wp","href":"https:\/\/api.w.org\/{rel}","templated":true}]}}