{"id":23435,"date":"2024-11-05T18:52:26","date_gmt":"2024-11-05T18:52:26","guid":{"rendered":"https:\/\/puregrowshop.com\/peladora-oruga-verde-multitrimmer-pro-rotor\/"},"modified":"2025-09-29T15:45:48","modified_gmt":"2025-09-29T15:45:48","slug":"peladora-oruga-verde-multitrimmer-pro-rotor","status":"publish","type":"product","link":"https:\/\/puregrowshop.com\/fr\/peladora-oruga-verde-multitrimmer-pro-rotor\/","title":{"rendered":"Peladora Oruga Verde Multitrimmer   Pro  Rotor"},"content":{"rendered":"<p>Es una maquina dise\u00f1ada para deshojar plantas de marihuana de tres modos distintos y varias personas a la vez, ya que consta de dos rejillas con diferente calibre de corte que podr\u00e1s utilizar a la vez gracias a sus dos cuchillas que funcionan simult\u00e1neamente.<\/p>\n<p>Tambi\u00e9n dispone de un accesorio mezclador el\u00e9ctrico (AM-2) que se acopla muy f\u00e1cilmente a la rejilla de corte estrecho par deshojar los cogollos mas peque\u00f1os de manera f\u00e1cil r\u00e1pida y segura.<\/p>\n<p>Multi-trimmer M1003 AM-2 est\u00e1 totalmente fabricada con aluminio anodizado que nos permite tener un f\u00e1cil manejo y almacenamiento a la vez que se reduce su peso.<\/p>\n<p>Su robustez y firmeza se nota en el tiempo de poda. Todas nuestras Multi-trimmer cuentan con dos a\u00f1os de garant\u00eda y el certificado de conformidad 2006\/42\/CE validando su calidad y seguridad.<\/p>\n","protected":false},"excerpt":{"rendered":"<p>M\u00e1quina el\u00e9ctrica para deshojar plantas de marihuana y c\u00e1\u00f1amo grande. Pies telesc\u00f3picos. Dos rejillas de 6 mm. Para trabajar de una a cuatro personas de pie , con ramas y plantas de tipo mediano y grande.<\/p>\n<p>PESO 45 kg<br \/>ALTO 95 cm (Con patas y olla montadas)<br \/>LARGO 96 cm<br \/>ANCHO 48 cm<br \/>CALIBRE REJILLAS 7 Y 10 mm<br \/>LARGO CUCHILLA 42,5 cm<br \/>NIVEL SONORO 90 db<br \/>CONSUMO EL\u00c9CTRICO 220 AC\/300 W<\/p>\n","protected":false},"featured_media":23434,"comment_status":"open","ping_status":"closed","template":"","meta":{"_bst_post_transparent":"","_bst_post_title":"","_bst_post_layout":"","_bst_post_sidebar_id":"","_bst_post_content_style":"","_bst_post_vertical_padding":"","_bst_post_feature":"","_bst_post_feature_position":"","_bst_post_header":false,"_bst_post_footer":false},"pwb-brand":[],"product_brand":[],"product_cat":[71],"product_tag":[],"class_list":{"0":"post-23435","1":"product","2":"type-product","3":"status-publish","4":"has-post-thumbnail","6":"product_cat-peladora-cogollos","7":"product_shipping_class-entre-30-kg-y-40-kg","9":"first","10":"instock","11":"sale","12":"taxable","13":"shipping-taxable","14":"purchasable","15":"product-type-simple","16":"entry","17":"content-bg","18":"loop-entry"},"brands":[],"_links":{"self":[{"href":"https:\/\/puregrowshop.com\/fr\/wp-json\/wp\/v2\/product\/23435","targetHints":{"allow":["GET"]}}],"collection":[{"href":"https:\/\/puregrowshop.com\/fr\/wp-json\/wp\/v2\/product"}],"about":[{"href":"https:\/\/puregrowshop.com\/fr\/wp-json\/wp\/v2\/types\/product"}],"replies":[{"embeddable":true,"href":"https:\/\/puregrowshop.com\/fr\/wp-json\/wp\/v2\/comments?post=23435"}],"wp:featuredmedia":[{"embeddable":true,"href":"https:\/\/puregrowshop.com\/fr\/wp-json\/wp\/v2\/media\/23434"}],"wp:attachment":[{"href":"https:\/\/puregrowshop.com\/fr\/wp-json\/wp\/v2\/media?parent=23435"}],"wp:term":[{"taxonomy":"pwb-brand","embeddable":true,"href":"https:\/\/puregrowshop.com\/fr\/wp-json\/wp\/v2\/pwb-brand?post=23435"},{"taxonomy":"product_brand","embeddable":true,"href":"https:\/\/puregrowshop.com\/fr\/wp-json\/wp\/v2\/product_brand?post=23435"},{"taxonomy":"product_cat","embeddable":true,"href":"https:\/\/puregrowshop.com\/fr\/wp-json\/wp\/v2\/product_cat?post=23435"},{"taxonomy":"product_tag","embeddable":true,"href":"https:\/\/puregrowshop.com\/fr\/wp-json\/wp\/v2\/product_tag?post=23435"}],"curies":[{"name":"wp","href":"https:\/\/api.w.org\/{rel}","templated":true}]}}