{"id":23419,"date":"2024-11-05T18:52:23","date_gmt":"2024-11-05T18:52:23","guid":{"rendered":"https:\/\/puregrowshop.com\/peladora-trimpro-rotor\/"},"modified":"2025-09-29T15:11:15","modified_gmt":"2025-09-29T15:11:15","slug":"peladora-trimpro-rotor","status":"publish","type":"product","link":"https:\/\/puregrowshop.com\/fr\/peladora-trimpro-rotor\/","title":{"rendered":"Peladora TrimPro Rotor"},"content":{"rendered":"<p>FORMATO :<br \/>M\u00e1quina montada : 40,54cm (diametro) x 53,34cm<br \/>Embalaje : 53,3cm x 53,3cm x 61cm<\/p>\n<p>PESO :<br \/>M\u00e1quina solamente : 13,61 kilos<br \/>M\u00e1quina y embalaje : 19.10 kilos<\/p>\n<p>MATERIALES :<br \/>Estructura : Aluminio<br \/>Rejilla : Acero<\/p>\n<p>REJILLA :<br \/>Trimpro Rotor (STD) : Ranuras de 6,35mm<\/p>\n","protected":false},"excerpt":{"rendered":"<p>La nueva TRIMPRO ROTOR ha sido dise\u00f1ada &#038; desarrollada para los cultivadores que buscan otro producto de calidad Trimpro que no perjudica las plantas. Esta m\u00e1quina utiliza correas de cuero para desplazar las flores encima de la rejilla anti-adhesiva y corta las hojas con cuchillos en acero templado. Construida a \u00e1ngulo, el proceso de salida de las plantas se hace simplemente moviendo el picaporte que abre la puerta. As\u00ed, vuestras plantas perfectamente cortadas salen suavemente del cilindro superior, manteniendo la m\u00e1quina y la producci\u00f3n en marcha. Como todos nuestros productos, la altura de las cuchillas es ajustable para satisfacer las preferencias de cada uno.<\/p>\n<p>Para cortar, separar las flores frescamente cosechadas de las ramas, ponerlas en el contenedor superior de la m\u00e1quina y seguir las instrucciones de uso<\/p>\n","protected":false},"featured_media":23418,"comment_status":"open","ping_status":"closed","template":"","meta":{"_bst_post_transparent":"","_bst_post_title":"","_bst_post_layout":"","_bst_post_sidebar_id":"","_bst_post_content_style":"","_bst_post_vertical_padding":"","_bst_post_feature":"","_bst_post_feature_position":"","_bst_post_header":false,"_bst_post_footer":false},"pwb-brand":[],"product_brand":[],"product_cat":[71],"product_tag":[],"class_list":{"0":"post-23419","1":"product","2":"type-product","3":"status-publish","4":"has-post-thumbnail","6":"product_cat-peladora-cogollos","7":"product_shipping_class-entre-5-kg-y-10-kg","9":"first","10":"outofstock","11":"sale","12":"taxable","13":"shipping-taxable","14":"purchasable","15":"product-type-simple","16":"entry","17":"content-bg","18":"loop-entry"},"brands":[],"_links":{"self":[{"href":"https:\/\/puregrowshop.com\/fr\/wp-json\/wp\/v2\/product\/23419","targetHints":{"allow":["GET"]}}],"collection":[{"href":"https:\/\/puregrowshop.com\/fr\/wp-json\/wp\/v2\/product"}],"about":[{"href":"https:\/\/puregrowshop.com\/fr\/wp-json\/wp\/v2\/types\/product"}],"replies":[{"embeddable":true,"href":"https:\/\/puregrowshop.com\/fr\/wp-json\/wp\/v2\/comments?post=23419"}],"wp:featuredmedia":[{"embeddable":true,"href":"https:\/\/puregrowshop.com\/fr\/wp-json\/wp\/v2\/media\/23418"}],"wp:attachment":[{"href":"https:\/\/puregrowshop.com\/fr\/wp-json\/wp\/v2\/media?parent=23419"}],"wp:term":[{"taxonomy":"pwb-brand","embeddable":true,"href":"https:\/\/puregrowshop.com\/fr\/wp-json\/wp\/v2\/pwb-brand?post=23419"},{"taxonomy":"product_brand","embeddable":true,"href":"https:\/\/puregrowshop.com\/fr\/wp-json\/wp\/v2\/product_brand?post=23419"},{"taxonomy":"product_cat","embeddable":true,"href":"https:\/\/puregrowshop.com\/fr\/wp-json\/wp\/v2\/product_cat?post=23419"},{"taxonomy":"product_tag","embeddable":true,"href":"https:\/\/puregrowshop.com\/fr\/wp-json\/wp\/v2\/product_tag?post=23419"}],"curies":[{"name":"wp","href":"https:\/\/api.w.org\/{rel}","templated":true}]}}