{"id":23415,"date":"2024-11-05T18:52:22","date_gmt":"2024-11-05T18:52:22","guid":{"rendered":"https:\/\/puregrowshop.com\/peladora-trimpro-original\/"},"modified":"2025-12-02T09:24:17","modified_gmt":"2025-12-02T09:24:17","slug":"peladora-trimpro-original","status":"publish","type":"product","link":"https:\/\/puregrowshop.com\/fr\/peladora-trimpro-original\/","title":{"rendered":"Peladora TrimPro Original"},"content":{"rendered":"<p>FORMATO :<br \/>M\u00e1quina montada : 45,5cm x 45,5cm x 68cm.<br \/>Embalaje : 53.3cm x 53.3cm x 30.5cm.<\/p>\n<p>PESO :<br \/>Peso aproximado: 13.6 kilos.<\/p>\n<p>MATERIALES :<br \/>Material estructura &#038; rejilla : Aluminio.<\/p>\n<p>OPCIONES DE REJILLA :<br \/>Opci\u00f3n 1: Silencio Ancha (STD) : Grandes ranuras (11mm).<br \/>Opci\u00f3n 2: Silencio Mixta : Peque\u00f1as y grandes ranuras en la misma rejilla (6,3mm y 11mm).<br \/>Opci\u00f3n 3: Original Ancha : Grandes ranuras (11mm).<br \/>Opci\u00f3n 4: Original Mixta : Peque\u00f1as y grandes ranuras en la misma rejilla (6,3mm y 11mm).<\/p>\n","protected":false},"excerpt":{"rendered":"<p>La TRIMPRO ORIGINALl es una cortadora de hojas eficaz y muy silenciosa. Est\u00e1 utilizada para quitar el exceso de hojas y para cortar tallos de varios tipos de plantas y flores como el romero, or\u00e9gano, albahaca, menta, lavanda, cilantro, perejil y para preparar aceites esenciales y popurr\u00ed de flores.<\/p>\n<p>Su cuchillo en acero templado permite cortar las plantas sin da\u00f1arlas. La Trimpro Original est\u00e1 dotada de un sistema de recuperaci\u00f3n de hojas y puede ser desmontada para transportarla f\u00e1cilmente.<\/p>\n<p>Para cortar, tomar en la mano una rama de planta frescamente cosechada y moverla sobre la rejilla con un movimiento de va y viene combinado con una rotaci\u00f3n de la planta.<\/p>\n","protected":false},"featured_media":23414,"comment_status":"open","ping_status":"closed","template":"","meta":{"_bst_post_transparent":"","_bst_post_title":"","_bst_post_layout":"","_bst_post_sidebar_id":"","_bst_post_content_style":"","_bst_post_vertical_padding":"","_bst_post_feature":"","_bst_post_feature_position":"","_bst_post_header":false,"_bst_post_footer":false},"pwb-brand":[],"product_brand":[],"product_cat":[71],"product_tag":[],"class_list":{"0":"post-23415","1":"product","2":"type-product","3":"status-publish","4":"has-post-thumbnail","6":"product_cat-peladora-cogollos","7":"product_shipping_class-entre-10-kg-y-20-kg","9":"first","10":"outofstock","11":"sale","12":"taxable","13":"shipping-taxable","14":"purchasable","15":"product-type-simple","16":"entry","17":"content-bg","18":"loop-entry"},"brands":[],"_links":{"self":[{"href":"https:\/\/puregrowshop.com\/fr\/wp-json\/wp\/v2\/product\/23415","targetHints":{"allow":["GET"]}}],"collection":[{"href":"https:\/\/puregrowshop.com\/fr\/wp-json\/wp\/v2\/product"}],"about":[{"href":"https:\/\/puregrowshop.com\/fr\/wp-json\/wp\/v2\/types\/product"}],"replies":[{"embeddable":true,"href":"https:\/\/puregrowshop.com\/fr\/wp-json\/wp\/v2\/comments?post=23415"}],"wp:featuredmedia":[{"embeddable":true,"href":"https:\/\/puregrowshop.com\/fr\/wp-json\/wp\/v2\/media\/23414"}],"wp:attachment":[{"href":"https:\/\/puregrowshop.com\/fr\/wp-json\/wp\/v2\/media?parent=23415"}],"wp:term":[{"taxonomy":"pwb-brand","embeddable":true,"href":"https:\/\/puregrowshop.com\/fr\/wp-json\/wp\/v2\/pwb-brand?post=23415"},{"taxonomy":"product_brand","embeddable":true,"href":"https:\/\/puregrowshop.com\/fr\/wp-json\/wp\/v2\/product_brand?post=23415"},{"taxonomy":"product_cat","embeddable":true,"href":"https:\/\/puregrowshop.com\/fr\/wp-json\/wp\/v2\/product_cat?post=23415"},{"taxonomy":"product_tag","embeddable":true,"href":"https:\/\/puregrowshop.com\/fr\/wp-json\/wp\/v2\/product_tag?post=23415"}],"curies":[{"name":"wp","href":"https:\/\/api.w.org\/{rel}","templated":true}]}}