{"id":23413,"date":"2024-11-05T18:52:21","date_gmt":"2024-11-05T18:52:21","guid":{"rendered":"https:\/\/puregrowshop.com\/peladora-trimpro-trimbox\/"},"modified":"2025-11-18T09:22:54","modified_gmt":"2025-11-18T09:22:54","slug":"peladora-trimpro-trimbox","status":"publish","type":"product","link":"https:\/\/puregrowshop.com\/fr\/peladora-trimpro-trimbox\/","title":{"rendered":"Peladora Trimpro TrimBox"},"content":{"rendered":"<p>FORMATO :<br \/>M\u00e1quina : 21,5cm (di\u00e1metro) x 22,9cm<br \/>Embalaje : 30.5cm x 22.9cm x 25.4cm<\/p>\n<p>PESO :<br \/>Peso aproximado : 6.4 kilos.<\/p>\n<p>MATERIALES :<br \/>Material cilindro : PVC.<br \/>Material rejilla : Aluminio.<\/p>\n<p>OPCIONES DE REJILLAS :<br \/>Opci\u00f3n 1: Trimbox Ancha (STD) : Grandes ranuras (11mm) <br \/>Opci\u00f3n 2: Trimbox Estrecha : Peque\u00f1as ranuras  (7,93 mm)<\/p>\n","protected":false},"excerpt":{"rendered":"<p>Construida sobre los mismos principios que la Trimpro Original, la TRIMBOX est\u00e1 concebida para los productores m\u00e1s peque\u00f1os. Puede ser montada sobre cualquier mesa de trabajo con pinzas y escuadras (suministradas). La ligera Trimbox es muy eficiente y da resultados convincentes.<\/p>\n<p>Para cortar, tomar en la mano una rama de planta frescamente cosechada y moverla sobre la rejilla con un movimiento de va y viene combinado con una rotaci\u00f3n de la planta.<\/p>\n","protected":false},"featured_media":23412,"comment_status":"open","ping_status":"closed","template":"","meta":{"_bst_post_transparent":"","_bst_post_title":"","_bst_post_layout":"","_bst_post_sidebar_id":"","_bst_post_content_style":"","_bst_post_vertical_padding":"","_bst_post_feature":"","_bst_post_feature_position":"","_bst_post_header":false,"_bst_post_footer":false},"pwb-brand":[],"product_brand":[],"product_cat":[71],"product_tag":[],"class_list":{"0":"post-23413","1":"product","2":"type-product","3":"status-publish","4":"has-post-thumbnail","6":"product_cat-peladora-cogollos","7":"product_shipping_class-entre-5-kg-y-10-kg","9":"first","10":"instock","11":"sale","12":"taxable","13":"shipping-taxable","14":"purchasable","15":"product-type-simple","16":"entry","17":"content-bg","18":"loop-entry"},"brands":[],"_links":{"self":[{"href":"https:\/\/puregrowshop.com\/fr\/wp-json\/wp\/v2\/product\/23413","targetHints":{"allow":["GET"]}}],"collection":[{"href":"https:\/\/puregrowshop.com\/fr\/wp-json\/wp\/v2\/product"}],"about":[{"href":"https:\/\/puregrowshop.com\/fr\/wp-json\/wp\/v2\/types\/product"}],"replies":[{"embeddable":true,"href":"https:\/\/puregrowshop.com\/fr\/wp-json\/wp\/v2\/comments?post=23413"}],"wp:featuredmedia":[{"embeddable":true,"href":"https:\/\/puregrowshop.com\/fr\/wp-json\/wp\/v2\/media\/23412"}],"wp:attachment":[{"href":"https:\/\/puregrowshop.com\/fr\/wp-json\/wp\/v2\/media?parent=23413"}],"wp:term":[{"taxonomy":"pwb-brand","embeddable":true,"href":"https:\/\/puregrowshop.com\/fr\/wp-json\/wp\/v2\/pwb-brand?post=23413"},{"taxonomy":"product_brand","embeddable":true,"href":"https:\/\/puregrowshop.com\/fr\/wp-json\/wp\/v2\/product_brand?post=23413"},{"taxonomy":"product_cat","embeddable":true,"href":"https:\/\/puregrowshop.com\/fr\/wp-json\/wp\/v2\/product_cat?post=23413"},{"taxonomy":"product_tag","embeddable":true,"href":"https:\/\/puregrowshop.com\/fr\/wp-json\/wp\/v2\/product_tag?post=23413"}],"curies":[{"name":"wp","href":"https:\/\/api.w.org\/{rel}","templated":true}]}}