{"id":23396,"date":"2024-11-05T18:41:48","date_gmt":"2024-11-05T18:41:48","guid":{"rendered":"https:\/\/puregrowshop.com\/fenix-mini-capsulas-mini-dosis-acero-inox-4-ud\/"},"modified":"2025-11-03T11:56:17","modified_gmt":"2025-11-03T11:56:17","slug":"fenix-mini-capsulas-mini-dosis-acero-inox-4-ud","status":"publish","type":"product","link":"https:\/\/puregrowshop.com\/fr\/fenix-mini-capsulas-mini-dosis-acero-inox-4-ud\/","title":{"rendered":"Fenix Mini Capsulas Mini Dosis Acero Inox. 4 ud."},"content":{"rendered":"<div class=\"product-description\">\n<p>Las <strong>Fenix Mini C\u00e1psulas Mini Dosis Acero Inox<\/strong> son una innovaci\u00f3n imprescindible para todos los usuarios de vaporizadores. Est\u00e1n dise\u00f1adas espec\u00edficamente para el vaporizador Fenix Mini, aunque tambi\u00e9n son compatibles con otros dispositivos de la marca Fenix. Estas c\u00e1psulas est\u00e1n fabricadas en acero inoxidable de alta calidad, lo que asegura una durabilidad y resistencia excepcional.<\/p>\n<p>Estas c\u00e1psulas de acero inoxidable permiten una dosificaci\u00f3n precisa de tu material, ya sea hierbas secas o concentrados. Adem\u00e1s, facilitan la limpieza y el mantenimiento de tu vaporizador, ya que puedes prellenarlas y almacenarlas para su uso posterior. Su dise\u00f1o mejora significativamente la experiencia de vaporizaci\u00f3n, proporcionando un sabor puro y una vaporizaci\u00f3n eficiente.<\/p>\n<h3>Caracter\u00edsticas principales:<\/h3>\n<ul>\n<li>Fabricadas en acero inoxidable de alta calidad.<\/li>\n<li>Compatibles con el vaporizador Fenix Mini y otros modelos de la marca Fenix.<\/li>\n<li>Permiten la dosificaci\u00f3n precisa de hierbas secas y concentrados.<\/li>\n<li>Facilitan la limpieza y el mantenimiento del vaporizador.<\/li>\n<li>Mejoran la experiencia de vaporizaci\u00f3n proporcionando un sabor puro.<\/li>\n<\/ul>\n<p><strong>Incluye:<\/strong><\/p>\n<ul>\n<li>4 c\u00e1psulas de acero inoxidable para dosis individuales.<\/li>\n<\/ul>\n<p>Estas c\u00e1psulas est\u00e1n dise\u00f1adas para aquellos que buscan una mayor comodidad y eficiencia en el uso de su vaporizador. No solo permiten almacenar y transportar tus materiales de manera segura, sino que tambi\u00e9n aseguran una vaporizaci\u00f3n homog\u00e9nea y sin residuos. Sencillas de usar y muy pr\u00e1cticas para el d\u00eda a d\u00eda.<\/p>\n<\/div>\n<p>&#8220;`<\/p>\n","protected":false},"excerpt":{"rendered":"<p>&#8220;`html<\/p>\n<p>Optimiza tu experiencia de vaporizaci\u00f3n con estas <strong>c\u00e1psulas de dosis mini de acero inoxidable<\/strong>. Compatible con Fenix Mini, son perfectas para preempacar tu material y mantenerlo fresco.<\/p>\n<p>&#8220;`<\/p>\n","protected":false},"featured_media":23395,"comment_status":"open","ping_status":"closed","template":"","meta":{"_bst_post_transparent":"","_bst_post_title":"","_bst_post_layout":"","_bst_post_sidebar_id":"","_bst_post_content_style":"","_bst_post_vertical_padding":"","_bst_post_feature":"","_bst_post_feature_position":"","_bst_post_header":false,"_bst_post_footer":false},"pwb-brand":[],"product_brand":[],"product_cat":[268],"product_tag":[],"class_list":{"0":"post-23396","1":"product","2":"type-product","3":"status-publish","4":"has-post-thumbnail","6":"product_cat-recambios","8":"first","9":"instock","10":"sale","11":"taxable","12":"shipping-taxable","13":"purchasable","14":"product-type-simple","15":"entry","16":"content-bg","17":"loop-entry"},"brands":[],"_links":{"self":[{"href":"https:\/\/puregrowshop.com\/fr\/wp-json\/wp\/v2\/product\/23396","targetHints":{"allow":["GET"]}}],"collection":[{"href":"https:\/\/puregrowshop.com\/fr\/wp-json\/wp\/v2\/product"}],"about":[{"href":"https:\/\/puregrowshop.com\/fr\/wp-json\/wp\/v2\/types\/product"}],"replies":[{"embeddable":true,"href":"https:\/\/puregrowshop.com\/fr\/wp-json\/wp\/v2\/comments?post=23396"}],"wp:featuredmedia":[{"embeddable":true,"href":"https:\/\/puregrowshop.com\/fr\/wp-json\/wp\/v2\/media\/23395"}],"wp:attachment":[{"href":"https:\/\/puregrowshop.com\/fr\/wp-json\/wp\/v2\/media?parent=23396"}],"wp:term":[{"taxonomy":"pwb-brand","embeddable":true,"href":"https:\/\/puregrowshop.com\/fr\/wp-json\/wp\/v2\/pwb-brand?post=23396"},{"taxonomy":"product_brand","embeddable":true,"href":"https:\/\/puregrowshop.com\/fr\/wp-json\/wp\/v2\/product_brand?post=23396"},{"taxonomy":"product_cat","embeddable":true,"href":"https:\/\/puregrowshop.com\/fr\/wp-json\/wp\/v2\/product_cat?post=23396"},{"taxonomy":"product_tag","embeddable":true,"href":"https:\/\/puregrowshop.com\/fr\/wp-json\/wp\/v2\/product_tag?post=23396"}],"curies":[{"name":"wp","href":"https:\/\/api.w.org\/{rel}","templated":true}]}}