{"id":23234,"date":"2024-11-05T18:40:55","date_gmt":"2024-11-05T18:40:55","guid":{"rendered":"https:\/\/puregrowshop.com\/volcano-classic-solid-valve-camara-para-liquidos\/"},"modified":"2025-11-03T11:56:17","modified_gmt":"2025-11-03T11:56:17","slug":"volcano-classic-solid-valve-camara-para-liquidos","status":"publish","type":"product","link":"https:\/\/puregrowshop.com\/fr\/volcano-classic-solid-valve-camara-para-liquidos\/","title":{"rendered":"Volcano Classic Solid Valve Camara para Liquidos"},"content":{"rendered":"<p>\n    La <strong>Volcano Classic Solid Valve C\u00e1mara para L\u00edquidos<\/strong> es un accesorio fundamental para quienes aprovechan al m\u00e1ximo su vaporizador Volcano. Esta c\u00e1mara est\u00e1 espec\u00edficamente dise\u00f1ada para la vaporizaci\u00f3n de l\u00edquidos y concentrados, proporcionando una experiencia de vaporizaci\u00f3n m\u00e1s amplia y vers\u00e1til.\n<\/p>\n<p>\n    Construida con materiales de alta calidad, la c\u00e1mara asegura una \u00f3ptima transferencia de calor y robustez. La <strong>Volcano Classic Solid Valve C\u00e1mara para L\u00edquidos<\/strong> se destaca por su durabilidad y facilidad de uso. Es una opci\u00f3n ideal para aquellos que buscan obtener la m\u00e1xima eficiencia y calidad en cada sesi\u00f3n de vapor.\n<\/p>\n<h3>Caracter\u00edsticas Principales:<\/h3>\n<ul>\n<li>Compatible con concentrados y l\u00edquidos<\/li>\n<li>Fabricada con materiales de alta calidad y durabilidad<\/li>\n<li>F\u00e1cil de instalar y usar<\/li>\n<li>Proporciona una excelente transferencia de calor<\/li>\n<li>Ideal para ser usada con el sistema de v\u00e1lvulas s\u00f3lidas de Volcano<\/li>\n<\/ul>\n<p>\n    La c\u00e1mara incluye todo lo necesario para empezar a usarla de inmediato. En el paquete encontrar\u00e1s:\n<\/p>\n<ul>\n<li><strong>1 x Volcano Classic Solid Valve C\u00e1mara para L\u00edquidos<\/strong><\/li>\n<li><strong>2 x Almohadillas para el L\u00edquido<\/strong><\/li>\n<\/ul>\n<p>\n    Gracias a su dise\u00f1o innovador, cambiar y mantener la c\u00e1mara limpia requiere un esfuerzo m\u00ednimo, garantizando as\u00ed que siempre se obtenga el mejor rendimiento posible. A\u00f1adiendo esta c\u00e1mara a tu kit de vaporizaci\u00f3n Volcano, obtendr\u00e1s la oportunidad de explorar una gama m\u00e1s amplia de materiales, llevando tu experiencia a un nuevo nivel.\n<\/p>\n<p>&#8220;`<\/p>\n","protected":false},"excerpt":{"rendered":"<p>Optimiza tu experiencia de vaporizaci\u00f3n con la **Volcano Classic Solid Valve C\u00e1mara para L\u00edquidos**. Dise\u00f1ada espec\u00edficamente para l\u00edquidos y aceites esenciales, esta c\u00e1mara te permite disfrutar de un vapor puro y de alta calidad. F\u00e1cil de usar y limpiar, es el accesorio perfecto para tu Volcano Classic, asegur\u00e1ndote un rendimiento excepcional. Mejora la precisi\u00f3n y la comodidad de tus sesiones con este imprescindible complemento.<\/p>\n","protected":false},"featured_media":23233,"comment_status":"open","ping_status":"closed","template":"","meta":{"_bst_post_transparent":"","_bst_post_title":"","_bst_post_layout":"","_bst_post_sidebar_id":"","_bst_post_content_style":"","_bst_post_vertical_padding":"","_bst_post_feature":"","_bst_post_feature_position":"","_bst_post_header":false,"_bst_post_footer":false},"pwb-brand":[266],"product_brand":[],"product_cat":[117],"product_tag":[],"class_list":{"0":"post-23234","1":"product","2":"type-product","3":"status-publish","4":"has-post-thumbnail","6":"pwb-brand-plenty-volcano","7":"product_cat-vaporizadores","9":"first","10":"outofstock","11":"sale","12":"taxable","13":"shipping-taxable","14":"purchasable","15":"product-type-simple","16":"entry","17":"content-bg","18":"loop-entry"},"brands":[{"id":266,"name":"Plenty \/ Volcano","slug":"plenty-volcano"}],"_links":{"self":[{"href":"https:\/\/puregrowshop.com\/fr\/wp-json\/wp\/v2\/product\/23234","targetHints":{"allow":["GET"]}}],"collection":[{"href":"https:\/\/puregrowshop.com\/fr\/wp-json\/wp\/v2\/product"}],"about":[{"href":"https:\/\/puregrowshop.com\/fr\/wp-json\/wp\/v2\/types\/product"}],"replies":[{"embeddable":true,"href":"https:\/\/puregrowshop.com\/fr\/wp-json\/wp\/v2\/comments?post=23234"}],"wp:featuredmedia":[{"embeddable":true,"href":"https:\/\/puregrowshop.com\/fr\/wp-json\/wp\/v2\/media\/23233"}],"wp:attachment":[{"href":"https:\/\/puregrowshop.com\/fr\/wp-json\/wp\/v2\/media?parent=23234"}],"wp:term":[{"taxonomy":"pwb-brand","embeddable":true,"href":"https:\/\/puregrowshop.com\/fr\/wp-json\/wp\/v2\/pwb-brand?post=23234"},{"taxonomy":"product_brand","embeddable":true,"href":"https:\/\/puregrowshop.com\/fr\/wp-json\/wp\/v2\/product_brand?post=23234"},{"taxonomy":"product_cat","embeddable":true,"href":"https:\/\/puregrowshop.com\/fr\/wp-json\/wp\/v2\/product_cat?post=23234"},{"taxonomy":"product_tag","embeddable":true,"href":"https:\/\/puregrowshop.com\/fr\/wp-json\/wp\/v2\/product_tag?post=23234"}],"curies":[{"name":"wp","href":"https:\/\/api.w.org\/{rel}","templated":true}]}}