{"id":23129,"date":"2024-11-05T18:40:21","date_gmt":"2024-11-05T18:40:21","guid":{"rendered":"https:\/\/puregrowshop.com\/crafty-mighty-venty-boquilla\/"},"modified":"2025-09-01T07:57:34","modified_gmt":"2025-09-01T07:57:34","slug":"crafty-mighty-venty-boquilla","status":"publish","type":"product","link":"https:\/\/puregrowshop.com\/fr\/crafty-mighty-venty-boquilla\/","title":{"rendered":"Crafty \/ Mighty \/ Venty Boquilla"},"content":{"rendered":"<div class=\"product-description\">\n<h3>Crafty<\/h3>\n<p>El Crafty es un vaporizador port\u00e1til que destaca por su dise\u00f1o compacto y su extraordinario rendimiento. Fabricado por la reconocida marca Storz &amp; Bickel, este dispositivo es ideal para aquellos que buscan una experiencia de vaporizaci\u00f3n de alta calidad en cualquier lugar. Su sistema de calentamiento h\u00edbrido garantiza una vaporizaci\u00f3n uniforme y eficiente, mientras que su control mediante aplicaci\u00f3n m\u00f3vil permite personalizar la experiencia seg\u00fan las preferencias individuales.<\/p>\n<p><strong>Caracter\u00edsticas principales:<\/strong><\/p>\n<ul>\n<li>Sistema de calentamiento h\u00edbrido (conducci\u00f3n y convecci\u00f3n).<\/li>\n<li>Control de temperatura inteligente v\u00eda aplicaci\u00f3n m\u00f3vil.<\/li>\n<li>Bater\u00eda de larga duraci\u00f3n que ofrece sesiones prolongadas.<\/li>\n<li>Tama\u00f1o compacto y dise\u00f1o ergon\u00f3mico.<\/li>\n<\/ul>\n<p>El producto incluye:<\/p>\n<ul>\n<li>1x Vaporizador Crafty.<\/li>\n<li>1x Cargador USB.<\/li>\n<li>1x Set de juntas de repuesto.<\/li>\n<li>1x C\u00e1psula de dosificaci\u00f3n.<\/li>\n<li>3x Almohadillas para l\u00edquidos.<\/li>\n<li>1x Cepillo de limpieza.<\/li>\n<li>1x Manual de instrucciones.<\/li>\n<\/ul>\n<\/div>\n<div class=\"product-description\">\n<h3>Mighty<\/h3>\n<p>El Mighty es un vaporizador port\u00e1til de alto rendimiento, tambi\u00e9n fabricado por Storz &amp; Bickel, conocido por ser uno de los vaporizadores con mejor desempe\u00f1o en el mercado. Su doble bater\u00eda integrada y su sofisticado sistema de calentamiento h\u00edbrido lo convierten en una opci\u00f3n formidable para usuarios exigentes que no desean comprometer la calidad de la vaporizaci\u00f3n <\/p>\n<p><strong>Caracter\u00edsticas principales:<\/strong><\/p>\n<ul>\n<li>Sistema de calentamiento h\u00edbrido (convecci\u00f3n y conducci\u00f3n).<\/li>\n<li>Pantalla LED \u00fanica para un control preciso de la temperatura.<\/li>\n<li>Doble bater\u00eda para un tiempo prolongado de uso.<\/li>\n<li>Enfriamiento eficiente gracias a su sistema de refrigeraci\u00f3n patentado.<\/li>\n<\/ul>\n<p>El producto incluye:<\/p>\n<ul>\n<li>1x Vaporizador Mighty.<\/li>\n<li>1x Cargador de pared.<\/li>\n<li>1x Set de juntas de repuesto.<\/li>\n<li>1x C\u00e1psula de dosificaci\u00f3n.<\/li>\n<li>3x Almohadillas para l\u00edquidos.<\/li>\n<li>1x Cepillo de limpieza.<\/li>\n<li>1x Manual de instrucciones.<\/li>\n<\/ul>\n<\/div>\n<div class=\"product-description\">\n<h3>Venty Boquilla<\/h3>\n<p>La Venty Boquilla es un accesorio esencial para mejorar la experiencia de vaporizaci\u00f3n. Dise\u00f1ada para ser compatible con los vaporizadores Crafty y Mighty, esta boquilla de alta calidad garantiza un flujo de aire \u00f3ptimo y una vaporizaci\u00f3n suave. Hecha de materiales seguros para el consumo, la Venty Boquilla es f\u00e1cil de instalar y de limpiar, asegurando una experiencia de uso continua y sin complicaciones.<\/p>\n<p><strong>Caracter\u00edsticas principales:<\/strong><\/p>\n<ul>\n<li>Compatibilidad con vaporizadores Crafty y Mighty.<\/li>\n<li>Fabricada con materiales de alta calidad.<\/li>\n<li>F\u00e1cil instalaci\u00f3n y mantenimiento.<\/li>\n<li>Dise\u00f1o ergon\u00f3mico para mayor comodidad.<\/li>\n<\/ul>\n<p>El producto incluye:<\/p>\n<ul>\n<li>1x Venty Boquilla.<\/li>\n<\/ul>\n<\/div>\n","protected":false},"excerpt":{"rendered":"<p><!-- Crafty --><\/p>\n<p>El vaporizador <strong>Crafty<\/strong> es ideal para quienes buscan portabilidad y alta calidad en una sola unidad. Con su dise\u00f1o compacto y bater\u00eda de larga duraci\u00f3n, ofrece sesiones de vapeo consistentes y satisfactorias. Posee un sistema de enfriamiento innovador que proporciona vapor suave y denso.<\/p>\n<p><!-- Mighty --><\/p>\n<p>El <strong>Mighty<\/strong> es un vaporizador port\u00e1til de alta gama que combina potencia y eficiencia. Gracias a su bater\u00eda dual y control preciso de temperatura, garantiza largas y placenteras sesiones. Su dise\u00f1o robusto y tecnolog\u00eda avanzada aseguran una experiencia superior en cada uso.<\/p>\n<p><!-- Venty Boquilla --><\/p>\n<p>La <strong>Venty Boquilla<\/strong> est\u00e1 dise\u00f1ada para proporcionar una inhalaci\u00f3n suave y c\u00f3moda en tus sesiones de vapeo. Fabricada con materiales de alta calidad, es compatible con una variedad de vaporizadores, ofreciendo durabilidad y facilidad de limpieza.<\/p>\n","protected":false},"featured_media":23128,"comment_status":"open","ping_status":"closed","template":"","meta":{"_bst_post_transparent":"","_bst_post_title":"","_bst_post_layout":"","_bst_post_sidebar_id":"","_bst_post_content_style":"","_bst_post_vertical_padding":"","_bst_post_feature":"","_bst_post_feature_position":"","_bst_post_header":false,"_bst_post_footer":false},"pwb-brand":[265],"product_brand":[],"product_cat":[117],"product_tag":[],"class_list":{"0":"post-23129","1":"product","2":"type-product","3":"status-publish","4":"has-post-thumbnail","6":"pwb-brand-crafty-mighty-venty","7":"product_cat-vaporizadores","9":"first","10":"instock","11":"sale","12":"taxable","13":"shipping-taxable","14":"purchasable","15":"product-type-simple","16":"entry","17":"content-bg","18":"loop-entry"},"brands":[{"id":265,"name":"Crafty Mighty Venty","slug":"crafty-mighty-venty"}],"_links":{"self":[{"href":"https:\/\/puregrowshop.com\/fr\/wp-json\/wp\/v2\/product\/23129","targetHints":{"allow":["GET"]}}],"collection":[{"href":"https:\/\/puregrowshop.com\/fr\/wp-json\/wp\/v2\/product"}],"about":[{"href":"https:\/\/puregrowshop.com\/fr\/wp-json\/wp\/v2\/types\/product"}],"replies":[{"embeddable":true,"href":"https:\/\/puregrowshop.com\/fr\/wp-json\/wp\/v2\/comments?post=23129"}],"wp:featuredmedia":[{"embeddable":true,"href":"https:\/\/puregrowshop.com\/fr\/wp-json\/wp\/v2\/media\/23128"}],"wp:attachment":[{"href":"https:\/\/puregrowshop.com\/fr\/wp-json\/wp\/v2\/media?parent=23129"}],"wp:term":[{"taxonomy":"pwb-brand","embeddable":true,"href":"https:\/\/puregrowshop.com\/fr\/wp-json\/wp\/v2\/pwb-brand?post=23129"},{"taxonomy":"product_brand","embeddable":true,"href":"https:\/\/puregrowshop.com\/fr\/wp-json\/wp\/v2\/product_brand?post=23129"},{"taxonomy":"product_cat","embeddable":true,"href":"https:\/\/puregrowshop.com\/fr\/wp-json\/wp\/v2\/product_cat?post=23129"},{"taxonomy":"product_tag","embeddable":true,"href":"https:\/\/puregrowshop.com\/fr\/wp-json\/wp\/v2\/product_tag?post=23129"}],"curies":[{"name":"wp","href":"https:\/\/api.w.org\/{rel}","templated":true}]}}