{"id":22666,"date":"2024-11-05T18:38:08","date_gmt":"2024-11-05T18:38:08","guid":{"rendered":"https:\/\/puregrowshop.com\/cali-terpenes-tangie-5-ml\/"},"modified":"2025-11-03T11:56:17","modified_gmt":"2025-11-03T11:56:17","slug":"cali-terpenes-tangie-5-ml","status":"publish","type":"product","link":"https:\/\/puregrowshop.com\/fr\/cali-terpenes-tangie-5-ml\/","title":{"rendered":"Cali Terpenes Tangie 5 ml."},"content":{"rendered":"<div>\n<h3>Caracter\u00edsticas Principales<\/h3>\n<p>**Cali Terpenes Tangie 5 ml** es un perfil de terpenos fabricado por Cali Terpenes, dise\u00f1ado para brindar una experiencia arom\u00e1tica inigualable. Este producto es ideal tanto para la vaporizaci\u00f3n como para su uso en la fabricaci\u00f3n de extractos, e-liquids, y otros productos destinados a ser ingeridos o inhalados.<\/p>\n<p>El perfil de terpenos Tangie se ha elaborado a partir de extractos 100% naturales, ofreciendo un aroma y sabor c\u00edtrico que recuerda a la mandarina dulce y fresca. Estos terpenos se han extra\u00eddo y procesado respetando los m\u00e1s altos est\u00e1ndares de calidad, lo que garantiza un producto puro, sin el uso de disolventes ni aditivos nocivos.<\/p>\n<h4>Caracter\u00edsticas:<\/h4>\n<ul>\n<li><strong>Origen vegetal: <\/strong>Proveniente de extractos naturales, garantizando una pureza sin igual.<\/li>\n<li><strong>Aromaterapia: <\/strong>Ofrece propiedades terap\u00e9uticas y relajantes, ideales para mejorar el bienestar general.<\/li>\n<li><strong>Sin THC ni CBD: <\/strong>No contiene compuestos psicoactivos, asegurando un uso seguro y legal en la mayor\u00eda de las jurisdicciones.<\/li>\n<li><strong>Calidad alimenticia: <\/strong>Apto para el uso en la elaboraci\u00f3n de alimentos, e-l\u00edquidos y aceites esenciales.<\/li>\n<li><strong>Versatilidad: <\/strong>Adecuado para usos m\u00faltiples como la vaporizaci\u00f3n, la creaci\u00f3n de extractos, y otros productos del cannabis.<\/li>\n<li><strong>Volumen: <\/strong>5 ml, suficiente para m\u00faltiples aplicaciones.<\/li>\n<\/ul>\n<h4>Incluye:<\/h4>\n<ul>\n<li>Un frasco de 5 ml de terpenos Cali Terpenes Tangie.<\/li>\n<li>Tapa gotero para facilitar la dosificaci\u00f3n.<\/li>\n<li>Instrucciones de uso y precauciones.<\/li>\n<\/ul>\n<\/div>\n<p>&#8220;`<\/p>\n","protected":false},"excerpt":{"rendered":"<p>&#8220;`html<\/p>\n<p>Descubre el <strong>sabor y aroma c\u00edtrico<\/strong> de <strong>Tangie<\/strong> con los terpenos de <strong>Cali Terpenes<\/strong>. Ideal para enriquecer tus concentrados, resinas, y flores. Alta calidad y pureza en cada gota de este frasco de 5 ml. Compatible con cualquier tipo de extracci\u00f3n. \u00a1Revoluciona tus mezclas con esencia aut\u00e9ntica!<\/p>\n<p>&#8220;`<\/p>\n","protected":false},"featured_media":22665,"comment_status":"open","ping_status":"closed","template":"","meta":{"_bst_post_transparent":"","_bst_post_title":"","_bst_post_layout":"","_bst_post_sidebar_id":"","_bst_post_content_style":"","_bst_post_vertical_padding":"","_bst_post_feature":"","_bst_post_feature_position":"","_bst_post_header":false,"_bst_post_footer":false},"pwb-brand":[],"product_brand":[],"product_cat":[261],"product_tag":[],"class_list":{"0":"post-22666","1":"product","2":"type-product","3":"status-publish","4":"has-post-thumbnail","6":"product_cat-terpenos","8":"first","9":"instock","10":"sale","11":"taxable","12":"shipping-taxable","13":"purchasable","14":"product-type-simple","15":"entry","16":"content-bg","17":"loop-entry"},"brands":[],"_links":{"self":[{"href":"https:\/\/puregrowshop.com\/fr\/wp-json\/wp\/v2\/product\/22666","targetHints":{"allow":["GET"]}}],"collection":[{"href":"https:\/\/puregrowshop.com\/fr\/wp-json\/wp\/v2\/product"}],"about":[{"href":"https:\/\/puregrowshop.com\/fr\/wp-json\/wp\/v2\/types\/product"}],"replies":[{"embeddable":true,"href":"https:\/\/puregrowshop.com\/fr\/wp-json\/wp\/v2\/comments?post=22666"}],"wp:featuredmedia":[{"embeddable":true,"href":"https:\/\/puregrowshop.com\/fr\/wp-json\/wp\/v2\/media\/22665"}],"wp:attachment":[{"href":"https:\/\/puregrowshop.com\/fr\/wp-json\/wp\/v2\/media?parent=22666"}],"wp:term":[{"taxonomy":"pwb-brand","embeddable":true,"href":"https:\/\/puregrowshop.com\/fr\/wp-json\/wp\/v2\/pwb-brand?post=22666"},{"taxonomy":"product_brand","embeddable":true,"href":"https:\/\/puregrowshop.com\/fr\/wp-json\/wp\/v2\/product_brand?post=22666"},{"taxonomy":"product_cat","embeddable":true,"href":"https:\/\/puregrowshop.com\/fr\/wp-json\/wp\/v2\/product_cat?post=22666"},{"taxonomy":"product_tag","embeddable":true,"href":"https:\/\/puregrowshop.com\/fr\/wp-json\/wp\/v2\/product_tag?post=22666"}],"curies":[{"name":"wp","href":"https:\/\/api.w.org\/{rel}","templated":true}]}}