{"id":22650,"date":"2024-11-05T18:38:03","date_gmt":"2024-11-05T18:38:03","guid":{"rendered":"https:\/\/puregrowshop.com\/cali-terpenes-mojito-1-ml\/"},"modified":"2025-11-30T15:59:51","modified_gmt":"2025-11-30T15:59:51","slug":"cali-terpenes-mojito-1-ml","status":"publish","type":"product","link":"https:\/\/puregrowshop.com\/fr\/cali-terpenes-mojito-1-ml\/","title":{"rendered":"Cali Terpenes Mojito 1 ml."},"content":{"rendered":"<div>\n<h3>Caracter\u00edsticas principales de Cali Terpenes Mojito 1 ml:<\/h3>\n<p>El <strong>Mojito de Cali Terpenes<\/strong> en su presentaci\u00f3n de 1 ml ofrece una experiencia arom\u00e1tica y sensorial \u00fanica gracias a su meticulosa mezcla de perfiles de terpenos. Inspirado por el famoso c\u00f3ctel cubano, este perfil de terpenos no solo promete una sensaci\u00f3n fresca, sino que tambi\u00e9n captura la esencia de la menta y la lima. Adem\u00e1s, los <a href=\"https:\/\/puregrowshop.com\/headshop\/terpenos\/\">terpenos en plantas medicinales<\/a> han demostrado tener propiedades terap\u00e9uticas que complementan la experiencia del Mojito de Cali Terpenes. Esta combinaci\u00f3n no solo realza su aroma y sabor, sino que tambi\u00e9n puede ofrecer beneficios adicionales para el bienestar. As\u00ed, cada inhalaci\u00f3n se convierte en un viaje que despierta los sentidos y promueve una sensaci\u00f3n de relajaci\u00f3n y frescura.<\/p>\n<p>Los terpenos de Cali Terpenes son reconocidos por sus altos est\u00e1ndares de calidad y pureza. Obtenidos a partir de materias primas 100% naturales, no contienen solventes, metales pesados, ni otros contaminantes. Estos terpenos son perfectos para a\u00f1adir a tus concentrados, aceites, resinas y otros productos de vaporizar.<\/p>\n<h4>Incluye:<\/h4>\n<ul>\n<li>Frasco cuentagotas de 1 ml de terpenos Mojito.<\/li>\n<li>Tap\u00f3n cuentagotas de precisi\u00f3n para un uso m\u00e1s controlado.<\/li>\n<\/ul>\n<h4>Resaltar:<\/h4>\n<ul>\n<li>Origen 100% natural: Terpenos extra\u00eddos de materias primas naturales sin solventes ni metales pesados.<\/li>\n<li>Sin aditivos: Libre de aditivos, diluyentes o cannabinoides.<\/li>\n<li>Versatilidad: Apto para a\u00f1adir a concentrados, aceites, resinas, l\u00edquidos de vaporizador, entre otros.<\/li>\n<\/ul>\n<p>Cali Terpenes Mojito se destaca por su frescura y multifuncionalidad, ideal para quien busca personalizar su experiencia de consumo con un perfil arom\u00e1tico \u00fanico y refrescante.<\/p>\n<\/div>\n","protected":false},"excerpt":{"rendered":"<p>&#8220;`html<\/p>\n<p>Los terpenos <strong>Cali Terpenes Mojito<\/strong> en su presentaci\u00f3n de 1 ml son ideales para enriquecer tus productos de cannabis con un sabor y aroma \u00fanicos. Inspirados en el famoso c\u00f3ctel cubano, estos terpenos ofrecen notas c\u00edtricas y frescas de lima y hierbabuena, siendo perfectos para mejorar la experiencia del usuario. Compatibles con extracciones, aceites, resinas y e-liquids.<\/p>\n<p>&#8220;`<\/p>\n","protected":false},"featured_media":22649,"comment_status":"open","ping_status":"closed","template":"","meta":{"_bst_post_transparent":"","_bst_post_title":"","_bst_post_layout":"","_bst_post_sidebar_id":"","_bst_post_content_style":"","_bst_post_vertical_padding":"","_bst_post_feature":"","_bst_post_feature_position":"","_bst_post_header":false,"_bst_post_footer":false},"pwb-brand":[],"product_brand":[],"product_cat":[261],"product_tag":[],"class_list":{"0":"post-22650","1":"product","2":"type-product","3":"status-publish","4":"has-post-thumbnail","6":"product_cat-terpenos","8":"first","9":"instock","10":"sale","11":"taxable","12":"shipping-taxable","13":"purchasable","14":"product-type-simple","15":"entry","16":"content-bg","17":"loop-entry"},"brands":[],"_links":{"self":[{"href":"https:\/\/puregrowshop.com\/fr\/wp-json\/wp\/v2\/product\/22650","targetHints":{"allow":["GET"]}}],"collection":[{"href":"https:\/\/puregrowshop.com\/fr\/wp-json\/wp\/v2\/product"}],"about":[{"href":"https:\/\/puregrowshop.com\/fr\/wp-json\/wp\/v2\/types\/product"}],"replies":[{"embeddable":true,"href":"https:\/\/puregrowshop.com\/fr\/wp-json\/wp\/v2\/comments?post=22650"}],"wp:featuredmedia":[{"embeddable":true,"href":"https:\/\/puregrowshop.com\/fr\/wp-json\/wp\/v2\/media\/22649"}],"wp:attachment":[{"href":"https:\/\/puregrowshop.com\/fr\/wp-json\/wp\/v2\/media?parent=22650"}],"wp:term":[{"taxonomy":"pwb-brand","embeddable":true,"href":"https:\/\/puregrowshop.com\/fr\/wp-json\/wp\/v2\/pwb-brand?post=22650"},{"taxonomy":"product_brand","embeddable":true,"href":"https:\/\/puregrowshop.com\/fr\/wp-json\/wp\/v2\/product_brand?post=22650"},{"taxonomy":"product_cat","embeddable":true,"href":"https:\/\/puregrowshop.com\/fr\/wp-json\/wp\/v2\/product_cat?post=22650"},{"taxonomy":"product_tag","embeddable":true,"href":"https:\/\/puregrowshop.com\/fr\/wp-json\/wp\/v2\/product_tag?post=22650"}],"curies":[{"name":"wp","href":"https:\/\/api.w.org\/{rel}","templated":true}]}}