{"id":22618,"date":"2024-11-05T18:29:08","date_gmt":"2024-11-05T18:29:08","guid":{"rendered":"https:\/\/puregrowshop.com\/mochila-pulverizador-16-lt-auto\/"},"modified":"2025-11-07T09:07:21","modified_gmt":"2025-11-07T09:07:21","slug":"mochila-pulverizador-16-lt-auto","status":"publish","type":"product","link":"https:\/\/puregrowshop.com\/fr\/mochila-pulverizador-16-lt-auto\/","title":{"rendered":"Mochila Pulverizador 16 lt. Auto"},"content":{"rendered":"<p>La &quot;Mochila Pulverizador 16 lt. Auto&quot; es la herramienta perfecta para aquellos que buscan eficiencia y comodidad en el cuidado de sus jardines o cultivos. Dise\u00f1ada para facilitar el trabajo de pulverizaci\u00f3n, esta mochila combina tecnolog\u00eda avanzada con un dise\u00f1o ergon\u00f3mico que asegura horas de uso sin fatiga.<\/p>\n<ul>\n<li>Capacidad de 16 litros: ideal para grandes \u00e1reas de trabajo sin necesidad de recargas constantes.<\/li>\n<li>Sistema autom\u00e1tico de pulverizaci\u00f3n: garantiza una distribuci\u00f3n uniforme del l\u00edquido, optimizando la cobertura.<\/li>\n<li>Dise\u00f1o ergon\u00f3mico: con correas ajustables y acolchadas para un confort superior durante su uso prolongado.<\/li>\n<li>Peso ligero de solo 0.11 kg: facilita el transporte y maniobrabilidad del equipo.<\/li>\n<li>Materiales resistentes a productos qu\u00edmicos: asegura durabilidad y resistencia frente a distintos tipos de l\u00edquidos.<\/li>\n<\/ul>\n<p>Gracias a su sistema autom\u00e1tico, el pulverizador permite un ahorro significativo de tiempo y esfuerzo, mejorando la eficiencia del trabajo. Es perfecto para aplicaciones en agricultura, jardiner\u00eda y mantenimiento de espacios verdes.<\/p>\n<p>Fabricada con materiales de alta calidad, esta mochila pulverizadora es resistente a la corrosi\u00f3n y f\u00e1cil de limpiar. Para mantener su rendimiento \u00f3ptimo, se recomienda enjuagar el equipo despu\u00e9s de cada uso y guardarlo en un lugar seco.<\/p>\n","protected":false},"excerpt":{"rendered":"<p>Fumigador el\u00e9ctrico 16L Auto con bater\u00eda de 12V y 8AH y dep\u00f3sito con una capacidad de 16 litros.<br \/>Nos permite poder regular la presi\u00f3n de 0.15 a 0.4Mpa y el caudal de 0,48 a 1,2 litros\/min<br \/>Su lanza es extensible y posee un sistema de posici\u00f3n fija.<\/p>\n<p>Tiene un filtro de entrada para evitar que se obstruya el sistema de pulverizaci\u00f3n y nos permite regular el caudal<br \/>y la presi\u00f3n a nuestro gusto, para obtener el m\u00e1ximo aprovechamiento del producto utilizado.<\/p>\n<p>Con esta ligera pero potente mochila, podr\u00e1 trabajar durante horas gracias a su poco peso y gran autonomia,<br \/>con una sola carga la bater\u00eda nos proporciona una autonom\u00eda de 3-5 horas.<\/p>\n<p>Especificaciones:<br \/>   &#8211; Deposito: 16L.<br \/>   &#8211; Numero de difusores: 3.<br \/>   &#8211; Lanza: extensible.<br \/>   &#8211; Gatillo: manual y fijo.<br \/>   &#8211; Bater\u00eda: 12V-8AH.<br \/>   &#8211; Autonom\u00eda: 3-5 horas.<br \/>   &#8211; Contiene filtro: s\u00ed.<br \/>   &#8211; Contiene asas: s\u00ed.<br \/>   &#8211; Caudal: de 0,48 a 1,2 l\/min.<br \/>   &#8211; Presi\u00f3n: de 0.15 a 0.4Mpa.<br \/>   &#8211; Pieza sujeci\u00f3n para lanza incluida.<br \/>   &#8211; Cargador incluido.<\/p>\n","protected":false},"featured_media":22617,"comment_status":"open","ping_status":"closed","template":"","meta":{"_bst_post_transparent":"","_bst_post_title":"","_bst_post_layout":"","_bst_post_sidebar_id":"","_bst_post_content_style":"","_bst_post_vertical_padding":"","_bst_post_feature":"","_bst_post_feature_position":"","_bst_post_header":false,"_bst_post_footer":false},"pwb-brand":[],"product_brand":[],"product_cat":[260],"product_tag":[],"class_list":{"0":"post-22618","1":"product","2":"type-product","3":"status-publish","4":"has-post-thumbnail","6":"product_cat-pulverizadores","8":"first","9":"instock","10":"sale","11":"taxable","12":"shipping-taxable","13":"purchasable","14":"product-type-simple","15":"entry","16":"content-bg","17":"loop-entry"},"brands":[],"_links":{"self":[{"href":"https:\/\/puregrowshop.com\/fr\/wp-json\/wp\/v2\/product\/22618","targetHints":{"allow":["GET"]}}],"collection":[{"href":"https:\/\/puregrowshop.com\/fr\/wp-json\/wp\/v2\/product"}],"about":[{"href":"https:\/\/puregrowshop.com\/fr\/wp-json\/wp\/v2\/types\/product"}],"replies":[{"embeddable":true,"href":"https:\/\/puregrowshop.com\/fr\/wp-json\/wp\/v2\/comments?post=22618"}],"wp:featuredmedia":[{"embeddable":true,"href":"https:\/\/puregrowshop.com\/fr\/wp-json\/wp\/v2\/media\/22617"}],"wp:attachment":[{"href":"https:\/\/puregrowshop.com\/fr\/wp-json\/wp\/v2\/media?parent=22618"}],"wp:term":[{"taxonomy":"pwb-brand","embeddable":true,"href":"https:\/\/puregrowshop.com\/fr\/wp-json\/wp\/v2\/pwb-brand?post=22618"},{"taxonomy":"product_brand","embeddable":true,"href":"https:\/\/puregrowshop.com\/fr\/wp-json\/wp\/v2\/product_brand?post=22618"},{"taxonomy":"product_cat","embeddable":true,"href":"https:\/\/puregrowshop.com\/fr\/wp-json\/wp\/v2\/product_cat?post=22618"},{"taxonomy":"product_tag","embeddable":true,"href":"https:\/\/puregrowshop.com\/fr\/wp-json\/wp\/v2\/product_tag?post=22618"}],"curies":[{"name":"wp","href":"https:\/\/api.w.org\/{rel}","templated":true}]}}