{"id":22589,"date":"2024-11-05T18:28:56","date_gmt":"2024-11-05T18:28:56","guid":{"rendered":"https:\/\/puregrowshop.com\/panel-de-control-completo-abcph-prosystem\/"},"modified":"2025-03-11T22:52:42","modified_gmt":"2025-03-11T22:52:42","slug":"panel-de-control-completo-abcph-prosystem","status":"publish","type":"product","link":"https:\/\/puregrowshop.com\/fr\/panel-de-control-completo-abcph-prosystem\/","title":{"rendered":"Panel de Control Completo A+B+C+Ph Prosystem"},"content":{"rendered":"<p>TIPO DE INSTALACI\u00d3N Y MONTAJE<br \/>Tanque de mezcla o de preparaci\u00f3n de la soluci\u00f3n acuosa(PE o PRFV)<br \/>Bomba de recirculaci\u00f3n sumergible (Bomba fuente)<br \/>Recirculaci\u00f3n del sistema (PVC).<br \/>Equipo de fertirrigaci\u00f3n de nutriente.<br \/>Sonda de conductividad.<br \/>Sonda de pH.<br \/>Entrada de agua al tanque con control de nivel hidr\u00e1ulico por boya.<br \/>Inyecci\u00f3n de productos reguladores de pH<\/p>\n<p>INCLUYE<br \/>Panel Control EC\/PH (3+1)<br \/>Colector EC\/PH Inyectores<br \/>Filtro 3\/4 Malla<br \/>Electrovalvula de Llenado<br \/>Electroboya<\/p>\n<p>Para ampliar informaci\u00f3n: http:\/\/www.prosystemaqua.com\/bomba-controladora-nutrientes-ph.htm<\/p>\n","protected":false},"excerpt":{"rendered":"<p>Con el Controlador de Nutrientes Prosystem podremos tener todo el control de la dosificaci\u00f3n nuestros abonos. Se realiza autom\u00e1ticamente por medici\u00f3n de la electroconductividad del agua en continuo an\u00e1lisis, obteniendo una soluci\u00f3n final o mezcla final con la conductividad deseada por el cultivador.<\/p>\n<p>Mediante el Controlador de Nutrutientes Prosystem tambi\u00e9n podemos controlar la regulaci\u00f3n del pH del agua, se realiza tambi\u00e9n en continuo an\u00e1lisis, obteniendo el pH final deseado por el cultivador. El caudal para la dosificacion de cada una de las bombas es regulable de manera individual.<br \/>Existen dos versiones: Una con bombas regulables de 0 a 400 cc\/h y de 0 a 7 l\/h. Con posibilidad de aumentar el caudal bajo pedido..<br \/>El Controlador de nutrientes est\u00e1 preparado para dosificar en cubas de preparaci\u00f3n de mezclas o de homogeneizaci\u00f3n de par\u00e1metros.<\/p>\n<p>Posiblemente sea el sistema de fertirrigaci\u00f3n m\u00e1s avanzado y con la mejor relaci\u00f3n calidad\/precio del mercado. Sus aplicaciones son m\u00faltiples y variadas: Semilleros, Centros de Investigaci\u00f3n , Fabricaci\u00f3n de Productos y Qu\u00edmicos , Explotaciones Agrarias , Centros de Jardiner\u00eda, Grow Shop.<\/p>\n","protected":false},"featured_media":22588,"comment_status":"open","ping_status":"closed","template":"","meta":{"_bst_post_transparent":"","_bst_post_title":"","_bst_post_layout":"","_bst_post_sidebar_id":"","_bst_post_content_style":"","_bst_post_vertical_padding":"","_bst_post_feature":"","_bst_post_feature_position":"","_bst_post_header":false,"_bst_post_footer":false},"pwb-brand":[],"product_brand":[],"product_cat":[259],"product_tag":[],"class_list":{"0":"post-22589","1":"product","2":"type-product","3":"status-publish","4":"has-post-thumbnail","6":"product_cat-programador-riego","8":"first","9":"instock","10":"sale","11":"taxable","12":"shipping-taxable","13":"purchasable","14":"product-type-simple","15":"entry","16":"content-bg","17":"loop-entry"},"brands":[],"_links":{"self":[{"href":"https:\/\/puregrowshop.com\/fr\/wp-json\/wp\/v2\/product\/22589","targetHints":{"allow":["GET"]}}],"collection":[{"href":"https:\/\/puregrowshop.com\/fr\/wp-json\/wp\/v2\/product"}],"about":[{"href":"https:\/\/puregrowshop.com\/fr\/wp-json\/wp\/v2\/types\/product"}],"replies":[{"embeddable":true,"href":"https:\/\/puregrowshop.com\/fr\/wp-json\/wp\/v2\/comments?post=22589"}],"wp:featuredmedia":[{"embeddable":true,"href":"https:\/\/puregrowshop.com\/fr\/wp-json\/wp\/v2\/media\/22588"}],"wp:attachment":[{"href":"https:\/\/puregrowshop.com\/fr\/wp-json\/wp\/v2\/media?parent=22589"}],"wp:term":[{"taxonomy":"pwb-brand","embeddable":true,"href":"https:\/\/puregrowshop.com\/fr\/wp-json\/wp\/v2\/pwb-brand?post=22589"},{"taxonomy":"product_brand","embeddable":true,"href":"https:\/\/puregrowshop.com\/fr\/wp-json\/wp\/v2\/product_brand?post=22589"},{"taxonomy":"product_cat","embeddable":true,"href":"https:\/\/puregrowshop.com\/fr\/wp-json\/wp\/v2\/product_cat?post=22589"},{"taxonomy":"product_tag","embeddable":true,"href":"https:\/\/puregrowshop.com\/fr\/wp-json\/wp\/v2\/product_tag?post=22589"}],"curies":[{"name":"wp","href":"https:\/\/api.w.org\/{rel}","templated":true}]}}