{"id":22374,"date":"2024-11-05T18:27:49","date_gmt":"2024-11-05T18:27:49","guid":{"rendered":"https:\/\/puregrowshop.com\/agitador-de-agua-neptune-hydroponics-6-000-lt-h-2-rotores\/"},"modified":"2025-10-01T11:49:15","modified_gmt":"2025-10-01T11:49:15","slug":"agitador-de-agua-neptune-hydroponics-6-000-lt-h-2-rotores","status":"publish","type":"product","link":"https:\/\/puregrowshop.com\/fr\/agitador-de-agua-neptune-hydroponics-6-000-lt-h-2-rotores\/","title":{"rendered":"Agitador de Agua Neptune Hydroponics 6.000 lt\/h. 2 Rotores"},"content":{"rendered":"<p>Con este agitador conseguiremos tener una m\u00e1xima oxigenaci\u00f3n evitando la deposici\u00f3n de materiales en el fondo del agua,<\/p>\n<p>Cuenta con una potente ventosa que permite adherirlo fuertemente a cualquier pared del dep\u00f3sito. Su peque\u00f1o rotor crea una corriente de agua que mantendr\u00e1n los nutrientes en suspensi\u00f3n para que no se precipiten al fondo, ideal cultivos hidrop\u00f3nicos de mediano y gran tama\u00f1o.<\/p>\n","protected":false},"excerpt":{"rendered":"<p>Consumo: 12 W<br \/>Potencia: 6000 lt.\/h.<br \/>2 rotores<\/p>\n","protected":false},"featured_media":22373,"comment_status":"open","ping_status":"closed","template":"","meta":{"_bst_post_transparent":"","_bst_post_title":"","_bst_post_layout":"","_bst_post_sidebar_id":"","_bst_post_content_style":"","_bst_post_vertical_padding":"","_bst_post_feature":"","_bst_post_feature_position":"","_bst_post_header":false,"_bst_post_footer":false},"pwb-brand":[],"product_brand":[],"product_cat":[253],"product_tag":[],"class_list":{"0":"post-22374","1":"product","2":"type-product","3":"status-publish","4":"has-post-thumbnail","6":"product_cat-bombas-agua","8":"first","9":"instock","10":"taxable","11":"shipping-taxable","12":"purchasable","13":"product-type-simple","14":"entry","15":"content-bg","16":"loop-entry"},"brands":[],"_links":{"self":[{"href":"https:\/\/puregrowshop.com\/fr\/wp-json\/wp\/v2\/product\/22374","targetHints":{"allow":["GET"]}}],"collection":[{"href":"https:\/\/puregrowshop.com\/fr\/wp-json\/wp\/v2\/product"}],"about":[{"href":"https:\/\/puregrowshop.com\/fr\/wp-json\/wp\/v2\/types\/product"}],"replies":[{"embeddable":true,"href":"https:\/\/puregrowshop.com\/fr\/wp-json\/wp\/v2\/comments?post=22374"}],"wp:featuredmedia":[{"embeddable":true,"href":"https:\/\/puregrowshop.com\/fr\/wp-json\/wp\/v2\/media\/22373"}],"wp:attachment":[{"href":"https:\/\/puregrowshop.com\/fr\/wp-json\/wp\/v2\/media?parent=22374"}],"wp:term":[{"taxonomy":"pwb-brand","embeddable":true,"href":"https:\/\/puregrowshop.com\/fr\/wp-json\/wp\/v2\/pwb-brand?post=22374"},{"taxonomy":"product_brand","embeddable":true,"href":"https:\/\/puregrowshop.com\/fr\/wp-json\/wp\/v2\/product_brand?post=22374"},{"taxonomy":"product_cat","embeddable":true,"href":"https:\/\/puregrowshop.com\/fr\/wp-json\/wp\/v2\/product_cat?post=22374"},{"taxonomy":"product_tag","embeddable":true,"href":"https:\/\/puregrowshop.com\/fr\/wp-json\/wp\/v2\/product_tag?post=22374"}],"curies":[{"name":"wp","href":"https:\/\/api.w.org\/{rel}","templated":true}]}}