{"id":22344,"date":"2024-11-05T18:27:43","date_gmt":"2024-11-05T18:27:43","guid":{"rendered":"https:\/\/puregrowshop.com\/bomba-agua-aquaking-hx-2500-1-000-lt-h\/"},"modified":"2025-12-03T09:23:12","modified_gmt":"2025-12-03T09:23:12","slug":"bomba-agua-aquaking-hx-2500-1-000-lt-h","status":"publish","type":"product","link":"https:\/\/puregrowshop.com\/fr\/bomba-agua-aquaking-hx-2500-1-000-lt-h\/","title":{"rendered":"Bomba Agua Aquaking HX 2500 &#8211; 1.000 lt\/h."},"content":{"rendered":"<p>AquaKing HX 2500 es una bomba de agua sumergible de flujo constante. Cuenta con una rejilla de protecci\u00f3n para evitar que se obture la salida. La instalaci\u00f3n es f\u00e1cil, r\u00e1pida y segura mediante ventosas.<\/p>\n<p>Aquaking HX-2500 es ideal para utilizar en sistemas de drenaje en tanque de cultivo hidrop\u00f3nico.<\/p>\n","protected":false},"excerpt":{"rendered":"<p>&#8211; Caudal: 1000 lt. \/ h<br \/>&#8211; Potencia: 22 W<br \/>&#8211; Altura de agua: 1.6 m.<br \/>&#8211; Di\u00e1metro de salida: \u00f8 14.5 mm.<br \/>&#8211; Peso: 600 gr.<br \/>&#8211; Dimensiones: 140 x 102 x 110 mm.<\/p>\n","protected":false},"featured_media":22343,"comment_status":"open","ping_status":"closed","template":"","meta":{"_bst_post_transparent":"","_bst_post_title":"","_bst_post_layout":"","_bst_post_sidebar_id":"","_bst_post_content_style":"","_bst_post_vertical_padding":"","_bst_post_feature":"","_bst_post_feature_position":"","_bst_post_header":false,"_bst_post_footer":false},"pwb-brand":[],"product_brand":[],"product_cat":[253],"product_tag":[],"class_list":{"0":"post-22344","1":"product","2":"type-product","3":"status-publish","4":"has-post-thumbnail","6":"product_cat-bombas-agua","8":"first","9":"instock","10":"taxable","11":"shipping-taxable","12":"purchasable","13":"product-type-simple","14":"entry","15":"content-bg","16":"loop-entry"},"brands":[],"_links":{"self":[{"href":"https:\/\/puregrowshop.com\/fr\/wp-json\/wp\/v2\/product\/22344","targetHints":{"allow":["GET"]}}],"collection":[{"href":"https:\/\/puregrowshop.com\/fr\/wp-json\/wp\/v2\/product"}],"about":[{"href":"https:\/\/puregrowshop.com\/fr\/wp-json\/wp\/v2\/types\/product"}],"replies":[{"embeddable":true,"href":"https:\/\/puregrowshop.com\/fr\/wp-json\/wp\/v2\/comments?post=22344"}],"wp:featuredmedia":[{"embeddable":true,"href":"https:\/\/puregrowshop.com\/fr\/wp-json\/wp\/v2\/media\/22343"}],"wp:attachment":[{"href":"https:\/\/puregrowshop.com\/fr\/wp-json\/wp\/v2\/media?parent=22344"}],"wp:term":[{"taxonomy":"pwb-brand","embeddable":true,"href":"https:\/\/puregrowshop.com\/fr\/wp-json\/wp\/v2\/pwb-brand?post=22344"},{"taxonomy":"product_brand","embeddable":true,"href":"https:\/\/puregrowshop.com\/fr\/wp-json\/wp\/v2\/product_brand?post=22344"},{"taxonomy":"product_cat","embeddable":true,"href":"https:\/\/puregrowshop.com\/fr\/wp-json\/wp\/v2\/product_cat?post=22344"},{"taxonomy":"product_tag","embeddable":true,"href":"https:\/\/puregrowshop.com\/fr\/wp-json\/wp\/v2\/product_tag?post=22344"}],"curies":[{"name":"wp","href":"https:\/\/api.w.org\/{rel}","templated":true}]}}