{"id":22338,"date":"2024-11-05T18:27:42","date_gmt":"2024-11-05T18:27:42","guid":{"rendered":"https:\/\/puregrowshop.com\/bomba-agua-aquaking-q-2007-4-000-lt\/"},"modified":"2025-10-01T11:49:31","modified_gmt":"2025-10-01T11:49:31","slug":"bomba-agua-aquaking-q-2007-4-000-lt","status":"publish","type":"product","link":"https:\/\/puregrowshop.com\/fr\/bomba-agua-aquaking-q-2007-4-000-lt\/","title":{"rendered":"Bomba Agua AquaKing Q 2007 &#8211; 4.000 lt."},"content":{"rendered":"<p>Con estas bombas puedes instalar tu propio sistema de riego por goteo para tierra, coco e hidro. Estas bombas son de gran calidad y est\u00e1n disponibles en muchos caudales en funci\u00f3n de la instalaci\u00f3n o el n\u00famero de plantas.<\/p>\n","protected":false},"excerpt":{"rendered":"<p>&#8211; Caudal: 3600 lt. \/ h<br \/>&#8211; Potencia: W<br \/>&#8211; Altura de agua: max. 5 m.<br \/>&#8211; Di\u00e1metro de salida: \u00f8 14.5 mm.<br \/>&#8211; Peso: 3720 gr.<br \/>&#8211; Dimensiones: 230 x 170 mm.<\/p>\n","protected":false},"featured_media":22337,"comment_status":"open","ping_status":"closed","template":"","meta":{"_bst_post_transparent":"","_bst_post_title":"","_bst_post_layout":"","_bst_post_sidebar_id":"","_bst_post_content_style":"","_bst_post_vertical_padding":"","_bst_post_feature":"","_bst_post_feature_position":"","_bst_post_header":false,"_bst_post_footer":false},"pwb-brand":[],"product_brand":[],"product_cat":[253],"product_tag":[],"class_list":{"0":"post-22338","1":"product","2":"type-product","3":"status-publish","4":"has-post-thumbnail","6":"product_cat-bombas-agua","7":"product_shipping_class-entre-1-kg-y-5-kg","9":"first","10":"instock","11":"taxable","12":"shipping-taxable","13":"purchasable","14":"product-type-simple","15":"entry","16":"content-bg","17":"loop-entry"},"brands":[],"_links":{"self":[{"href":"https:\/\/puregrowshop.com\/fr\/wp-json\/wp\/v2\/product\/22338","targetHints":{"allow":["GET"]}}],"collection":[{"href":"https:\/\/puregrowshop.com\/fr\/wp-json\/wp\/v2\/product"}],"about":[{"href":"https:\/\/puregrowshop.com\/fr\/wp-json\/wp\/v2\/types\/product"}],"replies":[{"embeddable":true,"href":"https:\/\/puregrowshop.com\/fr\/wp-json\/wp\/v2\/comments?post=22338"}],"wp:featuredmedia":[{"embeddable":true,"href":"https:\/\/puregrowshop.com\/fr\/wp-json\/wp\/v2\/media\/22337"}],"wp:attachment":[{"href":"https:\/\/puregrowshop.com\/fr\/wp-json\/wp\/v2\/media?parent=22338"}],"wp:term":[{"taxonomy":"pwb-brand","embeddable":true,"href":"https:\/\/puregrowshop.com\/fr\/wp-json\/wp\/v2\/pwb-brand?post=22338"},{"taxonomy":"product_brand","embeddable":true,"href":"https:\/\/puregrowshop.com\/fr\/wp-json\/wp\/v2\/product_brand?post=22338"},{"taxonomy":"product_cat","embeddable":true,"href":"https:\/\/puregrowshop.com\/fr\/wp-json\/wp\/v2\/product_cat?post=22338"},{"taxonomy":"product_tag","embeddable":true,"href":"https:\/\/puregrowshop.com\/fr\/wp-json\/wp\/v2\/product_tag?post=22338"}],"curies":[{"name":"wp","href":"https:\/\/api.w.org\/{rel}","templated":true}]}}