{"id":22336,"date":"2024-11-05T18:27:42","date_gmt":"2024-11-05T18:27:42","guid":{"rendered":"https:\/\/puregrowshop.com\/bomba-agua-aquaking-hx-4500-2-500-lt\/"},"modified":"2025-10-01T11:49:31","modified_gmt":"2025-10-01T11:49:31","slug":"bomba-agua-aquaking-hx-4500-2-500-lt","status":"publish","type":"product","link":"https:\/\/puregrowshop.com\/fr\/bomba-agua-aquaking-hx-4500-2-500-lt\/","title":{"rendered":"Bomba Agua AquaKing HX 4500 &#8211; 2.500 lt."},"content":{"rendered":"<p>La bomba sumergible para l\u00edquidos, HX 4500 es ideal para peque\u00f1os lagos, acuarios, jardines vivientes e hidrop\u00f3nicos.<\/p>\n","protected":false},"excerpt":{"rendered":"<p>&#8211; Caudal: 2000 lt. \/ h.<br \/>&#8211; Potencia: 36 W<br \/>&#8211; Altura de agua: 2.8 m. <br \/>&#8211; Di\u00e1metro de salida: \u00f8 20 mm.<br \/>&#8211; Peso: 1.6 kg<br \/>&#8211; Dimensiones: 115 x 115 x 160 mm.<\/p>\n","protected":false},"featured_media":22335,"comment_status":"open","ping_status":"closed","template":"","meta":{"_bst_post_transparent":"","_bst_post_title":"","_bst_post_layout":"","_bst_post_sidebar_id":"","_bst_post_content_style":"","_bst_post_vertical_padding":"","_bst_post_feature":"","_bst_post_feature_position":"","_bst_post_header":false,"_bst_post_footer":false},"pwb-brand":[],"product_brand":[],"product_cat":[253],"product_tag":[],"class_list":{"0":"post-22336","1":"product","2":"type-product","3":"status-publish","4":"has-post-thumbnail","6":"product_cat-bombas-agua","8":"first","9":"instock","10":"taxable","11":"shipping-taxable","12":"purchasable","13":"product-type-simple","14":"entry","15":"content-bg","16":"loop-entry"},"brands":[],"_links":{"self":[{"href":"https:\/\/puregrowshop.com\/fr\/wp-json\/wp\/v2\/product\/22336","targetHints":{"allow":["GET"]}}],"collection":[{"href":"https:\/\/puregrowshop.com\/fr\/wp-json\/wp\/v2\/product"}],"about":[{"href":"https:\/\/puregrowshop.com\/fr\/wp-json\/wp\/v2\/types\/product"}],"replies":[{"embeddable":true,"href":"https:\/\/puregrowshop.com\/fr\/wp-json\/wp\/v2\/comments?post=22336"}],"wp:featuredmedia":[{"embeddable":true,"href":"https:\/\/puregrowshop.com\/fr\/wp-json\/wp\/v2\/media\/22335"}],"wp:attachment":[{"href":"https:\/\/puregrowshop.com\/fr\/wp-json\/wp\/v2\/media?parent=22336"}],"wp:term":[{"taxonomy":"pwb-brand","embeddable":true,"href":"https:\/\/puregrowshop.com\/fr\/wp-json\/wp\/v2\/pwb-brand?post=22336"},{"taxonomy":"product_brand","embeddable":true,"href":"https:\/\/puregrowshop.com\/fr\/wp-json\/wp\/v2\/product_brand?post=22336"},{"taxonomy":"product_cat","embeddable":true,"href":"https:\/\/puregrowshop.com\/fr\/wp-json\/wp\/v2\/product_cat?post=22336"},{"taxonomy":"product_tag","embeddable":true,"href":"https:\/\/puregrowshop.com\/fr\/wp-json\/wp\/v2\/product_tag?post=22336"}],"curies":[{"name":"wp","href":"https:\/\/api.w.org\/{rel}","templated":true}]}}