{"id":22285,"date":"2024-11-03T19:21:44","date_gmt":"2024-11-03T19:21:44","guid":{"rendered":"https:\/\/puregrowshop.com\/can-filter-in-line-3000-315-1-000-3-000-m3\/"},"modified":"2025-03-11T22:53:14","modified_gmt":"2025-03-11T22:53:14","slug":"can-filter-in-line-3000-315-1-000-3-000-m3","status":"publish","type":"product","link":"https:\/\/puregrowshop.com\/fr\/can-filter-in-line-3000-315-1-000-3-000-m3\/","title":{"rendered":"Can Filter in-Line 3000 &#8211; 315\/1.000 &#8211; 3.000 m3"},"content":{"rendered":"<p>Filttro carbono anti-olor en l\u00ednea Can Filters nos ofrece la oportunidad de tener grandes cultivos con un m\u00ednimo olor, ganando en discreci\u00f3n. Y con la ventaja de poder conectarlos entre s\u00ed.<\/p>\n<p>La duraci\u00f3n de estos filtros se sit\u00faa entre los 14 y 18 meses.<\/p>\n<p>Filtros carbono anti-olor en l\u00ednea Can Filters utiliza un tipo especial de carb\u00f3n t\u00e9rmicamente activado que se trata con vapor a presi\u00f3n y se \u201cpeletiza\u201d.<\/p>\n<p>El filtro elimina por completo el olor producido por tus plantas en los cultivos de interior.<br \/>Este magn\u00edfico filtro anti-olor est\u00e1 considerado como uno de los mejores del mercado por su larga duraci\u00f3n y por su magn\u00edfico filtrado del olor. Volviendo nuestros cultivos casi indetectables al olfato. <\/p>\n<p>El filtro se coloca entre medias del recorrido de extracci\u00f3n pudiendo conectar varias salidas a un solo filtro. As\u00ed ahorrarnos trabajo y dinero ya que con este filtro en l\u00ednea no necesitaremos varios filtros para eliminar los excesos de olor que tantos problemas nos pueden acarrear. Ideal para cuando tenemos varias lineas de reflectores refrigerados,donde no tendr\u00e1s que poner un filtro en cada l\u00ednea. Tambi\u00e9n podremos sacar el aire de varios armarios o habitaciones y usar un solo filtro.<\/p>\n<p>El pre-filtro tambi\u00e9n es de gran calidad y evita que los micro-poros queden atascados en caso de encontrarse en ambientes con mucho polvo. El carb\u00f3n utilizado para estos filtros se denomina CKV-4 es el mejor material natural para el control de olores.<\/p>\n","protected":false},"excerpt":{"rendered":"<p>Largo: 126,5 cm<br \/>Boca: 315 mm<br \/>Peso: 40,5 kg<br \/>Peso Carb\u00f3n: 14,3 kg<br \/>Di\u00e1metro: 46,5 cm<br \/>Cama de carb\u00f3n: 5 cm<br \/>Capacidad: 3.000 m3\/h<\/p>\n","protected":false},"featured_media":22284,"comment_status":"open","ping_status":"closed","template":"","meta":{"_bst_post_transparent":"","_bst_post_title":"","_bst_post_layout":"","_bst_post_sidebar_id":"","_bst_post_content_style":"","_bst_post_vertical_padding":"","_bst_post_feature":"","_bst_post_feature_position":"","_bst_post_header":false,"_bst_post_footer":false},"pwb-brand":[250],"product_brand":[],"product_cat":[247],"product_tag":[],"class_list":{"0":"post-22285","1":"product","2":"type-product","3":"status-publish","4":"has-post-thumbnail","6":"pwb-brand-can-filter","7":"product_cat-filtros-antiolor-marihuana","9":"first","10":"instock","11":"sale","12":"taxable","13":"shipping-taxable","14":"purchasable","15":"product-type-simple","16":"entry","17":"content-bg","18":"loop-entry"},"brands":[{"id":250,"name":"Can Filter","slug":"can-filter"}],"_links":{"self":[{"href":"https:\/\/puregrowshop.com\/fr\/wp-json\/wp\/v2\/product\/22285","targetHints":{"allow":["GET"]}}],"collection":[{"href":"https:\/\/puregrowshop.com\/fr\/wp-json\/wp\/v2\/product"}],"about":[{"href":"https:\/\/puregrowshop.com\/fr\/wp-json\/wp\/v2\/types\/product"}],"replies":[{"embeddable":true,"href":"https:\/\/puregrowshop.com\/fr\/wp-json\/wp\/v2\/comments?post=22285"}],"wp:featuredmedia":[{"embeddable":true,"href":"https:\/\/puregrowshop.com\/fr\/wp-json\/wp\/v2\/media\/22284"}],"wp:attachment":[{"href":"https:\/\/puregrowshop.com\/fr\/wp-json\/wp\/v2\/media?parent=22285"}],"wp:term":[{"taxonomy":"pwb-brand","embeddable":true,"href":"https:\/\/puregrowshop.com\/fr\/wp-json\/wp\/v2\/pwb-brand?post=22285"},{"taxonomy":"product_brand","embeddable":true,"href":"https:\/\/puregrowshop.com\/fr\/wp-json\/wp\/v2\/product_brand?post=22285"},{"taxonomy":"product_cat","embeddable":true,"href":"https:\/\/puregrowshop.com\/fr\/wp-json\/wp\/v2\/product_cat?post=22285"},{"taxonomy":"product_tag","embeddable":true,"href":"https:\/\/puregrowshop.com\/fr\/wp-json\/wp\/v2\/product_tag?post=22285"}],"curies":[{"name":"wp","href":"https:\/\/api.w.org\/{rel}","templated":true}]}}