{"id":22267,"date":"2024-11-03T19:21:38","date_gmt":"2024-11-03T19:21:38","guid":{"rendered":"https:\/\/puregrowshop.com\/camisa-filtro-can-filter-lite-3000\/"},"modified":"2025-09-29T15:11:02","modified_gmt":"2025-09-29T15:11:02","slug":"camisa-filtro-can-filter-lite-3000","status":"publish","type":"product","link":"https:\/\/puregrowshop.com\/fr\/camisa-filtro-can-filter-lite-3000\/","title":{"rendered":"Camisa Filtro Can Filter Lite 3000"},"content":{"rendered":"<p>Camisa Filtro Can, que actua como prefiltro evitando obstrucciones en el filtro de carb\u00f3n para que \u00e9ste funcione de manera \u00f3ptima. Se puede lavar pero tras varias cosechas es recomendable cambiarla.<\/p>\n","protected":false},"excerpt":{"rendered":"<p>&#8211; Longitud: 100 cm.<br \/>&#8211; Di\u00e1metro Aproximado: 40 cm. <br \/>&#8211; Caudal: 3000<\/p>\n","protected":false},"featured_media":22266,"comment_status":"open","ping_status":"closed","template":"","meta":{"_bst_post_transparent":"","_bst_post_title":"","_bst_post_layout":"","_bst_post_sidebar_id":"","_bst_post_content_style":"","_bst_post_vertical_padding":"","_bst_post_feature":"","_bst_post_feature_position":"","_bst_post_header":false,"_bst_post_footer":false},"pwb-brand":[250],"product_brand":[],"product_cat":[247],"product_tag":[],"class_list":{"0":"post-22267","1":"product","2":"type-product","3":"status-publish","4":"has-post-thumbnail","6":"pwb-brand-can-filter","7":"product_cat-filtros-antiolor-marihuana","8":"product_shipping_class-entre-5-kg-y-10-kg","10":"first","11":"instock","12":"sale","13":"taxable","14":"shipping-taxable","15":"purchasable","16":"product-type-simple","17":"entry","18":"content-bg","19":"loop-entry"},"brands":[{"id":250,"name":"Can Filter","slug":"can-filter"}],"_links":{"self":[{"href":"https:\/\/puregrowshop.com\/fr\/wp-json\/wp\/v2\/product\/22267","targetHints":{"allow":["GET"]}}],"collection":[{"href":"https:\/\/puregrowshop.com\/fr\/wp-json\/wp\/v2\/product"}],"about":[{"href":"https:\/\/puregrowshop.com\/fr\/wp-json\/wp\/v2\/types\/product"}],"replies":[{"embeddable":true,"href":"https:\/\/puregrowshop.com\/fr\/wp-json\/wp\/v2\/comments?post=22267"}],"wp:featuredmedia":[{"embeddable":true,"href":"https:\/\/puregrowshop.com\/fr\/wp-json\/wp\/v2\/media\/22266"}],"wp:attachment":[{"href":"https:\/\/puregrowshop.com\/fr\/wp-json\/wp\/v2\/media?parent=22267"}],"wp:term":[{"taxonomy":"pwb-brand","embeddable":true,"href":"https:\/\/puregrowshop.com\/fr\/wp-json\/wp\/v2\/pwb-brand?post=22267"},{"taxonomy":"product_brand","embeddable":true,"href":"https:\/\/puregrowshop.com\/fr\/wp-json\/wp\/v2\/product_brand?post=22267"},{"taxonomy":"product_cat","embeddable":true,"href":"https:\/\/puregrowshop.com\/fr\/wp-json\/wp\/v2\/product_cat?post=22267"},{"taxonomy":"product_tag","embeddable":true,"href":"https:\/\/puregrowshop.com\/fr\/wp-json\/wp\/v2\/product_tag?post=22267"}],"curies":[{"name":"wp","href":"https:\/\/api.w.org\/{rel}","templated":true}]}}