{"id":22199,"date":"2024-11-03T19:21:15","date_gmt":"2024-11-03T19:21:15","guid":{"rendered":"https:\/\/puregrowshop.com\/manguito-can-125-mm-plastico\/"},"modified":"2025-09-29T15:47:24","modified_gmt":"2025-09-29T15:47:24","slug":"manguito-can-125-mm-plastico","status":"publish","type":"product","link":"https:\/\/puregrowshop.com\/fr\/manguito-can-125-mm-plastico\/","title":{"rendered":"Manguito Can 125 mm plastico"},"content":{"rendered":"<p>Manguito de 125 mm de di\u00e1metro para filtros CAN tradicionales cuyo formato ha cambiado y pasan a tener la carcasa de pl\u00e1stico en lugar de met\u00e1lica, manteniendo las mismas caracter\u00edsticas de duraci\u00f3n que los anteriores (12 a 18 meses).<\/p>\n","protected":false},"excerpt":{"rendered":"<p>Manguito de 125 mm.<\/p>\n","protected":false},"featured_media":22198,"comment_status":"open","ping_status":"closed","template":"","meta":{"_bst_post_transparent":"","_bst_post_title":"","_bst_post_layout":"","_bst_post_sidebar_id":"","_bst_post_content_style":"","_bst_post_vertical_padding":"","_bst_post_feature":"","_bst_post_feature_position":"","_bst_post_header":false,"_bst_post_footer":false},"pwb-brand":[250],"product_brand":[],"product_cat":[247],"product_tag":[],"class_list":{"0":"post-22199","1":"product","2":"type-product","3":"status-publish","4":"has-post-thumbnail","6":"pwb-brand-can-filter","7":"product_cat-filtros-antiolor-marihuana","9":"first","10":"instock","11":"sale","12":"taxable","13":"shipping-taxable","14":"purchasable","15":"product-type-simple","16":"entry","17":"content-bg","18":"loop-entry"},"brands":[{"id":250,"name":"Can Filter","slug":"can-filter"}],"_links":{"self":[{"href":"https:\/\/puregrowshop.com\/fr\/wp-json\/wp\/v2\/product\/22199","targetHints":{"allow":["GET"]}}],"collection":[{"href":"https:\/\/puregrowshop.com\/fr\/wp-json\/wp\/v2\/product"}],"about":[{"href":"https:\/\/puregrowshop.com\/fr\/wp-json\/wp\/v2\/types\/product"}],"replies":[{"embeddable":true,"href":"https:\/\/puregrowshop.com\/fr\/wp-json\/wp\/v2\/comments?post=22199"}],"wp:featuredmedia":[{"embeddable":true,"href":"https:\/\/puregrowshop.com\/fr\/wp-json\/wp\/v2\/media\/22198"}],"wp:attachment":[{"href":"https:\/\/puregrowshop.com\/fr\/wp-json\/wp\/v2\/media?parent=22199"}],"wp:term":[{"taxonomy":"pwb-brand","embeddable":true,"href":"https:\/\/puregrowshop.com\/fr\/wp-json\/wp\/v2\/pwb-brand?post=22199"},{"taxonomy":"product_brand","embeddable":true,"href":"https:\/\/puregrowshop.com\/fr\/wp-json\/wp\/v2\/product_brand?post=22199"},{"taxonomy":"product_cat","embeddable":true,"href":"https:\/\/puregrowshop.com\/fr\/wp-json\/wp\/v2\/product_cat?post=22199"},{"taxonomy":"product_tag","embeddable":true,"href":"https:\/\/puregrowshop.com\/fr\/wp-json\/wp\/v2\/product_tag?post=22199"}],"curies":[{"name":"wp","href":"https:\/\/api.w.org\/{rel}","templated":true}]}}