{"id":21993,"date":"2024-11-03T19:20:13","date_gmt":"2024-11-03T19:20:13","guid":{"rendered":"https:\/\/puregrowshop.com\/ozonizador-indizono-300-mm-10500-mg-h-hasta-10000-m3\/"},"modified":"2026-02-04T10:53:41","modified_gmt":"2026-02-04T10:53:41","slug":"ozonizador-indizono-300-mm-10500-mg-h-hasta-10000-m3","status":"publish","type":"product","link":"https:\/\/puregrowshop.com\/fr\/ozonizador-indizono-300-mm-10500-mg-h-hasta-10000-m3\/","title":{"rendered":"Ozonizador Indizono 300 mm-10500 mg\/h (hasta 10000 m3)"},"content":{"rendered":"<p>Los Ozonificadores Indizono producen ozono en conductos de aire a trav\u00e9s de placas de electrodos de cer\u00e1mica, siendo la cantidad de ozono producida igual o superior a los actuales ozonificadores por l\u00e1mparas.<br \/>\nEl sistema patentado de generaci\u00f3n de ozono de Indizono lo hace uno de los sistemas m\u00e1s econ\u00f3micos del mercado, con un rendimiento similar a otros ozonificadores pero a menor coste.<br \/>\nEl ozono es O3, es decir, un \u00e1tomo m\u00e1s de oxigeno por mol\u00e9cula, lo que le confiere un alto poder reactivo eliminando por completo cualquier part\u00edcula de olor en el aire. El ozono es un potente desinfectante, fungicida, bactericida y virulicida, adem\u00e1s de desodorante, por lo que elimina g\u00e9rmenes y bacterias de los conductos de aire de nuestros cultivos.<\/p>\n","protected":false},"excerpt":{"rendered":"<p>&#8211; Producci\u00f3n de Ozono: 10.500 mgh.<br \/>\n&#8211; Consumo: 40 W.<br \/>\n&#8211; Placas de ceramica: 3 uds.<br \/>\n&#8211; La duraci\u00f3n de las placas son de 14 a 18 meses.<br \/>\n&#8211; Material: Acero Inoxidable.<br \/>\n&#8211; Di\u00e1metro: 300 mm.<br \/>\n&#8211; Tama\u00f1o: 500 mm.<br \/>\n&#8211; Caudal M\u00e1ximo: 10.000 m3\/h.<br \/>\n&#8211; Dejar al menos 3 metros de tubo hasta la salida para una mayor efectividad.<br \/>\n&#8211; Aconsejable separarlo del extractor (3 metros)<br \/>\n&#8211; No tocar la placa estando en funcionamineto , peligro de quemaduras y de electrocuci\u00f3n.<\/p>\n","protected":false},"featured_media":21992,"comment_status":"open","ping_status":"closed","template":"","meta":{"_bst_post_transparent":"default","_bst_post_title":"","_bst_post_layout":"default","_bst_post_sidebar_id":"","_bst_post_content_style":"default","_bst_post_vertical_padding":"default","_bst_post_feature":"","_bst_post_feature_position":"","_bst_post_header":false,"_bst_post_footer":false},"pwb-brand":[],"product_brand":[],"product_cat":[248],"product_tag":[],"class_list":{"0":"post-21993","1":"product","2":"type-product","3":"status-publish","4":"has-post-thumbnail","6":"product_cat-ozonizadores-y-generadores-ozono","7":"product_shipping_class-entre-1-kg-y-5-kg","9":"first","10":"instock","11":"sale","12":"taxable","13":"shipping-taxable","14":"purchasable","15":"product-type-simple","16":"entry","17":"content-bg","18":"loop-entry"},"brands":[],"_links":{"self":[{"href":"https:\/\/puregrowshop.com\/fr\/wp-json\/wp\/v2\/product\/21993","targetHints":{"allow":["GET"]}}],"collection":[{"href":"https:\/\/puregrowshop.com\/fr\/wp-json\/wp\/v2\/product"}],"about":[{"href":"https:\/\/puregrowshop.com\/fr\/wp-json\/wp\/v2\/types\/product"}],"replies":[{"embeddable":true,"href":"https:\/\/puregrowshop.com\/fr\/wp-json\/wp\/v2\/comments?post=21993"}],"wp:featuredmedia":[{"embeddable":true,"href":"https:\/\/puregrowshop.com\/fr\/wp-json\/wp\/v2\/media\/21992"}],"wp:attachment":[{"href":"https:\/\/puregrowshop.com\/fr\/wp-json\/wp\/v2\/media?parent=21993"}],"wp:term":[{"taxonomy":"pwb-brand","embeddable":true,"href":"https:\/\/puregrowshop.com\/fr\/wp-json\/wp\/v2\/pwb-brand?post=21993"},{"taxonomy":"product_brand","embeddable":true,"href":"https:\/\/puregrowshop.com\/fr\/wp-json\/wp\/v2\/product_brand?post=21993"},{"taxonomy":"product_cat","embeddable":true,"href":"https:\/\/puregrowshop.com\/fr\/wp-json\/wp\/v2\/product_cat?post=21993"},{"taxonomy":"product_tag","embeddable":true,"href":"https:\/\/puregrowshop.com\/fr\/wp-json\/wp\/v2\/product_tag?post=21993"}],"curies":[{"name":"wp","href":"https:\/\/api.w.org\/{rel}","templated":true}]}}