{"id":21989,"date":"2024-11-03T19:20:12","date_gmt":"2024-11-03T19:20:12","guid":{"rendered":"https:\/\/puregrowshop.com\/ozonizador-70-w-15-3-g-h-cornwall-electronics\/"},"modified":"2025-09-29T15:11:02","modified_gmt":"2025-09-29T15:11:02","slug":"ozonizador-70-w-15-3-g-h-cornwall-electronics","status":"publish","type":"product","link":"https:\/\/puregrowshop.com\/fr\/ozonizador-70-w-15-3-g-h-cornwall-electronics\/","title":{"rendered":"Ozonizador 70 w 1,5 &#8211; 3 g\/h Cornwall Electronics"},"content":{"rendered":"<p>Un generador de ozono, (ozonizador) es capaz de producir ozono -una mol\u00e9cula triat\u00f3mica que contiene tres \u00e1tomos de ox\u00edgeno- artificialmente, mediante la generaci\u00f3n de una alta tensi\u00f3n el\u00e9ctrica (llamada &#8216;Efecto corona&#8217;) que produce ozono, y, colateralmente, iones negativos. La generaci\u00f3n de ozono tiene aplicaci\u00f3n en la eliminaci\u00f3n de malos olores y desinfecci\u00f3n del aire.<br \/>El ozono: al contrario que los desodorantes perfumados, oxigena los microorganismos o contaminantes causantes del olor y los elimi- na de forma permanente.<\/p>\n<p>En la parte trasera del ozonizador se encuentra una salida, \u00e9sta puede ser usada bien para aplicar ozono en el agua con la ayuda de una piedra difusora, bien para liberarlo en el ambiente o bien para inyectar el ozono en el conducto de la extracci\u00f3n. En este caso se recomienda siempre inyectar el ozono en el conducto despu\u00e9s del extractor, tratando de que haya 8 metros de conducto en los que el ozono se pueda mezclar con el aire viciado.<br \/>Especificaciones de Ozonizador de Aire \/ Agua \/ Generador ozono Cornwall Electronics 70W 2 g\/h (OZ2)<\/p>\n<p>Contenido del env\u00edo:<\/p>\n<p>&#8211; Ozonizador de Aire \/ Agua \/ Generador ozono Cornwall Electronics 70W 2 g\/h (OZ2)<br \/>&#8211; 2x Tubos de silicona<br \/>&#8211; 2x Piedras difusoras<br \/>&#8211; Instrucciones de uso<\/p>\n","protected":false},"excerpt":{"rendered":"<p>&#8211; Producci\u00f3n de ozono: 2 g\/h<br \/>&#8211; Consumo: 70W<br \/>&#8211; Voltaje: AC 220V<br \/>&#8211; Encendido y apagado autom\u00e1tico<br \/>&#8211; Dimensiones: 345x155x300mm<br \/>&#8211; Peso: 5,6kg <br \/>&#8211; Distribuci\u00f3n efectiva del ozono a trav\u00e9s de un ventilador<br \/>&#8211; Modelo: OZ2<br \/>&#8211; Ozono ajustable: 20-100%<br \/>&#8211; Dos opciones de temporizador: de 5 a 30 minutos o continuamente<br \/>&#8211; Elimina el olor del humo de los cigarrillos en la habitaci\u00f3n, de la ropa o del mobiliario.<br \/>&#8211; Reduce y elimina los, gases t\u00f3xicos emitidos desde los muebles, ropa y pinturas.<br \/>&#8211; Neutraliza y elimina los microorganismos de ba\u00f1o o cocinas.<br \/>&#8211; Desintegra la presencia de \u00e1caros del polvo, caspa de mascotas y cucarachas matando las bacterias que atraen.<br \/>&#8211; Previene el crecimiento de moho y mantiene el ambiente libre de bacterias.<\/p>\n","protected":false},"featured_media":21988,"comment_status":"open","ping_status":"closed","template":"","meta":{"_bst_post_transparent":"","_bst_post_title":"","_bst_post_layout":"","_bst_post_sidebar_id":"","_bst_post_content_style":"","_bst_post_vertical_padding":"","_bst_post_feature":"","_bst_post_feature_position":"","_bst_post_header":false,"_bst_post_footer":false},"pwb-brand":[],"product_brand":[],"product_cat":[248],"product_tag":[],"class_list":{"0":"post-21989","1":"product","2":"type-product","3":"status-publish","4":"has-post-thumbnail","6":"product_cat-ozonizadores-y-generadores-ozono","7":"product_shipping_class-entre-5-kg-y-10-kg","9":"first","10":"instock","11":"sale","12":"taxable","13":"shipping-taxable","14":"purchasable","15":"product-type-simple","16":"entry","17":"content-bg","18":"loop-entry"},"brands":[],"_links":{"self":[{"href":"https:\/\/puregrowshop.com\/fr\/wp-json\/wp\/v2\/product\/21989","targetHints":{"allow":["GET"]}}],"collection":[{"href":"https:\/\/puregrowshop.com\/fr\/wp-json\/wp\/v2\/product"}],"about":[{"href":"https:\/\/puregrowshop.com\/fr\/wp-json\/wp\/v2\/types\/product"}],"replies":[{"embeddable":true,"href":"https:\/\/puregrowshop.com\/fr\/wp-json\/wp\/v2\/comments?post=21989"}],"wp:featuredmedia":[{"embeddable":true,"href":"https:\/\/puregrowshop.com\/fr\/wp-json\/wp\/v2\/media\/21988"}],"wp:attachment":[{"href":"https:\/\/puregrowshop.com\/fr\/wp-json\/wp\/v2\/media?parent=21989"}],"wp:term":[{"taxonomy":"pwb-brand","embeddable":true,"href":"https:\/\/puregrowshop.com\/fr\/wp-json\/wp\/v2\/pwb-brand?post=21989"},{"taxonomy":"product_brand","embeddable":true,"href":"https:\/\/puregrowshop.com\/fr\/wp-json\/wp\/v2\/product_brand?post=21989"},{"taxonomy":"product_cat","embeddable":true,"href":"https:\/\/puregrowshop.com\/fr\/wp-json\/wp\/v2\/product_cat?post=21989"},{"taxonomy":"product_tag","embeddable":true,"href":"https:\/\/puregrowshop.com\/fr\/wp-json\/wp\/v2\/product_tag?post=21989"}],"curies":[{"name":"wp","href":"https:\/\/api.w.org\/{rel}","templated":true}]}}