{"id":21977,"date":"2024-11-03T19:20:09","date_gmt":"2024-11-03T19:20:09","guid":{"rendered":"https:\/\/puregrowshop.com\/ozonizador-c-12-315-450-mm-3000-m3-h\/"},"modified":"2025-12-07T16:03:28","modified_gmt":"2025-12-07T16:03:28","slug":"ozonizador-c-12-315-450-mm-3000-m3-h","status":"publish","type":"product","link":"https:\/\/puregrowshop.com\/fr\/ozonizador-c-12-315-450-mm-3000-m3-h\/","title":{"rendered":"Ozonizador C-12 &#8211; 315\/450 mm &#8211; 3000 m3\/h"},"content":{"rendered":"<p>Ozonizador C-12. Una de las herramientas mas efectivas contra el olor que desprende el cultivo.<br \/>Es un ozonizador de conducto, que se coloca en el tubo de salida de la extracci\u00f3n, para que elimine el olor del aire que sacamos a la calle. Este dispositivo no solo neutraliza los olores, sino que tambi\u00e9n ayuda a purificar el aire al eliminar diversos contaminantes. Adem\u00e1s, su instalaci\u00f3n es sencilla y se adapta f\u00e1cilmente a sistemas de ventilaci\u00f3n existentes. En el \u00e1mbito del cultivo, muchos productores conf\u00edan en los <a href=\"https:\/\/puregrowshop.com\/tratamiento-de-olores\/ozonizadores-y-generadores-ozono\/\">generadores de ozono cultivo<\/a> para mantener un ambiente saludable y libre de malos olores.<\/p>\n","protected":false},"excerpt":{"rendered":"<p>&#8211; Producci\u00f3n de Ozono: 3.500 mg\/h<br \/>&#8211; Potencia: 30 W<br \/>&#8211; Voltaje: 220 V<br \/>&#8211; Medidas: 315&#215;450 mm<br \/>&#8211; Peso: 5.5 Kgs<br \/>&#8211; Material: PVC<br \/>&#8211; Marca: Ozotres<br \/>&#8211; Modelo: C12<br \/>&#8211; M\u00e1ximo: 3.000 m3<br \/>&#8211; Di\u00e1metro de boca: 315 mm<\/p>\n","protected":false},"featured_media":21976,"comment_status":"open","ping_status":"closed","template":"","meta":{"_bst_post_transparent":"","_bst_post_title":"","_bst_post_layout":"","_bst_post_sidebar_id":"","_bst_post_content_style":"","_bst_post_vertical_padding":"","_bst_post_feature":"","_bst_post_feature_position":"","_bst_post_header":false,"_bst_post_footer":false},"pwb-brand":[],"product_brand":[],"product_cat":[248],"product_tag":[],"class_list":{"0":"post-21977","1":"product","2":"type-product","3":"status-publish","4":"has-post-thumbnail","6":"product_cat-ozonizadores-y-generadores-ozono","7":"product_shipping_class-entre-1-kg-y-5-kg","9":"first","10":"instock","11":"sale","12":"taxable","13":"shipping-taxable","14":"purchasable","15":"product-type-simple","16":"entry","17":"content-bg","18":"loop-entry"},"brands":[],"_links":{"self":[{"href":"https:\/\/puregrowshop.com\/fr\/wp-json\/wp\/v2\/product\/21977","targetHints":{"allow":["GET"]}}],"collection":[{"href":"https:\/\/puregrowshop.com\/fr\/wp-json\/wp\/v2\/product"}],"about":[{"href":"https:\/\/puregrowshop.com\/fr\/wp-json\/wp\/v2\/types\/product"}],"replies":[{"embeddable":true,"href":"https:\/\/puregrowshop.com\/fr\/wp-json\/wp\/v2\/comments?post=21977"}],"wp:featuredmedia":[{"embeddable":true,"href":"https:\/\/puregrowshop.com\/fr\/wp-json\/wp\/v2\/media\/21976"}],"wp:attachment":[{"href":"https:\/\/puregrowshop.com\/fr\/wp-json\/wp\/v2\/media?parent=21977"}],"wp:term":[{"taxonomy":"pwb-brand","embeddable":true,"href":"https:\/\/puregrowshop.com\/fr\/wp-json\/wp\/v2\/pwb-brand?post=21977"},{"taxonomy":"product_brand","embeddable":true,"href":"https:\/\/puregrowshop.com\/fr\/wp-json\/wp\/v2\/product_brand?post=21977"},{"taxonomy":"product_cat","embeddable":true,"href":"https:\/\/puregrowshop.com\/fr\/wp-json\/wp\/v2\/product_cat?post=21977"},{"taxonomy":"product_tag","embeddable":true,"href":"https:\/\/puregrowshop.com\/fr\/wp-json\/wp\/v2\/product_tag?post=21977"}],"curies":[{"name":"wp","href":"https:\/\/api.w.org\/{rel}","templated":true}]}}