{"id":21971,"date":"2024-11-03T19:20:07","date_gmt":"2024-11-03T19:20:07","guid":{"rendered":"https:\/\/puregrowshop.com\/camisa-filtro-pk-eco-100-180\/"},"modified":"2025-03-11T22:53:08","modified_gmt":"2025-03-11T22:53:08","slug":"camisa-filtro-pk-eco-100-180","status":"publish","type":"product","link":"https:\/\/puregrowshop.com\/fr\/camisa-filtro-pk-eco-100-180\/","title":{"rendered":"Camisa Filtro PK Eco 100\/180"},"content":{"rendered":"<p>MEDIDAS:<br \/>Longitud: 75 cm. <br \/>Di\u00e1metro Aproximado: 28 cm.<\/p>\n","protected":false},"excerpt":{"rendered":"<p>Eco-Filtros de carb\u00f3n antiolor. De carb\u00f3n activo, para anular el fuerte olor que saldr\u00eda del tubo de extracci\u00f3n de aire.<\/p>\n<p>Recomendado para Filtro PK 100\/180-240 m3 Eco<\/p>\n","protected":false},"featured_media":21970,"comment_status":"open","ping_status":"closed","template":"","meta":{"_bst_post_transparent":"","_bst_post_title":"","_bst_post_layout":"","_bst_post_sidebar_id":"","_bst_post_content_style":"","_bst_post_vertical_padding":"","_bst_post_feature":"","_bst_post_feature_position":"","_bst_post_header":false,"_bst_post_footer":false},"pwb-brand":[],"product_brand":[],"product_cat":[247],"product_tag":[],"class_list":{"0":"post-21971","1":"product","2":"type-product","3":"status-publish","4":"has-post-thumbnail","6":"product_cat-filtros-antiolor-marihuana","8":"first","9":"instock","10":"sale","11":"taxable","12":"shipping-taxable","13":"purchasable","14":"product-type-simple","15":"entry","16":"content-bg","17":"loop-entry"},"brands":[],"_links":{"self":[{"href":"https:\/\/puregrowshop.com\/fr\/wp-json\/wp\/v2\/product\/21971","targetHints":{"allow":["GET"]}}],"collection":[{"href":"https:\/\/puregrowshop.com\/fr\/wp-json\/wp\/v2\/product"}],"about":[{"href":"https:\/\/puregrowshop.com\/fr\/wp-json\/wp\/v2\/types\/product"}],"replies":[{"embeddable":true,"href":"https:\/\/puregrowshop.com\/fr\/wp-json\/wp\/v2\/comments?post=21971"}],"wp:featuredmedia":[{"embeddable":true,"href":"https:\/\/puregrowshop.com\/fr\/wp-json\/wp\/v2\/media\/21970"}],"wp:attachment":[{"href":"https:\/\/puregrowshop.com\/fr\/wp-json\/wp\/v2\/media?parent=21971"}],"wp:term":[{"taxonomy":"pwb-brand","embeddable":true,"href":"https:\/\/puregrowshop.com\/fr\/wp-json\/wp\/v2\/pwb-brand?post=21971"},{"taxonomy":"product_brand","embeddable":true,"href":"https:\/\/puregrowshop.com\/fr\/wp-json\/wp\/v2\/product_brand?post=21971"},{"taxonomy":"product_cat","embeddable":true,"href":"https:\/\/puregrowshop.com\/fr\/wp-json\/wp\/v2\/product_cat?post=21971"},{"taxonomy":"product_tag","embeddable":true,"href":"https:\/\/puregrowshop.com\/fr\/wp-json\/wp\/v2\/product_tag?post=21971"}],"curies":[{"name":"wp","href":"https:\/\/api.w.org\/{rel}","templated":true}]}}